{"id":3668,"date":"2019-01-21T13:18:56","date_gmt":"2019-01-21T15:18:56","guid":{"rendered":"https:\/\/www.toursbahia.com.br\/\/produto\/unkategorisiert\/bike-tour-cidade-baixa-passeio\/"},"modified":"2019-02-06T01:20:43","modified_gmt":"2019-02-06T03:20:43","slug":"fahrrad-tour-unterstadt-ausfluge","status":"publish","type":"product","link":"https:\/\/www.toursbahia.com.br\/de\/loja\/ausfluge\/fahrrad-tour-unterstadt-ausfluge\/","title":{"rendered":"Fahrrad Tour: Unterstadt &#8211; Ausfl\u00fcge"},"content":{"rendered":"","protected":false},"excerpt":{"rendered":"<p>Die Unterstadt von Salvador ist vom Rest der Stadt durch eine etwa 70m hohe geologische Linie getrennt, die sehr gut vom Lacerda Fahrstuhl aus gesehen werden kann. Zum gr\u00f6ssten Teil flach, beherbergt die Unterstadt einige Postkartenansichten von Salvador, wie z.B. die Bonfim Kirche, die auch Ziel eines der traditionsreichsten der religi\u00f6sen Feste von Bahia ist.<\/p>\n<p>Die Strecke zwischen Ribeira und Bonfim f\u00fchrt direkt am Meer entlang und bietet durch seine wundersch\u00f6ne Landschaften fantastische Fotomotive an, besonders was Sonnenunterg\u00e4nge angeht. Das ist aber nicht alles, die Unterstadt ist auch f\u00fcr seine vielen Bars und auf Meeresfr\u00fcchte spezialisierten Restaurants bekannt. Ausserdem befindet sich hier die ber\u00fchmteste Eisdiele der Stadt.<\/p>\n","protected":false},"featured_media":2400,"comment_status":"open","ping_status":"closed","template":"","meta":[],"product_cat":[835,836,878,869],"product_tag":[],"yoast_head":"<!-- This site is optimized with the Yoast SEO plugin v19.3 - https:\/\/yoast.com\/wordpress\/plugins\/seo\/ -->\n<title>Fahrrad Tour: Unterstadt - Ausfl\u00fcge - Tours Bahia<\/title>\n<meta name=\"robots\" content=\"index, follow, max-snippet:-1, max-image-preview:large, max-video-preview:-1\" \/>\n<link rel=\"canonical\" href=\"https:\/\/www.toursbahia.com.br\/de\/loja\/ausfluge\/fahrrad-tour-unterstadt-ausfluge\/\" \/>\n<meta property=\"og:locale\" content=\"de_DE\" \/>\n<meta property=\"og:type\" content=\"article\" \/>\n<meta property=\"og:title\" content=\"Fahrrad Tour: Unterstadt - Ausfl\u00fcge - Tours Bahia\" \/>\n<meta property=\"og:description\" content=\"Die Unterstadt von Salvador ist vom Rest der Stadt durch eine etwa 70m hohe geologische Linie getrennt, die sehr gut vom Lacerda Fahrstuhl aus gesehen werden kann. Zum gr\u00f6ssten Teil flach, beherbergt die Unterstadt einige Postkartenansichten von Salvador, wie z.B. die Bonfim Kirche, die auch Ziel eines der traditionsreichsten der religi\u00f6sen Feste von Bahia ist.  Die Strecke zwischen Ribeira und Bonfim f\u00fchrt direkt am Meer entlang und bietet durch seine wundersch\u00f6ne Landschaften fantastische Fotomotive an, besonders was Sonnenunterg\u00e4nge angeht. Das ist aber nicht alles, die Unterstadt ist auch f\u00fcr seine vielen Bars und auf Meeresfr\u00fcchte spezialisierten Restaurants bekannt. Ausserdem befindet sich hier die ber\u00fchmteste Eisdiele der Stadt.\" \/>\n<meta property=\"og:url\" content=\"https:\/\/www.toursbahia.com.br\/de\/loja\/ausfluge\/fahrrad-tour-unterstadt-ausfluge\/\" \/>\n<meta property=\"og:site_name\" content=\"Tours Bahia\" \/>\n<meta property=\"article:publisher\" content=\"https:\/\/www.facebook.com\/toursbahiainternational\" \/>\n<meta property=\"article:modified_time\" content=\"2019-02-06T03:20:43+00:00\" \/>\n<meta property=\"og:image\" content=\"https:\/\/www.toursbahia.com.br\/wp-content\/uploads\/2018\/12\/foto-03-salvador-bike-tours-bahia.jpg\" \/>\n\t<meta property=\"og:image:width\" content=\"900\" \/>\n\t<meta property=\"og:image:height\" content=\"550\" \/>\n\t<meta property=\"og:image:type\" content=\"image\/jpeg\" \/>\n<meta name=\"twitter:card\" content=\"summary_large_image\" \/>\n<script type=\"application\/ld+json\" class=\"yoast-schema-graph\">{\"@context\":\"https:\/\/schema.org\",\"@graph\":[{\"@type\":\"WebSite\",\"@id\":\"https:\/\/www.toursbahia.com.br\/#website\",\"url\":\"https:\/\/www.toursbahia.com.br\/\",\"name\":\"Tours Bahia\",\"description\":\"\",\"potentialAction\":[{\"@type\":\"SearchAction\",\"target\":{\"@type\":\"EntryPoint\",\"urlTemplate\":\"https:\/\/www.toursbahia.com.br\/?s={search_term_string}\"},\"query-input\":\"required name=search_term_string\"}],\"inLanguage\":\"de-DE\"},{\"@type\":\"ImageObject\",\"inLanguage\":\"de-DE\",\"@id\":\"https:\/\/www.toursbahia.com.br\/de\/loja\/ausfluge\/fahrrad-tour-unterstadt-ausfluge\/#primaryimage\",\"url\":\"https:\/\/www.toursbahia.com.br\/wp-content\/uploads\/2018\/12\/foto-03-salvador-bike-tours-bahia.jpg\",\"contentUrl\":\"https:\/\/www.toursbahia.com.br\/wp-content\/uploads\/2018\/12\/foto-03-salvador-bike-tours-bahia.jpg\",\"width\":900,\"height\":550},{\"@type\":\"WebPage\",\"@id\":\"https:\/\/www.toursbahia.com.br\/de\/loja\/ausfluge\/fahrrad-tour-unterstadt-ausfluge\/\",\"url\":\"https:\/\/www.toursbahia.com.br\/de\/loja\/ausfluge\/fahrrad-tour-unterstadt-ausfluge\/\",\"name\":\"Fahrrad Tour: Unterstadt - Ausfl\u00fcge - Tours Bahia\",\"isPartOf\":{\"@id\":\"https:\/\/www.toursbahia.com.br\/#website\"},\"primaryImageOfPage\":{\"@id\":\"https:\/\/www.toursbahia.com.br\/de\/loja\/ausfluge\/fahrrad-tour-unterstadt-ausfluge\/#primaryimage\"},\"datePublished\":\"2019-01-21T15:18:56+00:00\",\"dateModified\":\"2019-02-06T03:20:43+00:00\",\"breadcrumb\":{\"@id\":\"https:\/\/www.toursbahia.com.br\/de\/loja\/ausfluge\/fahrrad-tour-unterstadt-ausfluge\/#breadcrumb\"},\"inLanguage\":\"de-DE\",\"potentialAction\":[{\"@type\":\"ReadAction\",\"target\":[\"https:\/\/www.toursbahia.com.br\/de\/loja\/ausfluge\/fahrrad-tour-unterstadt-ausfluge\/\"]}]},{\"@type\":\"BreadcrumbList\",\"@id\":\"https:\/\/www.toursbahia.com.br\/de\/loja\/ausfluge\/fahrrad-tour-unterstadt-ausfluge\/#breadcrumb\",\"itemListElement\":[{\"@type\":\"ListItem\",\"position\":1,\"name\":\"In\u00edcio\",\"item\":\"https:\/\/www.toursbahia.com.br\/de\/\"},{\"@type\":\"ListItem\",\"position\":2,\"name\":\"Store\",\"item\":\"https:\/\/www.toursbahia.com.br\/de\/store-tours-bahia-internacional\/\"},{\"@type\":\"ListItem\",\"position\":3,\"name\":\"Fahrrad Tour: Unterstadt &#8211; Ausfl\u00fcge\"}]}]}<\/script>\n<!-- \/ Yoast SEO plugin. -->","yoast_head_json":{"title":"Fahrrad Tour: Unterstadt - Ausfl\u00fcge - Tours Bahia","robots":{"index":"index","follow":"follow","max-snippet":"max-snippet:-1","max-image-preview":"max-image-preview:large","max-video-preview":"max-video-preview:-1"},"canonical":"https:\/\/www.toursbahia.com.br\/de\/loja\/ausfluge\/fahrrad-tour-unterstadt-ausfluge\/","og_locale":"de_DE","og_type":"article","og_title":"Fahrrad Tour: Unterstadt - Ausfl\u00fcge - Tours Bahia","og_description":"Die Unterstadt von Salvador ist vom Rest der Stadt durch eine etwa 70m hohe geologische Linie getrennt, die sehr gut vom Lacerda Fahrstuhl aus gesehen werden kann. Zum gr\u00f6ssten Teil flach, beherbergt die Unterstadt einige Postkartenansichten von Salvador, wie z.B. die Bonfim Kirche, die auch Ziel eines der traditionsreichsten der religi\u00f6sen Feste von Bahia ist.  Die Strecke zwischen Ribeira und Bonfim f\u00fchrt direkt am Meer entlang und bietet durch seine wundersch\u00f6ne Landschaften fantastische Fotomotive an, besonders was Sonnenunterg\u00e4nge angeht. Das ist aber nicht alles, die Unterstadt ist auch f\u00fcr seine vielen Bars und auf Meeresfr\u00fcchte spezialisierten Restaurants bekannt. Ausserdem befindet sich hier die ber\u00fchmteste Eisdiele der Stadt.","og_url":"https:\/\/www.toursbahia.com.br\/de\/loja\/ausfluge\/fahrrad-tour-unterstadt-ausfluge\/","og_site_name":"Tours Bahia","article_publisher":"https:\/\/www.facebook.com\/toursbahiainternational","article_modified_time":"2019-02-06T03:20:43+00:00","og_image":[{"width":900,"height":550,"url":"https:\/\/www.toursbahia.com.br\/wp-content\/uploads\/2018\/12\/foto-03-salvador-bike-tours-bahia.jpg","type":"image\/jpeg"}],"twitter_card":"summary_large_image","schema":{"@context":"https:\/\/schema.org","@graph":[{"@type":"WebSite","@id":"https:\/\/www.toursbahia.com.br\/#website","url":"https:\/\/www.toursbahia.com.br\/","name":"Tours Bahia","description":"","potentialAction":[{"@type":"SearchAction","target":{"@type":"EntryPoint","urlTemplate":"https:\/\/www.toursbahia.com.br\/?s={search_term_string}"},"query-input":"required name=search_term_string"}],"inLanguage":"de-DE"},{"@type":"ImageObject","inLanguage":"de-DE","@id":"https:\/\/www.toursbahia.com.br\/de\/loja\/ausfluge\/fahrrad-tour-unterstadt-ausfluge\/#primaryimage","url":"https:\/\/www.toursbahia.com.br\/wp-content\/uploads\/2018\/12\/foto-03-salvador-bike-tours-bahia.jpg","contentUrl":"https:\/\/www.toursbahia.com.br\/wp-content\/uploads\/2018\/12\/foto-03-salvador-bike-tours-bahia.jpg","width":900,"height":550},{"@type":"WebPage","@id":"https:\/\/www.toursbahia.com.br\/de\/loja\/ausfluge\/fahrrad-tour-unterstadt-ausfluge\/","url":"https:\/\/www.toursbahia.com.br\/de\/loja\/ausfluge\/fahrrad-tour-unterstadt-ausfluge\/","name":"Fahrrad Tour: Unterstadt - Ausfl\u00fcge - Tours Bahia","isPartOf":{"@id":"https:\/\/www.toursbahia.com.br\/#website"},"primaryImageOfPage":{"@id":"https:\/\/www.toursbahia.com.br\/de\/loja\/ausfluge\/fahrrad-tour-unterstadt-ausfluge\/#primaryimage"},"datePublished":"2019-01-21T15:18:56+00:00","dateModified":"2019-02-06T03:20:43+00:00","breadcrumb":{"@id":"https:\/\/www.toursbahia.com.br\/de\/loja\/ausfluge\/fahrrad-tour-unterstadt-ausfluge\/#breadcrumb"},"inLanguage":"de-DE","potentialAction":[{"@type":"ReadAction","target":["https:\/\/www.toursbahia.com.br\/de\/loja\/ausfluge\/fahrrad-tour-unterstadt-ausfluge\/"]}]},{"@type":"BreadcrumbList","@id":"https:\/\/www.toursbahia.com.br\/de\/loja\/ausfluge\/fahrrad-tour-unterstadt-ausfluge\/#breadcrumb","itemListElement":[{"@type":"ListItem","position":1,"name":"In\u00edcio","item":"https:\/\/www.toursbahia.com.br\/de\/"},{"@type":"ListItem","position":2,"name":"Store","item":"https:\/\/www.toursbahia.com.br\/de\/store-tours-bahia-internacional\/"},{"@type":"ListItem","position":3,"name":"Fahrrad Tour: Unterstadt &#8211; Ausfl\u00fcge"}]}]}},"_links":{"self":[{"href":"https:\/\/www.toursbahia.com.br\/de\/wp-json\/wp\/v2\/product\/3668"}],"collection":[{"href":"https:\/\/www.toursbahia.com.br\/de\/wp-json\/wp\/v2\/product"}],"about":[{"href":"https:\/\/www.toursbahia.com.br\/de\/wp-json\/wp\/v2\/types\/product"}],"replies":[{"embeddable":true,"href":"https:\/\/www.toursbahia.com.br\/de\/wp-json\/wp\/v2\/comments?post=3668"}],"wp:featuredmedia":[{"embeddable":true,"href":"https:\/\/www.toursbahia.com.br\/de\/wp-json\/wp\/v2\/media\/2400"}],"wp:attachment":[{"href":"https:\/\/www.toursbahia.com.br\/de\/wp-json\/wp\/v2\/media?parent=3668"}],"wp:term":[{"taxonomy":"product_cat","embeddable":true,"href":"https:\/\/www.toursbahia.com.br\/de\/wp-json\/wp\/v2\/product_cat?post=3668"},{"taxonomy":"product_tag","embeddable":true,"href":"https:\/\/www.toursbahia.com.br\/de\/wp-json\/wp\/v2\/product_tag?post=3668"}],"curies":[{"name":"wp","href":"https:\/\/api.w.org\/{rel}","templated":true}]}}