{"id":1842,"date":"2019-01-21T15:34:20","date_gmt":"2019-01-21T17:34:20","guid":{"rendered":"https:\/\/www.toursbahia.com.br\/\/produto\/uncategorized\/passeio-pelas-ilhas-da-baia-de-camamu-em-lancha-privativa-passeio\/"},"modified":"2025-06-07T08:25:23","modified_gmt":"2025-06-07T11:25:23","slug":"tour-to-the-islands-of-the-camamu-bay-on-a-private-speedboat-tour","status":"publish","type":"product","link":"https:\/\/www.toursbahia.com.br\/en\/loja\/tours\/tour-to-the-islands-of-the-camamu-bay-on-a-private-speedboat-tour\/","title":{"rendered":"Tour to the islands of the Camamu Bay on a private speedboat &#8211; Tour"},"content":{"rendered":"","protected":false},"excerpt":{"rendered":"<p>The Camamu Bay, the third largest in Brazil in terms of water volume, yet little explored, is a paradise for navigation! We will arrive at the waterfall Trememb\u00e9 blooming within the Atlantic Forest and plunges directly into the salty sea water. After enjoying the fascinating view, we will take a dive in the waters below the Trememb\u00e9 waterfall and head navigating through the mangroves, part of the marine ecosystem, to the village of Caja\u00edba. The main occupation of the residents in Caja\u00edba is boat building and we will visit sites where large wooden boats are manufactured in a traditional manner. Back to the speedboat, we continue to the island of Pedra Furada, small and with a clear water beach. A day that definitely will never be forgotten.<\/p>\n","protected":false},"featured_media":1702,"comment_status":"open","ping_status":"closed","template":"","meta":[],"product_cat":[706,707,720,723],"product_tag":[],"yoast_head":"<!-- This site is optimized with the Yoast SEO plugin v19.3 - https:\/\/yoast.com\/wordpress\/plugins\/seo\/ -->\n<title>Tour to the islands of the Camamu Bay on a private speedboat - Tour - Tours Bahia<\/title>\n<meta name=\"robots\" content=\"index, follow, max-snippet:-1, max-image-preview:large, max-video-preview:-1\" \/>\n<link rel=\"canonical\" href=\"https:\/\/www.toursbahia.com.br\/en\/loja\/tours\/tour-to-the-islands-of-the-camamu-bay-on-a-private-speedboat-tour\/\" \/>\n<meta property=\"og:locale\" content=\"en_US\" \/>\n<meta property=\"og:type\" content=\"article\" \/>\n<meta property=\"og:title\" content=\"Tour to the islands of the Camamu Bay on a private speedboat - Tour - Tours Bahia\" \/>\n<meta property=\"og:description\" content=\"The Camamu Bay, the third largest in Brazil in terms of water volume, yet little explored, is a paradise for navigation! We will arrive at the waterfall Trememb\u00e9 blooming within the Atlantic Forest and plunges directly into the salty sea water. After enjoying the fascinating view, we will take a dive in the waters below the Trememb\u00e9 waterfall and head navigating through the mangroves, part of the marine ecosystem, to the village of Caja\u00edba. The main occupation of the residents in Caja\u00edba is boat building and we will visit sites where large wooden boats are manufactured in a traditional manner. Back to the speedboat, we continue to the island of Pedra Furada, small and with a clear water beach. A day that definitely will never be forgotten.\" \/>\n<meta property=\"og:url\" content=\"https:\/\/www.toursbahia.com.br\/en\/loja\/tours\/tour-to-the-islands-of-the-camamu-bay-on-a-private-speedboat-tour\/\" \/>\n<meta property=\"og:site_name\" content=\"Tours Bahia\" \/>\n<meta property=\"article:publisher\" content=\"https:\/\/www.facebook.com\/toursbahiainternational\" \/>\n<meta property=\"article:modified_time\" content=\"2025-06-07T11:25:23+00:00\" \/>\n<meta property=\"og:image\" content=\"https:\/\/www.toursbahia.com.br\/wp-content\/uploads\/2019\/01\/Passeio-pelas-ilhas-da-Baia-de-Camamu-em-lancha-privativa-Foto-02.jpg\" \/>\n\t<meta property=\"og:image:width\" content=\"900\" \/>\n\t<meta property=\"og:image:height\" content=\"550\" \/>\n\t<meta property=\"og:image:type\" content=\"image\/jpeg\" \/>\n<meta name=\"twitter:card\" content=\"summary_large_image\" \/>\n<script type=\"application\/ld+json\" class=\"yoast-schema-graph\">{\"@context\":\"https:\/\/schema.org\",\"@graph\":[{\"@type\":\"WebSite\",\"@id\":\"https:\/\/www.toursbahia.com.br\/#website\",\"url\":\"https:\/\/www.toursbahia.com.br\/\",\"name\":\"Tours Bahia\",\"description\":\"\",\"potentialAction\":[{\"@type\":\"SearchAction\",\"target\":{\"@type\":\"EntryPoint\",\"urlTemplate\":\"https:\/\/www.toursbahia.com.br\/?s={search_term_string}\"},\"query-input\":\"required name=search_term_string\"}],\"inLanguage\":\"en-US\"},{\"@type\":\"ImageObject\",\"inLanguage\":\"en-US\",\"@id\":\"https:\/\/www.toursbahia.com.br\/en\/loja\/tours\/tour-to-the-islands-of-the-camamu-bay-on-a-private-speedboat-tour\/#primaryimage\",\"url\":\"https:\/\/www.toursbahia.com.br\/wp-content\/uploads\/2019\/01\/Passeio-pelas-ilhas-da-Baia-de-Camamu-em-lancha-privativa-Foto-02.jpg\",\"contentUrl\":\"https:\/\/www.toursbahia.com.br\/wp-content\/uploads\/2019\/01\/Passeio-pelas-ilhas-da-Baia-de-Camamu-em-lancha-privativa-Foto-02.jpg\",\"width\":900,\"height\":550},{\"@type\":\"WebPage\",\"@id\":\"https:\/\/www.toursbahia.com.br\/en\/loja\/tours\/tour-to-the-islands-of-the-camamu-bay-on-a-private-speedboat-tour\/\",\"url\":\"https:\/\/www.toursbahia.com.br\/en\/loja\/tours\/tour-to-the-islands-of-the-camamu-bay-on-a-private-speedboat-tour\/\",\"name\":\"Tour to the islands of the Camamu Bay on a private speedboat - Tour - Tours Bahia\",\"isPartOf\":{\"@id\":\"https:\/\/www.toursbahia.com.br\/#website\"},\"primaryImageOfPage\":{\"@id\":\"https:\/\/www.toursbahia.com.br\/en\/loja\/tours\/tour-to-the-islands-of-the-camamu-bay-on-a-private-speedboat-tour\/#primaryimage\"},\"datePublished\":\"2019-01-21T17:34:20+00:00\",\"dateModified\":\"2025-06-07T11:25:23+00:00\",\"breadcrumb\":{\"@id\":\"https:\/\/www.toursbahia.com.br\/en\/loja\/tours\/tour-to-the-islands-of-the-camamu-bay-on-a-private-speedboat-tour\/#breadcrumb\"},\"inLanguage\":\"en-US\",\"potentialAction\":[{\"@type\":\"ReadAction\",\"target\":[\"https:\/\/www.toursbahia.com.br\/en\/loja\/tours\/tour-to-the-islands-of-the-camamu-bay-on-a-private-speedboat-tour\/\"]}]},{\"@type\":\"BreadcrumbList\",\"@id\":\"https:\/\/www.toursbahia.com.br\/en\/loja\/tours\/tour-to-the-islands-of-the-camamu-bay-on-a-private-speedboat-tour\/#breadcrumb\",\"itemListElement\":[{\"@type\":\"ListItem\",\"position\":1,\"name\":\"In\u00edcio\",\"item\":\"https:\/\/www.toursbahia.com.br\/en\/\"},{\"@type\":\"ListItem\",\"position\":2,\"name\":\"Store\",\"item\":\"https:\/\/www.toursbahia.com.br\/en\/store-tours-bahia-internacional\/\"},{\"@type\":\"ListItem\",\"position\":3,\"name\":\"Tour to the islands of the Camamu Bay on a private speedboat &#8211; Tour\"}]}]}<\/script>\n<!-- \/ Yoast SEO plugin. -->","yoast_head_json":{"title":"Tour to the islands of the Camamu Bay on a private speedboat - Tour - Tours Bahia","robots":{"index":"index","follow":"follow","max-snippet":"max-snippet:-1","max-image-preview":"max-image-preview:large","max-video-preview":"max-video-preview:-1"},"canonical":"https:\/\/www.toursbahia.com.br\/en\/loja\/tours\/tour-to-the-islands-of-the-camamu-bay-on-a-private-speedboat-tour\/","og_locale":"en_US","og_type":"article","og_title":"Tour to the islands of the Camamu Bay on a private speedboat - Tour - Tours Bahia","og_description":"The Camamu Bay, the third largest in Brazil in terms of water volume, yet little explored, is a paradise for navigation! We will arrive at the waterfall Trememb\u00e9 blooming within the Atlantic Forest and plunges directly into the salty sea water. After enjoying the fascinating view, we will take a dive in the waters below the Trememb\u00e9 waterfall and head navigating through the mangroves, part of the marine ecosystem, to the village of Caja\u00edba. The main occupation of the residents in Caja\u00edba is boat building and we will visit sites where large wooden boats are manufactured in a traditional manner. Back to the speedboat, we continue to the island of Pedra Furada, small and with a clear water beach. A day that definitely will never be forgotten.","og_url":"https:\/\/www.toursbahia.com.br\/en\/loja\/tours\/tour-to-the-islands-of-the-camamu-bay-on-a-private-speedboat-tour\/","og_site_name":"Tours Bahia","article_publisher":"https:\/\/www.facebook.com\/toursbahiainternational","article_modified_time":"2025-06-07T11:25:23+00:00","og_image":[{"width":900,"height":550,"url":"https:\/\/www.toursbahia.com.br\/wp-content\/uploads\/2019\/01\/Passeio-pelas-ilhas-da-Baia-de-Camamu-em-lancha-privativa-Foto-02.jpg","type":"image\/jpeg"}],"twitter_card":"summary_large_image","schema":{"@context":"https:\/\/schema.org","@graph":[{"@type":"WebSite","@id":"https:\/\/www.toursbahia.com.br\/#website","url":"https:\/\/www.toursbahia.com.br\/","name":"Tours Bahia","description":"","potentialAction":[{"@type":"SearchAction","target":{"@type":"EntryPoint","urlTemplate":"https:\/\/www.toursbahia.com.br\/?s={search_term_string}"},"query-input":"required name=search_term_string"}],"inLanguage":"en-US"},{"@type":"ImageObject","inLanguage":"en-US","@id":"https:\/\/www.toursbahia.com.br\/en\/loja\/tours\/tour-to-the-islands-of-the-camamu-bay-on-a-private-speedboat-tour\/#primaryimage","url":"https:\/\/www.toursbahia.com.br\/wp-content\/uploads\/2019\/01\/Passeio-pelas-ilhas-da-Baia-de-Camamu-em-lancha-privativa-Foto-02.jpg","contentUrl":"https:\/\/www.toursbahia.com.br\/wp-content\/uploads\/2019\/01\/Passeio-pelas-ilhas-da-Baia-de-Camamu-em-lancha-privativa-Foto-02.jpg","width":900,"height":550},{"@type":"WebPage","@id":"https:\/\/www.toursbahia.com.br\/en\/loja\/tours\/tour-to-the-islands-of-the-camamu-bay-on-a-private-speedboat-tour\/","url":"https:\/\/www.toursbahia.com.br\/en\/loja\/tours\/tour-to-the-islands-of-the-camamu-bay-on-a-private-speedboat-tour\/","name":"Tour to the islands of the Camamu Bay on a private speedboat - Tour - Tours Bahia","isPartOf":{"@id":"https:\/\/www.toursbahia.com.br\/#website"},"primaryImageOfPage":{"@id":"https:\/\/www.toursbahia.com.br\/en\/loja\/tours\/tour-to-the-islands-of-the-camamu-bay-on-a-private-speedboat-tour\/#primaryimage"},"datePublished":"2019-01-21T17:34:20+00:00","dateModified":"2025-06-07T11:25:23+00:00","breadcrumb":{"@id":"https:\/\/www.toursbahia.com.br\/en\/loja\/tours\/tour-to-the-islands-of-the-camamu-bay-on-a-private-speedboat-tour\/#breadcrumb"},"inLanguage":"en-US","potentialAction":[{"@type":"ReadAction","target":["https:\/\/www.toursbahia.com.br\/en\/loja\/tours\/tour-to-the-islands-of-the-camamu-bay-on-a-private-speedboat-tour\/"]}]},{"@type":"BreadcrumbList","@id":"https:\/\/www.toursbahia.com.br\/en\/loja\/tours\/tour-to-the-islands-of-the-camamu-bay-on-a-private-speedboat-tour\/#breadcrumb","itemListElement":[{"@type":"ListItem","position":1,"name":"In\u00edcio","item":"https:\/\/www.toursbahia.com.br\/en\/"},{"@type":"ListItem","position":2,"name":"Store","item":"https:\/\/www.toursbahia.com.br\/en\/store-tours-bahia-internacional\/"},{"@type":"ListItem","position":3,"name":"Tour to the islands of the Camamu Bay on a private speedboat &#8211; Tour"}]}]}},"_links":{"self":[{"href":"https:\/\/www.toursbahia.com.br\/en\/wp-json\/wp\/v2\/product\/1842"}],"collection":[{"href":"https:\/\/www.toursbahia.com.br\/en\/wp-json\/wp\/v2\/product"}],"about":[{"href":"https:\/\/www.toursbahia.com.br\/en\/wp-json\/wp\/v2\/types\/product"}],"replies":[{"embeddable":true,"href":"https:\/\/www.toursbahia.com.br\/en\/wp-json\/wp\/v2\/comments?post=1842"}],"wp:featuredmedia":[{"embeddable":true,"href":"https:\/\/www.toursbahia.com.br\/en\/wp-json\/wp\/v2\/media\/1702"}],"wp:attachment":[{"href":"https:\/\/www.toursbahia.com.br\/en\/wp-json\/wp\/v2\/media?parent=1842"}],"wp:term":[{"taxonomy":"product_cat","embeddable":true,"href":"https:\/\/www.toursbahia.com.br\/en\/wp-json\/wp\/v2\/product_cat?post=1842"},{"taxonomy":"product_tag","embeddable":true,"href":"https:\/\/www.toursbahia.com.br\/en\/wp-json\/wp\/v2\/product_tag?post=1842"}],"curies":[{"name":"wp","href":"https:\/\/api.w.org\/{rel}","templated":true}]}}