{"id":1846,"date":"2019-01-18T14:34:32","date_gmt":"2019-01-18T16:34:32","guid":{"rendered":"https:\/\/www.toursbahia.com.br\/\/produto\/uncategorized\/morro-de-sao-paulo-sky-pacote\/"},"modified":"2019-02-05T21:28:23","modified_gmt":"2019-02-05T23:28:23","slug":"morro-de-sao-paulo-sky-package","status":"publish","type":"product","link":"https:\/\/www.toursbahia.com.br\/en\/loja\/packages\/morro-de-sao-paulo-sky-package\/","title":{"rendered":"Morro de S\u00e3o Paulo \u2013 Sky &#8211; Package"},"content":{"rendered":"","protected":false},"excerpt":{"rendered":"<p>Come flying to Morro de S\u00e3o Paulo!<\/p>\n<p>Morro de S\u00e3o Paulo is a village with no cars, with paradisiacal beaches and a lively nightlife! A good option to get to the island, which is only 60km away from Salvador, is by air taxi, allowing you to contemplate the island and its surroundings from a special angle.<\/p>\n<p>The sky package includes flights from Salvador to Morro de S\u00e3o Paulo and then back to Salvador, transfer from the hotel in Salvador to the airport and from the airport to the hotel in Morro de S\u00e3o Paulo and then back to the airport in Morro de S\u00e3o Paulo and from the airport in Salvador to the hotel; two nights in the hotel in Morro de S\u00e3o Paulo with breakfast and all taxes included.<\/p>\n","protected":false},"featured_media":1265,"comment_status":"open","ping_status":"closed","template":"","meta":[],"product_cat":[261,263,689],"product_tag":[],"yoast_head":"<!-- This site is optimized with the Yoast SEO plugin v19.3 - https:\/\/yoast.com\/wordpress\/plugins\/seo\/ -->\n<title>Morro de S\u00e3o Paulo \u2013 Sky - Package - Tours Bahia<\/title>\n<meta name=\"robots\" content=\"index, follow, max-snippet:-1, max-image-preview:large, max-video-preview:-1\" \/>\n<link rel=\"canonical\" href=\"https:\/\/www.toursbahia.com.br\/en\/loja\/packages\/morro-de-sao-paulo-sky-package\/\" \/>\n<meta property=\"og:locale\" content=\"en_US\" \/>\n<meta property=\"og:type\" content=\"article\" \/>\n<meta property=\"og:title\" content=\"Morro de S\u00e3o Paulo \u2013 Sky - Package - Tours Bahia\" \/>\n<meta property=\"og:description\" content=\"Come flying to Morro de S\u00e3o Paulo!  Morro de S\u00e3o Paulo is a village with no cars, with paradisiacal beaches and a lively nightlife! A good option to get to the island, which is only 60km away from Salvador, is by air taxi, allowing you to contemplate the island and its surroundings from a special angle.  The sky package includes flights from Salvador to Morro de S\u00e3o Paulo and then back to Salvador, transfer from the hotel in Salvador to the airport and from the airport to the hotel in Morro de S\u00e3o Paulo and then back to the airport in Morro de S\u00e3o Paulo and from the airport in Salvador to the hotel; two nights in the hotel in Morro de S\u00e3o Paulo with breakfast and all taxes included.\" \/>\n<meta property=\"og:url\" content=\"https:\/\/www.toursbahia.com.br\/en\/loja\/packages\/morro-de-sao-paulo-sky-package\/\" \/>\n<meta property=\"og:site_name\" content=\"Tours Bahia\" \/>\n<meta property=\"article:publisher\" content=\"https:\/\/www.facebook.com\/toursbahiainternational\" \/>\n<meta property=\"article:modified_time\" content=\"2019-02-05T23:28:23+00:00\" \/>\n<meta property=\"og:image\" content=\"https:\/\/www.toursbahia.com.br\/wp-content\/uploads\/2018\/12\/Morro-de-S\u00e3o-Paulo-Foto-03.jpg\" \/>\n\t<meta property=\"og:image:width\" content=\"900\" \/>\n\t<meta property=\"og:image:height\" content=\"550\" \/>\n\t<meta property=\"og:image:type\" content=\"image\/jpeg\" \/>\n<meta name=\"twitter:card\" content=\"summary_large_image\" \/>\n<script type=\"application\/ld+json\" class=\"yoast-schema-graph\">{\"@context\":\"https:\/\/schema.org\",\"@graph\":[{\"@type\":\"WebSite\",\"@id\":\"https:\/\/www.toursbahia.com.br\/#website\",\"url\":\"https:\/\/www.toursbahia.com.br\/\",\"name\":\"Tours Bahia\",\"description\":\"\",\"potentialAction\":[{\"@type\":\"SearchAction\",\"target\":{\"@type\":\"EntryPoint\",\"urlTemplate\":\"https:\/\/www.toursbahia.com.br\/?s={search_term_string}\"},\"query-input\":\"required name=search_term_string\"}],\"inLanguage\":\"en-US\"},{\"@type\":\"ImageObject\",\"inLanguage\":\"en-US\",\"@id\":\"https:\/\/www.toursbahia.com.br\/en\/loja\/packages\/morro-de-sao-paulo-sky-package\/#primaryimage\",\"url\":\"https:\/\/www.toursbahia.com.br\/wp-content\/uploads\/2018\/12\/Morro-de-S\u00e3o-Paulo-Foto-03.jpg\",\"contentUrl\":\"https:\/\/www.toursbahia.com.br\/wp-content\/uploads\/2018\/12\/Morro-de-S\u00e3o-Paulo-Foto-03.jpg\",\"width\":900,\"height\":550},{\"@type\":\"WebPage\",\"@id\":\"https:\/\/www.toursbahia.com.br\/en\/loja\/packages\/morro-de-sao-paulo-sky-package\/\",\"url\":\"https:\/\/www.toursbahia.com.br\/en\/loja\/packages\/morro-de-sao-paulo-sky-package\/\",\"name\":\"Morro de S\u00e3o Paulo \u2013 Sky - Package - Tours Bahia\",\"isPartOf\":{\"@id\":\"https:\/\/www.toursbahia.com.br\/#website\"},\"primaryImageOfPage\":{\"@id\":\"https:\/\/www.toursbahia.com.br\/en\/loja\/packages\/morro-de-sao-paulo-sky-package\/#primaryimage\"},\"datePublished\":\"2019-01-18T16:34:32+00:00\",\"dateModified\":\"2019-02-05T23:28:23+00:00\",\"breadcrumb\":{\"@id\":\"https:\/\/www.toursbahia.com.br\/en\/loja\/packages\/morro-de-sao-paulo-sky-package\/#breadcrumb\"},\"inLanguage\":\"en-US\",\"potentialAction\":[{\"@type\":\"ReadAction\",\"target\":[\"https:\/\/www.toursbahia.com.br\/en\/loja\/packages\/morro-de-sao-paulo-sky-package\/\"]}]},{\"@type\":\"BreadcrumbList\",\"@id\":\"https:\/\/www.toursbahia.com.br\/en\/loja\/packages\/morro-de-sao-paulo-sky-package\/#breadcrumb\",\"itemListElement\":[{\"@type\":\"ListItem\",\"position\":1,\"name\":\"In\u00edcio\",\"item\":\"https:\/\/www.toursbahia.com.br\/en\/\"},{\"@type\":\"ListItem\",\"position\":2,\"name\":\"Store\",\"item\":\"https:\/\/www.toursbahia.com.br\/en\/store-tours-bahia-internacional\/\"},{\"@type\":\"ListItem\",\"position\":3,\"name\":\"Morro de S\u00e3o Paulo \u2013 Sky &#8211; Package\"}]}]}<\/script>\n<!-- \/ Yoast SEO plugin. -->","yoast_head_json":{"title":"Morro de S\u00e3o Paulo \u2013 Sky - Package - Tours Bahia","robots":{"index":"index","follow":"follow","max-snippet":"max-snippet:-1","max-image-preview":"max-image-preview:large","max-video-preview":"max-video-preview:-1"},"canonical":"https:\/\/www.toursbahia.com.br\/en\/loja\/packages\/morro-de-sao-paulo-sky-package\/","og_locale":"en_US","og_type":"article","og_title":"Morro de S\u00e3o Paulo \u2013 Sky - Package - Tours Bahia","og_description":"Come flying to Morro de S\u00e3o Paulo!  Morro de S\u00e3o Paulo is a village with no cars, with paradisiacal beaches and a lively nightlife! A good option to get to the island, which is only 60km away from Salvador, is by air taxi, allowing you to contemplate the island and its surroundings from a special angle.  The sky package includes flights from Salvador to Morro de S\u00e3o Paulo and then back to Salvador, transfer from the hotel in Salvador to the airport and from the airport to the hotel in Morro de S\u00e3o Paulo and then back to the airport in Morro de S\u00e3o Paulo and from the airport in Salvador to the hotel; two nights in the hotel in Morro de S\u00e3o Paulo with breakfast and all taxes included.","og_url":"https:\/\/www.toursbahia.com.br\/en\/loja\/packages\/morro-de-sao-paulo-sky-package\/","og_site_name":"Tours Bahia","article_publisher":"https:\/\/www.facebook.com\/toursbahiainternational","article_modified_time":"2019-02-05T23:28:23+00:00","og_image":[{"width":900,"height":550,"url":"https:\/\/www.toursbahia.com.br\/wp-content\/uploads\/2018\/12\/Morro-de-S\u00e3o-Paulo-Foto-03.jpg","type":"image\/jpeg"}],"twitter_card":"summary_large_image","schema":{"@context":"https:\/\/schema.org","@graph":[{"@type":"WebSite","@id":"https:\/\/www.toursbahia.com.br\/#website","url":"https:\/\/www.toursbahia.com.br\/","name":"Tours Bahia","description":"","potentialAction":[{"@type":"SearchAction","target":{"@type":"EntryPoint","urlTemplate":"https:\/\/www.toursbahia.com.br\/?s={search_term_string}"},"query-input":"required name=search_term_string"}],"inLanguage":"en-US"},{"@type":"ImageObject","inLanguage":"en-US","@id":"https:\/\/www.toursbahia.com.br\/en\/loja\/packages\/morro-de-sao-paulo-sky-package\/#primaryimage","url":"https:\/\/www.toursbahia.com.br\/wp-content\/uploads\/2018\/12\/Morro-de-S\u00e3o-Paulo-Foto-03.jpg","contentUrl":"https:\/\/www.toursbahia.com.br\/wp-content\/uploads\/2018\/12\/Morro-de-S\u00e3o-Paulo-Foto-03.jpg","width":900,"height":550},{"@type":"WebPage","@id":"https:\/\/www.toursbahia.com.br\/en\/loja\/packages\/morro-de-sao-paulo-sky-package\/","url":"https:\/\/www.toursbahia.com.br\/en\/loja\/packages\/morro-de-sao-paulo-sky-package\/","name":"Morro de S\u00e3o Paulo \u2013 Sky - Package - Tours Bahia","isPartOf":{"@id":"https:\/\/www.toursbahia.com.br\/#website"},"primaryImageOfPage":{"@id":"https:\/\/www.toursbahia.com.br\/en\/loja\/packages\/morro-de-sao-paulo-sky-package\/#primaryimage"},"datePublished":"2019-01-18T16:34:32+00:00","dateModified":"2019-02-05T23:28:23+00:00","breadcrumb":{"@id":"https:\/\/www.toursbahia.com.br\/en\/loja\/packages\/morro-de-sao-paulo-sky-package\/#breadcrumb"},"inLanguage":"en-US","potentialAction":[{"@type":"ReadAction","target":["https:\/\/www.toursbahia.com.br\/en\/loja\/packages\/morro-de-sao-paulo-sky-package\/"]}]},{"@type":"BreadcrumbList","@id":"https:\/\/www.toursbahia.com.br\/en\/loja\/packages\/morro-de-sao-paulo-sky-package\/#breadcrumb","itemListElement":[{"@type":"ListItem","position":1,"name":"In\u00edcio","item":"https:\/\/www.toursbahia.com.br\/en\/"},{"@type":"ListItem","position":2,"name":"Store","item":"https:\/\/www.toursbahia.com.br\/en\/store-tours-bahia-internacional\/"},{"@type":"ListItem","position":3,"name":"Morro de S\u00e3o Paulo \u2013 Sky &#8211; Package"}]}]}},"_links":{"self":[{"href":"https:\/\/www.toursbahia.com.br\/en\/wp-json\/wp\/v2\/product\/1846"}],"collection":[{"href":"https:\/\/www.toursbahia.com.br\/en\/wp-json\/wp\/v2\/product"}],"about":[{"href":"https:\/\/www.toursbahia.com.br\/en\/wp-json\/wp\/v2\/types\/product"}],"replies":[{"embeddable":true,"href":"https:\/\/www.toursbahia.com.br\/en\/wp-json\/wp\/v2\/comments?post=1846"}],"wp:featuredmedia":[{"embeddable":true,"href":"https:\/\/www.toursbahia.com.br\/en\/wp-json\/wp\/v2\/media\/1265"}],"wp:attachment":[{"href":"https:\/\/www.toursbahia.com.br\/en\/wp-json\/wp\/v2\/media?parent=1846"}],"wp:term":[{"taxonomy":"product_cat","embeddable":true,"href":"https:\/\/www.toursbahia.com.br\/en\/wp-json\/wp\/v2\/product_cat?post=1846"},{"taxonomy":"product_tag","embeddable":true,"href":"https:\/\/www.toursbahia.com.br\/en\/wp-json\/wp\/v2\/product_tag?post=1846"}],"curies":[{"name":"wp","href":"https:\/\/api.w.org\/{rel}","templated":true}]}}