{"id":3455,"date":"2019-01-21T15:13:42","date_gmt":"2019-01-21T17:13:42","guid":{"rendered":"https:\/\/www.toursbahia.com.br\/\/produto\/uncategorized\/poco-encantado-e-poco-azul-passeio\/"},"modified":"2019-02-05T22:21:47","modified_gmt":"2019-02-06T00:21:47","slug":"the-poco-encantado-and-the-poco-azul-tour","status":"publish","type":"product","link":"https:\/\/www.toursbahia.com.br\/en\/loja\/tours\/the-poco-encantado-and-the-poco-azul-tour\/","title":{"rendered":"The Po\u00e7o Encantado and the Po\u00e7o Azul &#8211; Tour"},"content":{"rendered":"","protected":false},"excerpt":{"rendered":"<p>We will leave Len\u00e7\u00f3is in the morning, on the way to the Po\u00e7o Encantado, an impressive blue water natural pool inside a wide limestone cave, where we can enjoy a shaft of sunlight crossing the water until the bottom, and it is 60m deep.<\/p>\n<p>Next, you will visit the Po\u00e7o Azul \u2013 another impressive underground pool of crystal blue water, where it\u2019s possible to do some snorkeling. After the swim, a delicious home-cooked lunch before our return to Len\u00e7\u00f3is.<\/p>\n","protected":false},"featured_media":1610,"comment_status":"open","ping_status":"closed","template":"","meta":[],"product_cat":[706,707,708,714],"product_tag":[],"yoast_head":"<!-- This site is optimized with the Yoast SEO plugin v19.3 - https:\/\/yoast.com\/wordpress\/plugins\/seo\/ -->\n<title>The Po\u00e7o Encantado and the Po\u00e7o Azul - Tour - Tours Bahia<\/title>\n<meta name=\"robots\" content=\"index, follow, max-snippet:-1, max-image-preview:large, max-video-preview:-1\" \/>\n<link rel=\"canonical\" href=\"https:\/\/www.toursbahia.com.br\/en\/loja\/tours\/the-poco-encantado-and-the-poco-azul-tour\/\" \/>\n<meta property=\"og:locale\" content=\"en_US\" \/>\n<meta property=\"og:type\" content=\"article\" \/>\n<meta property=\"og:title\" content=\"The Po\u00e7o Encantado and the Po\u00e7o Azul - Tour - Tours Bahia\" \/>\n<meta property=\"og:description\" content=\"We will leave Len\u00e7\u00f3is in the morning, on the way to the Po\u00e7o Encantado, an impressive blue water natural pool inside a wide limestone cave, where we can enjoy a shaft of sunlight crossing the water until the bottom, and it is 60m deep.  Next, you will visit the Po\u00e7o Azul \u2013 another impressive underground pool of crystal blue water, where it\u2019s possible to do some snorkeling. After the swim, a delicious home-cooked lunch before our return to Len\u00e7\u00f3is.\" \/>\n<meta property=\"og:url\" content=\"https:\/\/www.toursbahia.com.br\/en\/loja\/tours\/the-poco-encantado-and-the-poco-azul-tour\/\" \/>\n<meta property=\"og:site_name\" content=\"Tours Bahia\" \/>\n<meta property=\"article:publisher\" content=\"https:\/\/www.facebook.com\/toursbahiainternational\" \/>\n<meta property=\"article:modified_time\" content=\"2019-02-06T00:21:47+00:00\" \/>\n<meta property=\"og:image\" content=\"https:\/\/www.toursbahia.com.br\/wp-content\/uploads\/2018\/12\/Po\u00e7o-Encantado-e-Po\u00e7o-Azul-Foto-03.jpg\" \/>\n\t<meta property=\"og:image:width\" content=\"900\" \/>\n\t<meta property=\"og:image:height\" content=\"550\" \/>\n\t<meta property=\"og:image:type\" content=\"image\/jpeg\" \/>\n<meta name=\"twitter:card\" content=\"summary_large_image\" \/>\n<script type=\"application\/ld+json\" class=\"yoast-schema-graph\">{\"@context\":\"https:\/\/schema.org\",\"@graph\":[{\"@type\":\"WebSite\",\"@id\":\"https:\/\/www.toursbahia.com.br\/#website\",\"url\":\"https:\/\/www.toursbahia.com.br\/\",\"name\":\"Tours Bahia\",\"description\":\"\",\"potentialAction\":[{\"@type\":\"SearchAction\",\"target\":{\"@type\":\"EntryPoint\",\"urlTemplate\":\"https:\/\/www.toursbahia.com.br\/?s={search_term_string}\"},\"query-input\":\"required name=search_term_string\"}],\"inLanguage\":\"en-US\"},{\"@type\":\"ImageObject\",\"inLanguage\":\"en-US\",\"@id\":\"https:\/\/www.toursbahia.com.br\/en\/loja\/tours\/the-poco-encantado-and-the-poco-azul-tour\/#primaryimage\",\"url\":\"https:\/\/www.toursbahia.com.br\/wp-content\/uploads\/2018\/12\/Po\u00e7o-Encantado-e-Po\u00e7o-Azul-Foto-03.jpg\",\"contentUrl\":\"https:\/\/www.toursbahia.com.br\/wp-content\/uploads\/2018\/12\/Po\u00e7o-Encantado-e-Po\u00e7o-Azul-Foto-03.jpg\",\"width\":900,\"height\":550},{\"@type\":\"WebPage\",\"@id\":\"https:\/\/www.toursbahia.com.br\/en\/loja\/tours\/the-poco-encantado-and-the-poco-azul-tour\/\",\"url\":\"https:\/\/www.toursbahia.com.br\/en\/loja\/tours\/the-poco-encantado-and-the-poco-azul-tour\/\",\"name\":\"The Po\u00e7o Encantado and the Po\u00e7o Azul - Tour - Tours Bahia\",\"isPartOf\":{\"@id\":\"https:\/\/www.toursbahia.com.br\/#website\"},\"primaryImageOfPage\":{\"@id\":\"https:\/\/www.toursbahia.com.br\/en\/loja\/tours\/the-poco-encantado-and-the-poco-azul-tour\/#primaryimage\"},\"datePublished\":\"2019-01-21T17:13:42+00:00\",\"dateModified\":\"2019-02-06T00:21:47+00:00\",\"breadcrumb\":{\"@id\":\"https:\/\/www.toursbahia.com.br\/en\/loja\/tours\/the-poco-encantado-and-the-poco-azul-tour\/#breadcrumb\"},\"inLanguage\":\"en-US\",\"potentialAction\":[{\"@type\":\"ReadAction\",\"target\":[\"https:\/\/www.toursbahia.com.br\/en\/loja\/tours\/the-poco-encantado-and-the-poco-azul-tour\/\"]}]},{\"@type\":\"BreadcrumbList\",\"@id\":\"https:\/\/www.toursbahia.com.br\/en\/loja\/tours\/the-poco-encantado-and-the-poco-azul-tour\/#breadcrumb\",\"itemListElement\":[{\"@type\":\"ListItem\",\"position\":1,\"name\":\"In\u00edcio\",\"item\":\"https:\/\/www.toursbahia.com.br\/en\/\"},{\"@type\":\"ListItem\",\"position\":2,\"name\":\"Store\",\"item\":\"https:\/\/www.toursbahia.com.br\/en\/store-tours-bahia-internacional\/\"},{\"@type\":\"ListItem\",\"position\":3,\"name\":\"The Po\u00e7o Encantado and the Po\u00e7o Azul &#8211; Tour\"}]}]}<\/script>\n<!-- \/ Yoast SEO plugin. -->","yoast_head_json":{"title":"The Po\u00e7o Encantado and the Po\u00e7o Azul - Tour - Tours Bahia","robots":{"index":"index","follow":"follow","max-snippet":"max-snippet:-1","max-image-preview":"max-image-preview:large","max-video-preview":"max-video-preview:-1"},"canonical":"https:\/\/www.toursbahia.com.br\/en\/loja\/tours\/the-poco-encantado-and-the-poco-azul-tour\/","og_locale":"en_US","og_type":"article","og_title":"The Po\u00e7o Encantado and the Po\u00e7o Azul - Tour - Tours Bahia","og_description":"We will leave Len\u00e7\u00f3is in the morning, on the way to the Po\u00e7o Encantado, an impressive blue water natural pool inside a wide limestone cave, where we can enjoy a shaft of sunlight crossing the water until the bottom, and it is 60m deep.  Next, you will visit the Po\u00e7o Azul \u2013 another impressive underground pool of crystal blue water, where it\u2019s possible to do some snorkeling. After the swim, a delicious home-cooked lunch before our return to Len\u00e7\u00f3is.","og_url":"https:\/\/www.toursbahia.com.br\/en\/loja\/tours\/the-poco-encantado-and-the-poco-azul-tour\/","og_site_name":"Tours Bahia","article_publisher":"https:\/\/www.facebook.com\/toursbahiainternational","article_modified_time":"2019-02-06T00:21:47+00:00","og_image":[{"width":900,"height":550,"url":"https:\/\/www.toursbahia.com.br\/wp-content\/uploads\/2018\/12\/Po\u00e7o-Encantado-e-Po\u00e7o-Azul-Foto-03.jpg","type":"image\/jpeg"}],"twitter_card":"summary_large_image","schema":{"@context":"https:\/\/schema.org","@graph":[{"@type":"WebSite","@id":"https:\/\/www.toursbahia.com.br\/#website","url":"https:\/\/www.toursbahia.com.br\/","name":"Tours Bahia","description":"","potentialAction":[{"@type":"SearchAction","target":{"@type":"EntryPoint","urlTemplate":"https:\/\/www.toursbahia.com.br\/?s={search_term_string}"},"query-input":"required name=search_term_string"}],"inLanguage":"en-US"},{"@type":"ImageObject","inLanguage":"en-US","@id":"https:\/\/www.toursbahia.com.br\/en\/loja\/tours\/the-poco-encantado-and-the-poco-azul-tour\/#primaryimage","url":"https:\/\/www.toursbahia.com.br\/wp-content\/uploads\/2018\/12\/Po\u00e7o-Encantado-e-Po\u00e7o-Azul-Foto-03.jpg","contentUrl":"https:\/\/www.toursbahia.com.br\/wp-content\/uploads\/2018\/12\/Po\u00e7o-Encantado-e-Po\u00e7o-Azul-Foto-03.jpg","width":900,"height":550},{"@type":"WebPage","@id":"https:\/\/www.toursbahia.com.br\/en\/loja\/tours\/the-poco-encantado-and-the-poco-azul-tour\/","url":"https:\/\/www.toursbahia.com.br\/en\/loja\/tours\/the-poco-encantado-and-the-poco-azul-tour\/","name":"The Po\u00e7o Encantado and the Po\u00e7o Azul - Tour - Tours Bahia","isPartOf":{"@id":"https:\/\/www.toursbahia.com.br\/#website"},"primaryImageOfPage":{"@id":"https:\/\/www.toursbahia.com.br\/en\/loja\/tours\/the-poco-encantado-and-the-poco-azul-tour\/#primaryimage"},"datePublished":"2019-01-21T17:13:42+00:00","dateModified":"2019-02-06T00:21:47+00:00","breadcrumb":{"@id":"https:\/\/www.toursbahia.com.br\/en\/loja\/tours\/the-poco-encantado-and-the-poco-azul-tour\/#breadcrumb"},"inLanguage":"en-US","potentialAction":[{"@type":"ReadAction","target":["https:\/\/www.toursbahia.com.br\/en\/loja\/tours\/the-poco-encantado-and-the-poco-azul-tour\/"]}]},{"@type":"BreadcrumbList","@id":"https:\/\/www.toursbahia.com.br\/en\/loja\/tours\/the-poco-encantado-and-the-poco-azul-tour\/#breadcrumb","itemListElement":[{"@type":"ListItem","position":1,"name":"In\u00edcio","item":"https:\/\/www.toursbahia.com.br\/en\/"},{"@type":"ListItem","position":2,"name":"Store","item":"https:\/\/www.toursbahia.com.br\/en\/store-tours-bahia-internacional\/"},{"@type":"ListItem","position":3,"name":"The Po\u00e7o Encantado and the Po\u00e7o Azul &#8211; Tour"}]}]}},"_links":{"self":[{"href":"https:\/\/www.toursbahia.com.br\/en\/wp-json\/wp\/v2\/product\/3455"}],"collection":[{"href":"https:\/\/www.toursbahia.com.br\/en\/wp-json\/wp\/v2\/product"}],"about":[{"href":"https:\/\/www.toursbahia.com.br\/en\/wp-json\/wp\/v2\/types\/product"}],"replies":[{"embeddable":true,"href":"https:\/\/www.toursbahia.com.br\/en\/wp-json\/wp\/v2\/comments?post=3455"}],"wp:featuredmedia":[{"embeddable":true,"href":"https:\/\/www.toursbahia.com.br\/en\/wp-json\/wp\/v2\/media\/1610"}],"wp:attachment":[{"href":"https:\/\/www.toursbahia.com.br\/en\/wp-json\/wp\/v2\/media?parent=3455"}],"wp:term":[{"taxonomy":"product_cat","embeddable":true,"href":"https:\/\/www.toursbahia.com.br\/en\/wp-json\/wp\/v2\/product_cat?post=3455"},{"taxonomy":"product_tag","embeddable":true,"href":"https:\/\/www.toursbahia.com.br\/en\/wp-json\/wp\/v2\/product_tag?post=3455"}],"curies":[{"name":"wp","href":"https:\/\/api.w.org\/{rel}","templated":true}]}}