{"id":3467,"date":"2019-01-21T14:55:21","date_gmt":"2019-01-21T16:55:21","guid":{"rendered":"https:\/\/www.toursbahia.com.br\/\/produto\/uncategorized\/cachoeira-do-mosquito-e-poco-do-diabo-passeio\/"},"modified":"2019-02-05T22:31:11","modified_gmt":"2019-02-06T00:31:11","slug":"the-mosquito-waterfall-tour","status":"publish","type":"product","link":"https:\/\/www.toursbahia.com.br\/en\/loja\/tours\/the-mosquito-waterfall-tour\/","title":{"rendered":"The Mosquito Waterfall &#8211; Tour"},"content":{"rendered":"","protected":false},"excerpt":{"rendered":"<p>A visit to the beautiful 60m high Mosquito waterfall, with lots of places to swim. Pick-up at 8:30 a.m. and then we head by car to a farm next to the trail that will take us to the falls. Later on, you will walk up to the top of the waterfall where there are many other nice pools for swimming. Lunch break, and then return to Len\u00e7\u00f3is at around 6 p.m. Overnight in Len\u00e7\u00f3is.<\/p>\n","protected":false},"featured_media":1652,"comment_status":"open","ping_status":"closed","template":"","meta":[],"product_cat":[706,707,708,710],"product_tag":[],"yoast_head":"<!-- This site is optimized with the Yoast SEO plugin v19.3 - https:\/\/yoast.com\/wordpress\/plugins\/seo\/ -->\n<title>The Mosquito Waterfall - Tour - Tours Bahia<\/title>\n<meta name=\"robots\" content=\"index, follow, max-snippet:-1, max-image-preview:large, max-video-preview:-1\" \/>\n<link rel=\"canonical\" href=\"https:\/\/www.toursbahia.com.br\/en\/loja\/tours\/the-mosquito-waterfall-tour\/\" \/>\n<meta property=\"og:locale\" content=\"en_US\" \/>\n<meta property=\"og:type\" content=\"article\" \/>\n<meta property=\"og:title\" content=\"The Mosquito Waterfall - Tour - Tours Bahia\" \/>\n<meta property=\"og:description\" content=\"A visit to the beautiful 60m high Mosquito waterfall, with lots of places to swim. Pick-up at 8:30 a.m. and then we head by car to a farm next to the trail that will take us to the falls. Later on, you will walk up to the top of the waterfall where there are many other nice pools for swimming. Lunch break, and then return to Len\u00e7\u00f3is at around 6 p.m. Overnight in Len\u00e7\u00f3is.\" \/>\n<meta property=\"og:url\" content=\"https:\/\/www.toursbahia.com.br\/en\/loja\/tours\/the-mosquito-waterfall-tour\/\" \/>\n<meta property=\"og:site_name\" content=\"Tours Bahia\" \/>\n<meta property=\"article:publisher\" content=\"https:\/\/www.facebook.com\/toursbahiainternational\" \/>\n<meta property=\"article:modified_time\" content=\"2019-02-06T00:31:11+00:00\" \/>\n<meta property=\"og:image\" content=\"https:\/\/www.toursbahia.com.br\/wp-content\/uploads\/2018\/12\/Cachoeira-do-Mosquito-e-Po\u00e7o-do-Diabo-Foto-05.jpg\" \/>\n\t<meta property=\"og:image:width\" content=\"900\" \/>\n\t<meta property=\"og:image:height\" content=\"550\" \/>\n\t<meta property=\"og:image:type\" content=\"image\/jpeg\" \/>\n<meta name=\"twitter:card\" content=\"summary_large_image\" \/>\n<script type=\"application\/ld+json\" class=\"yoast-schema-graph\">{\"@context\":\"https:\/\/schema.org\",\"@graph\":[{\"@type\":\"WebSite\",\"@id\":\"https:\/\/www.toursbahia.com.br\/#website\",\"url\":\"https:\/\/www.toursbahia.com.br\/\",\"name\":\"Tours Bahia\",\"description\":\"\",\"potentialAction\":[{\"@type\":\"SearchAction\",\"target\":{\"@type\":\"EntryPoint\",\"urlTemplate\":\"https:\/\/www.toursbahia.com.br\/?s={search_term_string}\"},\"query-input\":\"required name=search_term_string\"}],\"inLanguage\":\"en-US\"},{\"@type\":\"ImageObject\",\"inLanguage\":\"en-US\",\"@id\":\"https:\/\/www.toursbahia.com.br\/en\/loja\/tours\/the-mosquito-waterfall-tour\/#primaryimage\",\"url\":\"https:\/\/www.toursbahia.com.br\/wp-content\/uploads\/2018\/12\/Cachoeira-do-Mosquito-e-Po\u00e7o-do-Diabo-Foto-05.jpg\",\"contentUrl\":\"https:\/\/www.toursbahia.com.br\/wp-content\/uploads\/2018\/12\/Cachoeira-do-Mosquito-e-Po\u00e7o-do-Diabo-Foto-05.jpg\",\"width\":900,\"height\":550},{\"@type\":\"WebPage\",\"@id\":\"https:\/\/www.toursbahia.com.br\/en\/loja\/tours\/the-mosquito-waterfall-tour\/\",\"url\":\"https:\/\/www.toursbahia.com.br\/en\/loja\/tours\/the-mosquito-waterfall-tour\/\",\"name\":\"The Mosquito Waterfall - Tour - Tours Bahia\",\"isPartOf\":{\"@id\":\"https:\/\/www.toursbahia.com.br\/#website\"},\"primaryImageOfPage\":{\"@id\":\"https:\/\/www.toursbahia.com.br\/en\/loja\/tours\/the-mosquito-waterfall-tour\/#primaryimage\"},\"datePublished\":\"2019-01-21T16:55:21+00:00\",\"dateModified\":\"2019-02-06T00:31:11+00:00\",\"breadcrumb\":{\"@id\":\"https:\/\/www.toursbahia.com.br\/en\/loja\/tours\/the-mosquito-waterfall-tour\/#breadcrumb\"},\"inLanguage\":\"en-US\",\"potentialAction\":[{\"@type\":\"ReadAction\",\"target\":[\"https:\/\/www.toursbahia.com.br\/en\/loja\/tours\/the-mosquito-waterfall-tour\/\"]}]},{\"@type\":\"BreadcrumbList\",\"@id\":\"https:\/\/www.toursbahia.com.br\/en\/loja\/tours\/the-mosquito-waterfall-tour\/#breadcrumb\",\"itemListElement\":[{\"@type\":\"ListItem\",\"position\":1,\"name\":\"In\u00edcio\",\"item\":\"https:\/\/www.toursbahia.com.br\/en\/\"},{\"@type\":\"ListItem\",\"position\":2,\"name\":\"Store\",\"item\":\"https:\/\/www.toursbahia.com.br\/en\/store-tours-bahia-internacional\/\"},{\"@type\":\"ListItem\",\"position\":3,\"name\":\"The Mosquito Waterfall &#8211; Tour\"}]}]}<\/script>\n<!-- \/ Yoast SEO plugin. -->","yoast_head_json":{"title":"The Mosquito Waterfall - Tour - Tours Bahia","robots":{"index":"index","follow":"follow","max-snippet":"max-snippet:-1","max-image-preview":"max-image-preview:large","max-video-preview":"max-video-preview:-1"},"canonical":"https:\/\/www.toursbahia.com.br\/en\/loja\/tours\/the-mosquito-waterfall-tour\/","og_locale":"en_US","og_type":"article","og_title":"The Mosquito Waterfall - Tour - Tours Bahia","og_description":"A visit to the beautiful 60m high Mosquito waterfall, with lots of places to swim. Pick-up at 8:30 a.m. and then we head by car to a farm next to the trail that will take us to the falls. Later on, you will walk up to the top of the waterfall where there are many other nice pools for swimming. Lunch break, and then return to Len\u00e7\u00f3is at around 6 p.m. Overnight in Len\u00e7\u00f3is.","og_url":"https:\/\/www.toursbahia.com.br\/en\/loja\/tours\/the-mosquito-waterfall-tour\/","og_site_name":"Tours Bahia","article_publisher":"https:\/\/www.facebook.com\/toursbahiainternational","article_modified_time":"2019-02-06T00:31:11+00:00","og_image":[{"width":900,"height":550,"url":"https:\/\/www.toursbahia.com.br\/wp-content\/uploads\/2018\/12\/Cachoeira-do-Mosquito-e-Po\u00e7o-do-Diabo-Foto-05.jpg","type":"image\/jpeg"}],"twitter_card":"summary_large_image","schema":{"@context":"https:\/\/schema.org","@graph":[{"@type":"WebSite","@id":"https:\/\/www.toursbahia.com.br\/#website","url":"https:\/\/www.toursbahia.com.br\/","name":"Tours Bahia","description":"","potentialAction":[{"@type":"SearchAction","target":{"@type":"EntryPoint","urlTemplate":"https:\/\/www.toursbahia.com.br\/?s={search_term_string}"},"query-input":"required name=search_term_string"}],"inLanguage":"en-US"},{"@type":"ImageObject","inLanguage":"en-US","@id":"https:\/\/www.toursbahia.com.br\/en\/loja\/tours\/the-mosquito-waterfall-tour\/#primaryimage","url":"https:\/\/www.toursbahia.com.br\/wp-content\/uploads\/2018\/12\/Cachoeira-do-Mosquito-e-Po\u00e7o-do-Diabo-Foto-05.jpg","contentUrl":"https:\/\/www.toursbahia.com.br\/wp-content\/uploads\/2018\/12\/Cachoeira-do-Mosquito-e-Po\u00e7o-do-Diabo-Foto-05.jpg","width":900,"height":550},{"@type":"WebPage","@id":"https:\/\/www.toursbahia.com.br\/en\/loja\/tours\/the-mosquito-waterfall-tour\/","url":"https:\/\/www.toursbahia.com.br\/en\/loja\/tours\/the-mosquito-waterfall-tour\/","name":"The Mosquito Waterfall - Tour - Tours Bahia","isPartOf":{"@id":"https:\/\/www.toursbahia.com.br\/#website"},"primaryImageOfPage":{"@id":"https:\/\/www.toursbahia.com.br\/en\/loja\/tours\/the-mosquito-waterfall-tour\/#primaryimage"},"datePublished":"2019-01-21T16:55:21+00:00","dateModified":"2019-02-06T00:31:11+00:00","breadcrumb":{"@id":"https:\/\/www.toursbahia.com.br\/en\/loja\/tours\/the-mosquito-waterfall-tour\/#breadcrumb"},"inLanguage":"en-US","potentialAction":[{"@type":"ReadAction","target":["https:\/\/www.toursbahia.com.br\/en\/loja\/tours\/the-mosquito-waterfall-tour\/"]}]},{"@type":"BreadcrumbList","@id":"https:\/\/www.toursbahia.com.br\/en\/loja\/tours\/the-mosquito-waterfall-tour\/#breadcrumb","itemListElement":[{"@type":"ListItem","position":1,"name":"In\u00edcio","item":"https:\/\/www.toursbahia.com.br\/en\/"},{"@type":"ListItem","position":2,"name":"Store","item":"https:\/\/www.toursbahia.com.br\/en\/store-tours-bahia-internacional\/"},{"@type":"ListItem","position":3,"name":"The Mosquito Waterfall &#8211; Tour"}]}]}},"_links":{"self":[{"href":"https:\/\/www.toursbahia.com.br\/en\/wp-json\/wp\/v2\/product\/3467"}],"collection":[{"href":"https:\/\/www.toursbahia.com.br\/en\/wp-json\/wp\/v2\/product"}],"about":[{"href":"https:\/\/www.toursbahia.com.br\/en\/wp-json\/wp\/v2\/types\/product"}],"replies":[{"embeddable":true,"href":"https:\/\/www.toursbahia.com.br\/en\/wp-json\/wp\/v2\/comments?post=3467"}],"wp:featuredmedia":[{"embeddable":true,"href":"https:\/\/www.toursbahia.com.br\/en\/wp-json\/wp\/v2\/media\/1652"}],"wp:attachment":[{"href":"https:\/\/www.toursbahia.com.br\/en\/wp-json\/wp\/v2\/media?parent=3467"}],"wp:term":[{"taxonomy":"product_cat","embeddable":true,"href":"https:\/\/www.toursbahia.com.br\/en\/wp-json\/wp\/v2\/product_cat?post=3467"},{"taxonomy":"product_tag","embeddable":true,"href":"https:\/\/www.toursbahia.com.br\/en\/wp-json\/wp\/v2\/product_tag?post=3467"}],"curies":[{"name":"wp","href":"https:\/\/api.w.org\/{rel}","templated":true}]}}