{"id":3518,"date":"2019-01-21T14:43:57","date_gmt":"2019-01-21T16:43:57","guid":{"rendered":"https:\/\/www.toursbahia.com.br\/\/produto\/uncategorized\/expedicao-timeantube-passeio\/"},"modified":"2019-02-05T23:30:50","modified_gmt":"2019-02-06T01:30:50","slug":"expedition-timeantube-tour","status":"publish","type":"product","link":"https:\/\/www.toursbahia.com.br\/en\/loja\/tours\/expedition-timeantube-tour\/","title":{"rendered":"Expedition Timeantube &#8211; Tour"},"content":{"rendered":"","protected":false},"excerpt":{"rendered":"<p>Embark on Canadian canoes with capacity for 03 people each, where all<\/p>\n<p>Participants must paddle. With the instructor monitoring, we head to Timeantube Lagoon (black water lagoon) for about 30 minutes bordering their small islands with aquatic vegetation and observing its huge variety of birds. Among them, you will see: Owl, ja\u00e7an\u00e3, hummingbird, parrot, kingfisher, among others. Stop in the Dend\u00ea Island where we will have a 10 to 15 minutes walk to observe the regional flora.<\/p>\n","protected":false},"featured_media":1532,"comment_status":"open","ping_status":"closed","template":"","meta":[],"product_cat":[706,707,733,731],"product_tag":[],"yoast_head":"<!-- This site is optimized with the Yoast SEO plugin v19.3 - https:\/\/yoast.com\/wordpress\/plugins\/seo\/ -->\n<title>Expedition Timeantube - Tour - Tours Bahia<\/title>\n<meta name=\"robots\" content=\"index, follow, max-snippet:-1, max-image-preview:large, max-video-preview:-1\" \/>\n<link rel=\"canonical\" href=\"https:\/\/www.toursbahia.com.br\/en\/loja\/tours\/expedition-timeantube-tour\/\" \/>\n<meta property=\"og:locale\" content=\"en_US\" \/>\n<meta property=\"og:type\" content=\"article\" \/>\n<meta property=\"og:title\" content=\"Expedition Timeantube - Tour - Tours Bahia\" \/>\n<meta property=\"og:description\" content=\"Embark on Canadian canoes with capacity for 03 people each, where all  Participants must paddle. With the instructor monitoring, we head to Timeantube Lagoon (black water lagoon) for about 30 minutes bordering their small islands with aquatic vegetation and observing its huge variety of birds. Among them, you will see: Owl, ja\u00e7an\u00e3, hummingbird, parrot, kingfisher, among others. Stop in the Dend\u00ea Island where we will have a 10 to 15 minutes walk to observe the regional flora.\" \/>\n<meta property=\"og:url\" content=\"https:\/\/www.toursbahia.com.br\/en\/loja\/tours\/expedition-timeantube-tour\/\" \/>\n<meta property=\"og:site_name\" content=\"Tours Bahia\" \/>\n<meta property=\"article:publisher\" content=\"https:\/\/www.facebook.com\/toursbahiainternational\" \/>\n<meta property=\"article:modified_time\" content=\"2019-02-06T01:30:50+00:00\" \/>\n<meta property=\"og:image\" content=\"https:\/\/www.toursbahia.com.br\/wp-content\/uploads\/2019\/01\/Expedi\u00e7\u00e3o-Timeantube-Foto-04.jpg\" \/>\n\t<meta property=\"og:image:width\" content=\"900\" \/>\n\t<meta property=\"og:image:height\" content=\"550\" \/>\n\t<meta property=\"og:image:type\" content=\"image\/jpeg\" \/>\n<meta name=\"twitter:card\" content=\"summary_large_image\" \/>\n<script type=\"application\/ld+json\" class=\"yoast-schema-graph\">{\"@context\":\"https:\/\/schema.org\",\"@graph\":[{\"@type\":\"WebSite\",\"@id\":\"https:\/\/www.toursbahia.com.br\/#website\",\"url\":\"https:\/\/www.toursbahia.com.br\/\",\"name\":\"Tours Bahia\",\"description\":\"\",\"potentialAction\":[{\"@type\":\"SearchAction\",\"target\":{\"@type\":\"EntryPoint\",\"urlTemplate\":\"https:\/\/www.toursbahia.com.br\/?s={search_term_string}\"},\"query-input\":\"required name=search_term_string\"}],\"inLanguage\":\"en-US\"},{\"@type\":\"ImageObject\",\"inLanguage\":\"en-US\",\"@id\":\"https:\/\/www.toursbahia.com.br\/en\/loja\/tours\/expedition-timeantube-tour\/#primaryimage\",\"url\":\"https:\/\/www.toursbahia.com.br\/wp-content\/uploads\/2019\/01\/Expedi\u00e7\u00e3o-Timeantube-Foto-04.jpg\",\"contentUrl\":\"https:\/\/www.toursbahia.com.br\/wp-content\/uploads\/2019\/01\/Expedi\u00e7\u00e3o-Timeantube-Foto-04.jpg\",\"width\":900,\"height\":550},{\"@type\":\"WebPage\",\"@id\":\"https:\/\/www.toursbahia.com.br\/en\/loja\/tours\/expedition-timeantube-tour\/\",\"url\":\"https:\/\/www.toursbahia.com.br\/en\/loja\/tours\/expedition-timeantube-tour\/\",\"name\":\"Expedition Timeantube - Tour - Tours Bahia\",\"isPartOf\":{\"@id\":\"https:\/\/www.toursbahia.com.br\/#website\"},\"primaryImageOfPage\":{\"@id\":\"https:\/\/www.toursbahia.com.br\/en\/loja\/tours\/expedition-timeantube-tour\/#primaryimage\"},\"datePublished\":\"2019-01-21T16:43:57+00:00\",\"dateModified\":\"2019-02-06T01:30:50+00:00\",\"breadcrumb\":{\"@id\":\"https:\/\/www.toursbahia.com.br\/en\/loja\/tours\/expedition-timeantube-tour\/#breadcrumb\"},\"inLanguage\":\"en-US\",\"potentialAction\":[{\"@type\":\"ReadAction\",\"target\":[\"https:\/\/www.toursbahia.com.br\/en\/loja\/tours\/expedition-timeantube-tour\/\"]}]},{\"@type\":\"BreadcrumbList\",\"@id\":\"https:\/\/www.toursbahia.com.br\/en\/loja\/tours\/expedition-timeantube-tour\/#breadcrumb\",\"itemListElement\":[{\"@type\":\"ListItem\",\"position\":1,\"name\":\"In\u00edcio\",\"item\":\"https:\/\/www.toursbahia.com.br\/en\/\"},{\"@type\":\"ListItem\",\"position\":2,\"name\":\"Store\",\"item\":\"https:\/\/www.toursbahia.com.br\/en\/store-tours-bahia-internacional\/\"},{\"@type\":\"ListItem\",\"position\":3,\"name\":\"Expedition Timeantube &#8211; Tour\"}]}]}<\/script>\n<!-- \/ Yoast SEO plugin. -->","yoast_head_json":{"title":"Expedition Timeantube - Tour - Tours Bahia","robots":{"index":"index","follow":"follow","max-snippet":"max-snippet:-1","max-image-preview":"max-image-preview:large","max-video-preview":"max-video-preview:-1"},"canonical":"https:\/\/www.toursbahia.com.br\/en\/loja\/tours\/expedition-timeantube-tour\/","og_locale":"en_US","og_type":"article","og_title":"Expedition Timeantube - Tour - Tours Bahia","og_description":"Embark on Canadian canoes with capacity for 03 people each, where all  Participants must paddle. With the instructor monitoring, we head to Timeantube Lagoon (black water lagoon) for about 30 minutes bordering their small islands with aquatic vegetation and observing its huge variety of birds. Among them, you will see: Owl, ja\u00e7an\u00e3, hummingbird, parrot, kingfisher, among others. Stop in the Dend\u00ea Island where we will have a 10 to 15 minutes walk to observe the regional flora.","og_url":"https:\/\/www.toursbahia.com.br\/en\/loja\/tours\/expedition-timeantube-tour\/","og_site_name":"Tours Bahia","article_publisher":"https:\/\/www.facebook.com\/toursbahiainternational","article_modified_time":"2019-02-06T01:30:50+00:00","og_image":[{"width":900,"height":550,"url":"https:\/\/www.toursbahia.com.br\/wp-content\/uploads\/2019\/01\/Expedi\u00e7\u00e3o-Timeantube-Foto-04.jpg","type":"image\/jpeg"}],"twitter_card":"summary_large_image","schema":{"@context":"https:\/\/schema.org","@graph":[{"@type":"WebSite","@id":"https:\/\/www.toursbahia.com.br\/#website","url":"https:\/\/www.toursbahia.com.br\/","name":"Tours Bahia","description":"","potentialAction":[{"@type":"SearchAction","target":{"@type":"EntryPoint","urlTemplate":"https:\/\/www.toursbahia.com.br\/?s={search_term_string}"},"query-input":"required name=search_term_string"}],"inLanguage":"en-US"},{"@type":"ImageObject","inLanguage":"en-US","@id":"https:\/\/www.toursbahia.com.br\/en\/loja\/tours\/expedition-timeantube-tour\/#primaryimage","url":"https:\/\/www.toursbahia.com.br\/wp-content\/uploads\/2019\/01\/Expedi\u00e7\u00e3o-Timeantube-Foto-04.jpg","contentUrl":"https:\/\/www.toursbahia.com.br\/wp-content\/uploads\/2019\/01\/Expedi\u00e7\u00e3o-Timeantube-Foto-04.jpg","width":900,"height":550},{"@type":"WebPage","@id":"https:\/\/www.toursbahia.com.br\/en\/loja\/tours\/expedition-timeantube-tour\/","url":"https:\/\/www.toursbahia.com.br\/en\/loja\/tours\/expedition-timeantube-tour\/","name":"Expedition Timeantube - Tour - Tours Bahia","isPartOf":{"@id":"https:\/\/www.toursbahia.com.br\/#website"},"primaryImageOfPage":{"@id":"https:\/\/www.toursbahia.com.br\/en\/loja\/tours\/expedition-timeantube-tour\/#primaryimage"},"datePublished":"2019-01-21T16:43:57+00:00","dateModified":"2019-02-06T01:30:50+00:00","breadcrumb":{"@id":"https:\/\/www.toursbahia.com.br\/en\/loja\/tours\/expedition-timeantube-tour\/#breadcrumb"},"inLanguage":"en-US","potentialAction":[{"@type":"ReadAction","target":["https:\/\/www.toursbahia.com.br\/en\/loja\/tours\/expedition-timeantube-tour\/"]}]},{"@type":"BreadcrumbList","@id":"https:\/\/www.toursbahia.com.br\/en\/loja\/tours\/expedition-timeantube-tour\/#breadcrumb","itemListElement":[{"@type":"ListItem","position":1,"name":"In\u00edcio","item":"https:\/\/www.toursbahia.com.br\/en\/"},{"@type":"ListItem","position":2,"name":"Store","item":"https:\/\/www.toursbahia.com.br\/en\/store-tours-bahia-internacional\/"},{"@type":"ListItem","position":3,"name":"Expedition Timeantube &#8211; Tour"}]}]}},"_links":{"self":[{"href":"https:\/\/www.toursbahia.com.br\/en\/wp-json\/wp\/v2\/product\/3518"}],"collection":[{"href":"https:\/\/www.toursbahia.com.br\/en\/wp-json\/wp\/v2\/product"}],"about":[{"href":"https:\/\/www.toursbahia.com.br\/en\/wp-json\/wp\/v2\/types\/product"}],"replies":[{"embeddable":true,"href":"https:\/\/www.toursbahia.com.br\/en\/wp-json\/wp\/v2\/comments?post=3518"}],"wp:featuredmedia":[{"embeddable":true,"href":"https:\/\/www.toursbahia.com.br\/en\/wp-json\/wp\/v2\/media\/1532"}],"wp:attachment":[{"href":"https:\/\/www.toursbahia.com.br\/en\/wp-json\/wp\/v2\/media?parent=3518"}],"wp:term":[{"taxonomy":"product_cat","embeddable":true,"href":"https:\/\/www.toursbahia.com.br\/en\/wp-json\/wp\/v2\/product_cat?post=3518"},{"taxonomy":"product_tag","embeddable":true,"href":"https:\/\/www.toursbahia.com.br\/en\/wp-json\/wp\/v2\/product_tag?post=3518"}],"curies":[{"name":"wp","href":"https:\/\/api.w.org\/{rel}","templated":true}]}}