{"id":901,"date":"2019-01-18T14:31:04","date_gmt":"2019-01-18T16:31:04","guid":{"rendered":"https:\/\/www.toursbahia.com.br\/\/produto\/sem%20categoria\/chapada-diamantina-pacote\/"},"modified":"2019-02-05T21:30:49","modified_gmt":"2019-02-05T23:30:49","slug":"chapada-diamantina-package","status":"publish","type":"product","link":"https:\/\/www.toursbahia.com.br\/en\/loja\/packages\/chapada-diamantina-package\/","title":{"rendered":"Chapada Diamantina &#8211; Package"},"content":{"rendered":"","protected":false},"excerpt":{"rendered":"<p>Located in the heart of the state, the Chapada Diamantina National Park is one of the most beautiful places in the country. Surrounded by valleys, canyons, caves and waterfalls, the Chapada Diamantina is one of the most coveted destinations for nature lovers. Among its main attractions there are the Pai In\u00e1cio Hill, Fuma\u00e7a Waterfall, Cap\u00e3o Valley and Vale do Paty, one of the most desired attractions by trekking fans.One of the major cities of Chapada Diamantina is Len\u00e7ois, which keeps alive the colonial architecture of the time of the Diamond Cycle in the 19th century. It has overall structure of hotels, hostels, campsites, bars and restaurants. The charming town is known for the hospitality of the natives, with makes many visitors to choose Len\u00e7ois.<\/p>\n","protected":false},"featured_media":902,"comment_status":"open","ping_status":"closed","template":"","meta":[],"product_cat":[261,263,262],"product_tag":[],"yoast_head":"<!-- This site is optimized with the Yoast SEO plugin v19.3 - https:\/\/yoast.com\/wordpress\/plugins\/seo\/ -->\n<title>Chapada Diamantina - Package - Tours Bahia<\/title>\n<meta name=\"robots\" content=\"index, follow, max-snippet:-1, max-image-preview:large, max-video-preview:-1\" \/>\n<link rel=\"canonical\" href=\"https:\/\/www.toursbahia.com.br\/en\/loja\/packages\/chapada-diamantina-package\/\" \/>\n<meta property=\"og:locale\" content=\"en_US\" \/>\n<meta property=\"og:type\" content=\"article\" \/>\n<meta property=\"og:title\" content=\"Chapada Diamantina - Package - Tours Bahia\" \/>\n<meta property=\"og:description\" content=\"Located in the heart of the state, the Chapada Diamantina National Park is one of the most beautiful places in the country. Surrounded by valleys, canyons, caves and waterfalls, the Chapada Diamantina is one of the most coveted destinations for nature lovers. Among its main attractions there are the Pai In\u00e1cio Hill, Fuma\u00e7a Waterfall, Cap\u00e3o Valley and Vale do Paty, one of the most desired attractions by trekking fans.One of the major cities of Chapada Diamantina is Len\u00e7ois, which keeps alive the colonial architecture of the time of the Diamond Cycle in the 19th century. It has overall structure of hotels, hostels, campsites, bars and restaurants. The charming town is known for the hospitality of the natives, with makes many visitors to choose Len\u00e7ois.\" \/>\n<meta property=\"og:url\" content=\"https:\/\/www.toursbahia.com.br\/en\/loja\/packages\/chapada-diamantina-package\/\" \/>\n<meta property=\"og:site_name\" content=\"Tours Bahia\" \/>\n<meta property=\"article:publisher\" content=\"https:\/\/www.facebook.com\/toursbahiainternational\" \/>\n<meta property=\"article:modified_time\" content=\"2019-02-05T23:30:49+00:00\" \/>\n<meta property=\"og:image\" content=\"https:\/\/www.toursbahia.com.br\/wp-content\/uploads\/2018\/12\/Chapada-Diamantina-Foto-03.jpg\" \/>\n\t<meta property=\"og:image:width\" content=\"900\" \/>\n\t<meta property=\"og:image:height\" content=\"550\" \/>\n\t<meta property=\"og:image:type\" content=\"image\/jpeg\" \/>\n<meta name=\"twitter:card\" content=\"summary_large_image\" \/>\n<script type=\"application\/ld+json\" class=\"yoast-schema-graph\">{\"@context\":\"https:\/\/schema.org\",\"@graph\":[{\"@type\":\"WebSite\",\"@id\":\"https:\/\/www.toursbahia.com.br\/#website\",\"url\":\"https:\/\/www.toursbahia.com.br\/\",\"name\":\"Tours Bahia\",\"description\":\"\",\"potentialAction\":[{\"@type\":\"SearchAction\",\"target\":{\"@type\":\"EntryPoint\",\"urlTemplate\":\"https:\/\/www.toursbahia.com.br\/?s={search_term_string}\"},\"query-input\":\"required name=search_term_string\"}],\"inLanguage\":\"en-US\"},{\"@type\":\"ImageObject\",\"inLanguage\":\"en-US\",\"@id\":\"https:\/\/www.toursbahia.com.br\/en\/loja\/packages\/chapada-diamantina-package\/#primaryimage\",\"url\":\"https:\/\/www.toursbahia.com.br\/wp-content\/uploads\/2018\/12\/Chapada-Diamantina-Foto-03.jpg\",\"contentUrl\":\"https:\/\/www.toursbahia.com.br\/wp-content\/uploads\/2018\/12\/Chapada-Diamantina-Foto-03.jpg\",\"width\":900,\"height\":550},{\"@type\":\"WebPage\",\"@id\":\"https:\/\/www.toursbahia.com.br\/en\/loja\/packages\/chapada-diamantina-package\/\",\"url\":\"https:\/\/www.toursbahia.com.br\/en\/loja\/packages\/chapada-diamantina-package\/\",\"name\":\"Chapada Diamantina - Package - Tours Bahia\",\"isPartOf\":{\"@id\":\"https:\/\/www.toursbahia.com.br\/#website\"},\"primaryImageOfPage\":{\"@id\":\"https:\/\/www.toursbahia.com.br\/en\/loja\/packages\/chapada-diamantina-package\/#primaryimage\"},\"datePublished\":\"2019-01-18T16:31:04+00:00\",\"dateModified\":\"2019-02-05T23:30:49+00:00\",\"breadcrumb\":{\"@id\":\"https:\/\/www.toursbahia.com.br\/en\/loja\/packages\/chapada-diamantina-package\/#breadcrumb\"},\"inLanguage\":\"en-US\",\"potentialAction\":[{\"@type\":\"ReadAction\",\"target\":[\"https:\/\/www.toursbahia.com.br\/en\/loja\/packages\/chapada-diamantina-package\/\"]}]},{\"@type\":\"BreadcrumbList\",\"@id\":\"https:\/\/www.toursbahia.com.br\/en\/loja\/packages\/chapada-diamantina-package\/#breadcrumb\",\"itemListElement\":[{\"@type\":\"ListItem\",\"position\":1,\"name\":\"In\u00edcio\",\"item\":\"https:\/\/www.toursbahia.com.br\/en\/\"},{\"@type\":\"ListItem\",\"position\":2,\"name\":\"Store\",\"item\":\"https:\/\/www.toursbahia.com.br\/en\/store-tours-bahia-internacional\/\"},{\"@type\":\"ListItem\",\"position\":3,\"name\":\"Chapada Diamantina &#8211; Package\"}]}]}<\/script>\n<!-- \/ Yoast SEO plugin. -->","yoast_head_json":{"title":"Chapada Diamantina - Package - Tours Bahia","robots":{"index":"index","follow":"follow","max-snippet":"max-snippet:-1","max-image-preview":"max-image-preview:large","max-video-preview":"max-video-preview:-1"},"canonical":"https:\/\/www.toursbahia.com.br\/en\/loja\/packages\/chapada-diamantina-package\/","og_locale":"en_US","og_type":"article","og_title":"Chapada Diamantina - Package - Tours Bahia","og_description":"Located in the heart of the state, the Chapada Diamantina National Park is one of the most beautiful places in the country. Surrounded by valleys, canyons, caves and waterfalls, the Chapada Diamantina is one of the most coveted destinations for nature lovers. Among its main attractions there are the Pai In\u00e1cio Hill, Fuma\u00e7a Waterfall, Cap\u00e3o Valley and Vale do Paty, one of the most desired attractions by trekking fans.One of the major cities of Chapada Diamantina is Len\u00e7ois, which keeps alive the colonial architecture of the time of the Diamond Cycle in the 19th century. It has overall structure of hotels, hostels, campsites, bars and restaurants. The charming town is known for the hospitality of the natives, with makes many visitors to choose Len\u00e7ois.","og_url":"https:\/\/www.toursbahia.com.br\/en\/loja\/packages\/chapada-diamantina-package\/","og_site_name":"Tours Bahia","article_publisher":"https:\/\/www.facebook.com\/toursbahiainternational","article_modified_time":"2019-02-05T23:30:49+00:00","og_image":[{"width":900,"height":550,"url":"https:\/\/www.toursbahia.com.br\/wp-content\/uploads\/2018\/12\/Chapada-Diamantina-Foto-03.jpg","type":"image\/jpeg"}],"twitter_card":"summary_large_image","schema":{"@context":"https:\/\/schema.org","@graph":[{"@type":"WebSite","@id":"https:\/\/www.toursbahia.com.br\/#website","url":"https:\/\/www.toursbahia.com.br\/","name":"Tours Bahia","description":"","potentialAction":[{"@type":"SearchAction","target":{"@type":"EntryPoint","urlTemplate":"https:\/\/www.toursbahia.com.br\/?s={search_term_string}"},"query-input":"required name=search_term_string"}],"inLanguage":"en-US"},{"@type":"ImageObject","inLanguage":"en-US","@id":"https:\/\/www.toursbahia.com.br\/en\/loja\/packages\/chapada-diamantina-package\/#primaryimage","url":"https:\/\/www.toursbahia.com.br\/wp-content\/uploads\/2018\/12\/Chapada-Diamantina-Foto-03.jpg","contentUrl":"https:\/\/www.toursbahia.com.br\/wp-content\/uploads\/2018\/12\/Chapada-Diamantina-Foto-03.jpg","width":900,"height":550},{"@type":"WebPage","@id":"https:\/\/www.toursbahia.com.br\/en\/loja\/packages\/chapada-diamantina-package\/","url":"https:\/\/www.toursbahia.com.br\/en\/loja\/packages\/chapada-diamantina-package\/","name":"Chapada Diamantina - Package - Tours Bahia","isPartOf":{"@id":"https:\/\/www.toursbahia.com.br\/#website"},"primaryImageOfPage":{"@id":"https:\/\/www.toursbahia.com.br\/en\/loja\/packages\/chapada-diamantina-package\/#primaryimage"},"datePublished":"2019-01-18T16:31:04+00:00","dateModified":"2019-02-05T23:30:49+00:00","breadcrumb":{"@id":"https:\/\/www.toursbahia.com.br\/en\/loja\/packages\/chapada-diamantina-package\/#breadcrumb"},"inLanguage":"en-US","potentialAction":[{"@type":"ReadAction","target":["https:\/\/www.toursbahia.com.br\/en\/loja\/packages\/chapada-diamantina-package\/"]}]},{"@type":"BreadcrumbList","@id":"https:\/\/www.toursbahia.com.br\/en\/loja\/packages\/chapada-diamantina-package\/#breadcrumb","itemListElement":[{"@type":"ListItem","position":1,"name":"In\u00edcio","item":"https:\/\/www.toursbahia.com.br\/en\/"},{"@type":"ListItem","position":2,"name":"Store","item":"https:\/\/www.toursbahia.com.br\/en\/store-tours-bahia-internacional\/"},{"@type":"ListItem","position":3,"name":"Chapada Diamantina &#8211; Package"}]}]}},"_links":{"self":[{"href":"https:\/\/www.toursbahia.com.br\/en\/wp-json\/wp\/v2\/product\/901"}],"collection":[{"href":"https:\/\/www.toursbahia.com.br\/en\/wp-json\/wp\/v2\/product"}],"about":[{"href":"https:\/\/www.toursbahia.com.br\/en\/wp-json\/wp\/v2\/types\/product"}],"replies":[{"embeddable":true,"href":"https:\/\/www.toursbahia.com.br\/en\/wp-json\/wp\/v2\/comments?post=901"}],"wp:featuredmedia":[{"embeddable":true,"href":"https:\/\/www.toursbahia.com.br\/en\/wp-json\/wp\/v2\/media\/902"}],"wp:attachment":[{"href":"https:\/\/www.toursbahia.com.br\/en\/wp-json\/wp\/v2\/media?parent=901"}],"wp:term":[{"taxonomy":"product_cat","embeddable":true,"href":"https:\/\/www.toursbahia.com.br\/en\/wp-json\/wp\/v2\/product_cat?post=901"},{"taxonomy":"product_tag","embeddable":true,"href":"https:\/\/www.toursbahia.com.br\/en\/wp-json\/wp\/v2\/product_tag?post=901"}],"curies":[{"name":"wp","href":"https:\/\/api.w.org\/{rel}","templated":true}]}}