{"id":3390,"date":"2019-01-18T21:50:48","date_gmt":"2019-01-18T23:50:48","guid":{"rendered":"https:\/\/www.toursbahia.com.br\/\/produto\/sincategorizar\/abrolhos-destino\/"},"modified":"2024-01-31T11:28:30","modified_gmt":"2024-01-31T14:28:30","slug":"abrolhos-destino","status":"publish","type":"product","link":"https:\/\/www.toursbahia.com.br\/es\/loja\/destino-es\/abrolhos-destino\/","title":{"rendered":"Abrolhos &#8211; Destino"},"content":{"rendered":"","protected":false},"excerpt":{"rendered":"<p>Localizado al sur de Bahia, a cerca de 70 km de la costa, el Parque Nacional Marino de Abrolhos es considerado uno de los mejores puntos de buceo del mundo. Sus aguas cristalinas poseen varias especies de corales y una fauna marina \u00fanica y sorprendente.<\/p>\n<p>El parque est\u00e1 formado por cinco islas: Santa B\u00e1rbara, Sueste, Redonda, Siriba y Guarita, adem\u00e1s del Parcel de Abrolhos y el Arrecife de los Timbebas. El desembarque de visitantes s\u00f3lo es permitido en la isla Siriba, y con acompa\u00f1amiento de monitores del Ibama. En las piscinas naturales del local se puede nadar acompa\u00f1ado de tortugas, barracudas,morenas, abadejos y caballitos de mar entre otras especies de peces.<\/p>\n<p>Entre los meses de julio y octubre, la atracci\u00f3n son las ballenas Jubarte, que llegan a la regi\u00f3n para procrear y presentar un espect\u00e1culo de saltos y piruetas, dejando al p\u00fablico emocionado.<\/p>\n<p>Para visitar Abrolhos, hay excursiones en barco que salen de Canavieiras, ciudad puerta de entrada al Parque Nacional, con duraci\u00f3n de un d\u00eda entero.<\/p>\n<p>En los meses de alta estaci\u00f3n, las reservas de alojamiento y servicios deben realizarse con bastante antecedencia. Estamos seguros de que este ser\u00e1 un viaje \u00fanico e inolvidable.<\/p>\n","protected":false},"featured_media":1935,"comment_status":"open","ping_status":"closed","template":"","meta":[],"product_cat":[672,673],"product_tag":[],"yoast_head":"<!-- This site is optimized with the Yoast SEO plugin v19.3 - https:\/\/yoast.com\/wordpress\/plugins\/seo\/ -->\n<title>Abrolhos - Destino - Tours Bahia<\/title>\n<meta name=\"robots\" content=\"index, follow, max-snippet:-1, max-image-preview:large, max-video-preview:-1\" \/>\n<link rel=\"canonical\" href=\"https:\/\/www.toursbahia.com.br\/es\/loja\/destino-es\/abrolhos-destino\/\" \/>\n<meta property=\"og:locale\" content=\"es_ES\" \/>\n<meta property=\"og:type\" content=\"article\" \/>\n<meta property=\"og:title\" content=\"Abrolhos - Destino - Tours Bahia\" \/>\n<meta property=\"og:description\" content=\"Localizado al sur de Bahia, a cerca de 70 km de la costa, el Parque Nacional Marino de Abrolhos es considerado uno de los mejores puntos de buceo del mundo. Sus aguas cristalinas poseen varias especies de corales y una fauna marina \u00fanica y sorprendente.  El parque est\u00e1 formado por cinco islas: Santa B\u00e1rbara, Sueste, Redonda, Siriba y Guarita, adem\u00e1s del Parcel de Abrolhos y el Arrecife de los Timbebas. El desembarque de visitantes s\u00f3lo es permitido en la isla Siriba, y con acompa\u00f1amiento de monitores del Ibama. En las piscinas naturales del local se puede nadar acompa\u00f1ado de tortugas, barracudas,morenas, abadejos y caballitos de mar entre otras especies de peces.  Entre los meses de julio y octubre, la atracci\u00f3n son las ballenas Jubarte, que llegan a la regi\u00f3n para procrear y presentar un espect\u00e1culo de saltos y piruetas, dejando al p\u00fablico emocionado.  Para visitar Abrolhos, hay excursiones en barco que salen de Canavieiras, ciudad puerta de entrada al Parque Nacional, con duraci\u00f3n de un d\u00eda entero.  En los meses de alta estaci\u00f3n, las reservas de alojamiento y servicios deben realizarse con bastante antecedencia. Estamos seguros de que este ser\u00e1 un viaje \u00fanico e inolvidable.\" \/>\n<meta property=\"og:url\" content=\"https:\/\/www.toursbahia.com.br\/es\/loja\/destino-es\/abrolhos-destino\/\" \/>\n<meta property=\"og:site_name\" content=\"Tours Bahia\" \/>\n<meta property=\"article:publisher\" content=\"https:\/\/www.facebook.com\/toursbahiainternational\" \/>\n<meta property=\"article:modified_time\" content=\"2024-01-31T14:28:30+00:00\" \/>\n<meta property=\"og:image\" content=\"https:\/\/www.toursbahia.com.br\/wp-content\/uploads\/2019\/01\/Abrolhos-Foto-05.jpg\" \/>\n\t<meta property=\"og:image:width\" content=\"900\" \/>\n\t<meta property=\"og:image:height\" content=\"550\" \/>\n\t<meta property=\"og:image:type\" content=\"image\/jpeg\" \/>\n<meta name=\"twitter:card\" content=\"summary_large_image\" \/>\n<script type=\"application\/ld+json\" class=\"yoast-schema-graph\">{\"@context\":\"https:\/\/schema.org\",\"@graph\":[{\"@type\":\"WebSite\",\"@id\":\"https:\/\/www.toursbahia.com.br\/#website\",\"url\":\"https:\/\/www.toursbahia.com.br\/\",\"name\":\"Tours Bahia\",\"description\":\"\",\"potentialAction\":[{\"@type\":\"SearchAction\",\"target\":{\"@type\":\"EntryPoint\",\"urlTemplate\":\"https:\/\/www.toursbahia.com.br\/?s={search_term_string}\"},\"query-input\":\"required name=search_term_string\"}],\"inLanguage\":\"es\"},{\"@type\":\"ImageObject\",\"inLanguage\":\"es\",\"@id\":\"https:\/\/www.toursbahia.com.br\/es\/loja\/destino-es\/abrolhos-destino\/#primaryimage\",\"url\":\"https:\/\/www.toursbahia.com.br\/wp-content\/uploads\/2019\/01\/Abrolhos-Foto-05.jpg\",\"contentUrl\":\"https:\/\/www.toursbahia.com.br\/wp-content\/uploads\/2019\/01\/Abrolhos-Foto-05.jpg\",\"width\":900,\"height\":550},{\"@type\":\"WebPage\",\"@id\":\"https:\/\/www.toursbahia.com.br\/es\/loja\/destino-es\/abrolhos-destino\/\",\"url\":\"https:\/\/www.toursbahia.com.br\/es\/loja\/destino-es\/abrolhos-destino\/\",\"name\":\"Abrolhos - Destino - Tours Bahia\",\"isPartOf\":{\"@id\":\"https:\/\/www.toursbahia.com.br\/#website\"},\"primaryImageOfPage\":{\"@id\":\"https:\/\/www.toursbahia.com.br\/es\/loja\/destino-es\/abrolhos-destino\/#primaryimage\"},\"datePublished\":\"2019-01-18T23:50:48+00:00\",\"dateModified\":\"2024-01-31T14:28:30+00:00\",\"breadcrumb\":{\"@id\":\"https:\/\/www.toursbahia.com.br\/es\/loja\/destino-es\/abrolhos-destino\/#breadcrumb\"},\"inLanguage\":\"es\",\"potentialAction\":[{\"@type\":\"ReadAction\",\"target\":[\"https:\/\/www.toursbahia.com.br\/es\/loja\/destino-es\/abrolhos-destino\/\"]}]},{\"@type\":\"BreadcrumbList\",\"@id\":\"https:\/\/www.toursbahia.com.br\/es\/loja\/destino-es\/abrolhos-destino\/#breadcrumb\",\"itemListElement\":[{\"@type\":\"ListItem\",\"position\":1,\"name\":\"In\u00edcio\",\"item\":\"https:\/\/www.toursbahia.com.br\/es\/\"},{\"@type\":\"ListItem\",\"position\":2,\"name\":\"Store\",\"item\":\"https:\/\/www.toursbahia.com.br\/es\/store-tours-bahia-internacional\/\"},{\"@type\":\"ListItem\",\"position\":3,\"name\":\"Abrolhos &#8211; Destino\"}]}]}<\/script>\n<!-- \/ Yoast SEO plugin. -->","yoast_head_json":{"title":"Abrolhos - Destino - Tours Bahia","robots":{"index":"index","follow":"follow","max-snippet":"max-snippet:-1","max-image-preview":"max-image-preview:large","max-video-preview":"max-video-preview:-1"},"canonical":"https:\/\/www.toursbahia.com.br\/es\/loja\/destino-es\/abrolhos-destino\/","og_locale":"es_ES","og_type":"article","og_title":"Abrolhos - Destino - Tours Bahia","og_description":"Localizado al sur de Bahia, a cerca de 70 km de la costa, el Parque Nacional Marino de Abrolhos es considerado uno de los mejores puntos de buceo del mundo. Sus aguas cristalinas poseen varias especies de corales y una fauna marina \u00fanica y sorprendente.  El parque est\u00e1 formado por cinco islas: Santa B\u00e1rbara, Sueste, Redonda, Siriba y Guarita, adem\u00e1s del Parcel de Abrolhos y el Arrecife de los Timbebas. El desembarque de visitantes s\u00f3lo es permitido en la isla Siriba, y con acompa\u00f1amiento de monitores del Ibama. En las piscinas naturales del local se puede nadar acompa\u00f1ado de tortugas, barracudas,morenas, abadejos y caballitos de mar entre otras especies de peces.  Entre los meses de julio y octubre, la atracci\u00f3n son las ballenas Jubarte, que llegan a la regi\u00f3n para procrear y presentar un espect\u00e1culo de saltos y piruetas, dejando al p\u00fablico emocionado.  Para visitar Abrolhos, hay excursiones en barco que salen de Canavieiras, ciudad puerta de entrada al Parque Nacional, con duraci\u00f3n de un d\u00eda entero.  En los meses de alta estaci\u00f3n, las reservas de alojamiento y servicios deben realizarse con bastante antecedencia. Estamos seguros de que este ser\u00e1 un viaje \u00fanico e inolvidable.","og_url":"https:\/\/www.toursbahia.com.br\/es\/loja\/destino-es\/abrolhos-destino\/","og_site_name":"Tours Bahia","article_publisher":"https:\/\/www.facebook.com\/toursbahiainternational","article_modified_time":"2024-01-31T14:28:30+00:00","og_image":[{"width":900,"height":550,"url":"https:\/\/www.toursbahia.com.br\/wp-content\/uploads\/2019\/01\/Abrolhos-Foto-05.jpg","type":"image\/jpeg"}],"twitter_card":"summary_large_image","schema":{"@context":"https:\/\/schema.org","@graph":[{"@type":"WebSite","@id":"https:\/\/www.toursbahia.com.br\/#website","url":"https:\/\/www.toursbahia.com.br\/","name":"Tours Bahia","description":"","potentialAction":[{"@type":"SearchAction","target":{"@type":"EntryPoint","urlTemplate":"https:\/\/www.toursbahia.com.br\/?s={search_term_string}"},"query-input":"required name=search_term_string"}],"inLanguage":"es"},{"@type":"ImageObject","inLanguage":"es","@id":"https:\/\/www.toursbahia.com.br\/es\/loja\/destino-es\/abrolhos-destino\/#primaryimage","url":"https:\/\/www.toursbahia.com.br\/wp-content\/uploads\/2019\/01\/Abrolhos-Foto-05.jpg","contentUrl":"https:\/\/www.toursbahia.com.br\/wp-content\/uploads\/2019\/01\/Abrolhos-Foto-05.jpg","width":900,"height":550},{"@type":"WebPage","@id":"https:\/\/www.toursbahia.com.br\/es\/loja\/destino-es\/abrolhos-destino\/","url":"https:\/\/www.toursbahia.com.br\/es\/loja\/destino-es\/abrolhos-destino\/","name":"Abrolhos - Destino - Tours Bahia","isPartOf":{"@id":"https:\/\/www.toursbahia.com.br\/#website"},"primaryImageOfPage":{"@id":"https:\/\/www.toursbahia.com.br\/es\/loja\/destino-es\/abrolhos-destino\/#primaryimage"},"datePublished":"2019-01-18T23:50:48+00:00","dateModified":"2024-01-31T14:28:30+00:00","breadcrumb":{"@id":"https:\/\/www.toursbahia.com.br\/es\/loja\/destino-es\/abrolhos-destino\/#breadcrumb"},"inLanguage":"es","potentialAction":[{"@type":"ReadAction","target":["https:\/\/www.toursbahia.com.br\/es\/loja\/destino-es\/abrolhos-destino\/"]}]},{"@type":"BreadcrumbList","@id":"https:\/\/www.toursbahia.com.br\/es\/loja\/destino-es\/abrolhos-destino\/#breadcrumb","itemListElement":[{"@type":"ListItem","position":1,"name":"In\u00edcio","item":"https:\/\/www.toursbahia.com.br\/es\/"},{"@type":"ListItem","position":2,"name":"Store","item":"https:\/\/www.toursbahia.com.br\/es\/store-tours-bahia-internacional\/"},{"@type":"ListItem","position":3,"name":"Abrolhos &#8211; Destino"}]}]}},"_links":{"self":[{"href":"https:\/\/www.toursbahia.com.br\/es\/wp-json\/wp\/v2\/product\/3390"}],"collection":[{"href":"https:\/\/www.toursbahia.com.br\/es\/wp-json\/wp\/v2\/product"}],"about":[{"href":"https:\/\/www.toursbahia.com.br\/es\/wp-json\/wp\/v2\/types\/product"}],"replies":[{"embeddable":true,"href":"https:\/\/www.toursbahia.com.br\/es\/wp-json\/wp\/v2\/comments?post=3390"}],"wp:featuredmedia":[{"embeddable":true,"href":"https:\/\/www.toursbahia.com.br\/es\/wp-json\/wp\/v2\/media\/1935"}],"wp:attachment":[{"href":"https:\/\/www.toursbahia.com.br\/es\/wp-json\/wp\/v2\/media?parent=3390"}],"wp:term":[{"taxonomy":"product_cat","embeddable":true,"href":"https:\/\/www.toursbahia.com.br\/es\/wp-json\/wp\/v2\/product_cat?post=3390"},{"taxonomy":"product_tag","embeddable":true,"href":"https:\/\/www.toursbahia.com.br\/es\/wp-json\/wp\/v2\/product_tag?post=3390"}],"curies":[{"name":"wp","href":"https:\/\/api.w.org\/{rel}","templated":true}]}}