{"id":3395,"date":"2019-01-18T21:48:27","date_gmt":"2019-01-18T23:48:27","guid":{"rendered":"https:\/\/www.toursbahia.com.br\/\/produto\/sincategorizar\/paulo-afonso-destino\/"},"modified":"2019-02-05T20:42:34","modified_gmt":"2019-02-05T22:42:34","slug":"paulo-afonso-destino","status":"publish","type":"product","link":"https:\/\/www.toursbahia.com.br\/es\/loja\/destino-es\/paulo-afonso-destino\/","title":{"rendered":"Paulo Afonso &#8211; Destino"},"content":{"rendered":"","protected":false},"excerpt":{"rendered":"<p>Paulo Afonso, ciudad localizada a orillas del rio S\u00e3o Francisco y que posee un famoso conjunto de cascadas, con altura de hasta 80 metros, que alimentan una serie de centrales del Complejo hidroel\u00e9ctrico de Paulo Afonso. Lo que m\u00e1s atrae turistas hasta Paulo Afonso son sus bellezas naturales y la pr\u00e1ctica de turismo de aventura. La reserva ecol\u00f3gica del Raso da Catarina, la Serra do Umbuzeiro y el ca\u00f1\u00f3n del S\u00e3o Francisco, son los puntos m\u00e1s buscados por estos aventureros. Muchas rutas de estos locales, en el pasado, ya fueron recorridas por el \u201cCanga\u00e7eiroLampi\u00e3o\u201d y su bando. No podemos dejar de conocer la casa donde naci\u00f3Maria Bonita, esposa de Lampi\u00e3o, conocida como Reina del Canga\u00e7o. A bordo de un catamar\u00e1n, podr\u00e1 realizar una excursi\u00f3n incre\u00edble por los ca\u00f1ones del Rio S\u00e3o Francisco, viendo toda la imponencia de sus paredones de granito con m\u00e1s de 110 metros de altura y los colores que se forman en ellos. La regi\u00f3n tambi\u00e9n es rica en espacios para la pr\u00e1ctica de rappel, tirolinay otros deportes de aventura. La artesan\u00eda local es otro atractivo que preserva una tradici\u00f3n antigua: el arte de tejer en los telares manuales. Son telares r\u00fasticos donde familias enteras producen alfombras, hamacas, colchas y almohadas entre otros<\/p>\n","protected":false},"featured_media":3396,"comment_status":"open","ping_status":"closed","template":"","meta":[],"product_cat":[672,685],"product_tag":[],"yoast_head":"<!-- This site is optimized with the Yoast SEO plugin v19.3 - https:\/\/yoast.com\/wordpress\/plugins\/seo\/ -->\n<title>Paulo Afonso - Destino - Tours Bahia<\/title>\n<meta name=\"robots\" content=\"index, follow, max-snippet:-1, max-image-preview:large, max-video-preview:-1\" \/>\n<link rel=\"canonical\" href=\"https:\/\/www.toursbahia.com.br\/es\/loja\/destino-es\/paulo-afonso-destino\/\" \/>\n<meta property=\"og:locale\" content=\"es_ES\" \/>\n<meta property=\"og:type\" content=\"article\" \/>\n<meta property=\"og:title\" content=\"Paulo Afonso - Destino - Tours Bahia\" \/>\n<meta property=\"og:description\" content=\"Paulo Afonso, ciudad localizada a orillas del rio S\u00e3o Francisco y que posee un famoso conjunto de cascadas, con altura de hasta 80 metros, que alimentan una serie de centrales del Complejo hidroel\u00e9ctrico de Paulo Afonso. Lo que m\u00e1s atrae turistas hasta Paulo Afonso son sus bellezas naturales y la pr\u00e1ctica de turismo de aventura. La reserva ecol\u00f3gica del Raso da Catarina, la Serra do Umbuzeiro y el ca\u00f1\u00f3n del S\u00e3o Francisco, son los puntos m\u00e1s buscados por estos aventureros. Muchas rutas de estos locales, en el pasado, ya fueron recorridas por el \u201cCanga\u00e7eiroLampi\u00e3o\u201d y su bando. No podemos dejar de conocer la casa donde naci\u00f3Maria Bonita, esposa de Lampi\u00e3o, conocida como Reina del Canga\u00e7o. A bordo de un catamar\u00e1n, podr\u00e1 realizar una excursi\u00f3n incre\u00edble por los ca\u00f1ones del Rio S\u00e3o Francisco, viendo toda la imponencia de sus paredones de granito con m\u00e1s de 110 metros de altura y los colores que se forman en ellos. La regi\u00f3n tambi\u00e9n es rica en espacios para la pr\u00e1ctica de rappel, tirolinay otros deportes de aventura. La artesan\u00eda local es otro atractivo que preserva una tradici\u00f3n antigua: el arte de tejer en los telares manuales. Son telares r\u00fasticos donde familias enteras producen alfombras, hamacas, colchas y almohadas entre otros\" \/>\n<meta property=\"og:url\" content=\"https:\/\/www.toursbahia.com.br\/es\/loja\/destino-es\/paulo-afonso-destino\/\" \/>\n<meta property=\"og:site_name\" content=\"Tours Bahia\" \/>\n<meta property=\"article:publisher\" content=\"https:\/\/www.facebook.com\/toursbahiainternational\" \/>\n<meta property=\"article:modified_time\" content=\"2019-02-05T22:42:34+00:00\" \/>\n<meta property=\"og:image\" content=\"https:\/\/www.toursbahia.com.br\/wp-content\/uploads\/2019\/01\/Paulo-Afonso-Foto-04.jpg\" \/>\n\t<meta property=\"og:image:width\" content=\"900\" \/>\n\t<meta property=\"og:image:height\" content=\"550\" \/>\n\t<meta property=\"og:image:type\" content=\"image\/jpeg\" \/>\n<meta name=\"twitter:card\" content=\"summary_large_image\" \/>\n<script type=\"application\/ld+json\" class=\"yoast-schema-graph\">{\"@context\":\"https:\/\/schema.org\",\"@graph\":[{\"@type\":\"WebSite\",\"@id\":\"https:\/\/www.toursbahia.com.br\/#website\",\"url\":\"https:\/\/www.toursbahia.com.br\/\",\"name\":\"Tours Bahia\",\"description\":\"\",\"potentialAction\":[{\"@type\":\"SearchAction\",\"target\":{\"@type\":\"EntryPoint\",\"urlTemplate\":\"https:\/\/www.toursbahia.com.br\/?s={search_term_string}\"},\"query-input\":\"required name=search_term_string\"}],\"inLanguage\":\"es\"},{\"@type\":\"ImageObject\",\"inLanguage\":\"es\",\"@id\":\"https:\/\/www.toursbahia.com.br\/es\/loja\/destino-es\/paulo-afonso-destino\/#primaryimage\",\"url\":\"https:\/\/www.toursbahia.com.br\/wp-content\/uploads\/2019\/01\/Paulo-Afonso-Foto-04.jpg\",\"contentUrl\":\"https:\/\/www.toursbahia.com.br\/wp-content\/uploads\/2019\/01\/Paulo-Afonso-Foto-04.jpg\",\"width\":900,\"height\":550},{\"@type\":\"WebPage\",\"@id\":\"https:\/\/www.toursbahia.com.br\/es\/loja\/destino-es\/paulo-afonso-destino\/\",\"url\":\"https:\/\/www.toursbahia.com.br\/es\/loja\/destino-es\/paulo-afonso-destino\/\",\"name\":\"Paulo Afonso - Destino - Tours Bahia\",\"isPartOf\":{\"@id\":\"https:\/\/www.toursbahia.com.br\/#website\"},\"primaryImageOfPage\":{\"@id\":\"https:\/\/www.toursbahia.com.br\/es\/loja\/destino-es\/paulo-afonso-destino\/#primaryimage\"},\"datePublished\":\"2019-01-18T23:48:27+00:00\",\"dateModified\":\"2019-02-05T22:42:34+00:00\",\"breadcrumb\":{\"@id\":\"https:\/\/www.toursbahia.com.br\/es\/loja\/destino-es\/paulo-afonso-destino\/#breadcrumb\"},\"inLanguage\":\"es\",\"potentialAction\":[{\"@type\":\"ReadAction\",\"target\":[\"https:\/\/www.toursbahia.com.br\/es\/loja\/destino-es\/paulo-afonso-destino\/\"]}]},{\"@type\":\"BreadcrumbList\",\"@id\":\"https:\/\/www.toursbahia.com.br\/es\/loja\/destino-es\/paulo-afonso-destino\/#breadcrumb\",\"itemListElement\":[{\"@type\":\"ListItem\",\"position\":1,\"name\":\"In\u00edcio\",\"item\":\"https:\/\/www.toursbahia.com.br\/es\/\"},{\"@type\":\"ListItem\",\"position\":2,\"name\":\"Store\",\"item\":\"https:\/\/www.toursbahia.com.br\/es\/store-tours-bahia-internacional\/\"},{\"@type\":\"ListItem\",\"position\":3,\"name\":\"Paulo Afonso &#8211; Destino\"}]}]}<\/script>\n<!-- \/ Yoast SEO plugin. -->","yoast_head_json":{"title":"Paulo Afonso - Destino - Tours Bahia","robots":{"index":"index","follow":"follow","max-snippet":"max-snippet:-1","max-image-preview":"max-image-preview:large","max-video-preview":"max-video-preview:-1"},"canonical":"https:\/\/www.toursbahia.com.br\/es\/loja\/destino-es\/paulo-afonso-destino\/","og_locale":"es_ES","og_type":"article","og_title":"Paulo Afonso - Destino - Tours Bahia","og_description":"Paulo Afonso, ciudad localizada a orillas del rio S\u00e3o Francisco y que posee un famoso conjunto de cascadas, con altura de hasta 80 metros, que alimentan una serie de centrales del Complejo hidroel\u00e9ctrico de Paulo Afonso. Lo que m\u00e1s atrae turistas hasta Paulo Afonso son sus bellezas naturales y la pr\u00e1ctica de turismo de aventura. La reserva ecol\u00f3gica del Raso da Catarina, la Serra do Umbuzeiro y el ca\u00f1\u00f3n del S\u00e3o Francisco, son los puntos m\u00e1s buscados por estos aventureros. Muchas rutas de estos locales, en el pasado, ya fueron recorridas por el \u201cCanga\u00e7eiroLampi\u00e3o\u201d y su bando. No podemos dejar de conocer la casa donde naci\u00f3Maria Bonita, esposa de Lampi\u00e3o, conocida como Reina del Canga\u00e7o. A bordo de un catamar\u00e1n, podr\u00e1 realizar una excursi\u00f3n incre\u00edble por los ca\u00f1ones del Rio S\u00e3o Francisco, viendo toda la imponencia de sus paredones de granito con m\u00e1s de 110 metros de altura y los colores que se forman en ellos. La regi\u00f3n tambi\u00e9n es rica en espacios para la pr\u00e1ctica de rappel, tirolinay otros deportes de aventura. La artesan\u00eda local es otro atractivo que preserva una tradici\u00f3n antigua: el arte de tejer en los telares manuales. Son telares r\u00fasticos donde familias enteras producen alfombras, hamacas, colchas y almohadas entre otros","og_url":"https:\/\/www.toursbahia.com.br\/es\/loja\/destino-es\/paulo-afonso-destino\/","og_site_name":"Tours Bahia","article_publisher":"https:\/\/www.facebook.com\/toursbahiainternational","article_modified_time":"2019-02-05T22:42:34+00:00","og_image":[{"width":900,"height":550,"url":"https:\/\/www.toursbahia.com.br\/wp-content\/uploads\/2019\/01\/Paulo-Afonso-Foto-04.jpg","type":"image\/jpeg"}],"twitter_card":"summary_large_image","schema":{"@context":"https:\/\/schema.org","@graph":[{"@type":"WebSite","@id":"https:\/\/www.toursbahia.com.br\/#website","url":"https:\/\/www.toursbahia.com.br\/","name":"Tours Bahia","description":"","potentialAction":[{"@type":"SearchAction","target":{"@type":"EntryPoint","urlTemplate":"https:\/\/www.toursbahia.com.br\/?s={search_term_string}"},"query-input":"required name=search_term_string"}],"inLanguage":"es"},{"@type":"ImageObject","inLanguage":"es","@id":"https:\/\/www.toursbahia.com.br\/es\/loja\/destino-es\/paulo-afonso-destino\/#primaryimage","url":"https:\/\/www.toursbahia.com.br\/wp-content\/uploads\/2019\/01\/Paulo-Afonso-Foto-04.jpg","contentUrl":"https:\/\/www.toursbahia.com.br\/wp-content\/uploads\/2019\/01\/Paulo-Afonso-Foto-04.jpg","width":900,"height":550},{"@type":"WebPage","@id":"https:\/\/www.toursbahia.com.br\/es\/loja\/destino-es\/paulo-afonso-destino\/","url":"https:\/\/www.toursbahia.com.br\/es\/loja\/destino-es\/paulo-afonso-destino\/","name":"Paulo Afonso - Destino - Tours Bahia","isPartOf":{"@id":"https:\/\/www.toursbahia.com.br\/#website"},"primaryImageOfPage":{"@id":"https:\/\/www.toursbahia.com.br\/es\/loja\/destino-es\/paulo-afonso-destino\/#primaryimage"},"datePublished":"2019-01-18T23:48:27+00:00","dateModified":"2019-02-05T22:42:34+00:00","breadcrumb":{"@id":"https:\/\/www.toursbahia.com.br\/es\/loja\/destino-es\/paulo-afonso-destino\/#breadcrumb"},"inLanguage":"es","potentialAction":[{"@type":"ReadAction","target":["https:\/\/www.toursbahia.com.br\/es\/loja\/destino-es\/paulo-afonso-destino\/"]}]},{"@type":"BreadcrumbList","@id":"https:\/\/www.toursbahia.com.br\/es\/loja\/destino-es\/paulo-afonso-destino\/#breadcrumb","itemListElement":[{"@type":"ListItem","position":1,"name":"In\u00edcio","item":"https:\/\/www.toursbahia.com.br\/es\/"},{"@type":"ListItem","position":2,"name":"Store","item":"https:\/\/www.toursbahia.com.br\/es\/store-tours-bahia-internacional\/"},{"@type":"ListItem","position":3,"name":"Paulo Afonso &#8211; Destino"}]}]}},"_links":{"self":[{"href":"https:\/\/www.toursbahia.com.br\/es\/wp-json\/wp\/v2\/product\/3395"}],"collection":[{"href":"https:\/\/www.toursbahia.com.br\/es\/wp-json\/wp\/v2\/product"}],"about":[{"href":"https:\/\/www.toursbahia.com.br\/es\/wp-json\/wp\/v2\/types\/product"}],"replies":[{"embeddable":true,"href":"https:\/\/www.toursbahia.com.br\/es\/wp-json\/wp\/v2\/comments?post=3395"}],"wp:featuredmedia":[{"embeddable":true,"href":"https:\/\/www.toursbahia.com.br\/es\/wp-json\/wp\/v2\/media\/3396"}],"wp:attachment":[{"href":"https:\/\/www.toursbahia.com.br\/es\/wp-json\/wp\/v2\/media?parent=3395"}],"wp:term":[{"taxonomy":"product_cat","embeddable":true,"href":"https:\/\/www.toursbahia.com.br\/es\/wp-json\/wp\/v2\/product_cat?post=3395"},{"taxonomy":"product_tag","embeddable":true,"href":"https:\/\/www.toursbahia.com.br\/es\/wp-json\/wp\/v2\/product_tag?post=3395"}],"curies":[{"name":"wp","href":"https:\/\/api.w.org\/{rel}","templated":true}]}}