{"id":3399,"date":"2019-01-18T21:44:23","date_gmt":"2019-01-18T23:44:23","guid":{"rendered":"https:\/\/www.toursbahia.com.br\/\/produto\/sincategorizar\/boipeba-destino\/"},"modified":"2026-03-03T22:04:34","modified_gmt":"2026-03-04T01:04:34","slug":"boipeba-destino","status":"publish","type":"product","link":"https:\/\/www.toursbahia.com.br\/es\/loja\/destino-es\/boipeba-destino\/","title":{"rendered":"Boipeba &#8211; Destino"},"content":{"rendered":"","protected":false},"excerpt":{"rendered":"<p>Para aquellos que busquen tranquilidad y belleza, Boipeba es una excelente opci\u00f3n. Un sitio con mar tranquilo y transparente, al que la variedad natural de flora y fauna le dan un toque todav\u00eda m\u00e1s especial. Aqu\u00ed podr\u00e1 encontrar descanso a la sombra de palmeras, con el frescor de la brisa marina. Adem\u00e1s, conocer\u00e1 una de las mayores reservas brasile\u00f1as de manglares y podr\u00e1 bucear en impresionantes arrecifes de coral.<\/p>\n<p>La isla Boipeba est\u00e1 localizada en el archipi\u00e9lago de Tinhar\u00e9, en el bajo sur de Bahia. Boipeba est\u00e1 cercada de un lado por el oc\u00e9ano y del otro por el estuario del \u201cRio do Inferno\u201d y se destaca por la rara belleza natural y la gran diversidad de sus ecosistemas. La regi\u00f3n fue reconocida por la UNESCO como Reserva de la Biosfera y Patrimonio de la Humanidad, ya que est\u00e1 inmersa en el Corredor Central de la Mata Atl\u00e1ntica.<\/p>\n","protected":false},"featured_media":2330,"comment_status":"open","ping_status":"closed","template":"","meta":[],"product_cat":[672],"product_tag":[],"yoast_head":"<!-- This site is optimized with the Yoast SEO plugin v19.3 - https:\/\/yoast.com\/wordpress\/plugins\/seo\/ -->\n<title>Boipeba - Destino - Tours Bahia<\/title>\n<meta name=\"robots\" content=\"index, follow, max-snippet:-1, max-image-preview:large, max-video-preview:-1\" \/>\n<link rel=\"canonical\" href=\"https:\/\/www.toursbahia.com.br\/es\/loja\/destino-es\/boipeba-destino\/\" \/>\n<meta property=\"og:locale\" content=\"es_ES\" \/>\n<meta property=\"og:type\" content=\"article\" \/>\n<meta property=\"og:title\" content=\"Boipeba - Destino - Tours Bahia\" \/>\n<meta property=\"og:description\" content=\"Para aquellos que busquen tranquilidad y belleza, Boipeba es una excelente opci\u00f3n. Un sitio con mar tranquilo y transparente, al que la variedad natural de flora y fauna le dan un toque todav\u00eda m\u00e1s especial. Aqu\u00ed podr\u00e1 encontrar descanso a la sombra de palmeras, con el frescor de la brisa marina. Adem\u00e1s, conocer\u00e1 una de las mayores reservas brasile\u00f1as de manglares y podr\u00e1 bucear en impresionantes arrecifes de coral.  La isla Boipeba est\u00e1 localizada en el archipi\u00e9lago de Tinhar\u00e9, en el bajo sur de Bahia. Boipeba est\u00e1 cercada de un lado por el oc\u00e9ano y del otro por el estuario del \u201cRio do Inferno\u201d y se destaca por la rara belleza natural y la gran diversidad de sus ecosistemas. La regi\u00f3n fue reconocida por la UNESCO como Reserva de la Biosfera y Patrimonio de la Humanidad, ya que est\u00e1 inmersa en el Corredor Central de la Mata Atl\u00e1ntica.\" \/>\n<meta property=\"og:url\" content=\"https:\/\/www.toursbahia.com.br\/es\/loja\/destino-es\/boipeba-destino\/\" \/>\n<meta property=\"og:site_name\" content=\"Tours Bahia\" \/>\n<meta property=\"article:publisher\" content=\"https:\/\/www.facebook.com\/toursbahiainternational\" \/>\n<meta property=\"article:modified_time\" content=\"2026-03-04T01:04:34+00:00\" \/>\n<meta property=\"og:image\" content=\"https:\/\/www.toursbahia.com.br\/wp-content\/uploads\/2018\/12\/Volta-\u00e0-Ilha-de-Tinhar\u00e9-Boipeba-Foto-06.jpg\" \/>\n\t<meta property=\"og:image:width\" content=\"900\" \/>\n\t<meta property=\"og:image:height\" content=\"550\" \/>\n\t<meta property=\"og:image:type\" content=\"image\/jpeg\" \/>\n<meta name=\"twitter:card\" content=\"summary_large_image\" \/>\n<script type=\"application\/ld+json\" class=\"yoast-schema-graph\">{\"@context\":\"https:\/\/schema.org\",\"@graph\":[{\"@type\":\"WebSite\",\"@id\":\"https:\/\/www.toursbahia.com.br\/#website\",\"url\":\"https:\/\/www.toursbahia.com.br\/\",\"name\":\"Tours Bahia\",\"description\":\"\",\"potentialAction\":[{\"@type\":\"SearchAction\",\"target\":{\"@type\":\"EntryPoint\",\"urlTemplate\":\"https:\/\/www.toursbahia.com.br\/?s={search_term_string}\"},\"query-input\":\"required name=search_term_string\"}],\"inLanguage\":\"es\"},{\"@type\":\"ImageObject\",\"inLanguage\":\"es\",\"@id\":\"https:\/\/www.toursbahia.com.br\/es\/loja\/destino-es\/boipeba-destino\/#primaryimage\",\"url\":\"https:\/\/www.toursbahia.com.br\/wp-content\/uploads\/2018\/12\/Volta-\u00e0-Ilha-de-Tinhar\u00e9-Boipeba-Foto-06.jpg\",\"contentUrl\":\"https:\/\/www.toursbahia.com.br\/wp-content\/uploads\/2018\/12\/Volta-\u00e0-Ilha-de-Tinhar\u00e9-Boipeba-Foto-06.jpg\",\"width\":900,\"height\":550},{\"@type\":\"WebPage\",\"@id\":\"https:\/\/www.toursbahia.com.br\/es\/loja\/destino-es\/boipeba-destino\/\",\"url\":\"https:\/\/www.toursbahia.com.br\/es\/loja\/destino-es\/boipeba-destino\/\",\"name\":\"Boipeba - Destino - Tours Bahia\",\"isPartOf\":{\"@id\":\"https:\/\/www.toursbahia.com.br\/#website\"},\"primaryImageOfPage\":{\"@id\":\"https:\/\/www.toursbahia.com.br\/es\/loja\/destino-es\/boipeba-destino\/#primaryimage\"},\"datePublished\":\"2019-01-18T23:44:23+00:00\",\"dateModified\":\"2026-03-04T01:04:34+00:00\",\"breadcrumb\":{\"@id\":\"https:\/\/www.toursbahia.com.br\/es\/loja\/destino-es\/boipeba-destino\/#breadcrumb\"},\"inLanguage\":\"es\",\"potentialAction\":[{\"@type\":\"ReadAction\",\"target\":[\"https:\/\/www.toursbahia.com.br\/es\/loja\/destino-es\/boipeba-destino\/\"]}]},{\"@type\":\"BreadcrumbList\",\"@id\":\"https:\/\/www.toursbahia.com.br\/es\/loja\/destino-es\/boipeba-destino\/#breadcrumb\",\"itemListElement\":[{\"@type\":\"ListItem\",\"position\":1,\"name\":\"In\u00edcio\",\"item\":\"https:\/\/www.toursbahia.com.br\/es\/\"},{\"@type\":\"ListItem\",\"position\":2,\"name\":\"Store\",\"item\":\"https:\/\/www.toursbahia.com.br\/es\/store-tours-bahia-internacional\/\"},{\"@type\":\"ListItem\",\"position\":3,\"name\":\"Boipeba &#8211; Destino\"}]}]}<\/script>\n<!-- \/ Yoast SEO plugin. -->","yoast_head_json":{"title":"Boipeba - Destino - Tours Bahia","robots":{"index":"index","follow":"follow","max-snippet":"max-snippet:-1","max-image-preview":"max-image-preview:large","max-video-preview":"max-video-preview:-1"},"canonical":"https:\/\/www.toursbahia.com.br\/es\/loja\/destino-es\/boipeba-destino\/","og_locale":"es_ES","og_type":"article","og_title":"Boipeba - Destino - Tours Bahia","og_description":"Para aquellos que busquen tranquilidad y belleza, Boipeba es una excelente opci\u00f3n. Un sitio con mar tranquilo y transparente, al que la variedad natural de flora y fauna le dan un toque todav\u00eda m\u00e1s especial. Aqu\u00ed podr\u00e1 encontrar descanso a la sombra de palmeras, con el frescor de la brisa marina. Adem\u00e1s, conocer\u00e1 una de las mayores reservas brasile\u00f1as de manglares y podr\u00e1 bucear en impresionantes arrecifes de coral.  La isla Boipeba est\u00e1 localizada en el archipi\u00e9lago de Tinhar\u00e9, en el bajo sur de Bahia. Boipeba est\u00e1 cercada de un lado por el oc\u00e9ano y del otro por el estuario del \u201cRio do Inferno\u201d y se destaca por la rara belleza natural y la gran diversidad de sus ecosistemas. La regi\u00f3n fue reconocida por la UNESCO como Reserva de la Biosfera y Patrimonio de la Humanidad, ya que est\u00e1 inmersa en el Corredor Central de la Mata Atl\u00e1ntica.","og_url":"https:\/\/www.toursbahia.com.br\/es\/loja\/destino-es\/boipeba-destino\/","og_site_name":"Tours Bahia","article_publisher":"https:\/\/www.facebook.com\/toursbahiainternational","article_modified_time":"2026-03-04T01:04:34+00:00","og_image":[{"width":900,"height":550,"url":"https:\/\/www.toursbahia.com.br\/wp-content\/uploads\/2018\/12\/Volta-\u00e0-Ilha-de-Tinhar\u00e9-Boipeba-Foto-06.jpg","type":"image\/jpeg"}],"twitter_card":"summary_large_image","schema":{"@context":"https:\/\/schema.org","@graph":[{"@type":"WebSite","@id":"https:\/\/www.toursbahia.com.br\/#website","url":"https:\/\/www.toursbahia.com.br\/","name":"Tours Bahia","description":"","potentialAction":[{"@type":"SearchAction","target":{"@type":"EntryPoint","urlTemplate":"https:\/\/www.toursbahia.com.br\/?s={search_term_string}"},"query-input":"required name=search_term_string"}],"inLanguage":"es"},{"@type":"ImageObject","inLanguage":"es","@id":"https:\/\/www.toursbahia.com.br\/es\/loja\/destino-es\/boipeba-destino\/#primaryimage","url":"https:\/\/www.toursbahia.com.br\/wp-content\/uploads\/2018\/12\/Volta-\u00e0-Ilha-de-Tinhar\u00e9-Boipeba-Foto-06.jpg","contentUrl":"https:\/\/www.toursbahia.com.br\/wp-content\/uploads\/2018\/12\/Volta-\u00e0-Ilha-de-Tinhar\u00e9-Boipeba-Foto-06.jpg","width":900,"height":550},{"@type":"WebPage","@id":"https:\/\/www.toursbahia.com.br\/es\/loja\/destino-es\/boipeba-destino\/","url":"https:\/\/www.toursbahia.com.br\/es\/loja\/destino-es\/boipeba-destino\/","name":"Boipeba - Destino - Tours Bahia","isPartOf":{"@id":"https:\/\/www.toursbahia.com.br\/#website"},"primaryImageOfPage":{"@id":"https:\/\/www.toursbahia.com.br\/es\/loja\/destino-es\/boipeba-destino\/#primaryimage"},"datePublished":"2019-01-18T23:44:23+00:00","dateModified":"2026-03-04T01:04:34+00:00","breadcrumb":{"@id":"https:\/\/www.toursbahia.com.br\/es\/loja\/destino-es\/boipeba-destino\/#breadcrumb"},"inLanguage":"es","potentialAction":[{"@type":"ReadAction","target":["https:\/\/www.toursbahia.com.br\/es\/loja\/destino-es\/boipeba-destino\/"]}]},{"@type":"BreadcrumbList","@id":"https:\/\/www.toursbahia.com.br\/es\/loja\/destino-es\/boipeba-destino\/#breadcrumb","itemListElement":[{"@type":"ListItem","position":1,"name":"In\u00edcio","item":"https:\/\/www.toursbahia.com.br\/es\/"},{"@type":"ListItem","position":2,"name":"Store","item":"https:\/\/www.toursbahia.com.br\/es\/store-tours-bahia-internacional\/"},{"@type":"ListItem","position":3,"name":"Boipeba &#8211; Destino"}]}]}},"_links":{"self":[{"href":"https:\/\/www.toursbahia.com.br\/es\/wp-json\/wp\/v2\/product\/3399"}],"collection":[{"href":"https:\/\/www.toursbahia.com.br\/es\/wp-json\/wp\/v2\/product"}],"about":[{"href":"https:\/\/www.toursbahia.com.br\/es\/wp-json\/wp\/v2\/types\/product"}],"replies":[{"embeddable":true,"href":"https:\/\/www.toursbahia.com.br\/es\/wp-json\/wp\/v2\/comments?post=3399"}],"wp:featuredmedia":[{"embeddable":true,"href":"https:\/\/www.toursbahia.com.br\/es\/wp-json\/wp\/v2\/media\/2330"}],"wp:attachment":[{"href":"https:\/\/www.toursbahia.com.br\/es\/wp-json\/wp\/v2\/media?parent=3399"}],"wp:term":[{"taxonomy":"product_cat","embeddable":true,"href":"https:\/\/www.toursbahia.com.br\/es\/wp-json\/wp\/v2\/product_cat?post=3399"},{"taxonomy":"product_tag","embeddable":true,"href":"https:\/\/www.toursbahia.com.br\/es\/wp-json\/wp\/v2\/product_tag?post=3399"}],"curies":[{"name":"wp","href":"https:\/\/api.w.org\/{rel}","templated":true}]}}