{"id":3402,"date":"2019-01-18T21:36:13","date_gmt":"2019-01-18T23:36:13","guid":{"rendered":"https:\/\/www.toursbahia.com.br\/\/produto\/sincategorizar\/mangue-seco-destino\/"},"modified":"2019-02-05T20:48:33","modified_gmt":"2019-02-05T22:48:33","slug":"mangue-seco-destino","status":"publish","type":"product","link":"https:\/\/www.toursbahia.com.br\/es\/loja\/destino-es\/mangue-seco-destino\/","title":{"rendered":"Mangue Seco &#8211; Destino"},"content":{"rendered":"","protected":false},"excerpt":{"rendered":"<p>Localizado en la frontera entre Bah\u00eda y Sergipe, Mangue Seco, que fue el escenario de la telenovela Tieta, basada en la novela del escritor bahiano Jorge Amado, es un lugar encantador.<\/p>\n<p>El paisaje est\u00e1 formado por dunas, manglares, restingas y haciendas de cocoteros. Su arena blanca y blanda est\u00e1 siempre en constante movimiento.<\/p>\n<p>La \u00fanica manera de explorar el lugar es realizando excursiones en buggies que est\u00e1n a disposici\u00f3n para alquilar a trav\u00e9s de una cooperativa local. La tranquilidad del pueblo atrae a turistas que buscan paz y tranquilidad. En la playa los r\u00fasticos chiringuitos ofrecen lo mejor de la culinaria regional, adem\u00e1s de hamacas para acostarse, relajar y admirar el hermoso paisaje<\/p>\n","protected":false},"featured_media":1921,"comment_status":"open","ping_status":"closed","template":"","meta":[],"product_cat":[672,682],"product_tag":[],"yoast_head":"<!-- This site is optimized with the Yoast SEO plugin v19.3 - https:\/\/yoast.com\/wordpress\/plugins\/seo\/ -->\n<title>Mangue Seco - Destino - Tours Bahia<\/title>\n<meta name=\"robots\" content=\"index, follow, max-snippet:-1, max-image-preview:large, max-video-preview:-1\" \/>\n<link rel=\"canonical\" href=\"https:\/\/www.toursbahia.com.br\/es\/loja\/destino-es\/mangue-seco-destino\/\" \/>\n<meta property=\"og:locale\" content=\"es_ES\" \/>\n<meta property=\"og:type\" content=\"article\" \/>\n<meta property=\"og:title\" content=\"Mangue Seco - Destino - Tours Bahia\" \/>\n<meta property=\"og:description\" content=\"Localizado en la frontera entre Bah\u00eda y Sergipe, Mangue Seco, que fue el escenario de la telenovela Tieta, basada en la novela del escritor bahiano Jorge Amado, es un lugar encantador.  El paisaje est\u00e1 formado por dunas, manglares, restingas y haciendas de cocoteros. Su arena blanca y blanda est\u00e1 siempre en constante movimiento.  La \u00fanica manera de explorar el lugar es realizando excursiones en buggies que est\u00e1n a disposici\u00f3n para alquilar a trav\u00e9s de una cooperativa local. La tranquilidad del pueblo atrae a turistas que buscan paz y tranquilidad. En la playa los r\u00fasticos chiringuitos ofrecen lo mejor de la culinaria regional, adem\u00e1s de hamacas para acostarse, relajar y admirar el hermoso paisaje\" \/>\n<meta property=\"og:url\" content=\"https:\/\/www.toursbahia.com.br\/es\/loja\/destino-es\/mangue-seco-destino\/\" \/>\n<meta property=\"og:site_name\" content=\"Tours Bahia\" \/>\n<meta property=\"article:publisher\" content=\"https:\/\/www.facebook.com\/toursbahiainternational\" \/>\n<meta property=\"article:modified_time\" content=\"2019-02-05T22:48:33+00:00\" \/>\n<meta property=\"og:image\" content=\"https:\/\/www.toursbahia.com.br\/wp-content\/uploads\/2019\/01\/Mangue-Seco-Foto-05.jpg\" \/>\n\t<meta property=\"og:image:width\" content=\"900\" \/>\n\t<meta property=\"og:image:height\" content=\"550\" \/>\n\t<meta property=\"og:image:type\" content=\"image\/jpeg\" \/>\n<meta name=\"twitter:card\" content=\"summary_large_image\" \/>\n<script type=\"application\/ld+json\" class=\"yoast-schema-graph\">{\"@context\":\"https:\/\/schema.org\",\"@graph\":[{\"@type\":\"WebSite\",\"@id\":\"https:\/\/www.toursbahia.com.br\/#website\",\"url\":\"https:\/\/www.toursbahia.com.br\/\",\"name\":\"Tours Bahia\",\"description\":\"\",\"potentialAction\":[{\"@type\":\"SearchAction\",\"target\":{\"@type\":\"EntryPoint\",\"urlTemplate\":\"https:\/\/www.toursbahia.com.br\/?s={search_term_string}\"},\"query-input\":\"required name=search_term_string\"}],\"inLanguage\":\"es\"},{\"@type\":\"ImageObject\",\"inLanguage\":\"es\",\"@id\":\"https:\/\/www.toursbahia.com.br\/es\/loja\/destino-es\/mangue-seco-destino\/#primaryimage\",\"url\":\"https:\/\/www.toursbahia.com.br\/wp-content\/uploads\/2019\/01\/Mangue-Seco-Foto-05.jpg\",\"contentUrl\":\"https:\/\/www.toursbahia.com.br\/wp-content\/uploads\/2019\/01\/Mangue-Seco-Foto-05.jpg\",\"width\":900,\"height\":550},{\"@type\":\"WebPage\",\"@id\":\"https:\/\/www.toursbahia.com.br\/es\/loja\/destino-es\/mangue-seco-destino\/\",\"url\":\"https:\/\/www.toursbahia.com.br\/es\/loja\/destino-es\/mangue-seco-destino\/\",\"name\":\"Mangue Seco - Destino - Tours Bahia\",\"isPartOf\":{\"@id\":\"https:\/\/www.toursbahia.com.br\/#website\"},\"primaryImageOfPage\":{\"@id\":\"https:\/\/www.toursbahia.com.br\/es\/loja\/destino-es\/mangue-seco-destino\/#primaryimage\"},\"datePublished\":\"2019-01-18T23:36:13+00:00\",\"dateModified\":\"2019-02-05T22:48:33+00:00\",\"breadcrumb\":{\"@id\":\"https:\/\/www.toursbahia.com.br\/es\/loja\/destino-es\/mangue-seco-destino\/#breadcrumb\"},\"inLanguage\":\"es\",\"potentialAction\":[{\"@type\":\"ReadAction\",\"target\":[\"https:\/\/www.toursbahia.com.br\/es\/loja\/destino-es\/mangue-seco-destino\/\"]}]},{\"@type\":\"BreadcrumbList\",\"@id\":\"https:\/\/www.toursbahia.com.br\/es\/loja\/destino-es\/mangue-seco-destino\/#breadcrumb\",\"itemListElement\":[{\"@type\":\"ListItem\",\"position\":1,\"name\":\"In\u00edcio\",\"item\":\"https:\/\/www.toursbahia.com.br\/es\/\"},{\"@type\":\"ListItem\",\"position\":2,\"name\":\"Store\",\"item\":\"https:\/\/www.toursbahia.com.br\/es\/store-tours-bahia-internacional\/\"},{\"@type\":\"ListItem\",\"position\":3,\"name\":\"Mangue Seco &#8211; Destino\"}]}]}<\/script>\n<!-- \/ Yoast SEO plugin. -->","yoast_head_json":{"title":"Mangue Seco - Destino - Tours Bahia","robots":{"index":"index","follow":"follow","max-snippet":"max-snippet:-1","max-image-preview":"max-image-preview:large","max-video-preview":"max-video-preview:-1"},"canonical":"https:\/\/www.toursbahia.com.br\/es\/loja\/destino-es\/mangue-seco-destino\/","og_locale":"es_ES","og_type":"article","og_title":"Mangue Seco - Destino - Tours Bahia","og_description":"Localizado en la frontera entre Bah\u00eda y Sergipe, Mangue Seco, que fue el escenario de la telenovela Tieta, basada en la novela del escritor bahiano Jorge Amado, es un lugar encantador.  El paisaje est\u00e1 formado por dunas, manglares, restingas y haciendas de cocoteros. Su arena blanca y blanda est\u00e1 siempre en constante movimiento.  La \u00fanica manera de explorar el lugar es realizando excursiones en buggies que est\u00e1n a disposici\u00f3n para alquilar a trav\u00e9s de una cooperativa local. La tranquilidad del pueblo atrae a turistas que buscan paz y tranquilidad. En la playa los r\u00fasticos chiringuitos ofrecen lo mejor de la culinaria regional, adem\u00e1s de hamacas para acostarse, relajar y admirar el hermoso paisaje","og_url":"https:\/\/www.toursbahia.com.br\/es\/loja\/destino-es\/mangue-seco-destino\/","og_site_name":"Tours Bahia","article_publisher":"https:\/\/www.facebook.com\/toursbahiainternational","article_modified_time":"2019-02-05T22:48:33+00:00","og_image":[{"width":900,"height":550,"url":"https:\/\/www.toursbahia.com.br\/wp-content\/uploads\/2019\/01\/Mangue-Seco-Foto-05.jpg","type":"image\/jpeg"}],"twitter_card":"summary_large_image","schema":{"@context":"https:\/\/schema.org","@graph":[{"@type":"WebSite","@id":"https:\/\/www.toursbahia.com.br\/#website","url":"https:\/\/www.toursbahia.com.br\/","name":"Tours Bahia","description":"","potentialAction":[{"@type":"SearchAction","target":{"@type":"EntryPoint","urlTemplate":"https:\/\/www.toursbahia.com.br\/?s={search_term_string}"},"query-input":"required name=search_term_string"}],"inLanguage":"es"},{"@type":"ImageObject","inLanguage":"es","@id":"https:\/\/www.toursbahia.com.br\/es\/loja\/destino-es\/mangue-seco-destino\/#primaryimage","url":"https:\/\/www.toursbahia.com.br\/wp-content\/uploads\/2019\/01\/Mangue-Seco-Foto-05.jpg","contentUrl":"https:\/\/www.toursbahia.com.br\/wp-content\/uploads\/2019\/01\/Mangue-Seco-Foto-05.jpg","width":900,"height":550},{"@type":"WebPage","@id":"https:\/\/www.toursbahia.com.br\/es\/loja\/destino-es\/mangue-seco-destino\/","url":"https:\/\/www.toursbahia.com.br\/es\/loja\/destino-es\/mangue-seco-destino\/","name":"Mangue Seco - Destino - Tours Bahia","isPartOf":{"@id":"https:\/\/www.toursbahia.com.br\/#website"},"primaryImageOfPage":{"@id":"https:\/\/www.toursbahia.com.br\/es\/loja\/destino-es\/mangue-seco-destino\/#primaryimage"},"datePublished":"2019-01-18T23:36:13+00:00","dateModified":"2019-02-05T22:48:33+00:00","breadcrumb":{"@id":"https:\/\/www.toursbahia.com.br\/es\/loja\/destino-es\/mangue-seco-destino\/#breadcrumb"},"inLanguage":"es","potentialAction":[{"@type":"ReadAction","target":["https:\/\/www.toursbahia.com.br\/es\/loja\/destino-es\/mangue-seco-destino\/"]}]},{"@type":"BreadcrumbList","@id":"https:\/\/www.toursbahia.com.br\/es\/loja\/destino-es\/mangue-seco-destino\/#breadcrumb","itemListElement":[{"@type":"ListItem","position":1,"name":"In\u00edcio","item":"https:\/\/www.toursbahia.com.br\/es\/"},{"@type":"ListItem","position":2,"name":"Store","item":"https:\/\/www.toursbahia.com.br\/es\/store-tours-bahia-internacional\/"},{"@type":"ListItem","position":3,"name":"Mangue Seco &#8211; Destino"}]}]}},"_links":{"self":[{"href":"https:\/\/www.toursbahia.com.br\/es\/wp-json\/wp\/v2\/product\/3402"}],"collection":[{"href":"https:\/\/www.toursbahia.com.br\/es\/wp-json\/wp\/v2\/product"}],"about":[{"href":"https:\/\/www.toursbahia.com.br\/es\/wp-json\/wp\/v2\/types\/product"}],"replies":[{"embeddable":true,"href":"https:\/\/www.toursbahia.com.br\/es\/wp-json\/wp\/v2\/comments?post=3402"}],"wp:featuredmedia":[{"embeddable":true,"href":"https:\/\/www.toursbahia.com.br\/es\/wp-json\/wp\/v2\/media\/1921"}],"wp:attachment":[{"href":"https:\/\/www.toursbahia.com.br\/es\/wp-json\/wp\/v2\/media?parent=3402"}],"wp:term":[{"taxonomy":"product_cat","embeddable":true,"href":"https:\/\/www.toursbahia.com.br\/es\/wp-json\/wp\/v2\/product_cat?post=3402"},{"taxonomy":"product_tag","embeddable":true,"href":"https:\/\/www.toursbahia.com.br\/es\/wp-json\/wp\/v2\/product_tag?post=3402"}],"curies":[{"name":"wp","href":"https:\/\/api.w.org\/{rel}","templated":true}]}}