{"id":3407,"date":"2019-01-18T21:36:12","date_gmt":"2019-01-18T23:36:12","guid":{"rendered":"https:\/\/www.toursbahia.com.br\/\/produto\/sincategorizar\/itacare-ilheus-destino\/"},"modified":"2019-02-05T20:52:09","modified_gmt":"2019-02-05T22:52:09","slug":"itacare-ilheus-destino","status":"publish","type":"product","link":"https:\/\/www.toursbahia.com.br\/es\/loja\/destino-es\/itacare-ilheus-destino\/","title":{"rendered":"Itacar\u00e9 \/ Ilh\u00e9us &#8211; Destino"},"content":{"rendered":"","protected":false},"excerpt":{"rendered":"<p>Situada en la Costa del Cacao, al sur de Salvador, la peque\u00f1a ciudad abriga gran variedad de bellezas naturales: playas, cascadas, Mata Atl\u00e1ntica conservada, r\u00edos, manglares y las mejores olas de Bahia.<\/p>\n<p>Itacar\u00e9 tiene una formaci\u00f3n geol\u00f3gica \u00fanica en el Nordeste de Brasil. El litoral est\u00e1 formado por una sucesi\u00f3n de playas y monta\u00f1as cubiertas por cocoteros y bosques conservados.<\/p>\n<p>En pocos lugares del mundo la naturaleza fue tan generosa, ofreciendo un conjunto de atracciones tan variadas en un \u00fanico lugar.<\/p>\n<p>Es el escenario perfecto para realizar deportes de aventura.<\/p>\n","protected":false},"featured_media":2248,"comment_status":"open","ping_status":"closed","template":"","meta":[],"product_cat":[672,675],"product_tag":[],"yoast_head":"<!-- This site is optimized with the Yoast SEO plugin v19.3 - https:\/\/yoast.com\/wordpress\/plugins\/seo\/ -->\n<title>Itacar\u00e9 \/ Ilh\u00e9us - Destino - Tours Bahia<\/title>\n<meta name=\"robots\" content=\"index, follow, max-snippet:-1, max-image-preview:large, max-video-preview:-1\" \/>\n<link rel=\"canonical\" href=\"https:\/\/www.toursbahia.com.br\/es\/loja\/destino-es\/itacare-ilheus-destino\/\" \/>\n<meta property=\"og:locale\" content=\"es_ES\" \/>\n<meta property=\"og:type\" content=\"article\" \/>\n<meta property=\"og:title\" content=\"Itacar\u00e9 \/ Ilh\u00e9us - Destino - Tours Bahia\" \/>\n<meta property=\"og:description\" content=\"Situada en la Costa del Cacao, al sur de Salvador, la peque\u00f1a ciudad abriga gran variedad de bellezas naturales: playas, cascadas, Mata Atl\u00e1ntica conservada, r\u00edos, manglares y las mejores olas de Bahia.  Itacar\u00e9 tiene una formaci\u00f3n geol\u00f3gica \u00fanica en el Nordeste de Brasil. El litoral est\u00e1 formado por una sucesi\u00f3n de playas y monta\u00f1as cubiertas por cocoteros y bosques conservados.  En pocos lugares del mundo la naturaleza fue tan generosa, ofreciendo un conjunto de atracciones tan variadas en un \u00fanico lugar.  Es el escenario perfecto para realizar deportes de aventura.\" \/>\n<meta property=\"og:url\" content=\"https:\/\/www.toursbahia.com.br\/es\/loja\/destino-es\/itacare-ilheus-destino\/\" \/>\n<meta property=\"og:site_name\" content=\"Tours Bahia\" \/>\n<meta property=\"article:publisher\" content=\"https:\/\/www.facebook.com\/toursbahiainternational\" \/>\n<meta property=\"article:modified_time\" content=\"2019-02-05T22:52:09+00:00\" \/>\n<meta property=\"og:image\" content=\"https:\/\/www.toursbahia.com.br\/wp-content\/uploads\/2018\/12\/Trekking-pelas-quatro-praias-mais-lindas-de-Itacar\u00e9-Foto-06.jpg\" \/>\n\t<meta property=\"og:image:width\" content=\"900\" \/>\n\t<meta property=\"og:image:height\" content=\"550\" \/>\n\t<meta property=\"og:image:type\" content=\"image\/jpeg\" \/>\n<meta name=\"twitter:card\" content=\"summary_large_image\" \/>\n<script type=\"application\/ld+json\" class=\"yoast-schema-graph\">{\"@context\":\"https:\/\/schema.org\",\"@graph\":[{\"@type\":\"WebSite\",\"@id\":\"https:\/\/www.toursbahia.com.br\/#website\",\"url\":\"https:\/\/www.toursbahia.com.br\/\",\"name\":\"Tours Bahia\",\"description\":\"\",\"potentialAction\":[{\"@type\":\"SearchAction\",\"target\":{\"@type\":\"EntryPoint\",\"urlTemplate\":\"https:\/\/www.toursbahia.com.br\/?s={search_term_string}\"},\"query-input\":\"required name=search_term_string\"}],\"inLanguage\":\"es\"},{\"@type\":\"ImageObject\",\"inLanguage\":\"es\",\"@id\":\"https:\/\/www.toursbahia.com.br\/es\/loja\/destino-es\/itacare-ilheus-destino\/#primaryimage\",\"url\":\"https:\/\/www.toursbahia.com.br\/wp-content\/uploads\/2018\/12\/Trekking-pelas-quatro-praias-mais-lindas-de-Itacar\u00e9-Foto-06.jpg\",\"contentUrl\":\"https:\/\/www.toursbahia.com.br\/wp-content\/uploads\/2018\/12\/Trekking-pelas-quatro-praias-mais-lindas-de-Itacar\u00e9-Foto-06.jpg\",\"width\":900,\"height\":550},{\"@type\":\"WebPage\",\"@id\":\"https:\/\/www.toursbahia.com.br\/es\/loja\/destino-es\/itacare-ilheus-destino\/\",\"url\":\"https:\/\/www.toursbahia.com.br\/es\/loja\/destino-es\/itacare-ilheus-destino\/\",\"name\":\"Itacar\u00e9 \/ Ilh\u00e9us - Destino - Tours Bahia\",\"isPartOf\":{\"@id\":\"https:\/\/www.toursbahia.com.br\/#website\"},\"primaryImageOfPage\":{\"@id\":\"https:\/\/www.toursbahia.com.br\/es\/loja\/destino-es\/itacare-ilheus-destino\/#primaryimage\"},\"datePublished\":\"2019-01-18T23:36:12+00:00\",\"dateModified\":\"2019-02-05T22:52:09+00:00\",\"breadcrumb\":{\"@id\":\"https:\/\/www.toursbahia.com.br\/es\/loja\/destino-es\/itacare-ilheus-destino\/#breadcrumb\"},\"inLanguage\":\"es\",\"potentialAction\":[{\"@type\":\"ReadAction\",\"target\":[\"https:\/\/www.toursbahia.com.br\/es\/loja\/destino-es\/itacare-ilheus-destino\/\"]}]},{\"@type\":\"BreadcrumbList\",\"@id\":\"https:\/\/www.toursbahia.com.br\/es\/loja\/destino-es\/itacare-ilheus-destino\/#breadcrumb\",\"itemListElement\":[{\"@type\":\"ListItem\",\"position\":1,\"name\":\"In\u00edcio\",\"item\":\"https:\/\/www.toursbahia.com.br\/es\/\"},{\"@type\":\"ListItem\",\"position\":2,\"name\":\"Store\",\"item\":\"https:\/\/www.toursbahia.com.br\/es\/store-tours-bahia-internacional\/\"},{\"@type\":\"ListItem\",\"position\":3,\"name\":\"Itacar\u00e9 \/ Ilh\u00e9us &#8211; Destino\"}]}]}<\/script>\n<!-- \/ Yoast SEO plugin. -->","yoast_head_json":{"title":"Itacar\u00e9 \/ Ilh\u00e9us - Destino - Tours Bahia","robots":{"index":"index","follow":"follow","max-snippet":"max-snippet:-1","max-image-preview":"max-image-preview:large","max-video-preview":"max-video-preview:-1"},"canonical":"https:\/\/www.toursbahia.com.br\/es\/loja\/destino-es\/itacare-ilheus-destino\/","og_locale":"es_ES","og_type":"article","og_title":"Itacar\u00e9 \/ Ilh\u00e9us - Destino - Tours Bahia","og_description":"Situada en la Costa del Cacao, al sur de Salvador, la peque\u00f1a ciudad abriga gran variedad de bellezas naturales: playas, cascadas, Mata Atl\u00e1ntica conservada, r\u00edos, manglares y las mejores olas de Bahia.  Itacar\u00e9 tiene una formaci\u00f3n geol\u00f3gica \u00fanica en el Nordeste de Brasil. El litoral est\u00e1 formado por una sucesi\u00f3n de playas y monta\u00f1as cubiertas por cocoteros y bosques conservados.  En pocos lugares del mundo la naturaleza fue tan generosa, ofreciendo un conjunto de atracciones tan variadas en un \u00fanico lugar.  Es el escenario perfecto para realizar deportes de aventura.","og_url":"https:\/\/www.toursbahia.com.br\/es\/loja\/destino-es\/itacare-ilheus-destino\/","og_site_name":"Tours Bahia","article_publisher":"https:\/\/www.facebook.com\/toursbahiainternational","article_modified_time":"2019-02-05T22:52:09+00:00","og_image":[{"width":900,"height":550,"url":"https:\/\/www.toursbahia.com.br\/wp-content\/uploads\/2018\/12\/Trekking-pelas-quatro-praias-mais-lindas-de-Itacar\u00e9-Foto-06.jpg","type":"image\/jpeg"}],"twitter_card":"summary_large_image","schema":{"@context":"https:\/\/schema.org","@graph":[{"@type":"WebSite","@id":"https:\/\/www.toursbahia.com.br\/#website","url":"https:\/\/www.toursbahia.com.br\/","name":"Tours Bahia","description":"","potentialAction":[{"@type":"SearchAction","target":{"@type":"EntryPoint","urlTemplate":"https:\/\/www.toursbahia.com.br\/?s={search_term_string}"},"query-input":"required name=search_term_string"}],"inLanguage":"es"},{"@type":"ImageObject","inLanguage":"es","@id":"https:\/\/www.toursbahia.com.br\/es\/loja\/destino-es\/itacare-ilheus-destino\/#primaryimage","url":"https:\/\/www.toursbahia.com.br\/wp-content\/uploads\/2018\/12\/Trekking-pelas-quatro-praias-mais-lindas-de-Itacar\u00e9-Foto-06.jpg","contentUrl":"https:\/\/www.toursbahia.com.br\/wp-content\/uploads\/2018\/12\/Trekking-pelas-quatro-praias-mais-lindas-de-Itacar\u00e9-Foto-06.jpg","width":900,"height":550},{"@type":"WebPage","@id":"https:\/\/www.toursbahia.com.br\/es\/loja\/destino-es\/itacare-ilheus-destino\/","url":"https:\/\/www.toursbahia.com.br\/es\/loja\/destino-es\/itacare-ilheus-destino\/","name":"Itacar\u00e9 \/ Ilh\u00e9us - Destino - Tours Bahia","isPartOf":{"@id":"https:\/\/www.toursbahia.com.br\/#website"},"primaryImageOfPage":{"@id":"https:\/\/www.toursbahia.com.br\/es\/loja\/destino-es\/itacare-ilheus-destino\/#primaryimage"},"datePublished":"2019-01-18T23:36:12+00:00","dateModified":"2019-02-05T22:52:09+00:00","breadcrumb":{"@id":"https:\/\/www.toursbahia.com.br\/es\/loja\/destino-es\/itacare-ilheus-destino\/#breadcrumb"},"inLanguage":"es","potentialAction":[{"@type":"ReadAction","target":["https:\/\/www.toursbahia.com.br\/es\/loja\/destino-es\/itacare-ilheus-destino\/"]}]},{"@type":"BreadcrumbList","@id":"https:\/\/www.toursbahia.com.br\/es\/loja\/destino-es\/itacare-ilheus-destino\/#breadcrumb","itemListElement":[{"@type":"ListItem","position":1,"name":"In\u00edcio","item":"https:\/\/www.toursbahia.com.br\/es\/"},{"@type":"ListItem","position":2,"name":"Store","item":"https:\/\/www.toursbahia.com.br\/es\/store-tours-bahia-internacional\/"},{"@type":"ListItem","position":3,"name":"Itacar\u00e9 \/ Ilh\u00e9us &#8211; Destino"}]}]}},"_links":{"self":[{"href":"https:\/\/www.toursbahia.com.br\/es\/wp-json\/wp\/v2\/product\/3407"}],"collection":[{"href":"https:\/\/www.toursbahia.com.br\/es\/wp-json\/wp\/v2\/product"}],"about":[{"href":"https:\/\/www.toursbahia.com.br\/es\/wp-json\/wp\/v2\/types\/product"}],"replies":[{"embeddable":true,"href":"https:\/\/www.toursbahia.com.br\/es\/wp-json\/wp\/v2\/comments?post=3407"}],"wp:featuredmedia":[{"embeddable":true,"href":"https:\/\/www.toursbahia.com.br\/es\/wp-json\/wp\/v2\/media\/2248"}],"wp:attachment":[{"href":"https:\/\/www.toursbahia.com.br\/es\/wp-json\/wp\/v2\/media?parent=3407"}],"wp:term":[{"taxonomy":"product_cat","embeddable":true,"href":"https:\/\/www.toursbahia.com.br\/es\/wp-json\/wp\/v2\/product_cat?post=3407"},{"taxonomy":"product_tag","embeddable":true,"href":"https:\/\/www.toursbahia.com.br\/es\/wp-json\/wp\/v2\/product_tag?post=3407"}],"curies":[{"name":"wp","href":"https:\/\/api.w.org\/{rel}","templated":true}]}}