{"id":3410,"date":"2019-01-18T21:31:43","date_gmt":"2019-01-18T23:31:43","guid":{"rendered":"https:\/\/www.toursbahia.com.br\/\/produto\/sincategorizar\/marau-destino\/"},"modified":"2019-02-05T20:54:41","modified_gmt":"2019-02-05T22:54:41","slug":"marau-destino","status":"publish","type":"product","link":"https:\/\/www.toursbahia.com.br\/es\/loja\/destino-es\/marau-destino\/","title":{"rendered":"Mara\u00fa &#8211; Destino"},"content":{"rendered":"","protected":false},"excerpt":{"rendered":"<p>Situada en la Costa del Dend\u00ea, la pen\u00ednsula de Mara\u00fa atrae, por sus bellezas naturales, a turistas de todo el mundo. Son m\u00e1s de 40 km de playas casi desiertas durante todo el a\u00f1o. Un lugar paradis\u00edaco, que adem\u00e1s de sus playas, posee islas, lagos, cascadas y reservas de mata Atl\u00e1ntica protegidos por un APA de Mara\u00fa. El destino ideal para practicar turismo ecol\u00f3gico, senderismo, buceo y para los que tan s\u00f3lo quieren descansar.<\/p>\n<p>Lugares de inmensurable belleza hacen parte de la pen\u00ednsula como: Ponta do Mut\u00e1, Lagoa Azul, Lagoa do Cassange, Isla da Pedra Furada y Barra Grande, un peque\u00f1o pueblo que cuenta con una de las playas m\u00e1s bonitas del pa\u00eds, llena de piscinas naturales.<\/p>\n<p>En la pen\u00ednsula, existen hoteles, posadas, resorts y campings. En los bares y restaurantes podr\u00e1 degustar lo mejor de la culinaria t\u00edpica regional e internacional.<\/p>\n<p>El destino fue elegido por el gu\u00eda \u201cQuatro Rodas\u201d como el lugar eco-tur\u00edstico m\u00e1s bonito de Brasil. Uno de los pocos lugares del pa\u00eds que conserva su ecosistema casi intocado.<\/p>\n","protected":false},"featured_media":1914,"comment_status":"open","ping_status":"closed","template":"","meta":[],"product_cat":[672,683],"product_tag":[],"yoast_head":"<!-- This site is optimized with the Yoast SEO plugin v19.3 - https:\/\/yoast.com\/wordpress\/plugins\/seo\/ -->\n<title>Mara\u00fa - Destino - Tours Bahia<\/title>\n<meta name=\"robots\" content=\"index, follow, max-snippet:-1, max-image-preview:large, max-video-preview:-1\" \/>\n<link rel=\"canonical\" href=\"https:\/\/www.toursbahia.com.br\/es\/loja\/destino-es\/marau-destino\/\" \/>\n<meta property=\"og:locale\" content=\"es_ES\" \/>\n<meta property=\"og:type\" content=\"article\" \/>\n<meta property=\"og:title\" content=\"Mara\u00fa - Destino - Tours Bahia\" \/>\n<meta property=\"og:description\" content=\"Situada en la Costa del Dend\u00ea, la pen\u00ednsula de Mara\u00fa atrae, por sus bellezas naturales, a turistas de todo el mundo. Son m\u00e1s de 40 km de playas casi desiertas durante todo el a\u00f1o. Un lugar paradis\u00edaco, que adem\u00e1s de sus playas, posee islas, lagos, cascadas y reservas de mata Atl\u00e1ntica protegidos por un APA de Mara\u00fa. El destino ideal para practicar turismo ecol\u00f3gico, senderismo, buceo y para los que tan s\u00f3lo quieren descansar.  Lugares de inmensurable belleza hacen parte de la pen\u00ednsula como: Ponta do Mut\u00e1, Lagoa Azul, Lagoa do Cassange, Isla da Pedra Furada y Barra Grande, un peque\u00f1o pueblo que cuenta con una de las playas m\u00e1s bonitas del pa\u00eds, llena de piscinas naturales.  En la pen\u00ednsula, existen hoteles, posadas, resorts y campings. En los bares y restaurantes podr\u00e1 degustar lo mejor de la culinaria t\u00edpica regional e internacional.  El destino fue elegido por el gu\u00eda \u201cQuatro Rodas\u201d como el lugar eco-tur\u00edstico m\u00e1s bonito de Brasil. Uno de los pocos lugares del pa\u00eds que conserva su ecosistema casi intocado.\" \/>\n<meta property=\"og:url\" content=\"https:\/\/www.toursbahia.com.br\/es\/loja\/destino-es\/marau-destino\/\" \/>\n<meta property=\"og:site_name\" content=\"Tours Bahia\" \/>\n<meta property=\"article:publisher\" content=\"https:\/\/www.facebook.com\/toursbahiainternational\" \/>\n<meta property=\"article:modified_time\" content=\"2019-02-05T22:54:41+00:00\" \/>\n<meta property=\"og:image\" content=\"https:\/\/www.toursbahia.com.br\/wp-content\/uploads\/2019\/01\/Peninsula-de-Mara\u00fa-Foto-05.jpg\" \/>\n\t<meta property=\"og:image:width\" content=\"900\" \/>\n\t<meta property=\"og:image:height\" content=\"550\" \/>\n\t<meta property=\"og:image:type\" content=\"image\/jpeg\" \/>\n<meta name=\"twitter:card\" content=\"summary_large_image\" \/>\n<script type=\"application\/ld+json\" class=\"yoast-schema-graph\">{\"@context\":\"https:\/\/schema.org\",\"@graph\":[{\"@type\":\"WebSite\",\"@id\":\"https:\/\/www.toursbahia.com.br\/#website\",\"url\":\"https:\/\/www.toursbahia.com.br\/\",\"name\":\"Tours Bahia\",\"description\":\"\",\"potentialAction\":[{\"@type\":\"SearchAction\",\"target\":{\"@type\":\"EntryPoint\",\"urlTemplate\":\"https:\/\/www.toursbahia.com.br\/?s={search_term_string}\"},\"query-input\":\"required name=search_term_string\"}],\"inLanguage\":\"es\"},{\"@type\":\"ImageObject\",\"inLanguage\":\"es\",\"@id\":\"https:\/\/www.toursbahia.com.br\/es\/loja\/destino-es\/marau-destino\/#primaryimage\",\"url\":\"https:\/\/www.toursbahia.com.br\/wp-content\/uploads\/2019\/01\/Peninsula-de-Mara\u00fa-Foto-05.jpg\",\"contentUrl\":\"https:\/\/www.toursbahia.com.br\/wp-content\/uploads\/2019\/01\/Peninsula-de-Mara\u00fa-Foto-05.jpg\",\"width\":900,\"height\":550},{\"@type\":\"WebPage\",\"@id\":\"https:\/\/www.toursbahia.com.br\/es\/loja\/destino-es\/marau-destino\/\",\"url\":\"https:\/\/www.toursbahia.com.br\/es\/loja\/destino-es\/marau-destino\/\",\"name\":\"Mara\u00fa - Destino - Tours Bahia\",\"isPartOf\":{\"@id\":\"https:\/\/www.toursbahia.com.br\/#website\"},\"primaryImageOfPage\":{\"@id\":\"https:\/\/www.toursbahia.com.br\/es\/loja\/destino-es\/marau-destino\/#primaryimage\"},\"datePublished\":\"2019-01-18T23:31:43+00:00\",\"dateModified\":\"2019-02-05T22:54:41+00:00\",\"breadcrumb\":{\"@id\":\"https:\/\/www.toursbahia.com.br\/es\/loja\/destino-es\/marau-destino\/#breadcrumb\"},\"inLanguage\":\"es\",\"potentialAction\":[{\"@type\":\"ReadAction\",\"target\":[\"https:\/\/www.toursbahia.com.br\/es\/loja\/destino-es\/marau-destino\/\"]}]},{\"@type\":\"BreadcrumbList\",\"@id\":\"https:\/\/www.toursbahia.com.br\/es\/loja\/destino-es\/marau-destino\/#breadcrumb\",\"itemListElement\":[{\"@type\":\"ListItem\",\"position\":1,\"name\":\"In\u00edcio\",\"item\":\"https:\/\/www.toursbahia.com.br\/es\/\"},{\"@type\":\"ListItem\",\"position\":2,\"name\":\"Store\",\"item\":\"https:\/\/www.toursbahia.com.br\/es\/store-tours-bahia-internacional\/\"},{\"@type\":\"ListItem\",\"position\":3,\"name\":\"Mara\u00fa &#8211; Destino\"}]}]}<\/script>\n<!-- \/ Yoast SEO plugin. -->","yoast_head_json":{"title":"Mara\u00fa - Destino - Tours Bahia","robots":{"index":"index","follow":"follow","max-snippet":"max-snippet:-1","max-image-preview":"max-image-preview:large","max-video-preview":"max-video-preview:-1"},"canonical":"https:\/\/www.toursbahia.com.br\/es\/loja\/destino-es\/marau-destino\/","og_locale":"es_ES","og_type":"article","og_title":"Mara\u00fa - Destino - Tours Bahia","og_description":"Situada en la Costa del Dend\u00ea, la pen\u00ednsula de Mara\u00fa atrae, por sus bellezas naturales, a turistas de todo el mundo. Son m\u00e1s de 40 km de playas casi desiertas durante todo el a\u00f1o. Un lugar paradis\u00edaco, que adem\u00e1s de sus playas, posee islas, lagos, cascadas y reservas de mata Atl\u00e1ntica protegidos por un APA de Mara\u00fa. El destino ideal para practicar turismo ecol\u00f3gico, senderismo, buceo y para los que tan s\u00f3lo quieren descansar.  Lugares de inmensurable belleza hacen parte de la pen\u00ednsula como: Ponta do Mut\u00e1, Lagoa Azul, Lagoa do Cassange, Isla da Pedra Furada y Barra Grande, un peque\u00f1o pueblo que cuenta con una de las playas m\u00e1s bonitas del pa\u00eds, llena de piscinas naturales.  En la pen\u00ednsula, existen hoteles, posadas, resorts y campings. En los bares y restaurantes podr\u00e1 degustar lo mejor de la culinaria t\u00edpica regional e internacional.  El destino fue elegido por el gu\u00eda \u201cQuatro Rodas\u201d como el lugar eco-tur\u00edstico m\u00e1s bonito de Brasil. Uno de los pocos lugares del pa\u00eds que conserva su ecosistema casi intocado.","og_url":"https:\/\/www.toursbahia.com.br\/es\/loja\/destino-es\/marau-destino\/","og_site_name":"Tours Bahia","article_publisher":"https:\/\/www.facebook.com\/toursbahiainternational","article_modified_time":"2019-02-05T22:54:41+00:00","og_image":[{"width":900,"height":550,"url":"https:\/\/www.toursbahia.com.br\/wp-content\/uploads\/2019\/01\/Peninsula-de-Mara\u00fa-Foto-05.jpg","type":"image\/jpeg"}],"twitter_card":"summary_large_image","schema":{"@context":"https:\/\/schema.org","@graph":[{"@type":"WebSite","@id":"https:\/\/www.toursbahia.com.br\/#website","url":"https:\/\/www.toursbahia.com.br\/","name":"Tours Bahia","description":"","potentialAction":[{"@type":"SearchAction","target":{"@type":"EntryPoint","urlTemplate":"https:\/\/www.toursbahia.com.br\/?s={search_term_string}"},"query-input":"required name=search_term_string"}],"inLanguage":"es"},{"@type":"ImageObject","inLanguage":"es","@id":"https:\/\/www.toursbahia.com.br\/es\/loja\/destino-es\/marau-destino\/#primaryimage","url":"https:\/\/www.toursbahia.com.br\/wp-content\/uploads\/2019\/01\/Peninsula-de-Mara\u00fa-Foto-05.jpg","contentUrl":"https:\/\/www.toursbahia.com.br\/wp-content\/uploads\/2019\/01\/Peninsula-de-Mara\u00fa-Foto-05.jpg","width":900,"height":550},{"@type":"WebPage","@id":"https:\/\/www.toursbahia.com.br\/es\/loja\/destino-es\/marau-destino\/","url":"https:\/\/www.toursbahia.com.br\/es\/loja\/destino-es\/marau-destino\/","name":"Mara\u00fa - Destino - Tours Bahia","isPartOf":{"@id":"https:\/\/www.toursbahia.com.br\/#website"},"primaryImageOfPage":{"@id":"https:\/\/www.toursbahia.com.br\/es\/loja\/destino-es\/marau-destino\/#primaryimage"},"datePublished":"2019-01-18T23:31:43+00:00","dateModified":"2019-02-05T22:54:41+00:00","breadcrumb":{"@id":"https:\/\/www.toursbahia.com.br\/es\/loja\/destino-es\/marau-destino\/#breadcrumb"},"inLanguage":"es","potentialAction":[{"@type":"ReadAction","target":["https:\/\/www.toursbahia.com.br\/es\/loja\/destino-es\/marau-destino\/"]}]},{"@type":"BreadcrumbList","@id":"https:\/\/www.toursbahia.com.br\/es\/loja\/destino-es\/marau-destino\/#breadcrumb","itemListElement":[{"@type":"ListItem","position":1,"name":"In\u00edcio","item":"https:\/\/www.toursbahia.com.br\/es\/"},{"@type":"ListItem","position":2,"name":"Store","item":"https:\/\/www.toursbahia.com.br\/es\/store-tours-bahia-internacional\/"},{"@type":"ListItem","position":3,"name":"Mara\u00fa &#8211; Destino"}]}]}},"_links":{"self":[{"href":"https:\/\/www.toursbahia.com.br\/es\/wp-json\/wp\/v2\/product\/3410"}],"collection":[{"href":"https:\/\/www.toursbahia.com.br\/es\/wp-json\/wp\/v2\/product"}],"about":[{"href":"https:\/\/www.toursbahia.com.br\/es\/wp-json\/wp\/v2\/types\/product"}],"replies":[{"embeddable":true,"href":"https:\/\/www.toursbahia.com.br\/es\/wp-json\/wp\/v2\/comments?post=3410"}],"wp:featuredmedia":[{"embeddable":true,"href":"https:\/\/www.toursbahia.com.br\/es\/wp-json\/wp\/v2\/media\/1914"}],"wp:attachment":[{"href":"https:\/\/www.toursbahia.com.br\/es\/wp-json\/wp\/v2\/media?parent=3410"}],"wp:term":[{"taxonomy":"product_cat","embeddable":true,"href":"https:\/\/www.toursbahia.com.br\/es\/wp-json\/wp\/v2\/product_cat?post=3410"},{"taxonomy":"product_tag","embeddable":true,"href":"https:\/\/www.toursbahia.com.br\/es\/wp-json\/wp\/v2\/product_tag?post=3410"}],"curies":[{"name":"wp","href":"https:\/\/api.w.org\/{rel}","templated":true}]}}