{"id":3413,"date":"2019-01-18T21:29:18","date_gmt":"2019-01-18T23:29:18","guid":{"rendered":"https:\/\/www.toursbahia.com.br\/\/produto\/sincategorizar\/porto-seguro-destino\/"},"modified":"2024-11-29T23:18:31","modified_gmt":"2024-11-30T02:18:31","slug":"porto-seguro-destino","status":"publish","type":"product","link":"https:\/\/www.toursbahia.com.br\/es\/loja\/destino-es\/porto-seguro-destino\/","title":{"rendered":"Porto Seguro &#8211; Destino"},"content":{"rendered":"","protected":false},"excerpt":{"rendered":"<p>Localizado en el sur de Bahia, en la llamada Costa del Descubrimiento, Porto Seguro fue oficialmente el primer lugar descubierto en el a\u00f1o 1500 por los navegadores portugueses en el actual territorio brasile\u00f1o. Un mestizaje de portugueses e indios constituye la poblaci\u00f3n nativa del lugar. Visitar el centro hist\u00f3rico de Porto Seguro es casi una obligaci\u00f3n para los miles de turistas que llegan a esta ciudad, Monumento Nacional, con su arquitectura del siglo XVI.<\/p>\n<p>La exuberancia de sus playas, acantilados de colores, arrecifes de corales y la vegetaci\u00f3n de Mata Atl\u00e1ntica, hacen de Porto Seguro uno de los destinos m\u00e1s deseados de Brasil por turistas que buscan bellezas naturales, tranquilidad, e incluso diversi\u00f3n en un \u00fanico lugar. Adem\u00e1s de Porto seguro, los pueblos Arraial D\u00b4Ajuda y Trancoso, merecen una visita.<\/p>\n<p>Bares, posadas y chiringuitos de playa, respetando el estilo r\u00fastico de Arraial, hacen que el peque\u00f1o pueblo sea todav\u00eda m\u00e1s encantador. En Trancoso, podr\u00e1 encontrar hoteles 5 estrellas, tiendas de marca y mucha gente famosa paseando por la playa, pero todo esto, sin perder la esencia y delicadeza del lugar.<\/p>\n","protected":false},"featured_media":2054,"comment_status":"open","ping_status":"closed","template":"","meta":[],"product_cat":[672,686],"product_tag":[],"yoast_head":"<!-- This site is optimized with the Yoast SEO plugin v19.3 - https:\/\/yoast.com\/wordpress\/plugins\/seo\/ -->\n<title>Porto Seguro - Destino - Tours Bahia<\/title>\n<meta name=\"robots\" content=\"index, follow, max-snippet:-1, max-image-preview:large, max-video-preview:-1\" \/>\n<link rel=\"canonical\" href=\"https:\/\/www.toursbahia.com.br\/es\/loja\/destino-es\/porto-seguro-destino\/\" \/>\n<meta property=\"og:locale\" content=\"es_ES\" \/>\n<meta property=\"og:type\" content=\"article\" \/>\n<meta property=\"og:title\" content=\"Porto Seguro - Destino - Tours Bahia\" \/>\n<meta property=\"og:description\" content=\"Localizado en el sur de Bahia, en la llamada Costa del Descubrimiento, Porto Seguro fue oficialmente el primer lugar descubierto en el a\u00f1o 1500 por los navegadores portugueses en el actual territorio brasile\u00f1o. Un mestizaje de portugueses e indios constituye la poblaci\u00f3n nativa del lugar. Visitar el centro hist\u00f3rico de Porto Seguro es casi una obligaci\u00f3n para los miles de turistas que llegan a esta ciudad, Monumento Nacional, con su arquitectura del siglo XVI.  La exuberancia de sus playas, acantilados de colores, arrecifes de corales y la vegetaci\u00f3n de Mata Atl\u00e1ntica, hacen de Porto Seguro uno de los destinos m\u00e1s deseados de Brasil por turistas que buscan bellezas naturales, tranquilidad, e incluso diversi\u00f3n en un \u00fanico lugar. Adem\u00e1s de Porto seguro, los pueblos Arraial D\u00b4Ajuda y Trancoso, merecen una visita.  Bares, posadas y chiringuitos de playa, respetando el estilo r\u00fastico de Arraial, hacen que el peque\u00f1o pueblo sea todav\u00eda m\u00e1s encantador. En Trancoso, podr\u00e1 encontrar hoteles 5 estrellas, tiendas de marca y mucha gente famosa paseando por la playa, pero todo esto, sin perder la esencia y delicadeza del lugar.\" \/>\n<meta property=\"og:url\" content=\"https:\/\/www.toursbahia.com.br\/es\/loja\/destino-es\/porto-seguro-destino\/\" \/>\n<meta property=\"og:site_name\" content=\"Tours Bahia\" \/>\n<meta property=\"article:publisher\" content=\"https:\/\/www.facebook.com\/toursbahiainternational\" \/>\n<meta property=\"article:modified_time\" content=\"2024-11-30T02:18:31+00:00\" \/>\n<meta property=\"og:image\" content=\"https:\/\/www.toursbahia.com.br\/wp-content\/uploads\/2018\/12\/foto-03-porto-seguro-tours-bahia.jpg\" \/>\n\t<meta property=\"og:image:width\" content=\"900\" \/>\n\t<meta property=\"og:image:height\" content=\"550\" \/>\n\t<meta property=\"og:image:type\" content=\"image\/jpeg\" \/>\n<meta name=\"twitter:card\" content=\"summary_large_image\" \/>\n<script type=\"application\/ld+json\" class=\"yoast-schema-graph\">{\"@context\":\"https:\/\/schema.org\",\"@graph\":[{\"@type\":\"WebSite\",\"@id\":\"https:\/\/www.toursbahia.com.br\/#website\",\"url\":\"https:\/\/www.toursbahia.com.br\/\",\"name\":\"Tours Bahia\",\"description\":\"\",\"potentialAction\":[{\"@type\":\"SearchAction\",\"target\":{\"@type\":\"EntryPoint\",\"urlTemplate\":\"https:\/\/www.toursbahia.com.br\/?s={search_term_string}\"},\"query-input\":\"required name=search_term_string\"}],\"inLanguage\":\"es\"},{\"@type\":\"ImageObject\",\"inLanguage\":\"es\",\"@id\":\"https:\/\/www.toursbahia.com.br\/es\/loja\/destino-es\/porto-seguro-destino\/#primaryimage\",\"url\":\"https:\/\/www.toursbahia.com.br\/wp-content\/uploads\/2018\/12\/foto-03-porto-seguro-tours-bahia.jpg\",\"contentUrl\":\"https:\/\/www.toursbahia.com.br\/wp-content\/uploads\/2018\/12\/foto-03-porto-seguro-tours-bahia.jpg\",\"width\":900,\"height\":550},{\"@type\":\"WebPage\",\"@id\":\"https:\/\/www.toursbahia.com.br\/es\/loja\/destino-es\/porto-seguro-destino\/\",\"url\":\"https:\/\/www.toursbahia.com.br\/es\/loja\/destino-es\/porto-seguro-destino\/\",\"name\":\"Porto Seguro - Destino - Tours Bahia\",\"isPartOf\":{\"@id\":\"https:\/\/www.toursbahia.com.br\/#website\"},\"primaryImageOfPage\":{\"@id\":\"https:\/\/www.toursbahia.com.br\/es\/loja\/destino-es\/porto-seguro-destino\/#primaryimage\"},\"datePublished\":\"2019-01-18T23:29:18+00:00\",\"dateModified\":\"2024-11-30T02:18:31+00:00\",\"breadcrumb\":{\"@id\":\"https:\/\/www.toursbahia.com.br\/es\/loja\/destino-es\/porto-seguro-destino\/#breadcrumb\"},\"inLanguage\":\"es\",\"potentialAction\":[{\"@type\":\"ReadAction\",\"target\":[\"https:\/\/www.toursbahia.com.br\/es\/loja\/destino-es\/porto-seguro-destino\/\"]}]},{\"@type\":\"BreadcrumbList\",\"@id\":\"https:\/\/www.toursbahia.com.br\/es\/loja\/destino-es\/porto-seguro-destino\/#breadcrumb\",\"itemListElement\":[{\"@type\":\"ListItem\",\"position\":1,\"name\":\"In\u00edcio\",\"item\":\"https:\/\/www.toursbahia.com.br\/es\/\"},{\"@type\":\"ListItem\",\"position\":2,\"name\":\"Store\",\"item\":\"https:\/\/www.toursbahia.com.br\/es\/store-tours-bahia-internacional\/\"},{\"@type\":\"ListItem\",\"position\":3,\"name\":\"Porto Seguro &#8211; Destino\"}]}]}<\/script>\n<!-- \/ Yoast SEO plugin. -->","yoast_head_json":{"title":"Porto Seguro - Destino - Tours Bahia","robots":{"index":"index","follow":"follow","max-snippet":"max-snippet:-1","max-image-preview":"max-image-preview:large","max-video-preview":"max-video-preview:-1"},"canonical":"https:\/\/www.toursbahia.com.br\/es\/loja\/destino-es\/porto-seguro-destino\/","og_locale":"es_ES","og_type":"article","og_title":"Porto Seguro - Destino - Tours Bahia","og_description":"Localizado en el sur de Bahia, en la llamada Costa del Descubrimiento, Porto Seguro fue oficialmente el primer lugar descubierto en el a\u00f1o 1500 por los navegadores portugueses en el actual territorio brasile\u00f1o. Un mestizaje de portugueses e indios constituye la poblaci\u00f3n nativa del lugar. Visitar el centro hist\u00f3rico de Porto Seguro es casi una obligaci\u00f3n para los miles de turistas que llegan a esta ciudad, Monumento Nacional, con su arquitectura del siglo XVI.  La exuberancia de sus playas, acantilados de colores, arrecifes de corales y la vegetaci\u00f3n de Mata Atl\u00e1ntica, hacen de Porto Seguro uno de los destinos m\u00e1s deseados de Brasil por turistas que buscan bellezas naturales, tranquilidad, e incluso diversi\u00f3n en un \u00fanico lugar. Adem\u00e1s de Porto seguro, los pueblos Arraial D\u00b4Ajuda y Trancoso, merecen una visita.  Bares, posadas y chiringuitos de playa, respetando el estilo r\u00fastico de Arraial, hacen que el peque\u00f1o pueblo sea todav\u00eda m\u00e1s encantador. En Trancoso, podr\u00e1 encontrar hoteles 5 estrellas, tiendas de marca y mucha gente famosa paseando por la playa, pero todo esto, sin perder la esencia y delicadeza del lugar.","og_url":"https:\/\/www.toursbahia.com.br\/es\/loja\/destino-es\/porto-seguro-destino\/","og_site_name":"Tours Bahia","article_publisher":"https:\/\/www.facebook.com\/toursbahiainternational","article_modified_time":"2024-11-30T02:18:31+00:00","og_image":[{"width":900,"height":550,"url":"https:\/\/www.toursbahia.com.br\/wp-content\/uploads\/2018\/12\/foto-03-porto-seguro-tours-bahia.jpg","type":"image\/jpeg"}],"twitter_card":"summary_large_image","schema":{"@context":"https:\/\/schema.org","@graph":[{"@type":"WebSite","@id":"https:\/\/www.toursbahia.com.br\/#website","url":"https:\/\/www.toursbahia.com.br\/","name":"Tours Bahia","description":"","potentialAction":[{"@type":"SearchAction","target":{"@type":"EntryPoint","urlTemplate":"https:\/\/www.toursbahia.com.br\/?s={search_term_string}"},"query-input":"required name=search_term_string"}],"inLanguage":"es"},{"@type":"ImageObject","inLanguage":"es","@id":"https:\/\/www.toursbahia.com.br\/es\/loja\/destino-es\/porto-seguro-destino\/#primaryimage","url":"https:\/\/www.toursbahia.com.br\/wp-content\/uploads\/2018\/12\/foto-03-porto-seguro-tours-bahia.jpg","contentUrl":"https:\/\/www.toursbahia.com.br\/wp-content\/uploads\/2018\/12\/foto-03-porto-seguro-tours-bahia.jpg","width":900,"height":550},{"@type":"WebPage","@id":"https:\/\/www.toursbahia.com.br\/es\/loja\/destino-es\/porto-seguro-destino\/","url":"https:\/\/www.toursbahia.com.br\/es\/loja\/destino-es\/porto-seguro-destino\/","name":"Porto Seguro - Destino - Tours Bahia","isPartOf":{"@id":"https:\/\/www.toursbahia.com.br\/#website"},"primaryImageOfPage":{"@id":"https:\/\/www.toursbahia.com.br\/es\/loja\/destino-es\/porto-seguro-destino\/#primaryimage"},"datePublished":"2019-01-18T23:29:18+00:00","dateModified":"2024-11-30T02:18:31+00:00","breadcrumb":{"@id":"https:\/\/www.toursbahia.com.br\/es\/loja\/destino-es\/porto-seguro-destino\/#breadcrumb"},"inLanguage":"es","potentialAction":[{"@type":"ReadAction","target":["https:\/\/www.toursbahia.com.br\/es\/loja\/destino-es\/porto-seguro-destino\/"]}]},{"@type":"BreadcrumbList","@id":"https:\/\/www.toursbahia.com.br\/es\/loja\/destino-es\/porto-seguro-destino\/#breadcrumb","itemListElement":[{"@type":"ListItem","position":1,"name":"In\u00edcio","item":"https:\/\/www.toursbahia.com.br\/es\/"},{"@type":"ListItem","position":2,"name":"Store","item":"https:\/\/www.toursbahia.com.br\/es\/store-tours-bahia-internacional\/"},{"@type":"ListItem","position":3,"name":"Porto Seguro &#8211; Destino"}]}]}},"_links":{"self":[{"href":"https:\/\/www.toursbahia.com.br\/es\/wp-json\/wp\/v2\/product\/3413"}],"collection":[{"href":"https:\/\/www.toursbahia.com.br\/es\/wp-json\/wp\/v2\/product"}],"about":[{"href":"https:\/\/www.toursbahia.com.br\/es\/wp-json\/wp\/v2\/types\/product"}],"replies":[{"embeddable":true,"href":"https:\/\/www.toursbahia.com.br\/es\/wp-json\/wp\/v2\/comments?post=3413"}],"wp:featuredmedia":[{"embeddable":true,"href":"https:\/\/www.toursbahia.com.br\/es\/wp-json\/wp\/v2\/media\/2054"}],"wp:attachment":[{"href":"https:\/\/www.toursbahia.com.br\/es\/wp-json\/wp\/v2\/media?parent=3413"}],"wp:term":[{"taxonomy":"product_cat","embeddable":true,"href":"https:\/\/www.toursbahia.com.br\/es\/wp-json\/wp\/v2\/product_cat?post=3413"},{"taxonomy":"product_tag","embeddable":true,"href":"https:\/\/www.toursbahia.com.br\/es\/wp-json\/wp\/v2\/product_tag?post=3413"}],"curies":[{"name":"wp","href":"https:\/\/api.w.org\/{rel}","templated":true}]}}