{"id":3416,"date":"2019-01-18T21:25:10","date_gmt":"2019-01-18T23:25:10","guid":{"rendered":"https:\/\/www.toursbahia.com.br\/\/produto\/sincategorizar\/imbassai-destino\/"},"modified":"2019-02-05T21:00:55","modified_gmt":"2019-02-05T23:00:55","slug":"imbassai-destino","status":"publish","type":"product","link":"https:\/\/www.toursbahia.com.br\/es\/loja\/destino-es\/imbassai-destino\/","title":{"rendered":"Imbassa\u00ed &#8211; Destino"},"content":{"rendered":"","protected":false},"excerpt":{"rendered":"<p>Imbassai conserva el clima de paz y sosiego t\u00edpicamente bahianos. El r\u00fastico pueblo tiene playas rodeadas por cocoteros, dunas y r\u00edos excelentes para darse un ba\u00f1o de agua dulce.<\/p>\n<p>Para llegar hasta la playa de Imbassai, se debe atravesar un puente de madera o, si la marea est\u00e1 alta, realizar la traves\u00eda en una peque\u00f1a \u201cJangada\u201d (peque\u00f1o barco t\u00edpico hecho de troncos de madera). Los r\u00fasticos chiringuitos de la playa esparcen sus mesas y sillas entre el r\u00edo y el mar, el cliente puede escoger donde quiere sentarse y disfrutar de algunos de los platos t\u00edpicos de la regi\u00f3n.<\/p>\n<p>Para conocer la playa de Santo Antonio, una de las m\u00e1s bonitas de la regi\u00f3n, hay que ir hasta el pueblo vecino y caminar por un sendero de 1,5 km a pie. En la comunidad de pescadores, conocer\u00e1 la belleza de la artesan\u00eda local. Son bolsos hechos de paja trenzada y te\u00f1ida que son exportados para varios pa\u00edses del mundo.<\/p>\n","protected":false},"featured_media":1976,"comment_status":"open","ping_status":"closed","template":"","meta":[],"product_cat":[672,679,676],"product_tag":[],"yoast_head":"<!-- This site is optimized with the Yoast SEO plugin v19.3 - https:\/\/yoast.com\/wordpress\/plugins\/seo\/ -->\n<title>Imbassa\u00ed - Destino - Tours Bahia<\/title>\n<meta name=\"robots\" content=\"index, follow, max-snippet:-1, max-image-preview:large, max-video-preview:-1\" \/>\n<link rel=\"canonical\" href=\"https:\/\/www.toursbahia.com.br\/es\/loja\/destino-es\/imbassai-destino\/\" \/>\n<meta property=\"og:locale\" content=\"es_ES\" \/>\n<meta property=\"og:type\" content=\"article\" \/>\n<meta property=\"og:title\" content=\"Imbassa\u00ed - Destino - Tours Bahia\" \/>\n<meta property=\"og:description\" content=\"Imbassai conserva el clima de paz y sosiego t\u00edpicamente bahianos. El r\u00fastico pueblo tiene playas rodeadas por cocoteros, dunas y r\u00edos excelentes para darse un ba\u00f1o de agua dulce.  Para llegar hasta la playa de Imbassai, se debe atravesar un puente de madera o, si la marea est\u00e1 alta, realizar la traves\u00eda en una peque\u00f1a \u201cJangada\u201d (peque\u00f1o barco t\u00edpico hecho de troncos de madera). Los r\u00fasticos chiringuitos de la playa esparcen sus mesas y sillas entre el r\u00edo y el mar, el cliente puede escoger donde quiere sentarse y disfrutar de algunos de los platos t\u00edpicos de la regi\u00f3n.  Para conocer la playa de Santo Antonio, una de las m\u00e1s bonitas de la regi\u00f3n, hay que ir hasta el pueblo vecino y caminar por un sendero de 1,5 km a pie. En la comunidad de pescadores, conocer\u00e1 la belleza de la artesan\u00eda local. Son bolsos hechos de paja trenzada y te\u00f1ida que son exportados para varios pa\u00edses del mundo.\" \/>\n<meta property=\"og:url\" content=\"https:\/\/www.toursbahia.com.br\/es\/loja\/destino-es\/imbassai-destino\/\" \/>\n<meta property=\"og:site_name\" content=\"Tours Bahia\" \/>\n<meta property=\"article:publisher\" content=\"https:\/\/www.facebook.com\/toursbahiainternational\" \/>\n<meta property=\"article:modified_time\" content=\"2019-02-05T23:00:55+00:00\" \/>\n<meta property=\"og:image\" content=\"https:\/\/www.toursbahia.com.br\/wp-content\/uploads\/2019\/01\/Imbassa\u00ed-Foto-05.jpg\" \/>\n\t<meta property=\"og:image:width\" content=\"900\" \/>\n\t<meta property=\"og:image:height\" content=\"550\" \/>\n\t<meta property=\"og:image:type\" content=\"image\/jpeg\" \/>\n<meta name=\"twitter:card\" content=\"summary_large_image\" \/>\n<script type=\"application\/ld+json\" class=\"yoast-schema-graph\">{\"@context\":\"https:\/\/schema.org\",\"@graph\":[{\"@type\":\"WebSite\",\"@id\":\"https:\/\/www.toursbahia.com.br\/#website\",\"url\":\"https:\/\/www.toursbahia.com.br\/\",\"name\":\"Tours Bahia\",\"description\":\"\",\"potentialAction\":[{\"@type\":\"SearchAction\",\"target\":{\"@type\":\"EntryPoint\",\"urlTemplate\":\"https:\/\/www.toursbahia.com.br\/?s={search_term_string}\"},\"query-input\":\"required name=search_term_string\"}],\"inLanguage\":\"es\"},{\"@type\":\"ImageObject\",\"inLanguage\":\"es\",\"@id\":\"https:\/\/www.toursbahia.com.br\/es\/loja\/destino-es\/imbassai-destino\/#primaryimage\",\"url\":\"https:\/\/www.toursbahia.com.br\/wp-content\/uploads\/2019\/01\/Imbassa\u00ed-Foto-05.jpg\",\"contentUrl\":\"https:\/\/www.toursbahia.com.br\/wp-content\/uploads\/2019\/01\/Imbassa\u00ed-Foto-05.jpg\",\"width\":900,\"height\":550},{\"@type\":\"WebPage\",\"@id\":\"https:\/\/www.toursbahia.com.br\/es\/loja\/destino-es\/imbassai-destino\/\",\"url\":\"https:\/\/www.toursbahia.com.br\/es\/loja\/destino-es\/imbassai-destino\/\",\"name\":\"Imbassa\u00ed - Destino - Tours Bahia\",\"isPartOf\":{\"@id\":\"https:\/\/www.toursbahia.com.br\/#website\"},\"primaryImageOfPage\":{\"@id\":\"https:\/\/www.toursbahia.com.br\/es\/loja\/destino-es\/imbassai-destino\/#primaryimage\"},\"datePublished\":\"2019-01-18T23:25:10+00:00\",\"dateModified\":\"2019-02-05T23:00:55+00:00\",\"breadcrumb\":{\"@id\":\"https:\/\/www.toursbahia.com.br\/es\/loja\/destino-es\/imbassai-destino\/#breadcrumb\"},\"inLanguage\":\"es\",\"potentialAction\":[{\"@type\":\"ReadAction\",\"target\":[\"https:\/\/www.toursbahia.com.br\/es\/loja\/destino-es\/imbassai-destino\/\"]}]},{\"@type\":\"BreadcrumbList\",\"@id\":\"https:\/\/www.toursbahia.com.br\/es\/loja\/destino-es\/imbassai-destino\/#breadcrumb\",\"itemListElement\":[{\"@type\":\"ListItem\",\"position\":1,\"name\":\"In\u00edcio\",\"item\":\"https:\/\/www.toursbahia.com.br\/es\/\"},{\"@type\":\"ListItem\",\"position\":2,\"name\":\"Store\",\"item\":\"https:\/\/www.toursbahia.com.br\/es\/store-tours-bahia-internacional\/\"},{\"@type\":\"ListItem\",\"position\":3,\"name\":\"Imbassa\u00ed &#8211; Destino\"}]}]}<\/script>\n<!-- \/ Yoast SEO plugin. -->","yoast_head_json":{"title":"Imbassa\u00ed - Destino - Tours Bahia","robots":{"index":"index","follow":"follow","max-snippet":"max-snippet:-1","max-image-preview":"max-image-preview:large","max-video-preview":"max-video-preview:-1"},"canonical":"https:\/\/www.toursbahia.com.br\/es\/loja\/destino-es\/imbassai-destino\/","og_locale":"es_ES","og_type":"article","og_title":"Imbassa\u00ed - Destino - Tours Bahia","og_description":"Imbassai conserva el clima de paz y sosiego t\u00edpicamente bahianos. El r\u00fastico pueblo tiene playas rodeadas por cocoteros, dunas y r\u00edos excelentes para darse un ba\u00f1o de agua dulce.  Para llegar hasta la playa de Imbassai, se debe atravesar un puente de madera o, si la marea est\u00e1 alta, realizar la traves\u00eda en una peque\u00f1a \u201cJangada\u201d (peque\u00f1o barco t\u00edpico hecho de troncos de madera). Los r\u00fasticos chiringuitos de la playa esparcen sus mesas y sillas entre el r\u00edo y el mar, el cliente puede escoger donde quiere sentarse y disfrutar de algunos de los platos t\u00edpicos de la regi\u00f3n.  Para conocer la playa de Santo Antonio, una de las m\u00e1s bonitas de la regi\u00f3n, hay que ir hasta el pueblo vecino y caminar por un sendero de 1,5 km a pie. En la comunidad de pescadores, conocer\u00e1 la belleza de la artesan\u00eda local. Son bolsos hechos de paja trenzada y te\u00f1ida que son exportados para varios pa\u00edses del mundo.","og_url":"https:\/\/www.toursbahia.com.br\/es\/loja\/destino-es\/imbassai-destino\/","og_site_name":"Tours Bahia","article_publisher":"https:\/\/www.facebook.com\/toursbahiainternational","article_modified_time":"2019-02-05T23:00:55+00:00","og_image":[{"width":900,"height":550,"url":"https:\/\/www.toursbahia.com.br\/wp-content\/uploads\/2019\/01\/Imbassa\u00ed-Foto-05.jpg","type":"image\/jpeg"}],"twitter_card":"summary_large_image","schema":{"@context":"https:\/\/schema.org","@graph":[{"@type":"WebSite","@id":"https:\/\/www.toursbahia.com.br\/#website","url":"https:\/\/www.toursbahia.com.br\/","name":"Tours Bahia","description":"","potentialAction":[{"@type":"SearchAction","target":{"@type":"EntryPoint","urlTemplate":"https:\/\/www.toursbahia.com.br\/?s={search_term_string}"},"query-input":"required name=search_term_string"}],"inLanguage":"es"},{"@type":"ImageObject","inLanguage":"es","@id":"https:\/\/www.toursbahia.com.br\/es\/loja\/destino-es\/imbassai-destino\/#primaryimage","url":"https:\/\/www.toursbahia.com.br\/wp-content\/uploads\/2019\/01\/Imbassa\u00ed-Foto-05.jpg","contentUrl":"https:\/\/www.toursbahia.com.br\/wp-content\/uploads\/2019\/01\/Imbassa\u00ed-Foto-05.jpg","width":900,"height":550},{"@type":"WebPage","@id":"https:\/\/www.toursbahia.com.br\/es\/loja\/destino-es\/imbassai-destino\/","url":"https:\/\/www.toursbahia.com.br\/es\/loja\/destino-es\/imbassai-destino\/","name":"Imbassa\u00ed - Destino - Tours Bahia","isPartOf":{"@id":"https:\/\/www.toursbahia.com.br\/#website"},"primaryImageOfPage":{"@id":"https:\/\/www.toursbahia.com.br\/es\/loja\/destino-es\/imbassai-destino\/#primaryimage"},"datePublished":"2019-01-18T23:25:10+00:00","dateModified":"2019-02-05T23:00:55+00:00","breadcrumb":{"@id":"https:\/\/www.toursbahia.com.br\/es\/loja\/destino-es\/imbassai-destino\/#breadcrumb"},"inLanguage":"es","potentialAction":[{"@type":"ReadAction","target":["https:\/\/www.toursbahia.com.br\/es\/loja\/destino-es\/imbassai-destino\/"]}]},{"@type":"BreadcrumbList","@id":"https:\/\/www.toursbahia.com.br\/es\/loja\/destino-es\/imbassai-destino\/#breadcrumb","itemListElement":[{"@type":"ListItem","position":1,"name":"In\u00edcio","item":"https:\/\/www.toursbahia.com.br\/es\/"},{"@type":"ListItem","position":2,"name":"Store","item":"https:\/\/www.toursbahia.com.br\/es\/store-tours-bahia-internacional\/"},{"@type":"ListItem","position":3,"name":"Imbassa\u00ed &#8211; Destino"}]}]}},"_links":{"self":[{"href":"https:\/\/www.toursbahia.com.br\/es\/wp-json\/wp\/v2\/product\/3416"}],"collection":[{"href":"https:\/\/www.toursbahia.com.br\/es\/wp-json\/wp\/v2\/product"}],"about":[{"href":"https:\/\/www.toursbahia.com.br\/es\/wp-json\/wp\/v2\/types\/product"}],"replies":[{"embeddable":true,"href":"https:\/\/www.toursbahia.com.br\/es\/wp-json\/wp\/v2\/comments?post=3416"}],"wp:featuredmedia":[{"embeddable":true,"href":"https:\/\/www.toursbahia.com.br\/es\/wp-json\/wp\/v2\/media\/1976"}],"wp:attachment":[{"href":"https:\/\/www.toursbahia.com.br\/es\/wp-json\/wp\/v2\/media?parent=3416"}],"wp:term":[{"taxonomy":"product_cat","embeddable":true,"href":"https:\/\/www.toursbahia.com.br\/es\/wp-json\/wp\/v2\/product_cat?post=3416"},{"taxonomy":"product_tag","embeddable":true,"href":"https:\/\/www.toursbahia.com.br\/es\/wp-json\/wp\/v2\/product_tag?post=3416"}],"curies":[{"name":"wp","href":"https:\/\/api.w.org\/{rel}","templated":true}]}}