{"id":3419,"date":"2019-01-18T21:20:00","date_gmt":"2019-01-18T23:20:00","guid":{"rendered":"https:\/\/www.toursbahia.com.br\/\/produto\/sincategorizar\/guarajuba-destino\/"},"modified":"2019-02-05T21:04:12","modified_gmt":"2019-02-05T23:04:12","slug":"guarajuba-destino","status":"publish","type":"product","link":"https:\/\/www.toursbahia.com.br\/es\/loja\/destino-es\/guarajuba-destino\/","title":{"rendered":"Guarajuba &#8211; Destino"},"content":{"rendered":"","protected":false},"excerpt":{"rendered":"<p>Guarajuba se ha convertido en una de las playas m\u00e1s buscadas del litoral norte de Bahia, especialmente para familias que quieren un local tranquilo para pasar las vacaciones.<\/p>\n<p>El pueblecito cuenta con casas de veraneo en urbanizaciones, posadas simples y resorts de lujo. En el \u00e1rea del paseo mar\u00edtimo hay plazas y calles con muchos \u00e1rboles, ideales para pasear en bicicleta, correr y caminar. En los trechos de la playa que est\u00e1n protegidos por arrecifes, podr\u00e1 bucear, y en las zonas de mar abierto, la formaci\u00f3n de olas perfectas est\u00e1 llamando la atenci\u00f3n de surfistas de todo Brasil.<\/p>\n<p>Durante el verano, los chiringuitos de playa y restaurantes locales se esmeran en las programaciones, tanto de d\u00eda como nocturnas, atrayendo tanto a habitantes locales como a turistas de \u00e9stas y de playas vecinas.<\/p>\n","protected":false},"featured_media":1982,"comment_status":"open","ping_status":"closed","template":"","meta":[],"product_cat":[672,678,676],"product_tag":[],"yoast_head":"<!-- This site is optimized with the Yoast SEO plugin v19.3 - https:\/\/yoast.com\/wordpress\/plugins\/seo\/ -->\n<title>Guarajuba - Destino - Tours Bahia<\/title>\n<meta name=\"robots\" content=\"index, follow, max-snippet:-1, max-image-preview:large, max-video-preview:-1\" \/>\n<link rel=\"canonical\" href=\"https:\/\/www.toursbahia.com.br\/es\/loja\/destino-es\/guarajuba-destino\/\" \/>\n<meta property=\"og:locale\" content=\"es_ES\" \/>\n<meta property=\"og:type\" content=\"article\" \/>\n<meta property=\"og:title\" content=\"Guarajuba - Destino - Tours Bahia\" \/>\n<meta property=\"og:description\" content=\"Guarajuba se ha convertido en una de las playas m\u00e1s buscadas del litoral norte de Bahia, especialmente para familias que quieren un local tranquilo para pasar las vacaciones.  El pueblecito cuenta con casas de veraneo en urbanizaciones, posadas simples y resorts de lujo. En el \u00e1rea del paseo mar\u00edtimo hay plazas y calles con muchos \u00e1rboles, ideales para pasear en bicicleta, correr y caminar. En los trechos de la playa que est\u00e1n protegidos por arrecifes, podr\u00e1 bucear, y en las zonas de mar abierto, la formaci\u00f3n de olas perfectas est\u00e1 llamando la atenci\u00f3n de surfistas de todo Brasil.  Durante el verano, los chiringuitos de playa y restaurantes locales se esmeran en las programaciones, tanto de d\u00eda como nocturnas, atrayendo tanto a habitantes locales como a turistas de \u00e9stas y de playas vecinas.\" \/>\n<meta property=\"og:url\" content=\"https:\/\/www.toursbahia.com.br\/es\/loja\/destino-es\/guarajuba-destino\/\" \/>\n<meta property=\"og:site_name\" content=\"Tours Bahia\" \/>\n<meta property=\"article:publisher\" content=\"https:\/\/www.facebook.com\/toursbahiainternational\" \/>\n<meta property=\"article:modified_time\" content=\"2019-02-05T23:04:12+00:00\" \/>\n<meta property=\"og:image\" content=\"https:\/\/www.toursbahia.com.br\/wp-content\/uploads\/2019\/01\/Guarajuba-Foto-05.jpg\" \/>\n\t<meta property=\"og:image:width\" content=\"900\" \/>\n\t<meta property=\"og:image:height\" content=\"550\" \/>\n\t<meta property=\"og:image:type\" content=\"image\/jpeg\" \/>\n<meta name=\"twitter:card\" content=\"summary_large_image\" \/>\n<script type=\"application\/ld+json\" class=\"yoast-schema-graph\">{\"@context\":\"https:\/\/schema.org\",\"@graph\":[{\"@type\":\"WebSite\",\"@id\":\"https:\/\/www.toursbahia.com.br\/#website\",\"url\":\"https:\/\/www.toursbahia.com.br\/\",\"name\":\"Tours Bahia\",\"description\":\"\",\"potentialAction\":[{\"@type\":\"SearchAction\",\"target\":{\"@type\":\"EntryPoint\",\"urlTemplate\":\"https:\/\/www.toursbahia.com.br\/?s={search_term_string}\"},\"query-input\":\"required name=search_term_string\"}],\"inLanguage\":\"es\"},{\"@type\":\"ImageObject\",\"inLanguage\":\"es\",\"@id\":\"https:\/\/www.toursbahia.com.br\/es\/loja\/destino-es\/guarajuba-destino\/#primaryimage\",\"url\":\"https:\/\/www.toursbahia.com.br\/wp-content\/uploads\/2019\/01\/Guarajuba-Foto-05.jpg\",\"contentUrl\":\"https:\/\/www.toursbahia.com.br\/wp-content\/uploads\/2019\/01\/Guarajuba-Foto-05.jpg\",\"width\":900,\"height\":550},{\"@type\":\"WebPage\",\"@id\":\"https:\/\/www.toursbahia.com.br\/es\/loja\/destino-es\/guarajuba-destino\/\",\"url\":\"https:\/\/www.toursbahia.com.br\/es\/loja\/destino-es\/guarajuba-destino\/\",\"name\":\"Guarajuba - Destino - Tours Bahia\",\"isPartOf\":{\"@id\":\"https:\/\/www.toursbahia.com.br\/#website\"},\"primaryImageOfPage\":{\"@id\":\"https:\/\/www.toursbahia.com.br\/es\/loja\/destino-es\/guarajuba-destino\/#primaryimage\"},\"datePublished\":\"2019-01-18T23:20:00+00:00\",\"dateModified\":\"2019-02-05T23:04:12+00:00\",\"breadcrumb\":{\"@id\":\"https:\/\/www.toursbahia.com.br\/es\/loja\/destino-es\/guarajuba-destino\/#breadcrumb\"},\"inLanguage\":\"es\",\"potentialAction\":[{\"@type\":\"ReadAction\",\"target\":[\"https:\/\/www.toursbahia.com.br\/es\/loja\/destino-es\/guarajuba-destino\/\"]}]},{\"@type\":\"BreadcrumbList\",\"@id\":\"https:\/\/www.toursbahia.com.br\/es\/loja\/destino-es\/guarajuba-destino\/#breadcrumb\",\"itemListElement\":[{\"@type\":\"ListItem\",\"position\":1,\"name\":\"In\u00edcio\",\"item\":\"https:\/\/www.toursbahia.com.br\/es\/\"},{\"@type\":\"ListItem\",\"position\":2,\"name\":\"Store\",\"item\":\"https:\/\/www.toursbahia.com.br\/es\/store-tours-bahia-internacional\/\"},{\"@type\":\"ListItem\",\"position\":3,\"name\":\"Guarajuba &#8211; Destino\"}]}]}<\/script>\n<!-- \/ Yoast SEO plugin. -->","yoast_head_json":{"title":"Guarajuba - Destino - Tours Bahia","robots":{"index":"index","follow":"follow","max-snippet":"max-snippet:-1","max-image-preview":"max-image-preview:large","max-video-preview":"max-video-preview:-1"},"canonical":"https:\/\/www.toursbahia.com.br\/es\/loja\/destino-es\/guarajuba-destino\/","og_locale":"es_ES","og_type":"article","og_title":"Guarajuba - Destino - Tours Bahia","og_description":"Guarajuba se ha convertido en una de las playas m\u00e1s buscadas del litoral norte de Bahia, especialmente para familias que quieren un local tranquilo para pasar las vacaciones.  El pueblecito cuenta con casas de veraneo en urbanizaciones, posadas simples y resorts de lujo. En el \u00e1rea del paseo mar\u00edtimo hay plazas y calles con muchos \u00e1rboles, ideales para pasear en bicicleta, correr y caminar. En los trechos de la playa que est\u00e1n protegidos por arrecifes, podr\u00e1 bucear, y en las zonas de mar abierto, la formaci\u00f3n de olas perfectas est\u00e1 llamando la atenci\u00f3n de surfistas de todo Brasil.  Durante el verano, los chiringuitos de playa y restaurantes locales se esmeran en las programaciones, tanto de d\u00eda como nocturnas, atrayendo tanto a habitantes locales como a turistas de \u00e9stas y de playas vecinas.","og_url":"https:\/\/www.toursbahia.com.br\/es\/loja\/destino-es\/guarajuba-destino\/","og_site_name":"Tours Bahia","article_publisher":"https:\/\/www.facebook.com\/toursbahiainternational","article_modified_time":"2019-02-05T23:04:12+00:00","og_image":[{"width":900,"height":550,"url":"https:\/\/www.toursbahia.com.br\/wp-content\/uploads\/2019\/01\/Guarajuba-Foto-05.jpg","type":"image\/jpeg"}],"twitter_card":"summary_large_image","schema":{"@context":"https:\/\/schema.org","@graph":[{"@type":"WebSite","@id":"https:\/\/www.toursbahia.com.br\/#website","url":"https:\/\/www.toursbahia.com.br\/","name":"Tours Bahia","description":"","potentialAction":[{"@type":"SearchAction","target":{"@type":"EntryPoint","urlTemplate":"https:\/\/www.toursbahia.com.br\/?s={search_term_string}"},"query-input":"required name=search_term_string"}],"inLanguage":"es"},{"@type":"ImageObject","inLanguage":"es","@id":"https:\/\/www.toursbahia.com.br\/es\/loja\/destino-es\/guarajuba-destino\/#primaryimage","url":"https:\/\/www.toursbahia.com.br\/wp-content\/uploads\/2019\/01\/Guarajuba-Foto-05.jpg","contentUrl":"https:\/\/www.toursbahia.com.br\/wp-content\/uploads\/2019\/01\/Guarajuba-Foto-05.jpg","width":900,"height":550},{"@type":"WebPage","@id":"https:\/\/www.toursbahia.com.br\/es\/loja\/destino-es\/guarajuba-destino\/","url":"https:\/\/www.toursbahia.com.br\/es\/loja\/destino-es\/guarajuba-destino\/","name":"Guarajuba - Destino - Tours Bahia","isPartOf":{"@id":"https:\/\/www.toursbahia.com.br\/#website"},"primaryImageOfPage":{"@id":"https:\/\/www.toursbahia.com.br\/es\/loja\/destino-es\/guarajuba-destino\/#primaryimage"},"datePublished":"2019-01-18T23:20:00+00:00","dateModified":"2019-02-05T23:04:12+00:00","breadcrumb":{"@id":"https:\/\/www.toursbahia.com.br\/es\/loja\/destino-es\/guarajuba-destino\/#breadcrumb"},"inLanguage":"es","potentialAction":[{"@type":"ReadAction","target":["https:\/\/www.toursbahia.com.br\/es\/loja\/destino-es\/guarajuba-destino\/"]}]},{"@type":"BreadcrumbList","@id":"https:\/\/www.toursbahia.com.br\/es\/loja\/destino-es\/guarajuba-destino\/#breadcrumb","itemListElement":[{"@type":"ListItem","position":1,"name":"In\u00edcio","item":"https:\/\/www.toursbahia.com.br\/es\/"},{"@type":"ListItem","position":2,"name":"Store","item":"https:\/\/www.toursbahia.com.br\/es\/store-tours-bahia-internacional\/"},{"@type":"ListItem","position":3,"name":"Guarajuba &#8211; Destino"}]}]}},"_links":{"self":[{"href":"https:\/\/www.toursbahia.com.br\/es\/wp-json\/wp\/v2\/product\/3419"}],"collection":[{"href":"https:\/\/www.toursbahia.com.br\/es\/wp-json\/wp\/v2\/product"}],"about":[{"href":"https:\/\/www.toursbahia.com.br\/es\/wp-json\/wp\/v2\/types\/product"}],"replies":[{"embeddable":true,"href":"https:\/\/www.toursbahia.com.br\/es\/wp-json\/wp\/v2\/comments?post=3419"}],"wp:featuredmedia":[{"embeddable":true,"href":"https:\/\/www.toursbahia.com.br\/es\/wp-json\/wp\/v2\/media\/1982"}],"wp:attachment":[{"href":"https:\/\/www.toursbahia.com.br\/es\/wp-json\/wp\/v2\/media?parent=3419"}],"wp:term":[{"taxonomy":"product_cat","embeddable":true,"href":"https:\/\/www.toursbahia.com.br\/es\/wp-json\/wp\/v2\/product_cat?post=3419"},{"taxonomy":"product_tag","embeddable":true,"href":"https:\/\/www.toursbahia.com.br\/es\/wp-json\/wp\/v2\/product_tag?post=3419"}],"curies":[{"name":"wp","href":"https:\/\/api.w.org\/{rel}","templated":true}]}}