{"id":3423,"date":"2019-01-18T21:17:26","date_gmt":"2019-01-18T23:17:26","guid":{"rendered":"https:\/\/www.toursbahia.com.br\/\/produto\/sincategorizar\/arembepe-destino\/"},"modified":"2019-02-05T21:08:10","modified_gmt":"2019-02-05T23:08:10","slug":"arembepe-destino","status":"publish","type":"product","link":"https:\/\/www.toursbahia.com.br\/es\/loja\/destino-es\/arembepe-destino\/","title":{"rendered":"Arembepe &#8211; Destino"},"content":{"rendered":"","protected":false},"excerpt":{"rendered":"<p>Arembepe tiene playas preciosas, pero lo que realmente llama la atenci\u00f3n de los turistas es la aldea Hippie del lugar.<\/p>\n<p>Local lleno de paz y amor, que transmite a los visitantes una forma de sobrevivencia simple y alternativa, en medio de una naturaleza casi intocada. Los habitantes de la aldea todav\u00eda viven en casas de barro y paja, sin energ\u00eda el\u00e9ctrica y el poco dinero que consiguen para mantenerse proviene de la venta de sus artesan\u00edas y de la mandioca.<\/p>\n<p>Arembepe ya recibi\u00f3 algunas visitas ilustres en las d\u00e9cadas de 60 y 70 como: Mick Jagger, Keith Richards y Janis Joplin. El visual todav\u00eda es de cocoteros, restingas, piscinas naturales y lagos cristalinos. Adem\u00e1s de estos atractivos, el local tiene tambi\u00e9n una base del Proyecto Tamar para la protecci\u00f3n de Tortugas marinas.<\/p>\n<p>Vale la pena visitar y encantarse con este para\u00edso.<\/p>\n","protected":false},"featured_media":2013,"comment_status":"open","ping_status":"closed","template":"","meta":[],"product_cat":[672,677,676],"product_tag":[],"yoast_head":"<!-- This site is optimized with the Yoast SEO plugin v19.3 - https:\/\/yoast.com\/wordpress\/plugins\/seo\/ -->\n<title>Arembepe - Destino - Tours Bahia<\/title>\n<meta name=\"robots\" content=\"index, follow, max-snippet:-1, max-image-preview:large, max-video-preview:-1\" \/>\n<link rel=\"canonical\" href=\"https:\/\/www.toursbahia.com.br\/es\/loja\/destino-es\/arembepe-destino\/\" \/>\n<meta property=\"og:locale\" content=\"es_ES\" \/>\n<meta property=\"og:type\" content=\"article\" \/>\n<meta property=\"og:title\" content=\"Arembepe - Destino - Tours Bahia\" \/>\n<meta property=\"og:description\" content=\"Arembepe tiene playas preciosas, pero lo que realmente llama la atenci\u00f3n de los turistas es la aldea Hippie del lugar.  Local lleno de paz y amor, que transmite a los visitantes una forma de sobrevivencia simple y alternativa, en medio de una naturaleza casi intocada. Los habitantes de la aldea todav\u00eda viven en casas de barro y paja, sin energ\u00eda el\u00e9ctrica y el poco dinero que consiguen para mantenerse proviene de la venta de sus artesan\u00edas y de la mandioca.  Arembepe ya recibi\u00f3 algunas visitas ilustres en las d\u00e9cadas de 60 y 70 como: Mick Jagger, Keith Richards y Janis Joplin. El visual todav\u00eda es de cocoteros, restingas, piscinas naturales y lagos cristalinos. Adem\u00e1s de estos atractivos, el local tiene tambi\u00e9n una base del Proyecto Tamar para la protecci\u00f3n de Tortugas marinas.  Vale la pena visitar y encantarse con este para\u00edso.\" \/>\n<meta property=\"og:url\" content=\"https:\/\/www.toursbahia.com.br\/es\/loja\/destino-es\/arembepe-destino\/\" \/>\n<meta property=\"og:site_name\" content=\"Tours Bahia\" \/>\n<meta property=\"article:publisher\" content=\"https:\/\/www.facebook.com\/toursbahiainternational\" \/>\n<meta property=\"article:modified_time\" content=\"2019-02-05T23:08:10+00:00\" \/>\n<meta property=\"og:image\" content=\"https:\/\/www.toursbahia.com.br\/wp-content\/uploads\/2019\/01\/Arembepe-Foto-08.jpg\" \/>\n\t<meta property=\"og:image:width\" content=\"900\" \/>\n\t<meta property=\"og:image:height\" content=\"550\" \/>\n\t<meta property=\"og:image:type\" content=\"image\/jpeg\" \/>\n<meta name=\"twitter:card\" content=\"summary_large_image\" \/>\n<script type=\"application\/ld+json\" class=\"yoast-schema-graph\">{\"@context\":\"https:\/\/schema.org\",\"@graph\":[{\"@type\":\"WebSite\",\"@id\":\"https:\/\/www.toursbahia.com.br\/#website\",\"url\":\"https:\/\/www.toursbahia.com.br\/\",\"name\":\"Tours Bahia\",\"description\":\"\",\"potentialAction\":[{\"@type\":\"SearchAction\",\"target\":{\"@type\":\"EntryPoint\",\"urlTemplate\":\"https:\/\/www.toursbahia.com.br\/?s={search_term_string}\"},\"query-input\":\"required name=search_term_string\"}],\"inLanguage\":\"es\"},{\"@type\":\"ImageObject\",\"inLanguage\":\"es\",\"@id\":\"https:\/\/www.toursbahia.com.br\/es\/loja\/destino-es\/arembepe-destino\/#primaryimage\",\"url\":\"https:\/\/www.toursbahia.com.br\/wp-content\/uploads\/2019\/01\/Arembepe-Foto-08.jpg\",\"contentUrl\":\"https:\/\/www.toursbahia.com.br\/wp-content\/uploads\/2019\/01\/Arembepe-Foto-08.jpg\",\"width\":900,\"height\":550},{\"@type\":\"WebPage\",\"@id\":\"https:\/\/www.toursbahia.com.br\/es\/loja\/destino-es\/arembepe-destino\/\",\"url\":\"https:\/\/www.toursbahia.com.br\/es\/loja\/destino-es\/arembepe-destino\/\",\"name\":\"Arembepe - Destino - Tours Bahia\",\"isPartOf\":{\"@id\":\"https:\/\/www.toursbahia.com.br\/#website\"},\"primaryImageOfPage\":{\"@id\":\"https:\/\/www.toursbahia.com.br\/es\/loja\/destino-es\/arembepe-destino\/#primaryimage\"},\"datePublished\":\"2019-01-18T23:17:26+00:00\",\"dateModified\":\"2019-02-05T23:08:10+00:00\",\"breadcrumb\":{\"@id\":\"https:\/\/www.toursbahia.com.br\/es\/loja\/destino-es\/arembepe-destino\/#breadcrumb\"},\"inLanguage\":\"es\",\"potentialAction\":[{\"@type\":\"ReadAction\",\"target\":[\"https:\/\/www.toursbahia.com.br\/es\/loja\/destino-es\/arembepe-destino\/\"]}]},{\"@type\":\"BreadcrumbList\",\"@id\":\"https:\/\/www.toursbahia.com.br\/es\/loja\/destino-es\/arembepe-destino\/#breadcrumb\",\"itemListElement\":[{\"@type\":\"ListItem\",\"position\":1,\"name\":\"In\u00edcio\",\"item\":\"https:\/\/www.toursbahia.com.br\/es\/\"},{\"@type\":\"ListItem\",\"position\":2,\"name\":\"Store\",\"item\":\"https:\/\/www.toursbahia.com.br\/es\/store-tours-bahia-internacional\/\"},{\"@type\":\"ListItem\",\"position\":3,\"name\":\"Arembepe &#8211; Destino\"}]}]}<\/script>\n<!-- \/ Yoast SEO plugin. -->","yoast_head_json":{"title":"Arembepe - Destino - Tours Bahia","robots":{"index":"index","follow":"follow","max-snippet":"max-snippet:-1","max-image-preview":"max-image-preview:large","max-video-preview":"max-video-preview:-1"},"canonical":"https:\/\/www.toursbahia.com.br\/es\/loja\/destino-es\/arembepe-destino\/","og_locale":"es_ES","og_type":"article","og_title":"Arembepe - Destino - Tours Bahia","og_description":"Arembepe tiene playas preciosas, pero lo que realmente llama la atenci\u00f3n de los turistas es la aldea Hippie del lugar.  Local lleno de paz y amor, que transmite a los visitantes una forma de sobrevivencia simple y alternativa, en medio de una naturaleza casi intocada. Los habitantes de la aldea todav\u00eda viven en casas de barro y paja, sin energ\u00eda el\u00e9ctrica y el poco dinero que consiguen para mantenerse proviene de la venta de sus artesan\u00edas y de la mandioca.  Arembepe ya recibi\u00f3 algunas visitas ilustres en las d\u00e9cadas de 60 y 70 como: Mick Jagger, Keith Richards y Janis Joplin. El visual todav\u00eda es de cocoteros, restingas, piscinas naturales y lagos cristalinos. Adem\u00e1s de estos atractivos, el local tiene tambi\u00e9n una base del Proyecto Tamar para la protecci\u00f3n de Tortugas marinas.  Vale la pena visitar y encantarse con este para\u00edso.","og_url":"https:\/\/www.toursbahia.com.br\/es\/loja\/destino-es\/arembepe-destino\/","og_site_name":"Tours Bahia","article_publisher":"https:\/\/www.facebook.com\/toursbahiainternational","article_modified_time":"2019-02-05T23:08:10+00:00","og_image":[{"width":900,"height":550,"url":"https:\/\/www.toursbahia.com.br\/wp-content\/uploads\/2019\/01\/Arembepe-Foto-08.jpg","type":"image\/jpeg"}],"twitter_card":"summary_large_image","schema":{"@context":"https:\/\/schema.org","@graph":[{"@type":"WebSite","@id":"https:\/\/www.toursbahia.com.br\/#website","url":"https:\/\/www.toursbahia.com.br\/","name":"Tours Bahia","description":"","potentialAction":[{"@type":"SearchAction","target":{"@type":"EntryPoint","urlTemplate":"https:\/\/www.toursbahia.com.br\/?s={search_term_string}"},"query-input":"required name=search_term_string"}],"inLanguage":"es"},{"@type":"ImageObject","inLanguage":"es","@id":"https:\/\/www.toursbahia.com.br\/es\/loja\/destino-es\/arembepe-destino\/#primaryimage","url":"https:\/\/www.toursbahia.com.br\/wp-content\/uploads\/2019\/01\/Arembepe-Foto-08.jpg","contentUrl":"https:\/\/www.toursbahia.com.br\/wp-content\/uploads\/2019\/01\/Arembepe-Foto-08.jpg","width":900,"height":550},{"@type":"WebPage","@id":"https:\/\/www.toursbahia.com.br\/es\/loja\/destino-es\/arembepe-destino\/","url":"https:\/\/www.toursbahia.com.br\/es\/loja\/destino-es\/arembepe-destino\/","name":"Arembepe - Destino - Tours Bahia","isPartOf":{"@id":"https:\/\/www.toursbahia.com.br\/#website"},"primaryImageOfPage":{"@id":"https:\/\/www.toursbahia.com.br\/es\/loja\/destino-es\/arembepe-destino\/#primaryimage"},"datePublished":"2019-01-18T23:17:26+00:00","dateModified":"2019-02-05T23:08:10+00:00","breadcrumb":{"@id":"https:\/\/www.toursbahia.com.br\/es\/loja\/destino-es\/arembepe-destino\/#breadcrumb"},"inLanguage":"es","potentialAction":[{"@type":"ReadAction","target":["https:\/\/www.toursbahia.com.br\/es\/loja\/destino-es\/arembepe-destino\/"]}]},{"@type":"BreadcrumbList","@id":"https:\/\/www.toursbahia.com.br\/es\/loja\/destino-es\/arembepe-destino\/#breadcrumb","itemListElement":[{"@type":"ListItem","position":1,"name":"In\u00edcio","item":"https:\/\/www.toursbahia.com.br\/es\/"},{"@type":"ListItem","position":2,"name":"Store","item":"https:\/\/www.toursbahia.com.br\/es\/store-tours-bahia-internacional\/"},{"@type":"ListItem","position":3,"name":"Arembepe &#8211; Destino"}]}]}},"_links":{"self":[{"href":"https:\/\/www.toursbahia.com.br\/es\/wp-json\/wp\/v2\/product\/3423"}],"collection":[{"href":"https:\/\/www.toursbahia.com.br\/es\/wp-json\/wp\/v2\/product"}],"about":[{"href":"https:\/\/www.toursbahia.com.br\/es\/wp-json\/wp\/v2\/types\/product"}],"replies":[{"embeddable":true,"href":"https:\/\/www.toursbahia.com.br\/es\/wp-json\/wp\/v2\/comments?post=3423"}],"wp:featuredmedia":[{"embeddable":true,"href":"https:\/\/www.toursbahia.com.br\/es\/wp-json\/wp\/v2\/media\/2013"}],"wp:attachment":[{"href":"https:\/\/www.toursbahia.com.br\/es\/wp-json\/wp\/v2\/media?parent=3423"}],"wp:term":[{"taxonomy":"product_cat","embeddable":true,"href":"https:\/\/www.toursbahia.com.br\/es\/wp-json\/wp\/v2\/product_cat?post=3423"},{"taxonomy":"product_tag","embeddable":true,"href":"https:\/\/www.toursbahia.com.br\/es\/wp-json\/wp\/v2\/product_tag?post=3423"}],"curies":[{"name":"wp","href":"https:\/\/api.w.org\/{rel}","templated":true}]}}