{"id":3430,"date":"2019-01-18T15:17:17","date_gmt":"2019-01-18T17:17:17","guid":{"rendered":"https:\/\/www.toursbahia.com.br\/\/produto\/sincategorizar\/praia-do-forte-destino\/"},"modified":"2019-02-05T21:13:17","modified_gmt":"2019-02-05T23:13:17","slug":"praia-do-forte-destino","status":"publish","type":"product","link":"https:\/\/www.toursbahia.com.br\/es\/loja\/destino-es\/praia-do-forte-destino\/","title":{"rendered":"Praia do Forte &#8211; Destino"},"content":{"rendered":"","protected":false},"excerpt":{"rendered":"<p>Praia do Forte, con sus 14 km de playas exuberantes de aguas cristalinas, arrecifes de corales, piscinas naturales y bandos de peces de colores, dispone de una estupenda infraestructura con varias opciones de diversi\u00f3n y ecoturismo que ofrecer a sus visitantes. Cuenta con resorts, hoteles, posadas, tiendas que van desde la artesan\u00eda local a grandes marcas internacionales, bares y restaurantes localizados a lo largo del antiguo pueblo de pescadores.<\/p>\n<p>Adem\u00e1s de todos estos atractivos, tambi\u00e9n se puede visitar el Proyecto Tamar, de protecci\u00f3n de tortugas marinas, as\u00ed como participar de la suelta en el mar de las tortugas reci\u00e9n nacidas, que tiene lugar entre los meses de diciembre a febrero. Entre junio y octubre tenemos excursiones en barco opcionales para observaci\u00f3n de las exuberantes ballenas Jubarte que vienen todos los a\u00f1os desde la Ant\u00e1rtida hasta las aguas tropicales del litoral bahiano para reproducirse.<\/p>\n<p>Praia do Forte est\u00e1 localizada a 55 km del aeropuerto de Salvador. Cocoteros sinfin, dunas de arena blanqu\u00edsima y mucho mar acompa\u00f1an este recorrido hasta el pueblo, que cuenta tambi\u00e9n con reservas ambientales y las ruinas del Castillo Garcia D\u00b4Avila, del siglo XVI, el primer fuerte portugu\u00e9s en tierras brasile\u00f1as.<\/p>\n<p>\u00a1Bienvenido al para\u00edso!<\/p>\n","protected":false},"featured_media":1991,"comment_status":"open","ping_status":"closed","template":"","meta":[],"product_cat":[672,676,681],"product_tag":[],"yoast_head":"<!-- This site is optimized with the Yoast SEO plugin v19.3 - https:\/\/yoast.com\/wordpress\/plugins\/seo\/ -->\n<title>Praia do Forte - Destino - Tours Bahia<\/title>\n<meta name=\"robots\" content=\"index, follow, max-snippet:-1, max-image-preview:large, max-video-preview:-1\" \/>\n<link rel=\"canonical\" href=\"https:\/\/www.toursbahia.com.br\/es\/loja\/destino-es\/praia-do-forte-destino\/\" \/>\n<meta property=\"og:locale\" content=\"es_ES\" \/>\n<meta property=\"og:type\" content=\"article\" \/>\n<meta property=\"og:title\" content=\"Praia do Forte - Destino - Tours Bahia\" \/>\n<meta property=\"og:description\" content=\"Praia do Forte, con sus 14 km de playas exuberantes de aguas cristalinas, arrecifes de corales, piscinas naturales y bandos de peces de colores, dispone de una estupenda infraestructura con varias opciones de diversi\u00f3n y ecoturismo que ofrecer a sus visitantes. Cuenta con resorts, hoteles, posadas, tiendas que van desde la artesan\u00eda local a grandes marcas internacionales, bares y restaurantes localizados a lo largo del antiguo pueblo de pescadores.  Adem\u00e1s de todos estos atractivos, tambi\u00e9n se puede visitar el Proyecto Tamar, de protecci\u00f3n de tortugas marinas, as\u00ed como participar de la suelta en el mar de las tortugas reci\u00e9n nacidas, que tiene lugar entre los meses de diciembre a febrero. Entre junio y octubre tenemos excursiones en barco opcionales para observaci\u00f3n de las exuberantes ballenas Jubarte que vienen todos los a\u00f1os desde la Ant\u00e1rtida hasta las aguas tropicales del litoral bahiano para reproducirse.  Praia do Forte est\u00e1 localizada a 55 km del aeropuerto de Salvador. Cocoteros sinfin, dunas de arena blanqu\u00edsima y mucho mar acompa\u00f1an este recorrido hasta el pueblo, que cuenta tambi\u00e9n con reservas ambientales y las ruinas del Castillo Garcia D\u00b4Avila, del siglo XVI, el primer fuerte portugu\u00e9s en tierras brasile\u00f1as.  \u00a1Bienvenido al para\u00edso!\" \/>\n<meta property=\"og:url\" content=\"https:\/\/www.toursbahia.com.br\/es\/loja\/destino-es\/praia-do-forte-destino\/\" \/>\n<meta property=\"og:site_name\" content=\"Tours Bahia\" \/>\n<meta property=\"article:publisher\" content=\"https:\/\/www.facebook.com\/toursbahiainternational\" \/>\n<meta property=\"article:modified_time\" content=\"2019-02-05T23:13:17+00:00\" \/>\n<meta property=\"og:image\" content=\"https:\/\/www.toursbahia.com.br\/wp-content\/uploads\/2019\/01\/Praia-do-Forte-Foto-03.jpg\" \/>\n\t<meta property=\"og:image:width\" content=\"900\" \/>\n\t<meta property=\"og:image:height\" content=\"550\" \/>\n\t<meta property=\"og:image:type\" content=\"image\/jpeg\" \/>\n<meta name=\"twitter:card\" content=\"summary_large_image\" \/>\n<script type=\"application\/ld+json\" class=\"yoast-schema-graph\">{\"@context\":\"https:\/\/schema.org\",\"@graph\":[{\"@type\":\"WebSite\",\"@id\":\"https:\/\/www.toursbahia.com.br\/#website\",\"url\":\"https:\/\/www.toursbahia.com.br\/\",\"name\":\"Tours Bahia\",\"description\":\"\",\"potentialAction\":[{\"@type\":\"SearchAction\",\"target\":{\"@type\":\"EntryPoint\",\"urlTemplate\":\"https:\/\/www.toursbahia.com.br\/?s={search_term_string}\"},\"query-input\":\"required name=search_term_string\"}],\"inLanguage\":\"es\"},{\"@type\":\"ImageObject\",\"inLanguage\":\"es\",\"@id\":\"https:\/\/www.toursbahia.com.br\/es\/loja\/destino-es\/praia-do-forte-destino\/#primaryimage\",\"url\":\"https:\/\/www.toursbahia.com.br\/wp-content\/uploads\/2019\/01\/Praia-do-Forte-Foto-03.jpg\",\"contentUrl\":\"https:\/\/www.toursbahia.com.br\/wp-content\/uploads\/2019\/01\/Praia-do-Forte-Foto-03.jpg\",\"width\":900,\"height\":550},{\"@type\":\"WebPage\",\"@id\":\"https:\/\/www.toursbahia.com.br\/es\/loja\/destino-es\/praia-do-forte-destino\/\",\"url\":\"https:\/\/www.toursbahia.com.br\/es\/loja\/destino-es\/praia-do-forte-destino\/\",\"name\":\"Praia do Forte - Destino - Tours Bahia\",\"isPartOf\":{\"@id\":\"https:\/\/www.toursbahia.com.br\/#website\"},\"primaryImageOfPage\":{\"@id\":\"https:\/\/www.toursbahia.com.br\/es\/loja\/destino-es\/praia-do-forte-destino\/#primaryimage\"},\"datePublished\":\"2019-01-18T17:17:17+00:00\",\"dateModified\":\"2019-02-05T23:13:17+00:00\",\"breadcrumb\":{\"@id\":\"https:\/\/www.toursbahia.com.br\/es\/loja\/destino-es\/praia-do-forte-destino\/#breadcrumb\"},\"inLanguage\":\"es\",\"potentialAction\":[{\"@type\":\"ReadAction\",\"target\":[\"https:\/\/www.toursbahia.com.br\/es\/loja\/destino-es\/praia-do-forte-destino\/\"]}]},{\"@type\":\"BreadcrumbList\",\"@id\":\"https:\/\/www.toursbahia.com.br\/es\/loja\/destino-es\/praia-do-forte-destino\/#breadcrumb\",\"itemListElement\":[{\"@type\":\"ListItem\",\"position\":1,\"name\":\"In\u00edcio\",\"item\":\"https:\/\/www.toursbahia.com.br\/es\/\"},{\"@type\":\"ListItem\",\"position\":2,\"name\":\"Store\",\"item\":\"https:\/\/www.toursbahia.com.br\/es\/store-tours-bahia-internacional\/\"},{\"@type\":\"ListItem\",\"position\":3,\"name\":\"Praia do Forte &#8211; Destino\"}]}]}<\/script>\n<!-- \/ Yoast SEO plugin. -->","yoast_head_json":{"title":"Praia do Forte - Destino - Tours Bahia","robots":{"index":"index","follow":"follow","max-snippet":"max-snippet:-1","max-image-preview":"max-image-preview:large","max-video-preview":"max-video-preview:-1"},"canonical":"https:\/\/www.toursbahia.com.br\/es\/loja\/destino-es\/praia-do-forte-destino\/","og_locale":"es_ES","og_type":"article","og_title":"Praia do Forte - Destino - Tours Bahia","og_description":"Praia do Forte, con sus 14 km de playas exuberantes de aguas cristalinas, arrecifes de corales, piscinas naturales y bandos de peces de colores, dispone de una estupenda infraestructura con varias opciones de diversi\u00f3n y ecoturismo que ofrecer a sus visitantes. Cuenta con resorts, hoteles, posadas, tiendas que van desde la artesan\u00eda local a grandes marcas internacionales, bares y restaurantes localizados a lo largo del antiguo pueblo de pescadores.  Adem\u00e1s de todos estos atractivos, tambi\u00e9n se puede visitar el Proyecto Tamar, de protecci\u00f3n de tortugas marinas, as\u00ed como participar de la suelta en el mar de las tortugas reci\u00e9n nacidas, que tiene lugar entre los meses de diciembre a febrero. Entre junio y octubre tenemos excursiones en barco opcionales para observaci\u00f3n de las exuberantes ballenas Jubarte que vienen todos los a\u00f1os desde la Ant\u00e1rtida hasta las aguas tropicales del litoral bahiano para reproducirse.  Praia do Forte est\u00e1 localizada a 55 km del aeropuerto de Salvador. Cocoteros sinfin, dunas de arena blanqu\u00edsima y mucho mar acompa\u00f1an este recorrido hasta el pueblo, que cuenta tambi\u00e9n con reservas ambientales y las ruinas del Castillo Garcia D\u00b4Avila, del siglo XVI, el primer fuerte portugu\u00e9s en tierras brasile\u00f1as.  \u00a1Bienvenido al para\u00edso!","og_url":"https:\/\/www.toursbahia.com.br\/es\/loja\/destino-es\/praia-do-forte-destino\/","og_site_name":"Tours Bahia","article_publisher":"https:\/\/www.facebook.com\/toursbahiainternational","article_modified_time":"2019-02-05T23:13:17+00:00","og_image":[{"width":900,"height":550,"url":"https:\/\/www.toursbahia.com.br\/wp-content\/uploads\/2019\/01\/Praia-do-Forte-Foto-03.jpg","type":"image\/jpeg"}],"twitter_card":"summary_large_image","schema":{"@context":"https:\/\/schema.org","@graph":[{"@type":"WebSite","@id":"https:\/\/www.toursbahia.com.br\/#website","url":"https:\/\/www.toursbahia.com.br\/","name":"Tours Bahia","description":"","potentialAction":[{"@type":"SearchAction","target":{"@type":"EntryPoint","urlTemplate":"https:\/\/www.toursbahia.com.br\/?s={search_term_string}"},"query-input":"required name=search_term_string"}],"inLanguage":"es"},{"@type":"ImageObject","inLanguage":"es","@id":"https:\/\/www.toursbahia.com.br\/es\/loja\/destino-es\/praia-do-forte-destino\/#primaryimage","url":"https:\/\/www.toursbahia.com.br\/wp-content\/uploads\/2019\/01\/Praia-do-Forte-Foto-03.jpg","contentUrl":"https:\/\/www.toursbahia.com.br\/wp-content\/uploads\/2019\/01\/Praia-do-Forte-Foto-03.jpg","width":900,"height":550},{"@type":"WebPage","@id":"https:\/\/www.toursbahia.com.br\/es\/loja\/destino-es\/praia-do-forte-destino\/","url":"https:\/\/www.toursbahia.com.br\/es\/loja\/destino-es\/praia-do-forte-destino\/","name":"Praia do Forte - Destino - Tours Bahia","isPartOf":{"@id":"https:\/\/www.toursbahia.com.br\/#website"},"primaryImageOfPage":{"@id":"https:\/\/www.toursbahia.com.br\/es\/loja\/destino-es\/praia-do-forte-destino\/#primaryimage"},"datePublished":"2019-01-18T17:17:17+00:00","dateModified":"2019-02-05T23:13:17+00:00","breadcrumb":{"@id":"https:\/\/www.toursbahia.com.br\/es\/loja\/destino-es\/praia-do-forte-destino\/#breadcrumb"},"inLanguage":"es","potentialAction":[{"@type":"ReadAction","target":["https:\/\/www.toursbahia.com.br\/es\/loja\/destino-es\/praia-do-forte-destino\/"]}]},{"@type":"BreadcrumbList","@id":"https:\/\/www.toursbahia.com.br\/es\/loja\/destino-es\/praia-do-forte-destino\/#breadcrumb","itemListElement":[{"@type":"ListItem","position":1,"name":"In\u00edcio","item":"https:\/\/www.toursbahia.com.br\/es\/"},{"@type":"ListItem","position":2,"name":"Store","item":"https:\/\/www.toursbahia.com.br\/es\/store-tours-bahia-internacional\/"},{"@type":"ListItem","position":3,"name":"Praia do Forte &#8211; Destino"}]}]}},"_links":{"self":[{"href":"https:\/\/www.toursbahia.com.br\/es\/wp-json\/wp\/v2\/product\/3430"}],"collection":[{"href":"https:\/\/www.toursbahia.com.br\/es\/wp-json\/wp\/v2\/product"}],"about":[{"href":"https:\/\/www.toursbahia.com.br\/es\/wp-json\/wp\/v2\/types\/product"}],"replies":[{"embeddable":true,"href":"https:\/\/www.toursbahia.com.br\/es\/wp-json\/wp\/v2\/comments?post=3430"}],"wp:featuredmedia":[{"embeddable":true,"href":"https:\/\/www.toursbahia.com.br\/es\/wp-json\/wp\/v2\/media\/1991"}],"wp:attachment":[{"href":"https:\/\/www.toursbahia.com.br\/es\/wp-json\/wp\/v2\/media?parent=3430"}],"wp:term":[{"taxonomy":"product_cat","embeddable":true,"href":"https:\/\/www.toursbahia.com.br\/es\/wp-json\/wp\/v2\/product_cat?post=3430"},{"taxonomy":"product_tag","embeddable":true,"href":"https:\/\/www.toursbahia.com.br\/es\/wp-json\/wp\/v2\/product_tag?post=3430"}],"curies":[{"name":"wp","href":"https:\/\/api.w.org\/{rel}","templated":true}]}}