{"id":3433,"date":"2019-01-18T15:05:56","date_gmt":"2019-01-18T17:05:56","guid":{"rendered":"https:\/\/www.toursbahia.com.br\/\/produto\/sincategorizar\/morro-de-sao-paulo-destino\/"},"modified":"2019-02-05T21:15:46","modified_gmt":"2019-02-05T23:15:46","slug":"morro-de-sao-paulo-destino","status":"publish","type":"product","link":"https:\/\/www.toursbahia.com.br\/es\/loja\/destino-es\/morro-de-sao-paulo-destino\/","title":{"rendered":"Morro de S\u00e3o Paulo &#8211; Destino"},"content":{"rendered":"","protected":false},"excerpt":{"rendered":"<p>Morro de S\u00e3o Paulo es uno de los destinos m\u00e1s visitados de Bahia.<\/p>\n<p>Las bellezas naturales del local, con playas de aguas tranquilas y cristalinas, arena blanca, densos cocoteros y Mata Atl\u00e1ntica (vegetaci\u00f3n t\u00edpica de la regi\u00f3n), componen un escenario deslumbrante.<\/p>\n<p>En vez de nombres, sus playas son llamadas por orden num\u00e9rica. La Primera playa es apropiada para la pr\u00e1ctica de deportes. La Segunda Playa es la m\u00e1s frecuentada de la isla, con muchos bares y restaurantes con m\u00fasica en directo. En la Tercera, el movimiento es m\u00e1s tranquilo, con algunas posadas y restaurantes. En la Cuarta y Quinta playa, esta \u00faltima tambi\u00e9n llamada de Playa del Encanto, la tranquilidad es absoluta, con sus piscinas naturales de agua transparente, son perfectas para bucear o para quienes quieren s\u00f3lo refugiarse en un para\u00edso tropical. Morro de S\u00e3o Paulo tiene adem\u00e1s otras playas como Gamboa, Porto de cima, Porto da Pedra, Garapu\u00e1 y Pratigi.<\/p>\n","protected":false},"featured_media":1884,"comment_status":"open","ping_status":"closed","template":"","meta":[],"product_cat":[672,684],"product_tag":[],"yoast_head":"<!-- This site is optimized with the Yoast SEO plugin v19.3 - https:\/\/yoast.com\/wordpress\/plugins\/seo\/ -->\n<title>Morro de S\u00e3o Paulo - Destino - Tours Bahia<\/title>\n<meta name=\"robots\" content=\"index, follow, max-snippet:-1, max-image-preview:large, max-video-preview:-1\" \/>\n<link rel=\"canonical\" href=\"https:\/\/www.toursbahia.com.br\/es\/loja\/destino-es\/morro-de-sao-paulo-destino\/\" \/>\n<meta property=\"og:locale\" content=\"es_ES\" \/>\n<meta property=\"og:type\" content=\"article\" \/>\n<meta property=\"og:title\" content=\"Morro de S\u00e3o Paulo - Destino - Tours Bahia\" \/>\n<meta property=\"og:description\" content=\"Morro de S\u00e3o Paulo es uno de los destinos m\u00e1s visitados de Bahia.  Las bellezas naturales del local, con playas de aguas tranquilas y cristalinas, arena blanca, densos cocoteros y Mata Atl\u00e1ntica (vegetaci\u00f3n t\u00edpica de la regi\u00f3n), componen un escenario deslumbrante.  En vez de nombres, sus playas son llamadas por orden num\u00e9rica. La Primera playa es apropiada para la pr\u00e1ctica de deportes. La Segunda Playa es la m\u00e1s frecuentada de la isla, con muchos bares y restaurantes con m\u00fasica en directo. En la Tercera, el movimiento es m\u00e1s tranquilo, con algunas posadas y restaurantes. En la Cuarta y Quinta playa, esta \u00faltima tambi\u00e9n llamada de Playa del Encanto, la tranquilidad es absoluta, con sus piscinas naturales de agua transparente, son perfectas para bucear o para quienes quieren s\u00f3lo refugiarse en un para\u00edso tropical. Morro de S\u00e3o Paulo tiene adem\u00e1s otras playas como Gamboa, Porto de cima, Porto da Pedra, Garapu\u00e1 y Pratigi.\" \/>\n<meta property=\"og:url\" content=\"https:\/\/www.toursbahia.com.br\/es\/loja\/destino-es\/morro-de-sao-paulo-destino\/\" \/>\n<meta property=\"og:site_name\" content=\"Tours Bahia\" \/>\n<meta property=\"article:publisher\" content=\"https:\/\/www.facebook.com\/toursbahiainternational\" \/>\n<meta property=\"article:modified_time\" content=\"2019-02-05T23:15:46+00:00\" \/>\n<meta property=\"og:image\" content=\"https:\/\/www.toursbahia.com.br\/wp-content\/uploads\/2018\/12\/Morro-de-S\u00e3o-Paulo-\u2013-Sky-Foto-02.jpg\" \/>\n\t<meta property=\"og:image:width\" content=\"900\" \/>\n\t<meta property=\"og:image:height\" content=\"550\" \/>\n\t<meta property=\"og:image:type\" content=\"image\/jpeg\" \/>\n<meta name=\"twitter:card\" content=\"summary_large_image\" \/>\n<script type=\"application\/ld+json\" class=\"yoast-schema-graph\">{\"@context\":\"https:\/\/schema.org\",\"@graph\":[{\"@type\":\"WebSite\",\"@id\":\"https:\/\/www.toursbahia.com.br\/#website\",\"url\":\"https:\/\/www.toursbahia.com.br\/\",\"name\":\"Tours Bahia\",\"description\":\"\",\"potentialAction\":[{\"@type\":\"SearchAction\",\"target\":{\"@type\":\"EntryPoint\",\"urlTemplate\":\"https:\/\/www.toursbahia.com.br\/?s={search_term_string}\"},\"query-input\":\"required name=search_term_string\"}],\"inLanguage\":\"es\"},{\"@type\":\"ImageObject\",\"inLanguage\":\"es\",\"@id\":\"https:\/\/www.toursbahia.com.br\/es\/loja\/destino-es\/morro-de-sao-paulo-destino\/#primaryimage\",\"url\":\"https:\/\/www.toursbahia.com.br\/wp-content\/uploads\/2018\/12\/Morro-de-S\u00e3o-Paulo-\u2013-Sky-Foto-02.jpg\",\"contentUrl\":\"https:\/\/www.toursbahia.com.br\/wp-content\/uploads\/2018\/12\/Morro-de-S\u00e3o-Paulo-\u2013-Sky-Foto-02.jpg\",\"width\":900,\"height\":550},{\"@type\":\"WebPage\",\"@id\":\"https:\/\/www.toursbahia.com.br\/es\/loja\/destino-es\/morro-de-sao-paulo-destino\/\",\"url\":\"https:\/\/www.toursbahia.com.br\/es\/loja\/destino-es\/morro-de-sao-paulo-destino\/\",\"name\":\"Morro de S\u00e3o Paulo - Destino - Tours Bahia\",\"isPartOf\":{\"@id\":\"https:\/\/www.toursbahia.com.br\/#website\"},\"primaryImageOfPage\":{\"@id\":\"https:\/\/www.toursbahia.com.br\/es\/loja\/destino-es\/morro-de-sao-paulo-destino\/#primaryimage\"},\"datePublished\":\"2019-01-18T17:05:56+00:00\",\"dateModified\":\"2019-02-05T23:15:46+00:00\",\"breadcrumb\":{\"@id\":\"https:\/\/www.toursbahia.com.br\/es\/loja\/destino-es\/morro-de-sao-paulo-destino\/#breadcrumb\"},\"inLanguage\":\"es\",\"potentialAction\":[{\"@type\":\"ReadAction\",\"target\":[\"https:\/\/www.toursbahia.com.br\/es\/loja\/destino-es\/morro-de-sao-paulo-destino\/\"]}]},{\"@type\":\"BreadcrumbList\",\"@id\":\"https:\/\/www.toursbahia.com.br\/es\/loja\/destino-es\/morro-de-sao-paulo-destino\/#breadcrumb\",\"itemListElement\":[{\"@type\":\"ListItem\",\"position\":1,\"name\":\"In\u00edcio\",\"item\":\"https:\/\/www.toursbahia.com.br\/es\/\"},{\"@type\":\"ListItem\",\"position\":2,\"name\":\"Store\",\"item\":\"https:\/\/www.toursbahia.com.br\/es\/store-tours-bahia-internacional\/\"},{\"@type\":\"ListItem\",\"position\":3,\"name\":\"Morro de S\u00e3o Paulo &#8211; Destino\"}]}]}<\/script>\n<!-- \/ Yoast SEO plugin. -->","yoast_head_json":{"title":"Morro de S\u00e3o Paulo - Destino - Tours Bahia","robots":{"index":"index","follow":"follow","max-snippet":"max-snippet:-1","max-image-preview":"max-image-preview:large","max-video-preview":"max-video-preview:-1"},"canonical":"https:\/\/www.toursbahia.com.br\/es\/loja\/destino-es\/morro-de-sao-paulo-destino\/","og_locale":"es_ES","og_type":"article","og_title":"Morro de S\u00e3o Paulo - Destino - Tours Bahia","og_description":"Morro de S\u00e3o Paulo es uno de los destinos m\u00e1s visitados de Bahia.  Las bellezas naturales del local, con playas de aguas tranquilas y cristalinas, arena blanca, densos cocoteros y Mata Atl\u00e1ntica (vegetaci\u00f3n t\u00edpica de la regi\u00f3n), componen un escenario deslumbrante.  En vez de nombres, sus playas son llamadas por orden num\u00e9rica. La Primera playa es apropiada para la pr\u00e1ctica de deportes. La Segunda Playa es la m\u00e1s frecuentada de la isla, con muchos bares y restaurantes con m\u00fasica en directo. En la Tercera, el movimiento es m\u00e1s tranquilo, con algunas posadas y restaurantes. En la Cuarta y Quinta playa, esta \u00faltima tambi\u00e9n llamada de Playa del Encanto, la tranquilidad es absoluta, con sus piscinas naturales de agua transparente, son perfectas para bucear o para quienes quieren s\u00f3lo refugiarse en un para\u00edso tropical. Morro de S\u00e3o Paulo tiene adem\u00e1s otras playas como Gamboa, Porto de cima, Porto da Pedra, Garapu\u00e1 y Pratigi.","og_url":"https:\/\/www.toursbahia.com.br\/es\/loja\/destino-es\/morro-de-sao-paulo-destino\/","og_site_name":"Tours Bahia","article_publisher":"https:\/\/www.facebook.com\/toursbahiainternational","article_modified_time":"2019-02-05T23:15:46+00:00","og_image":[{"width":900,"height":550,"url":"https:\/\/www.toursbahia.com.br\/wp-content\/uploads\/2018\/12\/Morro-de-S\u00e3o-Paulo-\u2013-Sky-Foto-02.jpg","type":"image\/jpeg"}],"twitter_card":"summary_large_image","schema":{"@context":"https:\/\/schema.org","@graph":[{"@type":"WebSite","@id":"https:\/\/www.toursbahia.com.br\/#website","url":"https:\/\/www.toursbahia.com.br\/","name":"Tours Bahia","description":"","potentialAction":[{"@type":"SearchAction","target":{"@type":"EntryPoint","urlTemplate":"https:\/\/www.toursbahia.com.br\/?s={search_term_string}"},"query-input":"required name=search_term_string"}],"inLanguage":"es"},{"@type":"ImageObject","inLanguage":"es","@id":"https:\/\/www.toursbahia.com.br\/es\/loja\/destino-es\/morro-de-sao-paulo-destino\/#primaryimage","url":"https:\/\/www.toursbahia.com.br\/wp-content\/uploads\/2018\/12\/Morro-de-S\u00e3o-Paulo-\u2013-Sky-Foto-02.jpg","contentUrl":"https:\/\/www.toursbahia.com.br\/wp-content\/uploads\/2018\/12\/Morro-de-S\u00e3o-Paulo-\u2013-Sky-Foto-02.jpg","width":900,"height":550},{"@type":"WebPage","@id":"https:\/\/www.toursbahia.com.br\/es\/loja\/destino-es\/morro-de-sao-paulo-destino\/","url":"https:\/\/www.toursbahia.com.br\/es\/loja\/destino-es\/morro-de-sao-paulo-destino\/","name":"Morro de S\u00e3o Paulo - Destino - Tours Bahia","isPartOf":{"@id":"https:\/\/www.toursbahia.com.br\/#website"},"primaryImageOfPage":{"@id":"https:\/\/www.toursbahia.com.br\/es\/loja\/destino-es\/morro-de-sao-paulo-destino\/#primaryimage"},"datePublished":"2019-01-18T17:05:56+00:00","dateModified":"2019-02-05T23:15:46+00:00","breadcrumb":{"@id":"https:\/\/www.toursbahia.com.br\/es\/loja\/destino-es\/morro-de-sao-paulo-destino\/#breadcrumb"},"inLanguage":"es","potentialAction":[{"@type":"ReadAction","target":["https:\/\/www.toursbahia.com.br\/es\/loja\/destino-es\/morro-de-sao-paulo-destino\/"]}]},{"@type":"BreadcrumbList","@id":"https:\/\/www.toursbahia.com.br\/es\/loja\/destino-es\/morro-de-sao-paulo-destino\/#breadcrumb","itemListElement":[{"@type":"ListItem","position":1,"name":"In\u00edcio","item":"https:\/\/www.toursbahia.com.br\/es\/"},{"@type":"ListItem","position":2,"name":"Store","item":"https:\/\/www.toursbahia.com.br\/es\/store-tours-bahia-internacional\/"},{"@type":"ListItem","position":3,"name":"Morro de S\u00e3o Paulo &#8211; Destino"}]}]}},"_links":{"self":[{"href":"https:\/\/www.toursbahia.com.br\/es\/wp-json\/wp\/v2\/product\/3433"}],"collection":[{"href":"https:\/\/www.toursbahia.com.br\/es\/wp-json\/wp\/v2\/product"}],"about":[{"href":"https:\/\/www.toursbahia.com.br\/es\/wp-json\/wp\/v2\/types\/product"}],"replies":[{"embeddable":true,"href":"https:\/\/www.toursbahia.com.br\/es\/wp-json\/wp\/v2\/comments?post=3433"}],"wp:featuredmedia":[{"embeddable":true,"href":"https:\/\/www.toursbahia.com.br\/es\/wp-json\/wp\/v2\/media\/1884"}],"wp:attachment":[{"href":"https:\/\/www.toursbahia.com.br\/es\/wp-json\/wp\/v2\/media?parent=3433"}],"wp:term":[{"taxonomy":"product_cat","embeddable":true,"href":"https:\/\/www.toursbahia.com.br\/es\/wp-json\/wp\/v2\/product_cat?post=3433"},{"taxonomy":"product_tag","embeddable":true,"href":"https:\/\/www.toursbahia.com.br\/es\/wp-json\/wp\/v2\/product_tag?post=3433"}],"curies":[{"name":"wp","href":"https:\/\/api.w.org\/{rel}","templated":true}]}}