{"id":3436,"date":"2019-01-18T14:44:53","date_gmt":"2019-01-18T16:44:53","guid":{"rendered":"https:\/\/www.toursbahia.com.br\/\/produto\/sincategorizar\/salvador-destino\/"},"modified":"2019-02-05T21:18:07","modified_gmt":"2019-02-05T23:18:07","slug":"salvador-destino","status":"publish","type":"product","link":"https:\/\/www.toursbahia.com.br\/es\/loja\/destino-es\/salvador-destino\/","title":{"rendered":"Salvador &#8211; Destino"},"content":{"rendered":"","protected":false},"excerpt":{"rendered":"<p>Visitar Salvador es realizar un viaje por la historia de Brasil. En el Centro Hist\u00f3rico de la ciudad, podemos admirar la mayor \u00e1rea conservada de arquitectura portuguesa fuera de Portugal. Un local encantador, extremamente rico en monumentos hist\u00f3ricos con fechas del siglo XVII hasta el siglo XIX. Subir y bajar por sus calles de piedra oyendo el sonido de los tambores es algo com\u00fan en las cuestas del Pelourinho. En el \u201cTerreiro de Jesus\u201d, podr\u00e1 disfrutar de presentaciones de capoeira y saborear un delicioso acaraj\u00e9. Adem\u00e1s de la mezcla de razas, religiones y culturas, la primera capital de Brasil posee una atmosfera \u00fanica que contagia tanto a brasile\u00f1os como a extranjeros que la visitan<\/p>\n<p>Desde la Ribeira hasta el Flamengo son 50 km de bonitas playas rodeadas de cocoteros, arenas blancas y aguas cristalinas.<\/p>\n<p>El azul del mar de una de las playas m\u00e1s famosas del mundo, la del Porto da Barra, har\u00e1 que te enamores todav\u00eda m\u00e1s de nuestra ciudad.<\/p>\n","protected":false},"featured_media":1857,"comment_status":"open","ping_status":"closed","template":"","meta":[],"product_cat":[672,687],"product_tag":[],"yoast_head":"<!-- This site is optimized with the Yoast SEO plugin v19.3 - https:\/\/yoast.com\/wordpress\/plugins\/seo\/ -->\n<title>Salvador - Destino - Tours Bahia<\/title>\n<meta name=\"robots\" content=\"index, follow, max-snippet:-1, max-image-preview:large, max-video-preview:-1\" \/>\n<link rel=\"canonical\" href=\"https:\/\/www.toursbahia.com.br\/es\/loja\/destino-es\/salvador-destino\/\" \/>\n<meta property=\"og:locale\" content=\"es_ES\" \/>\n<meta property=\"og:type\" content=\"article\" \/>\n<meta property=\"og:title\" content=\"Salvador - Destino - Tours Bahia\" \/>\n<meta property=\"og:description\" content=\"Visitar Salvador es realizar un viaje por la historia de Brasil. En el Centro Hist\u00f3rico de la ciudad, podemos admirar la mayor \u00e1rea conservada de arquitectura portuguesa fuera de Portugal. Un local encantador, extremamente rico en monumentos hist\u00f3ricos con fechas del siglo XVII hasta el siglo XIX. Subir y bajar por sus calles de piedra oyendo el sonido de los tambores es algo com\u00fan en las cuestas del Pelourinho. En el \u201cTerreiro de Jesus\u201d, podr\u00e1 disfrutar de presentaciones de capoeira y saborear un delicioso acaraj\u00e9. Adem\u00e1s de la mezcla de razas, religiones y culturas, la primera capital de Brasil posee una atmosfera \u00fanica que contagia tanto a brasile\u00f1os como a extranjeros que la visitan  Desde la Ribeira hasta el Flamengo son 50 km de bonitas playas rodeadas de cocoteros, arenas blancas y aguas cristalinas.  El azul del mar de una de las playas m\u00e1s famosas del mundo, la del Porto da Barra, har\u00e1 que te enamores todav\u00eda m\u00e1s de nuestra ciudad.\" \/>\n<meta property=\"og:url\" content=\"https:\/\/www.toursbahia.com.br\/es\/loja\/destino-es\/salvador-destino\/\" \/>\n<meta property=\"og:site_name\" content=\"Tours Bahia\" \/>\n<meta property=\"article:publisher\" content=\"https:\/\/www.facebook.com\/toursbahiainternational\" \/>\n<meta property=\"article:modified_time\" content=\"2019-02-05T23:18:07+00:00\" \/>\n<meta property=\"og:image\" content=\"https:\/\/www.toursbahia.com.br\/wp-content\/uploads\/2019\/01\/Salvador-e-Praia-do-Forte-Foto-010.jpg\" \/>\n\t<meta property=\"og:image:width\" content=\"900\" \/>\n\t<meta property=\"og:image:height\" content=\"550\" \/>\n\t<meta property=\"og:image:type\" content=\"image\/jpeg\" \/>\n<meta name=\"twitter:card\" content=\"summary_large_image\" \/>\n<script type=\"application\/ld+json\" class=\"yoast-schema-graph\">{\"@context\":\"https:\/\/schema.org\",\"@graph\":[{\"@type\":\"WebSite\",\"@id\":\"https:\/\/www.toursbahia.com.br\/#website\",\"url\":\"https:\/\/www.toursbahia.com.br\/\",\"name\":\"Tours Bahia\",\"description\":\"\",\"potentialAction\":[{\"@type\":\"SearchAction\",\"target\":{\"@type\":\"EntryPoint\",\"urlTemplate\":\"https:\/\/www.toursbahia.com.br\/?s={search_term_string}\"},\"query-input\":\"required name=search_term_string\"}],\"inLanguage\":\"es\"},{\"@type\":\"ImageObject\",\"inLanguage\":\"es\",\"@id\":\"https:\/\/www.toursbahia.com.br\/es\/loja\/destino-es\/salvador-destino\/#primaryimage\",\"url\":\"https:\/\/www.toursbahia.com.br\/wp-content\/uploads\/2019\/01\/Salvador-e-Praia-do-Forte-Foto-010.jpg\",\"contentUrl\":\"https:\/\/www.toursbahia.com.br\/wp-content\/uploads\/2019\/01\/Salvador-e-Praia-do-Forte-Foto-010.jpg\",\"width\":900,\"height\":550},{\"@type\":\"WebPage\",\"@id\":\"https:\/\/www.toursbahia.com.br\/es\/loja\/destino-es\/salvador-destino\/\",\"url\":\"https:\/\/www.toursbahia.com.br\/es\/loja\/destino-es\/salvador-destino\/\",\"name\":\"Salvador - Destino - Tours Bahia\",\"isPartOf\":{\"@id\":\"https:\/\/www.toursbahia.com.br\/#website\"},\"primaryImageOfPage\":{\"@id\":\"https:\/\/www.toursbahia.com.br\/es\/loja\/destino-es\/salvador-destino\/#primaryimage\"},\"datePublished\":\"2019-01-18T16:44:53+00:00\",\"dateModified\":\"2019-02-05T23:18:07+00:00\",\"breadcrumb\":{\"@id\":\"https:\/\/www.toursbahia.com.br\/es\/loja\/destino-es\/salvador-destino\/#breadcrumb\"},\"inLanguage\":\"es\",\"potentialAction\":[{\"@type\":\"ReadAction\",\"target\":[\"https:\/\/www.toursbahia.com.br\/es\/loja\/destino-es\/salvador-destino\/\"]}]},{\"@type\":\"BreadcrumbList\",\"@id\":\"https:\/\/www.toursbahia.com.br\/es\/loja\/destino-es\/salvador-destino\/#breadcrumb\",\"itemListElement\":[{\"@type\":\"ListItem\",\"position\":1,\"name\":\"In\u00edcio\",\"item\":\"https:\/\/www.toursbahia.com.br\/es\/\"},{\"@type\":\"ListItem\",\"position\":2,\"name\":\"Store\",\"item\":\"https:\/\/www.toursbahia.com.br\/es\/store-tours-bahia-internacional\/\"},{\"@type\":\"ListItem\",\"position\":3,\"name\":\"Salvador &#8211; Destino\"}]}]}<\/script>\n<!-- \/ Yoast SEO plugin. -->","yoast_head_json":{"title":"Salvador - Destino - Tours Bahia","robots":{"index":"index","follow":"follow","max-snippet":"max-snippet:-1","max-image-preview":"max-image-preview:large","max-video-preview":"max-video-preview:-1"},"canonical":"https:\/\/www.toursbahia.com.br\/es\/loja\/destino-es\/salvador-destino\/","og_locale":"es_ES","og_type":"article","og_title":"Salvador - Destino - Tours Bahia","og_description":"Visitar Salvador es realizar un viaje por la historia de Brasil. En el Centro Hist\u00f3rico de la ciudad, podemos admirar la mayor \u00e1rea conservada de arquitectura portuguesa fuera de Portugal. Un local encantador, extremamente rico en monumentos hist\u00f3ricos con fechas del siglo XVII hasta el siglo XIX. Subir y bajar por sus calles de piedra oyendo el sonido de los tambores es algo com\u00fan en las cuestas del Pelourinho. En el \u201cTerreiro de Jesus\u201d, podr\u00e1 disfrutar de presentaciones de capoeira y saborear un delicioso acaraj\u00e9. Adem\u00e1s de la mezcla de razas, religiones y culturas, la primera capital de Brasil posee una atmosfera \u00fanica que contagia tanto a brasile\u00f1os como a extranjeros que la visitan  Desde la Ribeira hasta el Flamengo son 50 km de bonitas playas rodeadas de cocoteros, arenas blancas y aguas cristalinas.  El azul del mar de una de las playas m\u00e1s famosas del mundo, la del Porto da Barra, har\u00e1 que te enamores todav\u00eda m\u00e1s de nuestra ciudad.","og_url":"https:\/\/www.toursbahia.com.br\/es\/loja\/destino-es\/salvador-destino\/","og_site_name":"Tours Bahia","article_publisher":"https:\/\/www.facebook.com\/toursbahiainternational","article_modified_time":"2019-02-05T23:18:07+00:00","og_image":[{"width":900,"height":550,"url":"https:\/\/www.toursbahia.com.br\/wp-content\/uploads\/2019\/01\/Salvador-e-Praia-do-Forte-Foto-010.jpg","type":"image\/jpeg"}],"twitter_card":"summary_large_image","schema":{"@context":"https:\/\/schema.org","@graph":[{"@type":"WebSite","@id":"https:\/\/www.toursbahia.com.br\/#website","url":"https:\/\/www.toursbahia.com.br\/","name":"Tours Bahia","description":"","potentialAction":[{"@type":"SearchAction","target":{"@type":"EntryPoint","urlTemplate":"https:\/\/www.toursbahia.com.br\/?s={search_term_string}"},"query-input":"required name=search_term_string"}],"inLanguage":"es"},{"@type":"ImageObject","inLanguage":"es","@id":"https:\/\/www.toursbahia.com.br\/es\/loja\/destino-es\/salvador-destino\/#primaryimage","url":"https:\/\/www.toursbahia.com.br\/wp-content\/uploads\/2019\/01\/Salvador-e-Praia-do-Forte-Foto-010.jpg","contentUrl":"https:\/\/www.toursbahia.com.br\/wp-content\/uploads\/2019\/01\/Salvador-e-Praia-do-Forte-Foto-010.jpg","width":900,"height":550},{"@type":"WebPage","@id":"https:\/\/www.toursbahia.com.br\/es\/loja\/destino-es\/salvador-destino\/","url":"https:\/\/www.toursbahia.com.br\/es\/loja\/destino-es\/salvador-destino\/","name":"Salvador - Destino - Tours Bahia","isPartOf":{"@id":"https:\/\/www.toursbahia.com.br\/#website"},"primaryImageOfPage":{"@id":"https:\/\/www.toursbahia.com.br\/es\/loja\/destino-es\/salvador-destino\/#primaryimage"},"datePublished":"2019-01-18T16:44:53+00:00","dateModified":"2019-02-05T23:18:07+00:00","breadcrumb":{"@id":"https:\/\/www.toursbahia.com.br\/es\/loja\/destino-es\/salvador-destino\/#breadcrumb"},"inLanguage":"es","potentialAction":[{"@type":"ReadAction","target":["https:\/\/www.toursbahia.com.br\/es\/loja\/destino-es\/salvador-destino\/"]}]},{"@type":"BreadcrumbList","@id":"https:\/\/www.toursbahia.com.br\/es\/loja\/destino-es\/salvador-destino\/#breadcrumb","itemListElement":[{"@type":"ListItem","position":1,"name":"In\u00edcio","item":"https:\/\/www.toursbahia.com.br\/es\/"},{"@type":"ListItem","position":2,"name":"Store","item":"https:\/\/www.toursbahia.com.br\/es\/store-tours-bahia-internacional\/"},{"@type":"ListItem","position":3,"name":"Salvador &#8211; Destino"}]}]}},"_links":{"self":[{"href":"https:\/\/www.toursbahia.com.br\/es\/wp-json\/wp\/v2\/product\/3436"}],"collection":[{"href":"https:\/\/www.toursbahia.com.br\/es\/wp-json\/wp\/v2\/product"}],"about":[{"href":"https:\/\/www.toursbahia.com.br\/es\/wp-json\/wp\/v2\/types\/product"}],"replies":[{"embeddable":true,"href":"https:\/\/www.toursbahia.com.br\/es\/wp-json\/wp\/v2\/comments?post=3436"}],"wp:featuredmedia":[{"embeddable":true,"href":"https:\/\/www.toursbahia.com.br\/es\/wp-json\/wp\/v2\/media\/1857"}],"wp:attachment":[{"href":"https:\/\/www.toursbahia.com.br\/es\/wp-json\/wp\/v2\/media?parent=3436"}],"wp:term":[{"taxonomy":"product_cat","embeddable":true,"href":"https:\/\/www.toursbahia.com.br\/es\/wp-json\/wp\/v2\/product_cat?post=3436"},{"taxonomy":"product_tag","embeddable":true,"href":"https:\/\/www.toursbahia.com.br\/es\/wp-json\/wp\/v2\/product_tag?post=3436"}],"curies":[{"name":"wp","href":"https:\/\/api.w.org\/{rel}","templated":true}]}}