{"id":3442,"date":"2019-01-18T14:31:04","date_gmt":"2019-01-18T16:31:04","guid":{"rendered":"https:\/\/www.toursbahia.com.br\/\/produto\/sincategorizar\/chapada-diamantina-pacote\/"},"modified":"2019-02-05T21:31:39","modified_gmt":"2019-02-05T23:31:39","slug":"chapada-diamantina-paquete","status":"publish","type":"product","link":"https:\/\/www.toursbahia.com.br\/es\/loja\/paquetes\/chapada-diamantina-paquete\/","title":{"rendered":"Chapada Diamantina &#8211; Paquete"},"content":{"rendered":"","protected":false},"excerpt":{"rendered":"<p>Localizada en el coraz\u00f3n del estado, el Parque Nacional de la Chapada Diamantina es uno de los escenarios m\u00e1s bonitos del pa\u00eds. Rodeada por valles, ca\u00f1ones, grutas y cascadas, la Chapada Diamantina es uno de los destinos m\u00e1s deseados por los amantes de la naturaleza. Entre sus principales atracciones est\u00e1n el \u201cMorro do Pai Inacio\u201d, \u201cCachoeira da Fuma\u00e7a\u201d, \u201cVale do Cap\u00e3o\u201d y \u201cVale do Paty\u201d, una de las rutas m\u00e1s queridas de los adeptos al senderismo.<\/p>\n<p>Una de las principales ciudades de la Chapada Diamantina es Len\u00e7\u00f3is, que mantiene viva la arquitectura colonial de la \u00e9poca del ciclo de los diamantes, en el siglo 19. Cuenta con amplia infraestructura de hoteles, posadas, campings, bares y restaurantes. El encanto de la ciudad y la hospitalidad de los nativos han hecho que muchos visitantes acabasen escogiendo Len\u00e7\u00f3is como lugar para vivir.<\/p>\n<p>&nbsp;<\/p>\n","protected":false},"featured_media":2045,"comment_status":"open","ping_status":"closed","template":"","meta":[],"product_cat":[692,693,694],"product_tag":[],"yoast_head":"<!-- This site is optimized with the Yoast SEO plugin v19.3 - https:\/\/yoast.com\/wordpress\/plugins\/seo\/ -->\n<title>Chapada Diamantina - Paquete - Tours Bahia<\/title>\n<meta name=\"robots\" content=\"index, follow, max-snippet:-1, max-image-preview:large, max-video-preview:-1\" \/>\n<link rel=\"canonical\" href=\"https:\/\/www.toursbahia.com.br\/es\/loja\/paquetes\/chapada-diamantina-paquete\/\" \/>\n<meta property=\"og:locale\" content=\"es_ES\" \/>\n<meta property=\"og:type\" content=\"article\" \/>\n<meta property=\"og:title\" content=\"Chapada Diamantina - Paquete - Tours Bahia\" \/>\n<meta property=\"og:description\" content=\"Localizada en el coraz\u00f3n del estado, el Parque Nacional de la Chapada Diamantina es uno de los escenarios m\u00e1s bonitos del pa\u00eds. Rodeada por valles, ca\u00f1ones, grutas y cascadas, la Chapada Diamantina es uno de los destinos m\u00e1s deseados por los amantes de la naturaleza. Entre sus principales atracciones est\u00e1n el \u201cMorro do Pai Inacio\u201d, \u201cCachoeira da Fuma\u00e7a\u201d, \u201cVale do Cap\u00e3o\u201d y \u201cVale do Paty\u201d, una de las rutas m\u00e1s queridas de los adeptos al senderismo.  Una de las principales ciudades de la Chapada Diamantina es Len\u00e7\u00f3is, que mantiene viva la arquitectura colonial de la \u00e9poca del ciclo de los diamantes, en el siglo 19. Cuenta con amplia infraestructura de hoteles, posadas, campings, bares y restaurantes. El encanto de la ciudad y la hospitalidad de los nativos han hecho que muchos visitantes acabasen escogiendo Len\u00e7\u00f3is como lugar para vivir.  &nbsp;\" \/>\n<meta property=\"og:url\" content=\"https:\/\/www.toursbahia.com.br\/es\/loja\/paquetes\/chapada-diamantina-paquete\/\" \/>\n<meta property=\"og:site_name\" content=\"Tours Bahia\" \/>\n<meta property=\"article:publisher\" content=\"https:\/\/www.facebook.com\/toursbahiainternational\" \/>\n<meta property=\"article:modified_time\" content=\"2019-02-05T23:31:39+00:00\" \/>\n<meta property=\"og:image\" content=\"https:\/\/www.toursbahia.com.br\/wp-content\/uploads\/2018\/12\/Chapada-Diamantina-Foto-03.jpg\" \/>\n\t<meta property=\"og:image:width\" content=\"900\" \/>\n\t<meta property=\"og:image:height\" content=\"550\" \/>\n\t<meta property=\"og:image:type\" content=\"image\/jpeg\" \/>\n<meta name=\"twitter:card\" content=\"summary_large_image\" \/>\n<script type=\"application\/ld+json\" class=\"yoast-schema-graph\">{\"@context\":\"https:\/\/schema.org\",\"@graph\":[{\"@type\":\"WebSite\",\"@id\":\"https:\/\/www.toursbahia.com.br\/#website\",\"url\":\"https:\/\/www.toursbahia.com.br\/\",\"name\":\"Tours Bahia\",\"description\":\"\",\"potentialAction\":[{\"@type\":\"SearchAction\",\"target\":{\"@type\":\"EntryPoint\",\"urlTemplate\":\"https:\/\/www.toursbahia.com.br\/?s={search_term_string}\"},\"query-input\":\"required name=search_term_string\"}],\"inLanguage\":\"es\"},{\"@type\":\"ImageObject\",\"inLanguage\":\"es\",\"@id\":\"https:\/\/www.toursbahia.com.br\/es\/loja\/paquetes\/chapada-diamantina-paquete\/#primaryimage\",\"url\":\"https:\/\/www.toursbahia.com.br\/wp-content\/uploads\/2018\/12\/Chapada-Diamantina-Foto-03.jpg\",\"contentUrl\":\"https:\/\/www.toursbahia.com.br\/wp-content\/uploads\/2018\/12\/Chapada-Diamantina-Foto-03.jpg\",\"width\":900,\"height\":550},{\"@type\":\"WebPage\",\"@id\":\"https:\/\/www.toursbahia.com.br\/es\/loja\/paquetes\/chapada-diamantina-paquete\/\",\"url\":\"https:\/\/www.toursbahia.com.br\/es\/loja\/paquetes\/chapada-diamantina-paquete\/\",\"name\":\"Chapada Diamantina - Paquete - Tours Bahia\",\"isPartOf\":{\"@id\":\"https:\/\/www.toursbahia.com.br\/#website\"},\"primaryImageOfPage\":{\"@id\":\"https:\/\/www.toursbahia.com.br\/es\/loja\/paquetes\/chapada-diamantina-paquete\/#primaryimage\"},\"datePublished\":\"2019-01-18T16:31:04+00:00\",\"dateModified\":\"2019-02-05T23:31:39+00:00\",\"breadcrumb\":{\"@id\":\"https:\/\/www.toursbahia.com.br\/es\/loja\/paquetes\/chapada-diamantina-paquete\/#breadcrumb\"},\"inLanguage\":\"es\",\"potentialAction\":[{\"@type\":\"ReadAction\",\"target\":[\"https:\/\/www.toursbahia.com.br\/es\/loja\/paquetes\/chapada-diamantina-paquete\/\"]}]},{\"@type\":\"BreadcrumbList\",\"@id\":\"https:\/\/www.toursbahia.com.br\/es\/loja\/paquetes\/chapada-diamantina-paquete\/#breadcrumb\",\"itemListElement\":[{\"@type\":\"ListItem\",\"position\":1,\"name\":\"In\u00edcio\",\"item\":\"https:\/\/www.toursbahia.com.br\/es\/\"},{\"@type\":\"ListItem\",\"position\":2,\"name\":\"Store\",\"item\":\"https:\/\/www.toursbahia.com.br\/es\/store-tours-bahia-internacional\/\"},{\"@type\":\"ListItem\",\"position\":3,\"name\":\"Chapada Diamantina &#8211; Paquete\"}]}]}<\/script>\n<!-- \/ Yoast SEO plugin. -->","yoast_head_json":{"title":"Chapada Diamantina - Paquete - Tours Bahia","robots":{"index":"index","follow":"follow","max-snippet":"max-snippet:-1","max-image-preview":"max-image-preview:large","max-video-preview":"max-video-preview:-1"},"canonical":"https:\/\/www.toursbahia.com.br\/es\/loja\/paquetes\/chapada-diamantina-paquete\/","og_locale":"es_ES","og_type":"article","og_title":"Chapada Diamantina - Paquete - Tours Bahia","og_description":"Localizada en el coraz\u00f3n del estado, el Parque Nacional de la Chapada Diamantina es uno de los escenarios m\u00e1s bonitos del pa\u00eds. Rodeada por valles, ca\u00f1ones, grutas y cascadas, la Chapada Diamantina es uno de los destinos m\u00e1s deseados por los amantes de la naturaleza. Entre sus principales atracciones est\u00e1n el \u201cMorro do Pai Inacio\u201d, \u201cCachoeira da Fuma\u00e7a\u201d, \u201cVale do Cap\u00e3o\u201d y \u201cVale do Paty\u201d, una de las rutas m\u00e1s queridas de los adeptos al senderismo.  Una de las principales ciudades de la Chapada Diamantina es Len\u00e7\u00f3is, que mantiene viva la arquitectura colonial de la \u00e9poca del ciclo de los diamantes, en el siglo 19. Cuenta con amplia infraestructura de hoteles, posadas, campings, bares y restaurantes. El encanto de la ciudad y la hospitalidad de los nativos han hecho que muchos visitantes acabasen escogiendo Len\u00e7\u00f3is como lugar para vivir.  &nbsp;","og_url":"https:\/\/www.toursbahia.com.br\/es\/loja\/paquetes\/chapada-diamantina-paquete\/","og_site_name":"Tours Bahia","article_publisher":"https:\/\/www.facebook.com\/toursbahiainternational","article_modified_time":"2019-02-05T23:31:39+00:00","og_image":[{"width":900,"height":550,"url":"https:\/\/www.toursbahia.com.br\/wp-content\/uploads\/2018\/12\/Chapada-Diamantina-Foto-03.jpg","type":"image\/jpeg"}],"twitter_card":"summary_large_image","schema":{"@context":"https:\/\/schema.org","@graph":[{"@type":"WebSite","@id":"https:\/\/www.toursbahia.com.br\/#website","url":"https:\/\/www.toursbahia.com.br\/","name":"Tours Bahia","description":"","potentialAction":[{"@type":"SearchAction","target":{"@type":"EntryPoint","urlTemplate":"https:\/\/www.toursbahia.com.br\/?s={search_term_string}"},"query-input":"required name=search_term_string"}],"inLanguage":"es"},{"@type":"ImageObject","inLanguage":"es","@id":"https:\/\/www.toursbahia.com.br\/es\/loja\/paquetes\/chapada-diamantina-paquete\/#primaryimage","url":"https:\/\/www.toursbahia.com.br\/wp-content\/uploads\/2018\/12\/Chapada-Diamantina-Foto-03.jpg","contentUrl":"https:\/\/www.toursbahia.com.br\/wp-content\/uploads\/2018\/12\/Chapada-Diamantina-Foto-03.jpg","width":900,"height":550},{"@type":"WebPage","@id":"https:\/\/www.toursbahia.com.br\/es\/loja\/paquetes\/chapada-diamantina-paquete\/","url":"https:\/\/www.toursbahia.com.br\/es\/loja\/paquetes\/chapada-diamantina-paquete\/","name":"Chapada Diamantina - Paquete - Tours Bahia","isPartOf":{"@id":"https:\/\/www.toursbahia.com.br\/#website"},"primaryImageOfPage":{"@id":"https:\/\/www.toursbahia.com.br\/es\/loja\/paquetes\/chapada-diamantina-paquete\/#primaryimage"},"datePublished":"2019-01-18T16:31:04+00:00","dateModified":"2019-02-05T23:31:39+00:00","breadcrumb":{"@id":"https:\/\/www.toursbahia.com.br\/es\/loja\/paquetes\/chapada-diamantina-paquete\/#breadcrumb"},"inLanguage":"es","potentialAction":[{"@type":"ReadAction","target":["https:\/\/www.toursbahia.com.br\/es\/loja\/paquetes\/chapada-diamantina-paquete\/"]}]},{"@type":"BreadcrumbList","@id":"https:\/\/www.toursbahia.com.br\/es\/loja\/paquetes\/chapada-diamantina-paquete\/#breadcrumb","itemListElement":[{"@type":"ListItem","position":1,"name":"In\u00edcio","item":"https:\/\/www.toursbahia.com.br\/es\/"},{"@type":"ListItem","position":2,"name":"Store","item":"https:\/\/www.toursbahia.com.br\/es\/store-tours-bahia-internacional\/"},{"@type":"ListItem","position":3,"name":"Chapada Diamantina &#8211; Paquete"}]}]}},"_links":{"self":[{"href":"https:\/\/www.toursbahia.com.br\/es\/wp-json\/wp\/v2\/product\/3442"}],"collection":[{"href":"https:\/\/www.toursbahia.com.br\/es\/wp-json\/wp\/v2\/product"}],"about":[{"href":"https:\/\/www.toursbahia.com.br\/es\/wp-json\/wp\/v2\/types\/product"}],"replies":[{"embeddable":true,"href":"https:\/\/www.toursbahia.com.br\/es\/wp-json\/wp\/v2\/comments?post=3442"}],"wp:featuredmedia":[{"embeddable":true,"href":"https:\/\/www.toursbahia.com.br\/es\/wp-json\/wp\/v2\/media\/2045"}],"wp:attachment":[{"href":"https:\/\/www.toursbahia.com.br\/es\/wp-json\/wp\/v2\/media?parent=3442"}],"wp:term":[{"taxonomy":"product_cat","embeddable":true,"href":"https:\/\/www.toursbahia.com.br\/es\/wp-json\/wp\/v2\/product_cat?post=3442"},{"taxonomy":"product_tag","embeddable":true,"href":"https:\/\/www.toursbahia.com.br\/es\/wp-json\/wp\/v2\/product_tag?post=3442"}],"curies":[{"name":"wp","href":"https:\/\/api.w.org\/{rel}","templated":true}]}}