{"id":3446,"date":"2019-01-18T12:08:43","date_gmt":"2019-01-18T14:08:43","guid":{"rendered":"https:\/\/www.toursbahia.com.br\/\/produto\/sincategorizar\/salvador-e-praia-do-forte-pacote\/"},"modified":"2019-02-05T21:38:14","modified_gmt":"2019-02-05T23:38:14","slug":"salvador-y-praia-do-forte-paquete","status":"publish","type":"product","link":"https:\/\/www.toursbahia.com.br\/es\/loja\/paquetes\/salvador-y-praia-do-forte-paquete\/","title":{"rendered":"Salvador y Praia do Forte &#8211; Paquete"},"content":{"rendered":"","protected":false},"excerpt":{"rendered":"<p>Historia, cultura, folclore, naturaleza, escenarios paradis\u00edacos, deportes radicalesy el suave movimiento de las olas del mar\u2026<\/p>\n<p>Praia do Forte es un verdadero para\u00edso tropical, rodeado de piscinas naturales y arrecifes a lo largo de su costa. En la peque\u00f1a aldea puede encontrar historia y cultura nativa en medio de varias piscinas naturales. Se trata de un lugar privilegiado con mucho sol, bellezas naturales y palmeras.<\/p>\n<p>El viaje comienza en Salvador, donde disfrutar\u00e1 de una ruta especial por la \u201cCidade Alta\u201d y tendr\u00e1 la oportunidad de conocer las primeras calles y caser\u00edos constru\u00eddos en Bahia (Tour Hist\u00f3rico). Pero nuestro foco principal ser\u00e1 Praia do Forte, donde no puede dejar de visitar el parque del Proyecto Tamar. Le recomendamos tambi\u00e9n un ba\u00f1o entre los corales, en las aguas m\u00e1s cristalinas de Bahia, o uno de nuestros tours de aventura (opcionales).<\/p>\n<p>El paquete incluye Tour Hist\u00f3rico en Salvador con guia biling\u00fce (espa\u00f1ol\/ portugu\u00e9s), traslados de llegada y salida a Praia do Forte sin guia, una noche en Salvador y dos noches en Praia do Forte con desayuno, tasas e impuestos.<\/p>\n","protected":false},"featured_media":1857,"comment_status":"open","ping_status":"closed","template":"","meta":[],"product_cat":[692,693,697],"product_tag":[],"yoast_head":"<!-- This site is optimized with the Yoast SEO plugin v19.3 - https:\/\/yoast.com\/wordpress\/plugins\/seo\/ -->\n<title>Salvador y Praia do Forte - Paquete - Tours Bahia<\/title>\n<meta name=\"robots\" content=\"index, follow, max-snippet:-1, max-image-preview:large, max-video-preview:-1\" \/>\n<link rel=\"canonical\" href=\"https:\/\/www.toursbahia.com.br\/es\/loja\/paquetes\/salvador-y-praia-do-forte-paquete\/\" \/>\n<meta property=\"og:locale\" content=\"es_ES\" \/>\n<meta property=\"og:type\" content=\"article\" \/>\n<meta property=\"og:title\" content=\"Salvador y Praia do Forte - Paquete - Tours Bahia\" \/>\n<meta property=\"og:description\" content=\"Historia, cultura, folclore, naturaleza, escenarios paradis\u00edacos, deportes radicalesy el suave movimiento de las olas del mar\u2026  Praia do Forte es un verdadero para\u00edso tropical, rodeado de piscinas naturales y arrecifes a lo largo de su costa. En la peque\u00f1a aldea puede encontrar historia y cultura nativa en medio de varias piscinas naturales. Se trata de un lugar privilegiado con mucho sol, bellezas naturales y palmeras.  El viaje comienza en Salvador, donde disfrutar\u00e1 de una ruta especial por la \u201cCidade Alta\u201d y tendr\u00e1 la oportunidad de conocer las primeras calles y caser\u00edos constru\u00eddos en Bahia (Tour Hist\u00f3rico). Pero nuestro foco principal ser\u00e1 Praia do Forte, donde no puede dejar de visitar el parque del Proyecto Tamar. Le recomendamos tambi\u00e9n un ba\u00f1o entre los corales, en las aguas m\u00e1s cristalinas de Bahia, o uno de nuestros tours de aventura (opcionales).  El paquete incluye Tour Hist\u00f3rico en Salvador con guia biling\u00fce (espa\u00f1ol\/ portugu\u00e9s), traslados de llegada y salida a Praia do Forte sin guia, una noche en Salvador y dos noches en Praia do Forte con desayuno, tasas e impuestos.\" \/>\n<meta property=\"og:url\" content=\"https:\/\/www.toursbahia.com.br\/es\/loja\/paquetes\/salvador-y-praia-do-forte-paquete\/\" \/>\n<meta property=\"og:site_name\" content=\"Tours Bahia\" \/>\n<meta property=\"article:publisher\" content=\"https:\/\/www.facebook.com\/toursbahiainternational\" \/>\n<meta property=\"article:modified_time\" content=\"2019-02-05T23:38:14+00:00\" \/>\n<meta property=\"og:image\" content=\"https:\/\/www.toursbahia.com.br\/wp-content\/uploads\/2019\/01\/Salvador-e-Praia-do-Forte-Foto-010.jpg\" \/>\n\t<meta property=\"og:image:width\" content=\"900\" \/>\n\t<meta property=\"og:image:height\" content=\"550\" \/>\n\t<meta property=\"og:image:type\" content=\"image\/jpeg\" \/>\n<meta name=\"twitter:card\" content=\"summary_large_image\" \/>\n<script type=\"application\/ld+json\" class=\"yoast-schema-graph\">{\"@context\":\"https:\/\/schema.org\",\"@graph\":[{\"@type\":\"WebSite\",\"@id\":\"https:\/\/www.toursbahia.com.br\/#website\",\"url\":\"https:\/\/www.toursbahia.com.br\/\",\"name\":\"Tours Bahia\",\"description\":\"\",\"potentialAction\":[{\"@type\":\"SearchAction\",\"target\":{\"@type\":\"EntryPoint\",\"urlTemplate\":\"https:\/\/www.toursbahia.com.br\/?s={search_term_string}\"},\"query-input\":\"required name=search_term_string\"}],\"inLanguage\":\"es\"},{\"@type\":\"ImageObject\",\"inLanguage\":\"es\",\"@id\":\"https:\/\/www.toursbahia.com.br\/es\/loja\/paquetes\/salvador-y-praia-do-forte-paquete\/#primaryimage\",\"url\":\"https:\/\/www.toursbahia.com.br\/wp-content\/uploads\/2019\/01\/Salvador-e-Praia-do-Forte-Foto-010.jpg\",\"contentUrl\":\"https:\/\/www.toursbahia.com.br\/wp-content\/uploads\/2019\/01\/Salvador-e-Praia-do-Forte-Foto-010.jpg\",\"width\":900,\"height\":550},{\"@type\":\"WebPage\",\"@id\":\"https:\/\/www.toursbahia.com.br\/es\/loja\/paquetes\/salvador-y-praia-do-forte-paquete\/\",\"url\":\"https:\/\/www.toursbahia.com.br\/es\/loja\/paquetes\/salvador-y-praia-do-forte-paquete\/\",\"name\":\"Salvador y Praia do Forte - Paquete - Tours Bahia\",\"isPartOf\":{\"@id\":\"https:\/\/www.toursbahia.com.br\/#website\"},\"primaryImageOfPage\":{\"@id\":\"https:\/\/www.toursbahia.com.br\/es\/loja\/paquetes\/salvador-y-praia-do-forte-paquete\/#primaryimage\"},\"datePublished\":\"2019-01-18T14:08:43+00:00\",\"dateModified\":\"2019-02-05T23:38:14+00:00\",\"breadcrumb\":{\"@id\":\"https:\/\/www.toursbahia.com.br\/es\/loja\/paquetes\/salvador-y-praia-do-forte-paquete\/#breadcrumb\"},\"inLanguage\":\"es\",\"potentialAction\":[{\"@type\":\"ReadAction\",\"target\":[\"https:\/\/www.toursbahia.com.br\/es\/loja\/paquetes\/salvador-y-praia-do-forte-paquete\/\"]}]},{\"@type\":\"BreadcrumbList\",\"@id\":\"https:\/\/www.toursbahia.com.br\/es\/loja\/paquetes\/salvador-y-praia-do-forte-paquete\/#breadcrumb\",\"itemListElement\":[{\"@type\":\"ListItem\",\"position\":1,\"name\":\"In\u00edcio\",\"item\":\"https:\/\/www.toursbahia.com.br\/es\/\"},{\"@type\":\"ListItem\",\"position\":2,\"name\":\"Store\",\"item\":\"https:\/\/www.toursbahia.com.br\/es\/store-tours-bahia-internacional\/\"},{\"@type\":\"ListItem\",\"position\":3,\"name\":\"Salvador y Praia do Forte &#8211; Paquete\"}]}]}<\/script>\n<!-- \/ Yoast SEO plugin. -->","yoast_head_json":{"title":"Salvador y Praia do Forte - Paquete - Tours Bahia","robots":{"index":"index","follow":"follow","max-snippet":"max-snippet:-1","max-image-preview":"max-image-preview:large","max-video-preview":"max-video-preview:-1"},"canonical":"https:\/\/www.toursbahia.com.br\/es\/loja\/paquetes\/salvador-y-praia-do-forte-paquete\/","og_locale":"es_ES","og_type":"article","og_title":"Salvador y Praia do Forte - Paquete - Tours Bahia","og_description":"Historia, cultura, folclore, naturaleza, escenarios paradis\u00edacos, deportes radicalesy el suave movimiento de las olas del mar\u2026  Praia do Forte es un verdadero para\u00edso tropical, rodeado de piscinas naturales y arrecifes a lo largo de su costa. En la peque\u00f1a aldea puede encontrar historia y cultura nativa en medio de varias piscinas naturales. Se trata de un lugar privilegiado con mucho sol, bellezas naturales y palmeras.  El viaje comienza en Salvador, donde disfrutar\u00e1 de una ruta especial por la \u201cCidade Alta\u201d y tendr\u00e1 la oportunidad de conocer las primeras calles y caser\u00edos constru\u00eddos en Bahia (Tour Hist\u00f3rico). Pero nuestro foco principal ser\u00e1 Praia do Forte, donde no puede dejar de visitar el parque del Proyecto Tamar. Le recomendamos tambi\u00e9n un ba\u00f1o entre los corales, en las aguas m\u00e1s cristalinas de Bahia, o uno de nuestros tours de aventura (opcionales).  El paquete incluye Tour Hist\u00f3rico en Salvador con guia biling\u00fce (espa\u00f1ol\/ portugu\u00e9s), traslados de llegada y salida a Praia do Forte sin guia, una noche en Salvador y dos noches en Praia do Forte con desayuno, tasas e impuestos.","og_url":"https:\/\/www.toursbahia.com.br\/es\/loja\/paquetes\/salvador-y-praia-do-forte-paquete\/","og_site_name":"Tours Bahia","article_publisher":"https:\/\/www.facebook.com\/toursbahiainternational","article_modified_time":"2019-02-05T23:38:14+00:00","og_image":[{"width":900,"height":550,"url":"https:\/\/www.toursbahia.com.br\/wp-content\/uploads\/2019\/01\/Salvador-e-Praia-do-Forte-Foto-010.jpg","type":"image\/jpeg"}],"twitter_card":"summary_large_image","schema":{"@context":"https:\/\/schema.org","@graph":[{"@type":"WebSite","@id":"https:\/\/www.toursbahia.com.br\/#website","url":"https:\/\/www.toursbahia.com.br\/","name":"Tours Bahia","description":"","potentialAction":[{"@type":"SearchAction","target":{"@type":"EntryPoint","urlTemplate":"https:\/\/www.toursbahia.com.br\/?s={search_term_string}"},"query-input":"required name=search_term_string"}],"inLanguage":"es"},{"@type":"ImageObject","inLanguage":"es","@id":"https:\/\/www.toursbahia.com.br\/es\/loja\/paquetes\/salvador-y-praia-do-forte-paquete\/#primaryimage","url":"https:\/\/www.toursbahia.com.br\/wp-content\/uploads\/2019\/01\/Salvador-e-Praia-do-Forte-Foto-010.jpg","contentUrl":"https:\/\/www.toursbahia.com.br\/wp-content\/uploads\/2019\/01\/Salvador-e-Praia-do-Forte-Foto-010.jpg","width":900,"height":550},{"@type":"WebPage","@id":"https:\/\/www.toursbahia.com.br\/es\/loja\/paquetes\/salvador-y-praia-do-forte-paquete\/","url":"https:\/\/www.toursbahia.com.br\/es\/loja\/paquetes\/salvador-y-praia-do-forte-paquete\/","name":"Salvador y Praia do Forte - Paquete - Tours Bahia","isPartOf":{"@id":"https:\/\/www.toursbahia.com.br\/#website"},"primaryImageOfPage":{"@id":"https:\/\/www.toursbahia.com.br\/es\/loja\/paquetes\/salvador-y-praia-do-forte-paquete\/#primaryimage"},"datePublished":"2019-01-18T14:08:43+00:00","dateModified":"2019-02-05T23:38:14+00:00","breadcrumb":{"@id":"https:\/\/www.toursbahia.com.br\/es\/loja\/paquetes\/salvador-y-praia-do-forte-paquete\/#breadcrumb"},"inLanguage":"es","potentialAction":[{"@type":"ReadAction","target":["https:\/\/www.toursbahia.com.br\/es\/loja\/paquetes\/salvador-y-praia-do-forte-paquete\/"]}]},{"@type":"BreadcrumbList","@id":"https:\/\/www.toursbahia.com.br\/es\/loja\/paquetes\/salvador-y-praia-do-forte-paquete\/#breadcrumb","itemListElement":[{"@type":"ListItem","position":1,"name":"In\u00edcio","item":"https:\/\/www.toursbahia.com.br\/es\/"},{"@type":"ListItem","position":2,"name":"Store","item":"https:\/\/www.toursbahia.com.br\/es\/store-tours-bahia-internacional\/"},{"@type":"ListItem","position":3,"name":"Salvador y Praia do Forte &#8211; Paquete"}]}]}},"_links":{"self":[{"href":"https:\/\/www.toursbahia.com.br\/es\/wp-json\/wp\/v2\/product\/3446"}],"collection":[{"href":"https:\/\/www.toursbahia.com.br\/es\/wp-json\/wp\/v2\/product"}],"about":[{"href":"https:\/\/www.toursbahia.com.br\/es\/wp-json\/wp\/v2\/types\/product"}],"replies":[{"embeddable":true,"href":"https:\/\/www.toursbahia.com.br\/es\/wp-json\/wp\/v2\/comments?post=3446"}],"wp:featuredmedia":[{"embeddable":true,"href":"https:\/\/www.toursbahia.com.br\/es\/wp-json\/wp\/v2\/media\/1857"}],"wp:attachment":[{"href":"https:\/\/www.toursbahia.com.br\/es\/wp-json\/wp\/v2\/media?parent=3446"}],"wp:term":[{"taxonomy":"product_cat","embeddable":true,"href":"https:\/\/www.toursbahia.com.br\/es\/wp-json\/wp\/v2\/product_cat?post=3446"},{"taxonomy":"product_tag","embeddable":true,"href":"https:\/\/www.toursbahia.com.br\/es\/wp-json\/wp\/v2\/product_tag?post=3446"}],"curies":[{"name":"wp","href":"https:\/\/api.w.org\/{rel}","templated":true}]}}