{"id":3450,"date":"2019-01-18T21:57:00","date_gmt":"2019-01-18T23:57:00","guid":{"rendered":"https:\/\/www.toursbahia.com.br\/\/produto\/sincategorizar\/turismo-nautico-servicos-especiais\/"},"modified":"2019-02-05T21:45:53","modified_gmt":"2019-02-05T23:45:53","slug":"turismo-nautico-servicios-especiales","status":"publish","type":"product","link":"https:\/\/www.toursbahia.com.br\/es\/loja\/servicios-especiales\/turismo-nautico-servicios-especiales\/","title":{"rendered":"Turismo N\u00e1utico &#8211; Servicios Especiales"},"content":{"rendered":"","protected":false},"excerpt":{"rendered":"<p>Para aquellos a los que les guste estar en contacto con el mar, Tours Bahia ofrece alquiler de lanchas, \u201csaveiros\u201d (antiguosbarcos a vela t\u00edpicos del Rec\u00f4ncavo bahiano, utilizados para entregar mercanc\u00edas), y \u201cescunas\u201d privadas (barcos grandes de madera para turismo) para que pueda navegar tranquilamente con su familia o grupo de amigos por las tranquilas aguas de la Bahia de todos os Santos y conocer algunas de sus islas m\u00e1s espectaculares. Ponemos a su disposici\u00f3n tambi\u00e9n lanchas de lujo, con capacidad para hasta 15 personas, y escunas con capacidad hasta 60 personas. Se trata de rutas espec\u00edficas de acuerdo con las necesidades de cada cliente. Tambi\u00e9n realizamos transfers privados en lancha, de Salvador a la isla de Itaparica, evitando as\u00ed las colas del Ferry Boat y garantizando la satisfacci\u00f3n de los clientes con comodidad y rapidez.<\/p>\n","protected":false},"featured_media":2111,"comment_status":"open","ping_status":"closed","template":"","meta":[],"product_cat":[774,777],"product_tag":[],"yoast_head":"<!-- This site is optimized with the Yoast SEO plugin v19.3 - https:\/\/yoast.com\/wordpress\/plugins\/seo\/ -->\n<title>Turismo N\u00e1utico - Servicios Especiales - Tours Bahia<\/title>\n<meta name=\"robots\" content=\"index, follow, max-snippet:-1, max-image-preview:large, max-video-preview:-1\" \/>\n<link rel=\"canonical\" href=\"https:\/\/www.toursbahia.com.br\/es\/loja\/servicios-especiales\/turismo-nautico-servicios-especiales\/\" \/>\n<meta property=\"og:locale\" content=\"es_ES\" \/>\n<meta property=\"og:type\" content=\"article\" \/>\n<meta property=\"og:title\" content=\"Turismo N\u00e1utico - Servicios Especiales - Tours Bahia\" \/>\n<meta property=\"og:description\" content=\"Para aquellos a los que les guste estar en contacto con el mar, Tours Bahia ofrece alquiler de lanchas, \u201csaveiros\u201d (antiguosbarcos a vela t\u00edpicos del Rec\u00f4ncavo bahiano, utilizados para entregar mercanc\u00edas), y \u201cescunas\u201d privadas (barcos grandes de madera para turismo) para que pueda navegar tranquilamente con su familia o grupo de amigos por las tranquilas aguas de la Bahia de todos os Santos y conocer algunas de sus islas m\u00e1s espectaculares. Ponemos a su disposici\u00f3n tambi\u00e9n lanchas de lujo, con capacidad para hasta 15 personas, y escunas con capacidad hasta 60 personas. Se trata de rutas espec\u00edficas de acuerdo con las necesidades de cada cliente. Tambi\u00e9n realizamos transfers privados en lancha, de Salvador a la isla de Itaparica, evitando as\u00ed las colas del Ferry Boat y garantizando la satisfacci\u00f3n de los clientes con comodidad y rapidez.\" \/>\n<meta property=\"og:url\" content=\"https:\/\/www.toursbahia.com.br\/es\/loja\/servicios-especiales\/turismo-nautico-servicios-especiales\/\" \/>\n<meta property=\"og:site_name\" content=\"Tours Bahia\" \/>\n<meta property=\"article:publisher\" content=\"https:\/\/www.facebook.com\/toursbahiainternational\" \/>\n<meta property=\"article:modified_time\" content=\"2019-02-05T23:45:53+00:00\" \/>\n<meta property=\"og:image\" content=\"https:\/\/www.toursbahia.com.br\/wp-content\/uploads\/2018\/12\/foto-05-turismo-nautico.jpg\" \/>\n\t<meta property=\"og:image:width\" content=\"900\" \/>\n\t<meta property=\"og:image:height\" content=\"550\" \/>\n\t<meta property=\"og:image:type\" content=\"image\/jpeg\" \/>\n<meta name=\"twitter:card\" content=\"summary_large_image\" \/>\n<script type=\"application\/ld+json\" class=\"yoast-schema-graph\">{\"@context\":\"https:\/\/schema.org\",\"@graph\":[{\"@type\":\"WebSite\",\"@id\":\"https:\/\/www.toursbahia.com.br\/#website\",\"url\":\"https:\/\/www.toursbahia.com.br\/\",\"name\":\"Tours Bahia\",\"description\":\"\",\"potentialAction\":[{\"@type\":\"SearchAction\",\"target\":{\"@type\":\"EntryPoint\",\"urlTemplate\":\"https:\/\/www.toursbahia.com.br\/?s={search_term_string}\"},\"query-input\":\"required name=search_term_string\"}],\"inLanguage\":\"es\"},{\"@type\":\"ImageObject\",\"inLanguage\":\"es\",\"@id\":\"https:\/\/www.toursbahia.com.br\/es\/loja\/servicios-especiales\/turismo-nautico-servicios-especiales\/#primaryimage\",\"url\":\"https:\/\/www.toursbahia.com.br\/wp-content\/uploads\/2018\/12\/foto-05-turismo-nautico.jpg\",\"contentUrl\":\"https:\/\/www.toursbahia.com.br\/wp-content\/uploads\/2018\/12\/foto-05-turismo-nautico.jpg\",\"width\":900,\"height\":550},{\"@type\":\"WebPage\",\"@id\":\"https:\/\/www.toursbahia.com.br\/es\/loja\/servicios-especiales\/turismo-nautico-servicios-especiales\/\",\"url\":\"https:\/\/www.toursbahia.com.br\/es\/loja\/servicios-especiales\/turismo-nautico-servicios-especiales\/\",\"name\":\"Turismo N\u00e1utico - Servicios Especiales - Tours Bahia\",\"isPartOf\":{\"@id\":\"https:\/\/www.toursbahia.com.br\/#website\"},\"primaryImageOfPage\":{\"@id\":\"https:\/\/www.toursbahia.com.br\/es\/loja\/servicios-especiales\/turismo-nautico-servicios-especiales\/#primaryimage\"},\"datePublished\":\"2019-01-18T23:57:00+00:00\",\"dateModified\":\"2019-02-05T23:45:53+00:00\",\"breadcrumb\":{\"@id\":\"https:\/\/www.toursbahia.com.br\/es\/loja\/servicios-especiales\/turismo-nautico-servicios-especiales\/#breadcrumb\"},\"inLanguage\":\"es\",\"potentialAction\":[{\"@type\":\"ReadAction\",\"target\":[\"https:\/\/www.toursbahia.com.br\/es\/loja\/servicios-especiales\/turismo-nautico-servicios-especiales\/\"]}]},{\"@type\":\"BreadcrumbList\",\"@id\":\"https:\/\/www.toursbahia.com.br\/es\/loja\/servicios-especiales\/turismo-nautico-servicios-especiales\/#breadcrumb\",\"itemListElement\":[{\"@type\":\"ListItem\",\"position\":1,\"name\":\"In\u00edcio\",\"item\":\"https:\/\/www.toursbahia.com.br\/es\/\"},{\"@type\":\"ListItem\",\"position\":2,\"name\":\"Store\",\"item\":\"https:\/\/www.toursbahia.com.br\/es\/store-tours-bahia-internacional\/\"},{\"@type\":\"ListItem\",\"position\":3,\"name\":\"Turismo N\u00e1utico &#8211; Servicios Especiales\"}]}]}<\/script>\n<!-- \/ Yoast SEO plugin. -->","yoast_head_json":{"title":"Turismo N\u00e1utico - Servicios Especiales - Tours Bahia","robots":{"index":"index","follow":"follow","max-snippet":"max-snippet:-1","max-image-preview":"max-image-preview:large","max-video-preview":"max-video-preview:-1"},"canonical":"https:\/\/www.toursbahia.com.br\/es\/loja\/servicios-especiales\/turismo-nautico-servicios-especiales\/","og_locale":"es_ES","og_type":"article","og_title":"Turismo N\u00e1utico - Servicios Especiales - Tours Bahia","og_description":"Para aquellos a los que les guste estar en contacto con el mar, Tours Bahia ofrece alquiler de lanchas, \u201csaveiros\u201d (antiguosbarcos a vela t\u00edpicos del Rec\u00f4ncavo bahiano, utilizados para entregar mercanc\u00edas), y \u201cescunas\u201d privadas (barcos grandes de madera para turismo) para que pueda navegar tranquilamente con su familia o grupo de amigos por las tranquilas aguas de la Bahia de todos os Santos y conocer algunas de sus islas m\u00e1s espectaculares. Ponemos a su disposici\u00f3n tambi\u00e9n lanchas de lujo, con capacidad para hasta 15 personas, y escunas con capacidad hasta 60 personas. Se trata de rutas espec\u00edficas de acuerdo con las necesidades de cada cliente. Tambi\u00e9n realizamos transfers privados en lancha, de Salvador a la isla de Itaparica, evitando as\u00ed las colas del Ferry Boat y garantizando la satisfacci\u00f3n de los clientes con comodidad y rapidez.","og_url":"https:\/\/www.toursbahia.com.br\/es\/loja\/servicios-especiales\/turismo-nautico-servicios-especiales\/","og_site_name":"Tours Bahia","article_publisher":"https:\/\/www.facebook.com\/toursbahiainternational","article_modified_time":"2019-02-05T23:45:53+00:00","og_image":[{"width":900,"height":550,"url":"https:\/\/www.toursbahia.com.br\/wp-content\/uploads\/2018\/12\/foto-05-turismo-nautico.jpg","type":"image\/jpeg"}],"twitter_card":"summary_large_image","schema":{"@context":"https:\/\/schema.org","@graph":[{"@type":"WebSite","@id":"https:\/\/www.toursbahia.com.br\/#website","url":"https:\/\/www.toursbahia.com.br\/","name":"Tours Bahia","description":"","potentialAction":[{"@type":"SearchAction","target":{"@type":"EntryPoint","urlTemplate":"https:\/\/www.toursbahia.com.br\/?s={search_term_string}"},"query-input":"required name=search_term_string"}],"inLanguage":"es"},{"@type":"ImageObject","inLanguage":"es","@id":"https:\/\/www.toursbahia.com.br\/es\/loja\/servicios-especiales\/turismo-nautico-servicios-especiales\/#primaryimage","url":"https:\/\/www.toursbahia.com.br\/wp-content\/uploads\/2018\/12\/foto-05-turismo-nautico.jpg","contentUrl":"https:\/\/www.toursbahia.com.br\/wp-content\/uploads\/2018\/12\/foto-05-turismo-nautico.jpg","width":900,"height":550},{"@type":"WebPage","@id":"https:\/\/www.toursbahia.com.br\/es\/loja\/servicios-especiales\/turismo-nautico-servicios-especiales\/","url":"https:\/\/www.toursbahia.com.br\/es\/loja\/servicios-especiales\/turismo-nautico-servicios-especiales\/","name":"Turismo N\u00e1utico - Servicios Especiales - Tours Bahia","isPartOf":{"@id":"https:\/\/www.toursbahia.com.br\/#website"},"primaryImageOfPage":{"@id":"https:\/\/www.toursbahia.com.br\/es\/loja\/servicios-especiales\/turismo-nautico-servicios-especiales\/#primaryimage"},"datePublished":"2019-01-18T23:57:00+00:00","dateModified":"2019-02-05T23:45:53+00:00","breadcrumb":{"@id":"https:\/\/www.toursbahia.com.br\/es\/loja\/servicios-especiales\/turismo-nautico-servicios-especiales\/#breadcrumb"},"inLanguage":"es","potentialAction":[{"@type":"ReadAction","target":["https:\/\/www.toursbahia.com.br\/es\/loja\/servicios-especiales\/turismo-nautico-servicios-especiales\/"]}]},{"@type":"BreadcrumbList","@id":"https:\/\/www.toursbahia.com.br\/es\/loja\/servicios-especiales\/turismo-nautico-servicios-especiales\/#breadcrumb","itemListElement":[{"@type":"ListItem","position":1,"name":"In\u00edcio","item":"https:\/\/www.toursbahia.com.br\/es\/"},{"@type":"ListItem","position":2,"name":"Store","item":"https:\/\/www.toursbahia.com.br\/es\/store-tours-bahia-internacional\/"},{"@type":"ListItem","position":3,"name":"Turismo N\u00e1utico &#8211; Servicios Especiales"}]}]}},"_links":{"self":[{"href":"https:\/\/www.toursbahia.com.br\/es\/wp-json\/wp\/v2\/product\/3450"}],"collection":[{"href":"https:\/\/www.toursbahia.com.br\/es\/wp-json\/wp\/v2\/product"}],"about":[{"href":"https:\/\/www.toursbahia.com.br\/es\/wp-json\/wp\/v2\/types\/product"}],"replies":[{"embeddable":true,"href":"https:\/\/www.toursbahia.com.br\/es\/wp-json\/wp\/v2\/comments?post=3450"}],"wp:featuredmedia":[{"embeddable":true,"href":"https:\/\/www.toursbahia.com.br\/es\/wp-json\/wp\/v2\/media\/2111"}],"wp:attachment":[{"href":"https:\/\/www.toursbahia.com.br\/es\/wp-json\/wp\/v2\/media?parent=3450"}],"wp:term":[{"taxonomy":"product_cat","embeddable":true,"href":"https:\/\/www.toursbahia.com.br\/es\/wp-json\/wp\/v2\/product_cat?post=3450"},{"taxonomy":"product_tag","embeddable":true,"href":"https:\/\/www.toursbahia.com.br\/es\/wp-json\/wp\/v2\/product_tag?post=3450"}],"curies":[{"name":"wp","href":"https:\/\/api.w.org\/{rel}","templated":true}]}}