{"id":3457,"date":"2019-01-21T15:13:42","date_gmt":"2019-01-21T17:13:42","guid":{"rendered":"https:\/\/www.toursbahia.com.br\/\/produto\/sincategorizar\/poco-encantado-e-poco-azul-passeio\/"},"modified":"2019-02-05T22:18:49","modified_gmt":"2019-02-06T00:18:49","slug":"pozo-encantado-y-pozo-azul-excursion","status":"publish","type":"product","link":"https:\/\/www.toursbahia.com.br\/es\/loja\/excursiones\/pozo-encantado-y-pozo-azul-excursion\/","title":{"rendered":"Pozo Encantado y Pozo Azul &#8211; Excursi\u00f3n"},"content":{"rendered":"","protected":false},"excerpt":{"rendered":"<p>Salida de Len\u00e7\u00f3is, iremos en coche hasta el Pozo Encantado, una inmensa piscina natural de agua azul turquesa dentro de una gruta de calc\u00e1reo, considerada una de las atracciones m\u00e1s impresionantes de la regi\u00f3n.<\/p>\n<p>Por un agujero enparte superior de la gruta, un rayo de sol cruza el pozo hasta el fondo y las paredes de la gruta se reflejan en el agua azul turquesa, causando un efecto deslumbrante. Nuestro pr\u00f3ximo destino es el Pozo Azul, en el cual podremos nadar en el interior de la gruta, despu\u00e9s tendremos un delicioso almuerzo con comidas t\u00edpicas de la regi\u00f3n.<\/p>\n<p>Regreso a Len\u00e7\u00f3is al final de la tarde.<\/p>\n","protected":false},"featured_media":2129,"comment_status":"open","ping_status":"closed","template":"","meta":[],"product_cat":[778,779,780,786],"product_tag":[],"yoast_head":"<!-- This site is optimized with the Yoast SEO plugin v19.3 - https:\/\/yoast.com\/wordpress\/plugins\/seo\/ -->\n<title>Pozo Encantado y Pozo Azul - Excursi\u00f3n - Tours Bahia<\/title>\n<meta name=\"robots\" content=\"index, follow, max-snippet:-1, max-image-preview:large, max-video-preview:-1\" \/>\n<link rel=\"canonical\" href=\"https:\/\/www.toursbahia.com.br\/es\/loja\/excursiones\/pozo-encantado-y-pozo-azul-excursion\/\" \/>\n<meta property=\"og:locale\" content=\"es_ES\" \/>\n<meta property=\"og:type\" content=\"article\" \/>\n<meta property=\"og:title\" content=\"Pozo Encantado y Pozo Azul - Excursi\u00f3n - Tours Bahia\" \/>\n<meta property=\"og:description\" content=\"Salida de Len\u00e7\u00f3is, iremos en coche hasta el Pozo Encantado, una inmensa piscina natural de agua azul turquesa dentro de una gruta de calc\u00e1reo, considerada una de las atracciones m\u00e1s impresionantes de la regi\u00f3n.  Por un agujero enparte superior de la gruta, un rayo de sol cruza el pozo hasta el fondo y las paredes de la gruta se reflejan en el agua azul turquesa, causando un efecto deslumbrante. Nuestro pr\u00f3ximo destino es el Pozo Azul, en el cual podremos nadar en el interior de la gruta, despu\u00e9s tendremos un delicioso almuerzo con comidas t\u00edpicas de la regi\u00f3n.  Regreso a Len\u00e7\u00f3is al final de la tarde.\" \/>\n<meta property=\"og:url\" content=\"https:\/\/www.toursbahia.com.br\/es\/loja\/excursiones\/pozo-encantado-y-pozo-azul-excursion\/\" \/>\n<meta property=\"og:site_name\" content=\"Tours Bahia\" \/>\n<meta property=\"article:publisher\" content=\"https:\/\/www.facebook.com\/toursbahiainternational\" \/>\n<meta property=\"article:modified_time\" content=\"2019-02-06T00:18:49+00:00\" \/>\n<meta property=\"og:image\" content=\"https:\/\/www.toursbahia.com.br\/wp-content\/uploads\/2018\/12\/Po\u00e7o-Encantado-e-Po\u00e7o-Azul-Foto-03.jpg\" \/>\n\t<meta property=\"og:image:width\" content=\"900\" \/>\n\t<meta property=\"og:image:height\" content=\"550\" \/>\n\t<meta property=\"og:image:type\" content=\"image\/jpeg\" \/>\n<meta name=\"twitter:card\" content=\"summary_large_image\" \/>\n<script type=\"application\/ld+json\" class=\"yoast-schema-graph\">{\"@context\":\"https:\/\/schema.org\",\"@graph\":[{\"@type\":\"WebSite\",\"@id\":\"https:\/\/www.toursbahia.com.br\/#website\",\"url\":\"https:\/\/www.toursbahia.com.br\/\",\"name\":\"Tours Bahia\",\"description\":\"\",\"potentialAction\":[{\"@type\":\"SearchAction\",\"target\":{\"@type\":\"EntryPoint\",\"urlTemplate\":\"https:\/\/www.toursbahia.com.br\/?s={search_term_string}\"},\"query-input\":\"required name=search_term_string\"}],\"inLanguage\":\"es\"},{\"@type\":\"ImageObject\",\"inLanguage\":\"es\",\"@id\":\"https:\/\/www.toursbahia.com.br\/es\/loja\/excursiones\/pozo-encantado-y-pozo-azul-excursion\/#primaryimage\",\"url\":\"https:\/\/www.toursbahia.com.br\/wp-content\/uploads\/2018\/12\/Po\u00e7o-Encantado-e-Po\u00e7o-Azul-Foto-03.jpg\",\"contentUrl\":\"https:\/\/www.toursbahia.com.br\/wp-content\/uploads\/2018\/12\/Po\u00e7o-Encantado-e-Po\u00e7o-Azul-Foto-03.jpg\",\"width\":900,\"height\":550},{\"@type\":\"WebPage\",\"@id\":\"https:\/\/www.toursbahia.com.br\/es\/loja\/excursiones\/pozo-encantado-y-pozo-azul-excursion\/\",\"url\":\"https:\/\/www.toursbahia.com.br\/es\/loja\/excursiones\/pozo-encantado-y-pozo-azul-excursion\/\",\"name\":\"Pozo Encantado y Pozo Azul - Excursi\u00f3n - Tours Bahia\",\"isPartOf\":{\"@id\":\"https:\/\/www.toursbahia.com.br\/#website\"},\"primaryImageOfPage\":{\"@id\":\"https:\/\/www.toursbahia.com.br\/es\/loja\/excursiones\/pozo-encantado-y-pozo-azul-excursion\/#primaryimage\"},\"datePublished\":\"2019-01-21T17:13:42+00:00\",\"dateModified\":\"2019-02-06T00:18:49+00:00\",\"breadcrumb\":{\"@id\":\"https:\/\/www.toursbahia.com.br\/es\/loja\/excursiones\/pozo-encantado-y-pozo-azul-excursion\/#breadcrumb\"},\"inLanguage\":\"es\",\"potentialAction\":[{\"@type\":\"ReadAction\",\"target\":[\"https:\/\/www.toursbahia.com.br\/es\/loja\/excursiones\/pozo-encantado-y-pozo-azul-excursion\/\"]}]},{\"@type\":\"BreadcrumbList\",\"@id\":\"https:\/\/www.toursbahia.com.br\/es\/loja\/excursiones\/pozo-encantado-y-pozo-azul-excursion\/#breadcrumb\",\"itemListElement\":[{\"@type\":\"ListItem\",\"position\":1,\"name\":\"In\u00edcio\",\"item\":\"https:\/\/www.toursbahia.com.br\/es\/\"},{\"@type\":\"ListItem\",\"position\":2,\"name\":\"Store\",\"item\":\"https:\/\/www.toursbahia.com.br\/es\/store-tours-bahia-internacional\/\"},{\"@type\":\"ListItem\",\"position\":3,\"name\":\"Pozo Encantado y Pozo Azul &#8211; Excursi\u00f3n\"}]}]}<\/script>\n<!-- \/ Yoast SEO plugin. -->","yoast_head_json":{"title":"Pozo Encantado y Pozo Azul - Excursi\u00f3n - Tours Bahia","robots":{"index":"index","follow":"follow","max-snippet":"max-snippet:-1","max-image-preview":"max-image-preview:large","max-video-preview":"max-video-preview:-1"},"canonical":"https:\/\/www.toursbahia.com.br\/es\/loja\/excursiones\/pozo-encantado-y-pozo-azul-excursion\/","og_locale":"es_ES","og_type":"article","og_title":"Pozo Encantado y Pozo Azul - Excursi\u00f3n - Tours Bahia","og_description":"Salida de Len\u00e7\u00f3is, iremos en coche hasta el Pozo Encantado, una inmensa piscina natural de agua azul turquesa dentro de una gruta de calc\u00e1reo, considerada una de las atracciones m\u00e1s impresionantes de la regi\u00f3n.  Por un agujero enparte superior de la gruta, un rayo de sol cruza el pozo hasta el fondo y las paredes de la gruta se reflejan en el agua azul turquesa, causando un efecto deslumbrante. Nuestro pr\u00f3ximo destino es el Pozo Azul, en el cual podremos nadar en el interior de la gruta, despu\u00e9s tendremos un delicioso almuerzo con comidas t\u00edpicas de la regi\u00f3n.  Regreso a Len\u00e7\u00f3is al final de la tarde.","og_url":"https:\/\/www.toursbahia.com.br\/es\/loja\/excursiones\/pozo-encantado-y-pozo-azul-excursion\/","og_site_name":"Tours Bahia","article_publisher":"https:\/\/www.facebook.com\/toursbahiainternational","article_modified_time":"2019-02-06T00:18:49+00:00","og_image":[{"width":900,"height":550,"url":"https:\/\/www.toursbahia.com.br\/wp-content\/uploads\/2018\/12\/Po\u00e7o-Encantado-e-Po\u00e7o-Azul-Foto-03.jpg","type":"image\/jpeg"}],"twitter_card":"summary_large_image","schema":{"@context":"https:\/\/schema.org","@graph":[{"@type":"WebSite","@id":"https:\/\/www.toursbahia.com.br\/#website","url":"https:\/\/www.toursbahia.com.br\/","name":"Tours Bahia","description":"","potentialAction":[{"@type":"SearchAction","target":{"@type":"EntryPoint","urlTemplate":"https:\/\/www.toursbahia.com.br\/?s={search_term_string}"},"query-input":"required name=search_term_string"}],"inLanguage":"es"},{"@type":"ImageObject","inLanguage":"es","@id":"https:\/\/www.toursbahia.com.br\/es\/loja\/excursiones\/pozo-encantado-y-pozo-azul-excursion\/#primaryimage","url":"https:\/\/www.toursbahia.com.br\/wp-content\/uploads\/2018\/12\/Po\u00e7o-Encantado-e-Po\u00e7o-Azul-Foto-03.jpg","contentUrl":"https:\/\/www.toursbahia.com.br\/wp-content\/uploads\/2018\/12\/Po\u00e7o-Encantado-e-Po\u00e7o-Azul-Foto-03.jpg","width":900,"height":550},{"@type":"WebPage","@id":"https:\/\/www.toursbahia.com.br\/es\/loja\/excursiones\/pozo-encantado-y-pozo-azul-excursion\/","url":"https:\/\/www.toursbahia.com.br\/es\/loja\/excursiones\/pozo-encantado-y-pozo-azul-excursion\/","name":"Pozo Encantado y Pozo Azul - Excursi\u00f3n - Tours Bahia","isPartOf":{"@id":"https:\/\/www.toursbahia.com.br\/#website"},"primaryImageOfPage":{"@id":"https:\/\/www.toursbahia.com.br\/es\/loja\/excursiones\/pozo-encantado-y-pozo-azul-excursion\/#primaryimage"},"datePublished":"2019-01-21T17:13:42+00:00","dateModified":"2019-02-06T00:18:49+00:00","breadcrumb":{"@id":"https:\/\/www.toursbahia.com.br\/es\/loja\/excursiones\/pozo-encantado-y-pozo-azul-excursion\/#breadcrumb"},"inLanguage":"es","potentialAction":[{"@type":"ReadAction","target":["https:\/\/www.toursbahia.com.br\/es\/loja\/excursiones\/pozo-encantado-y-pozo-azul-excursion\/"]}]},{"@type":"BreadcrumbList","@id":"https:\/\/www.toursbahia.com.br\/es\/loja\/excursiones\/pozo-encantado-y-pozo-azul-excursion\/#breadcrumb","itemListElement":[{"@type":"ListItem","position":1,"name":"In\u00edcio","item":"https:\/\/www.toursbahia.com.br\/es\/"},{"@type":"ListItem","position":2,"name":"Store","item":"https:\/\/www.toursbahia.com.br\/es\/store-tours-bahia-internacional\/"},{"@type":"ListItem","position":3,"name":"Pozo Encantado y Pozo Azul &#8211; Excursi\u00f3n"}]}]}},"_links":{"self":[{"href":"https:\/\/www.toursbahia.com.br\/es\/wp-json\/wp\/v2\/product\/3457"}],"collection":[{"href":"https:\/\/www.toursbahia.com.br\/es\/wp-json\/wp\/v2\/product"}],"about":[{"href":"https:\/\/www.toursbahia.com.br\/es\/wp-json\/wp\/v2\/types\/product"}],"replies":[{"embeddable":true,"href":"https:\/\/www.toursbahia.com.br\/es\/wp-json\/wp\/v2\/comments?post=3457"}],"wp:featuredmedia":[{"embeddable":true,"href":"https:\/\/www.toursbahia.com.br\/es\/wp-json\/wp\/v2\/media\/2129"}],"wp:attachment":[{"href":"https:\/\/www.toursbahia.com.br\/es\/wp-json\/wp\/v2\/media?parent=3457"}],"wp:term":[{"taxonomy":"product_cat","embeddable":true,"href":"https:\/\/www.toursbahia.com.br\/es\/wp-json\/wp\/v2\/product_cat?post=3457"},{"taxonomy":"product_tag","embeddable":true,"href":"https:\/\/www.toursbahia.com.br\/es\/wp-json\/wp\/v2\/product_tag?post=3457"}],"curies":[{"name":"wp","href":"https:\/\/api.w.org\/{rel}","templated":true}]}}