{"id":3460,"date":"2019-01-21T15:11:10","date_gmt":"2019-01-21T17:11:10","guid":{"rendered":"https:\/\/www.toursbahia.com.br\/\/produto\/sincategorizar\/pantanal-marimbus-passeio\/"},"modified":"2019-02-05T22:22:31","modified_gmt":"2019-02-06T00:22:31","slug":"pantanal-marimbus-excursion","status":"publish","type":"product","link":"https:\/\/www.toursbahia.com.br\/es\/loja\/excursiones\/pantanal-marimbus-excursion\/","title":{"rendered":"Pantanal Marimbus &#8211; Excursi\u00f3n"},"content":{"rendered":"","protected":false},"excerpt":{"rendered":"<p>D\u00eda para descansar las piernas y conocer un escenario totalmente diferente de todas las atracciones ya vistas en la Chapada Diamantina, localizada en el \u00e1rea de protecci\u00f3n ambiental de Marimbus.<\/p>\n<p>Empezaremos nuestro tour con un paseo de barco en el Remanso, una peque\u00f1a aldea de pescadores descendientes de antiguos Quilombos (refugios de esclavos huidos) de la regi\u00f3n. En el trayecto en barco a lo largo del pantanal de Marimb\u00fas, podremos observar toda la belleza de la flora y la fauna presentes en la regi\u00f3n, hasta que lleguemos a la hacienda Roncador, donde haremos una parada para almorzar y tendremos tiempo libre para darnos ba\u00f1o en una cascada pr\u00f3xima a la hacienda.<\/p>\n<p>Regreso a Len\u00e7\u00f3is al final de la tarde.<\/p>\n","protected":false},"featured_media":2138,"comment_status":"open","ping_status":"closed","template":"","meta":[],"product_cat":[778,779,780,785],"product_tag":[],"yoast_head":"<!-- This site is optimized with the Yoast SEO plugin v19.3 - https:\/\/yoast.com\/wordpress\/plugins\/seo\/ -->\n<title>Pantanal Marimbus - Excursi\u00f3n - Tours Bahia<\/title>\n<meta name=\"robots\" content=\"index, follow, max-snippet:-1, max-image-preview:large, max-video-preview:-1\" \/>\n<link rel=\"canonical\" href=\"https:\/\/www.toursbahia.com.br\/es\/loja\/excursiones\/pantanal-marimbus-excursion\/\" \/>\n<meta property=\"og:locale\" content=\"es_ES\" \/>\n<meta property=\"og:type\" content=\"article\" \/>\n<meta property=\"og:title\" content=\"Pantanal Marimbus - Excursi\u00f3n - Tours Bahia\" \/>\n<meta property=\"og:description\" content=\"D\u00eda para descansar las piernas y conocer un escenario totalmente diferente de todas las atracciones ya vistas en la Chapada Diamantina, localizada en el \u00e1rea de protecci\u00f3n ambiental de Marimbus.  Empezaremos nuestro tour con un paseo de barco en el Remanso, una peque\u00f1a aldea de pescadores descendientes de antiguos Quilombos (refugios de esclavos huidos) de la regi\u00f3n. En el trayecto en barco a lo largo del pantanal de Marimb\u00fas, podremos observar toda la belleza de la flora y la fauna presentes en la regi\u00f3n, hasta que lleguemos a la hacienda Roncador, donde haremos una parada para almorzar y tendremos tiempo libre para darnos ba\u00f1o en una cascada pr\u00f3xima a la hacienda.  Regreso a Len\u00e7\u00f3is al final de la tarde.\" \/>\n<meta property=\"og:url\" content=\"https:\/\/www.toursbahia.com.br\/es\/loja\/excursiones\/pantanal-marimbus-excursion\/\" \/>\n<meta property=\"og:site_name\" content=\"Tours Bahia\" \/>\n<meta property=\"article:publisher\" content=\"https:\/\/www.facebook.com\/toursbahiainternational\" \/>\n<meta property=\"article:modified_time\" content=\"2019-02-06T00:22:31+00:00\" \/>\n<meta property=\"og:image\" content=\"https:\/\/www.toursbahia.com.br\/wp-content\/uploads\/2018\/12\/Pantanal-Marimbus-Foto-04.jpg\" \/>\n\t<meta property=\"og:image:width\" content=\"900\" \/>\n\t<meta property=\"og:image:height\" content=\"550\" \/>\n\t<meta property=\"og:image:type\" content=\"image\/jpeg\" \/>\n<meta name=\"twitter:card\" content=\"summary_large_image\" \/>\n<script type=\"application\/ld+json\" class=\"yoast-schema-graph\">{\"@context\":\"https:\/\/schema.org\",\"@graph\":[{\"@type\":\"WebSite\",\"@id\":\"https:\/\/www.toursbahia.com.br\/#website\",\"url\":\"https:\/\/www.toursbahia.com.br\/\",\"name\":\"Tours Bahia\",\"description\":\"\",\"potentialAction\":[{\"@type\":\"SearchAction\",\"target\":{\"@type\":\"EntryPoint\",\"urlTemplate\":\"https:\/\/www.toursbahia.com.br\/?s={search_term_string}\"},\"query-input\":\"required name=search_term_string\"}],\"inLanguage\":\"es\"},{\"@type\":\"ImageObject\",\"inLanguage\":\"es\",\"@id\":\"https:\/\/www.toursbahia.com.br\/es\/loja\/excursiones\/pantanal-marimbus-excursion\/#primaryimage\",\"url\":\"https:\/\/www.toursbahia.com.br\/wp-content\/uploads\/2018\/12\/Pantanal-Marimbus-Foto-04.jpg\",\"contentUrl\":\"https:\/\/www.toursbahia.com.br\/wp-content\/uploads\/2018\/12\/Pantanal-Marimbus-Foto-04.jpg\",\"width\":900,\"height\":550},{\"@type\":\"WebPage\",\"@id\":\"https:\/\/www.toursbahia.com.br\/es\/loja\/excursiones\/pantanal-marimbus-excursion\/\",\"url\":\"https:\/\/www.toursbahia.com.br\/es\/loja\/excursiones\/pantanal-marimbus-excursion\/\",\"name\":\"Pantanal Marimbus - Excursi\u00f3n - Tours Bahia\",\"isPartOf\":{\"@id\":\"https:\/\/www.toursbahia.com.br\/#website\"},\"primaryImageOfPage\":{\"@id\":\"https:\/\/www.toursbahia.com.br\/es\/loja\/excursiones\/pantanal-marimbus-excursion\/#primaryimage\"},\"datePublished\":\"2019-01-21T17:11:10+00:00\",\"dateModified\":\"2019-02-06T00:22:31+00:00\",\"breadcrumb\":{\"@id\":\"https:\/\/www.toursbahia.com.br\/es\/loja\/excursiones\/pantanal-marimbus-excursion\/#breadcrumb\"},\"inLanguage\":\"es\",\"potentialAction\":[{\"@type\":\"ReadAction\",\"target\":[\"https:\/\/www.toursbahia.com.br\/es\/loja\/excursiones\/pantanal-marimbus-excursion\/\"]}]},{\"@type\":\"BreadcrumbList\",\"@id\":\"https:\/\/www.toursbahia.com.br\/es\/loja\/excursiones\/pantanal-marimbus-excursion\/#breadcrumb\",\"itemListElement\":[{\"@type\":\"ListItem\",\"position\":1,\"name\":\"In\u00edcio\",\"item\":\"https:\/\/www.toursbahia.com.br\/es\/\"},{\"@type\":\"ListItem\",\"position\":2,\"name\":\"Store\",\"item\":\"https:\/\/www.toursbahia.com.br\/es\/store-tours-bahia-internacional\/\"},{\"@type\":\"ListItem\",\"position\":3,\"name\":\"Pantanal Marimbus &#8211; Excursi\u00f3n\"}]}]}<\/script>\n<!-- \/ Yoast SEO plugin. -->","yoast_head_json":{"title":"Pantanal Marimbus - Excursi\u00f3n - Tours Bahia","robots":{"index":"index","follow":"follow","max-snippet":"max-snippet:-1","max-image-preview":"max-image-preview:large","max-video-preview":"max-video-preview:-1"},"canonical":"https:\/\/www.toursbahia.com.br\/es\/loja\/excursiones\/pantanal-marimbus-excursion\/","og_locale":"es_ES","og_type":"article","og_title":"Pantanal Marimbus - Excursi\u00f3n - Tours Bahia","og_description":"D\u00eda para descansar las piernas y conocer un escenario totalmente diferente de todas las atracciones ya vistas en la Chapada Diamantina, localizada en el \u00e1rea de protecci\u00f3n ambiental de Marimbus.  Empezaremos nuestro tour con un paseo de barco en el Remanso, una peque\u00f1a aldea de pescadores descendientes de antiguos Quilombos (refugios de esclavos huidos) de la regi\u00f3n. En el trayecto en barco a lo largo del pantanal de Marimb\u00fas, podremos observar toda la belleza de la flora y la fauna presentes en la regi\u00f3n, hasta que lleguemos a la hacienda Roncador, donde haremos una parada para almorzar y tendremos tiempo libre para darnos ba\u00f1o en una cascada pr\u00f3xima a la hacienda.  Regreso a Len\u00e7\u00f3is al final de la tarde.","og_url":"https:\/\/www.toursbahia.com.br\/es\/loja\/excursiones\/pantanal-marimbus-excursion\/","og_site_name":"Tours Bahia","article_publisher":"https:\/\/www.facebook.com\/toursbahiainternational","article_modified_time":"2019-02-06T00:22:31+00:00","og_image":[{"width":900,"height":550,"url":"https:\/\/www.toursbahia.com.br\/wp-content\/uploads\/2018\/12\/Pantanal-Marimbus-Foto-04.jpg","type":"image\/jpeg"}],"twitter_card":"summary_large_image","schema":{"@context":"https:\/\/schema.org","@graph":[{"@type":"WebSite","@id":"https:\/\/www.toursbahia.com.br\/#website","url":"https:\/\/www.toursbahia.com.br\/","name":"Tours Bahia","description":"","potentialAction":[{"@type":"SearchAction","target":{"@type":"EntryPoint","urlTemplate":"https:\/\/www.toursbahia.com.br\/?s={search_term_string}"},"query-input":"required name=search_term_string"}],"inLanguage":"es"},{"@type":"ImageObject","inLanguage":"es","@id":"https:\/\/www.toursbahia.com.br\/es\/loja\/excursiones\/pantanal-marimbus-excursion\/#primaryimage","url":"https:\/\/www.toursbahia.com.br\/wp-content\/uploads\/2018\/12\/Pantanal-Marimbus-Foto-04.jpg","contentUrl":"https:\/\/www.toursbahia.com.br\/wp-content\/uploads\/2018\/12\/Pantanal-Marimbus-Foto-04.jpg","width":900,"height":550},{"@type":"WebPage","@id":"https:\/\/www.toursbahia.com.br\/es\/loja\/excursiones\/pantanal-marimbus-excursion\/","url":"https:\/\/www.toursbahia.com.br\/es\/loja\/excursiones\/pantanal-marimbus-excursion\/","name":"Pantanal Marimbus - Excursi\u00f3n - Tours Bahia","isPartOf":{"@id":"https:\/\/www.toursbahia.com.br\/#website"},"primaryImageOfPage":{"@id":"https:\/\/www.toursbahia.com.br\/es\/loja\/excursiones\/pantanal-marimbus-excursion\/#primaryimage"},"datePublished":"2019-01-21T17:11:10+00:00","dateModified":"2019-02-06T00:22:31+00:00","breadcrumb":{"@id":"https:\/\/www.toursbahia.com.br\/es\/loja\/excursiones\/pantanal-marimbus-excursion\/#breadcrumb"},"inLanguage":"es","potentialAction":[{"@type":"ReadAction","target":["https:\/\/www.toursbahia.com.br\/es\/loja\/excursiones\/pantanal-marimbus-excursion\/"]}]},{"@type":"BreadcrumbList","@id":"https:\/\/www.toursbahia.com.br\/es\/loja\/excursiones\/pantanal-marimbus-excursion\/#breadcrumb","itemListElement":[{"@type":"ListItem","position":1,"name":"In\u00edcio","item":"https:\/\/www.toursbahia.com.br\/es\/"},{"@type":"ListItem","position":2,"name":"Store","item":"https:\/\/www.toursbahia.com.br\/es\/store-tours-bahia-internacional\/"},{"@type":"ListItem","position":3,"name":"Pantanal Marimbus &#8211; Excursi\u00f3n"}]}]}},"_links":{"self":[{"href":"https:\/\/www.toursbahia.com.br\/es\/wp-json\/wp\/v2\/product\/3460"}],"collection":[{"href":"https:\/\/www.toursbahia.com.br\/es\/wp-json\/wp\/v2\/product"}],"about":[{"href":"https:\/\/www.toursbahia.com.br\/es\/wp-json\/wp\/v2\/types\/product"}],"replies":[{"embeddable":true,"href":"https:\/\/www.toursbahia.com.br\/es\/wp-json\/wp\/v2\/comments?post=3460"}],"wp:featuredmedia":[{"embeddable":true,"href":"https:\/\/www.toursbahia.com.br\/es\/wp-json\/wp\/v2\/media\/2138"}],"wp:attachment":[{"href":"https:\/\/www.toursbahia.com.br\/es\/wp-json\/wp\/v2\/media?parent=3460"}],"wp:term":[{"taxonomy":"product_cat","embeddable":true,"href":"https:\/\/www.toursbahia.com.br\/es\/wp-json\/wp\/v2\/product_cat?post=3460"},{"taxonomy":"product_tag","embeddable":true,"href":"https:\/\/www.toursbahia.com.br\/es\/wp-json\/wp\/v2\/product_tag?post=3460"}],"curies":[{"name":"wp","href":"https:\/\/api.w.org\/{rel}","templated":true}]}}