{"id":3463,"date":"2019-01-21T15:01:13","date_gmt":"2019-01-21T17:01:13","guid":{"rendered":"https:\/\/www.toursbahia.com.br\/\/produto\/sincategorizar\/rio-lencois-e-cachoeira-da-primavera-passeio\/"},"modified":"2019-02-05T22:25:34","modified_gmt":"2019-02-06T00:25:34","slug":"rio-lencois-y-cachoeira-da-primavera-excursion","status":"publish","type":"product","link":"https:\/\/www.toursbahia.com.br\/es\/loja\/excursiones\/rio-lencois-y-cachoeira-da-primavera-excursion\/","title":{"rendered":"Rio Len\u00e7\u00f3is y Cachoeira da Primavera &#8211; Excursi\u00f3n"},"content":{"rendered":"","protected":false},"excerpt":{"rendered":"<p>Tours Bahia te invita a participar de un relajante paseo por el lecho del Rio Len\u00e7\u00f3is para conocer algunas de las atracciones m\u00e1s bonitas de la Chapada, sin distanciarse mucho del centro de la ciudad. Nuestro trayecto empieza con una visita al Serrano y sus pozos de piedra, pasando por el Sal\u00f3n de Arenas de Colores, Cachoeira da Primavera y Cachoeirinha, finalizando en el Mirador de Len\u00e7\u00f3is para admirar la vista de toda la ciudad y descansar un poco antes de regresar a Len\u00e7\u00f3is para un delicioso almuerzo t\u00edpico (opcional).<\/p>\n","protected":false},"featured_media":2153,"comment_status":"open","ping_status":"closed","template":"","meta":[],"product_cat":[778,779,780,787],"product_tag":[],"yoast_head":"<!-- This site is optimized with the Yoast SEO plugin v19.3 - https:\/\/yoast.com\/wordpress\/plugins\/seo\/ -->\n<title>Rio Len\u00e7\u00f3is y Cachoeira da Primavera - Excursi\u00f3n - Tours Bahia<\/title>\n<meta name=\"robots\" content=\"index, follow, max-snippet:-1, max-image-preview:large, max-video-preview:-1\" \/>\n<link rel=\"canonical\" href=\"https:\/\/www.toursbahia.com.br\/es\/loja\/excursiones\/rio-lencois-y-cachoeira-da-primavera-excursion\/\" \/>\n<meta property=\"og:locale\" content=\"es_ES\" \/>\n<meta property=\"og:type\" content=\"article\" \/>\n<meta property=\"og:title\" content=\"Rio Len\u00e7\u00f3is y Cachoeira da Primavera - Excursi\u00f3n - Tours Bahia\" \/>\n<meta property=\"og:description\" content=\"Tours Bahia te invita a participar de un relajante paseo por el lecho del Rio Len\u00e7\u00f3is para conocer algunas de las atracciones m\u00e1s bonitas de la Chapada, sin distanciarse mucho del centro de la ciudad. Nuestro trayecto empieza con una visita al Serrano y sus pozos de piedra, pasando por el Sal\u00f3n de Arenas de Colores, Cachoeira da Primavera y Cachoeirinha, finalizando en el Mirador de Len\u00e7\u00f3is para admirar la vista de toda la ciudad y descansar un poco antes de regresar a Len\u00e7\u00f3is para un delicioso almuerzo t\u00edpico (opcional).\" \/>\n<meta property=\"og:url\" content=\"https:\/\/www.toursbahia.com.br\/es\/loja\/excursiones\/rio-lencois-y-cachoeira-da-primavera-excursion\/\" \/>\n<meta property=\"og:site_name\" content=\"Tours Bahia\" \/>\n<meta property=\"article:publisher\" content=\"https:\/\/www.facebook.com\/toursbahiainternational\" \/>\n<meta property=\"article:modified_time\" content=\"2019-02-06T00:25:34+00:00\" \/>\n<meta property=\"og:image\" content=\"https:\/\/www.toursbahia.com.br\/wp-content\/uploads\/2018\/12\/Rio-Len\u00e7\u00f3is-e-Cachoeira-da-Primavera-Foto-01.jpg\" \/>\n\t<meta property=\"og:image:width\" content=\"900\" \/>\n\t<meta property=\"og:image:height\" content=\"550\" \/>\n\t<meta property=\"og:image:type\" content=\"image\/jpeg\" \/>\n<meta name=\"twitter:card\" content=\"summary_large_image\" \/>\n<script type=\"application\/ld+json\" class=\"yoast-schema-graph\">{\"@context\":\"https:\/\/schema.org\",\"@graph\":[{\"@type\":\"WebSite\",\"@id\":\"https:\/\/www.toursbahia.com.br\/#website\",\"url\":\"https:\/\/www.toursbahia.com.br\/\",\"name\":\"Tours Bahia\",\"description\":\"\",\"potentialAction\":[{\"@type\":\"SearchAction\",\"target\":{\"@type\":\"EntryPoint\",\"urlTemplate\":\"https:\/\/www.toursbahia.com.br\/?s={search_term_string}\"},\"query-input\":\"required name=search_term_string\"}],\"inLanguage\":\"es\"},{\"@type\":\"ImageObject\",\"inLanguage\":\"es\",\"@id\":\"https:\/\/www.toursbahia.com.br\/es\/loja\/excursiones\/rio-lencois-y-cachoeira-da-primavera-excursion\/#primaryimage\",\"url\":\"https:\/\/www.toursbahia.com.br\/wp-content\/uploads\/2018\/12\/Rio-Len\u00e7\u00f3is-e-Cachoeira-da-Primavera-Foto-01.jpg\",\"contentUrl\":\"https:\/\/www.toursbahia.com.br\/wp-content\/uploads\/2018\/12\/Rio-Len\u00e7\u00f3is-e-Cachoeira-da-Primavera-Foto-01.jpg\",\"width\":900,\"height\":550},{\"@type\":\"WebPage\",\"@id\":\"https:\/\/www.toursbahia.com.br\/es\/loja\/excursiones\/rio-lencois-y-cachoeira-da-primavera-excursion\/\",\"url\":\"https:\/\/www.toursbahia.com.br\/es\/loja\/excursiones\/rio-lencois-y-cachoeira-da-primavera-excursion\/\",\"name\":\"Rio Len\u00e7\u00f3is y Cachoeira da Primavera - Excursi\u00f3n - Tours Bahia\",\"isPartOf\":{\"@id\":\"https:\/\/www.toursbahia.com.br\/#website\"},\"primaryImageOfPage\":{\"@id\":\"https:\/\/www.toursbahia.com.br\/es\/loja\/excursiones\/rio-lencois-y-cachoeira-da-primavera-excursion\/#primaryimage\"},\"datePublished\":\"2019-01-21T17:01:13+00:00\",\"dateModified\":\"2019-02-06T00:25:34+00:00\",\"breadcrumb\":{\"@id\":\"https:\/\/www.toursbahia.com.br\/es\/loja\/excursiones\/rio-lencois-y-cachoeira-da-primavera-excursion\/#breadcrumb\"},\"inLanguage\":\"es\",\"potentialAction\":[{\"@type\":\"ReadAction\",\"target\":[\"https:\/\/www.toursbahia.com.br\/es\/loja\/excursiones\/rio-lencois-y-cachoeira-da-primavera-excursion\/\"]}]},{\"@type\":\"BreadcrumbList\",\"@id\":\"https:\/\/www.toursbahia.com.br\/es\/loja\/excursiones\/rio-lencois-y-cachoeira-da-primavera-excursion\/#breadcrumb\",\"itemListElement\":[{\"@type\":\"ListItem\",\"position\":1,\"name\":\"In\u00edcio\",\"item\":\"https:\/\/www.toursbahia.com.br\/es\/\"},{\"@type\":\"ListItem\",\"position\":2,\"name\":\"Store\",\"item\":\"https:\/\/www.toursbahia.com.br\/es\/store-tours-bahia-internacional\/\"},{\"@type\":\"ListItem\",\"position\":3,\"name\":\"Rio Len\u00e7\u00f3is y Cachoeira da Primavera &#8211; Excursi\u00f3n\"}]}]}<\/script>\n<!-- \/ Yoast SEO plugin. -->","yoast_head_json":{"title":"Rio Len\u00e7\u00f3is y Cachoeira da Primavera - Excursi\u00f3n - Tours Bahia","robots":{"index":"index","follow":"follow","max-snippet":"max-snippet:-1","max-image-preview":"max-image-preview:large","max-video-preview":"max-video-preview:-1"},"canonical":"https:\/\/www.toursbahia.com.br\/es\/loja\/excursiones\/rio-lencois-y-cachoeira-da-primavera-excursion\/","og_locale":"es_ES","og_type":"article","og_title":"Rio Len\u00e7\u00f3is y Cachoeira da Primavera - Excursi\u00f3n - Tours Bahia","og_description":"Tours Bahia te invita a participar de un relajante paseo por el lecho del Rio Len\u00e7\u00f3is para conocer algunas de las atracciones m\u00e1s bonitas de la Chapada, sin distanciarse mucho del centro de la ciudad. Nuestro trayecto empieza con una visita al Serrano y sus pozos de piedra, pasando por el Sal\u00f3n de Arenas de Colores, Cachoeira da Primavera y Cachoeirinha, finalizando en el Mirador de Len\u00e7\u00f3is para admirar la vista de toda la ciudad y descansar un poco antes de regresar a Len\u00e7\u00f3is para un delicioso almuerzo t\u00edpico (opcional).","og_url":"https:\/\/www.toursbahia.com.br\/es\/loja\/excursiones\/rio-lencois-y-cachoeira-da-primavera-excursion\/","og_site_name":"Tours Bahia","article_publisher":"https:\/\/www.facebook.com\/toursbahiainternational","article_modified_time":"2019-02-06T00:25:34+00:00","og_image":[{"width":900,"height":550,"url":"https:\/\/www.toursbahia.com.br\/wp-content\/uploads\/2018\/12\/Rio-Len\u00e7\u00f3is-e-Cachoeira-da-Primavera-Foto-01.jpg","type":"image\/jpeg"}],"twitter_card":"summary_large_image","schema":{"@context":"https:\/\/schema.org","@graph":[{"@type":"WebSite","@id":"https:\/\/www.toursbahia.com.br\/#website","url":"https:\/\/www.toursbahia.com.br\/","name":"Tours Bahia","description":"","potentialAction":[{"@type":"SearchAction","target":{"@type":"EntryPoint","urlTemplate":"https:\/\/www.toursbahia.com.br\/?s={search_term_string}"},"query-input":"required name=search_term_string"}],"inLanguage":"es"},{"@type":"ImageObject","inLanguage":"es","@id":"https:\/\/www.toursbahia.com.br\/es\/loja\/excursiones\/rio-lencois-y-cachoeira-da-primavera-excursion\/#primaryimage","url":"https:\/\/www.toursbahia.com.br\/wp-content\/uploads\/2018\/12\/Rio-Len\u00e7\u00f3is-e-Cachoeira-da-Primavera-Foto-01.jpg","contentUrl":"https:\/\/www.toursbahia.com.br\/wp-content\/uploads\/2018\/12\/Rio-Len\u00e7\u00f3is-e-Cachoeira-da-Primavera-Foto-01.jpg","width":900,"height":550},{"@type":"WebPage","@id":"https:\/\/www.toursbahia.com.br\/es\/loja\/excursiones\/rio-lencois-y-cachoeira-da-primavera-excursion\/","url":"https:\/\/www.toursbahia.com.br\/es\/loja\/excursiones\/rio-lencois-y-cachoeira-da-primavera-excursion\/","name":"Rio Len\u00e7\u00f3is y Cachoeira da Primavera - Excursi\u00f3n - Tours Bahia","isPartOf":{"@id":"https:\/\/www.toursbahia.com.br\/#website"},"primaryImageOfPage":{"@id":"https:\/\/www.toursbahia.com.br\/es\/loja\/excursiones\/rio-lencois-y-cachoeira-da-primavera-excursion\/#primaryimage"},"datePublished":"2019-01-21T17:01:13+00:00","dateModified":"2019-02-06T00:25:34+00:00","breadcrumb":{"@id":"https:\/\/www.toursbahia.com.br\/es\/loja\/excursiones\/rio-lencois-y-cachoeira-da-primavera-excursion\/#breadcrumb"},"inLanguage":"es","potentialAction":[{"@type":"ReadAction","target":["https:\/\/www.toursbahia.com.br\/es\/loja\/excursiones\/rio-lencois-y-cachoeira-da-primavera-excursion\/"]}]},{"@type":"BreadcrumbList","@id":"https:\/\/www.toursbahia.com.br\/es\/loja\/excursiones\/rio-lencois-y-cachoeira-da-primavera-excursion\/#breadcrumb","itemListElement":[{"@type":"ListItem","position":1,"name":"In\u00edcio","item":"https:\/\/www.toursbahia.com.br\/es\/"},{"@type":"ListItem","position":2,"name":"Store","item":"https:\/\/www.toursbahia.com.br\/es\/store-tours-bahia-internacional\/"},{"@type":"ListItem","position":3,"name":"Rio Len\u00e7\u00f3is y Cachoeira da Primavera &#8211; Excursi\u00f3n"}]}]}},"_links":{"self":[{"href":"https:\/\/www.toursbahia.com.br\/es\/wp-json\/wp\/v2\/product\/3463"}],"collection":[{"href":"https:\/\/www.toursbahia.com.br\/es\/wp-json\/wp\/v2\/product"}],"about":[{"href":"https:\/\/www.toursbahia.com.br\/es\/wp-json\/wp\/v2\/types\/product"}],"replies":[{"embeddable":true,"href":"https:\/\/www.toursbahia.com.br\/es\/wp-json\/wp\/v2\/comments?post=3463"}],"wp:featuredmedia":[{"embeddable":true,"href":"https:\/\/www.toursbahia.com.br\/es\/wp-json\/wp\/v2\/media\/2153"}],"wp:attachment":[{"href":"https:\/\/www.toursbahia.com.br\/es\/wp-json\/wp\/v2\/media?parent=3463"}],"wp:term":[{"taxonomy":"product_cat","embeddable":true,"href":"https:\/\/www.toursbahia.com.br\/es\/wp-json\/wp\/v2\/product_cat?post=3463"},{"taxonomy":"product_tag","embeddable":true,"href":"https:\/\/www.toursbahia.com.br\/es\/wp-json\/wp\/v2\/product_tag?post=3463"}],"curies":[{"name":"wp","href":"https:\/\/api.w.org\/{rel}","templated":true}]}}