{"id":3466,"date":"2019-01-21T14:57:57","date_gmt":"2019-01-21T16:57:57","guid":{"rendered":"https:\/\/www.toursbahia.com.br\/\/produto\/sincategorizar\/cachoeira-do-sossego-passeio\/"},"modified":"2025-06-03T22:54:16","modified_gmt":"2025-06-04T01:54:16","slug":"cachoeira-do-sossego-excursion","status":"publish","type":"product","link":"https:\/\/www.toursbahia.com.br\/es\/loja\/excursiones\/cachoeira-do-sossego-excursion\/","title":{"rendered":"Cachoeira do Sossego &#8211; Excursi\u00f3n"},"content":{"rendered":"","protected":false},"excerpt":{"rendered":"<p>Una de las rutas m\u00e1s tradicionales de la ciudad, ideal para aquellos a los que les gusten las caminatas con un nivel de dificultad un poco m\u00e1s alto. A lo largo de los 7 km de la ruta hasta la Cachoeira do Sossego, pasaremos por antiguas \u00e1reas de excavaci\u00f3n de diamantes y, en la mayor parte del trayecto, por el lecho del R\u00edo Len\u00e7\u00f3is.<\/p>\n<p>Una vista privilegiada de la Sierra y una densa y deslumbrante vegetaci\u00f3n acompa\u00f1a todo el recorrido hasta la cascada. Despu\u00e9s de un relajante ba\u00f1o en el Sossego y de merendar, nos dirigimos al Ribeir\u00e3o do Meio, famoso por su tobog\u00e1n natural. El regreso a Len\u00e7\u00f3is ser\u00e1 al final de la tarde.<\/p>\n","protected":false},"featured_media":2141,"comment_status":"open","ping_status":"closed","template":"","meta":[],"product_cat":[778,779,783,780],"product_tag":[],"yoast_head":"<!-- This site is optimized with the Yoast SEO plugin v19.3 - https:\/\/yoast.com\/wordpress\/plugins\/seo\/ -->\n<title>Cachoeira do Sossego - Excursi\u00f3n - Tours Bahia<\/title>\n<meta name=\"robots\" content=\"index, follow, max-snippet:-1, max-image-preview:large, max-video-preview:-1\" \/>\n<link rel=\"canonical\" href=\"https:\/\/www.toursbahia.com.br\/es\/loja\/excursiones\/cachoeira-do-sossego-excursion\/\" \/>\n<meta property=\"og:locale\" content=\"es_ES\" \/>\n<meta property=\"og:type\" content=\"article\" \/>\n<meta property=\"og:title\" content=\"Cachoeira do Sossego - Excursi\u00f3n - Tours Bahia\" \/>\n<meta property=\"og:description\" content=\"Una de las rutas m\u00e1s tradicionales de la ciudad, ideal para aquellos a los que les gusten las caminatas con un nivel de dificultad un poco m\u00e1s alto. A lo largo de los 7 km de la ruta hasta la Cachoeira do Sossego, pasaremos por antiguas \u00e1reas de excavaci\u00f3n de diamantes y, en la mayor parte del trayecto, por el lecho del R\u00edo Len\u00e7\u00f3is.  Una vista privilegiada de la Sierra y una densa y deslumbrante vegetaci\u00f3n acompa\u00f1a todo el recorrido hasta la cascada. Despu\u00e9s de un relajante ba\u00f1o en el Sossego y de merendar, nos dirigimos al Ribeir\u00e3o do Meio, famoso por su tobog\u00e1n natural. El regreso a Len\u00e7\u00f3is ser\u00e1 al final de la tarde.\" \/>\n<meta property=\"og:url\" content=\"https:\/\/www.toursbahia.com.br\/es\/loja\/excursiones\/cachoeira-do-sossego-excursion\/\" \/>\n<meta property=\"og:site_name\" content=\"Tours Bahia\" \/>\n<meta property=\"article:publisher\" content=\"https:\/\/www.facebook.com\/toursbahiainternational\" \/>\n<meta property=\"article:modified_time\" content=\"2025-06-04T01:54:16+00:00\" \/>\n<meta property=\"og:image\" content=\"https:\/\/www.toursbahia.com.br\/wp-content\/uploads\/2018\/12\/Cachoeira-do-Sossego-Foto-03.jpg\" \/>\n\t<meta property=\"og:image:width\" content=\"900\" \/>\n\t<meta property=\"og:image:height\" content=\"550\" \/>\n\t<meta property=\"og:image:type\" content=\"image\/jpeg\" \/>\n<meta name=\"twitter:card\" content=\"summary_large_image\" \/>\n<script type=\"application\/ld+json\" class=\"yoast-schema-graph\">{\"@context\":\"https:\/\/schema.org\",\"@graph\":[{\"@type\":\"WebSite\",\"@id\":\"https:\/\/www.toursbahia.com.br\/#website\",\"url\":\"https:\/\/www.toursbahia.com.br\/\",\"name\":\"Tours Bahia\",\"description\":\"\",\"potentialAction\":[{\"@type\":\"SearchAction\",\"target\":{\"@type\":\"EntryPoint\",\"urlTemplate\":\"https:\/\/www.toursbahia.com.br\/?s={search_term_string}\"},\"query-input\":\"required name=search_term_string\"}],\"inLanguage\":\"es\"},{\"@type\":\"ImageObject\",\"inLanguage\":\"es\",\"@id\":\"https:\/\/www.toursbahia.com.br\/es\/loja\/excursiones\/cachoeira-do-sossego-excursion\/#primaryimage\",\"url\":\"https:\/\/www.toursbahia.com.br\/wp-content\/uploads\/2018\/12\/Cachoeira-do-Sossego-Foto-03.jpg\",\"contentUrl\":\"https:\/\/www.toursbahia.com.br\/wp-content\/uploads\/2018\/12\/Cachoeira-do-Sossego-Foto-03.jpg\",\"width\":900,\"height\":550},{\"@type\":\"WebPage\",\"@id\":\"https:\/\/www.toursbahia.com.br\/es\/loja\/excursiones\/cachoeira-do-sossego-excursion\/\",\"url\":\"https:\/\/www.toursbahia.com.br\/es\/loja\/excursiones\/cachoeira-do-sossego-excursion\/\",\"name\":\"Cachoeira do Sossego - Excursi\u00f3n - Tours Bahia\",\"isPartOf\":{\"@id\":\"https:\/\/www.toursbahia.com.br\/#website\"},\"primaryImageOfPage\":{\"@id\":\"https:\/\/www.toursbahia.com.br\/es\/loja\/excursiones\/cachoeira-do-sossego-excursion\/#primaryimage\"},\"datePublished\":\"2019-01-21T16:57:57+00:00\",\"dateModified\":\"2025-06-04T01:54:16+00:00\",\"breadcrumb\":{\"@id\":\"https:\/\/www.toursbahia.com.br\/es\/loja\/excursiones\/cachoeira-do-sossego-excursion\/#breadcrumb\"},\"inLanguage\":\"es\",\"potentialAction\":[{\"@type\":\"ReadAction\",\"target\":[\"https:\/\/www.toursbahia.com.br\/es\/loja\/excursiones\/cachoeira-do-sossego-excursion\/\"]}]},{\"@type\":\"BreadcrumbList\",\"@id\":\"https:\/\/www.toursbahia.com.br\/es\/loja\/excursiones\/cachoeira-do-sossego-excursion\/#breadcrumb\",\"itemListElement\":[{\"@type\":\"ListItem\",\"position\":1,\"name\":\"In\u00edcio\",\"item\":\"https:\/\/www.toursbahia.com.br\/es\/\"},{\"@type\":\"ListItem\",\"position\":2,\"name\":\"Store\",\"item\":\"https:\/\/www.toursbahia.com.br\/es\/store-tours-bahia-internacional\/\"},{\"@type\":\"ListItem\",\"position\":3,\"name\":\"Cachoeira do Sossego &#8211; Excursi\u00f3n\"}]}]}<\/script>\n<!-- \/ Yoast SEO plugin. -->","yoast_head_json":{"title":"Cachoeira do Sossego - Excursi\u00f3n - Tours Bahia","robots":{"index":"index","follow":"follow","max-snippet":"max-snippet:-1","max-image-preview":"max-image-preview:large","max-video-preview":"max-video-preview:-1"},"canonical":"https:\/\/www.toursbahia.com.br\/es\/loja\/excursiones\/cachoeira-do-sossego-excursion\/","og_locale":"es_ES","og_type":"article","og_title":"Cachoeira do Sossego - Excursi\u00f3n - Tours Bahia","og_description":"Una de las rutas m\u00e1s tradicionales de la ciudad, ideal para aquellos a los que les gusten las caminatas con un nivel de dificultad un poco m\u00e1s alto. A lo largo de los 7 km de la ruta hasta la Cachoeira do Sossego, pasaremos por antiguas \u00e1reas de excavaci\u00f3n de diamantes y, en la mayor parte del trayecto, por el lecho del R\u00edo Len\u00e7\u00f3is.  Una vista privilegiada de la Sierra y una densa y deslumbrante vegetaci\u00f3n acompa\u00f1a todo el recorrido hasta la cascada. Despu\u00e9s de un relajante ba\u00f1o en el Sossego y de merendar, nos dirigimos al Ribeir\u00e3o do Meio, famoso por su tobog\u00e1n natural. El regreso a Len\u00e7\u00f3is ser\u00e1 al final de la tarde.","og_url":"https:\/\/www.toursbahia.com.br\/es\/loja\/excursiones\/cachoeira-do-sossego-excursion\/","og_site_name":"Tours Bahia","article_publisher":"https:\/\/www.facebook.com\/toursbahiainternational","article_modified_time":"2025-06-04T01:54:16+00:00","og_image":[{"width":900,"height":550,"url":"https:\/\/www.toursbahia.com.br\/wp-content\/uploads\/2018\/12\/Cachoeira-do-Sossego-Foto-03.jpg","type":"image\/jpeg"}],"twitter_card":"summary_large_image","schema":{"@context":"https:\/\/schema.org","@graph":[{"@type":"WebSite","@id":"https:\/\/www.toursbahia.com.br\/#website","url":"https:\/\/www.toursbahia.com.br\/","name":"Tours Bahia","description":"","potentialAction":[{"@type":"SearchAction","target":{"@type":"EntryPoint","urlTemplate":"https:\/\/www.toursbahia.com.br\/?s={search_term_string}"},"query-input":"required name=search_term_string"}],"inLanguage":"es"},{"@type":"ImageObject","inLanguage":"es","@id":"https:\/\/www.toursbahia.com.br\/es\/loja\/excursiones\/cachoeira-do-sossego-excursion\/#primaryimage","url":"https:\/\/www.toursbahia.com.br\/wp-content\/uploads\/2018\/12\/Cachoeira-do-Sossego-Foto-03.jpg","contentUrl":"https:\/\/www.toursbahia.com.br\/wp-content\/uploads\/2018\/12\/Cachoeira-do-Sossego-Foto-03.jpg","width":900,"height":550},{"@type":"WebPage","@id":"https:\/\/www.toursbahia.com.br\/es\/loja\/excursiones\/cachoeira-do-sossego-excursion\/","url":"https:\/\/www.toursbahia.com.br\/es\/loja\/excursiones\/cachoeira-do-sossego-excursion\/","name":"Cachoeira do Sossego - Excursi\u00f3n - Tours Bahia","isPartOf":{"@id":"https:\/\/www.toursbahia.com.br\/#website"},"primaryImageOfPage":{"@id":"https:\/\/www.toursbahia.com.br\/es\/loja\/excursiones\/cachoeira-do-sossego-excursion\/#primaryimage"},"datePublished":"2019-01-21T16:57:57+00:00","dateModified":"2025-06-04T01:54:16+00:00","breadcrumb":{"@id":"https:\/\/www.toursbahia.com.br\/es\/loja\/excursiones\/cachoeira-do-sossego-excursion\/#breadcrumb"},"inLanguage":"es","potentialAction":[{"@type":"ReadAction","target":["https:\/\/www.toursbahia.com.br\/es\/loja\/excursiones\/cachoeira-do-sossego-excursion\/"]}]},{"@type":"BreadcrumbList","@id":"https:\/\/www.toursbahia.com.br\/es\/loja\/excursiones\/cachoeira-do-sossego-excursion\/#breadcrumb","itemListElement":[{"@type":"ListItem","position":1,"name":"In\u00edcio","item":"https:\/\/www.toursbahia.com.br\/es\/"},{"@type":"ListItem","position":2,"name":"Store","item":"https:\/\/www.toursbahia.com.br\/es\/store-tours-bahia-internacional\/"},{"@type":"ListItem","position":3,"name":"Cachoeira do Sossego &#8211; Excursi\u00f3n"}]}]}},"_links":{"self":[{"href":"https:\/\/www.toursbahia.com.br\/es\/wp-json\/wp\/v2\/product\/3466"}],"collection":[{"href":"https:\/\/www.toursbahia.com.br\/es\/wp-json\/wp\/v2\/product"}],"about":[{"href":"https:\/\/www.toursbahia.com.br\/es\/wp-json\/wp\/v2\/types\/product"}],"replies":[{"embeddable":true,"href":"https:\/\/www.toursbahia.com.br\/es\/wp-json\/wp\/v2\/comments?post=3466"}],"wp:featuredmedia":[{"embeddable":true,"href":"https:\/\/www.toursbahia.com.br\/es\/wp-json\/wp\/v2\/media\/2141"}],"wp:attachment":[{"href":"https:\/\/www.toursbahia.com.br\/es\/wp-json\/wp\/v2\/media?parent=3466"}],"wp:term":[{"taxonomy":"product_cat","embeddable":true,"href":"https:\/\/www.toursbahia.com.br\/es\/wp-json\/wp\/v2\/product_cat?post=3466"},{"taxonomy":"product_tag","embeddable":true,"href":"https:\/\/www.toursbahia.com.br\/es\/wp-json\/wp\/v2\/product_tag?post=3466"}],"curies":[{"name":"wp","href":"https:\/\/api.w.org\/{rel}","templated":true}]}}