{"id":3469,"date":"2019-01-21T14:55:21","date_gmt":"2019-01-21T16:55:21","guid":{"rendered":"https:\/\/www.toursbahia.com.br\/\/produto\/sincategorizar\/cachoeira-do-mosquito-e-poco-do-diabo-passeio\/"},"modified":"2025-06-06T15:28:35","modified_gmt":"2025-06-06T18:28:35","slug":"cachoeira-do-mosquito-y-poco-do-diabo-excursion","status":"publish","type":"product","link":"https:\/\/www.toursbahia.com.br\/es\/loja\/excursiones\/cachoeira-do-mosquito-y-poco-do-diabo-excursion\/","title":{"rendered":"Cachoeira do Mosquito y Po\u00e7o do Diabo &#8211; Excursi\u00f3n"},"content":{"rendered":"","protected":false},"excerpt":{"rendered":"<p>La Cachoeira do Mosquito, cascada todav\u00eda poco explotada, es uno de los atractivos m\u00e1s recientes de la regi\u00f3n, lo que hace que este lugar sea todav\u00eda m\u00e1s especial. Saldremos en coche en direcci\u00f3n a la hacienda que da acceso al sendero hasta la cascada, y de all\u00ed seguiremos hasta la base del Mosquito, con sus 60 m de altura.<\/p>\n<p>Tendremos tiempo libre para sacarnos fotos y ba\u00f1arnos en la cascada, antes de regresar por el mismo sendero hasta nuestro veh\u00edculo. Nuestra pr\u00f3xima parada ser\u00e1 para un delicioso almuerzo regional al margen del R\u00edo Mucugezinho, y despu\u00e9s visitaremos la Cachoeira do Po\u00e7o do Diabo.<\/p>\n","protected":false},"featured_media":2182,"comment_status":"open","ping_status":"closed","template":"","meta":[],"product_cat":[778,779,782,780],"product_tag":[],"yoast_head":"<!-- This site is optimized with the Yoast SEO plugin v19.3 - https:\/\/yoast.com\/wordpress\/plugins\/seo\/ -->\n<title>Cachoeira do Mosquito y Po\u00e7o do Diabo - Excursi\u00f3n - Tours Bahia<\/title>\n<meta name=\"robots\" content=\"index, follow, max-snippet:-1, max-image-preview:large, max-video-preview:-1\" \/>\n<link rel=\"canonical\" href=\"https:\/\/www.toursbahia.com.br\/es\/loja\/excursiones\/cachoeira-do-mosquito-y-poco-do-diabo-excursion\/\" \/>\n<meta property=\"og:locale\" content=\"es_ES\" \/>\n<meta property=\"og:type\" content=\"article\" \/>\n<meta property=\"og:title\" content=\"Cachoeira do Mosquito y Po\u00e7o do Diabo - Excursi\u00f3n - Tours Bahia\" \/>\n<meta property=\"og:description\" content=\"La Cachoeira do Mosquito, cascada todav\u00eda poco explotada, es uno de los atractivos m\u00e1s recientes de la regi\u00f3n, lo que hace que este lugar sea todav\u00eda m\u00e1s especial. Saldremos en coche en direcci\u00f3n a la hacienda que da acceso al sendero hasta la cascada, y de all\u00ed seguiremos hasta la base del Mosquito, con sus 60 m de altura.  Tendremos tiempo libre para sacarnos fotos y ba\u00f1arnos en la cascada, antes de regresar por el mismo sendero hasta nuestro veh\u00edculo. Nuestra pr\u00f3xima parada ser\u00e1 para un delicioso almuerzo regional al margen del R\u00edo Mucugezinho, y despu\u00e9s visitaremos la Cachoeira do Po\u00e7o do Diabo.\" \/>\n<meta property=\"og:url\" content=\"https:\/\/www.toursbahia.com.br\/es\/loja\/excursiones\/cachoeira-do-mosquito-y-poco-do-diabo-excursion\/\" \/>\n<meta property=\"og:site_name\" content=\"Tours Bahia\" \/>\n<meta property=\"article:publisher\" content=\"https:\/\/www.facebook.com\/toursbahiainternational\" \/>\n<meta property=\"article:modified_time\" content=\"2025-06-06T18:28:35+00:00\" \/>\n<meta property=\"og:image\" content=\"https:\/\/www.toursbahia.com.br\/wp-content\/uploads\/2018\/12\/Cachoeira-do-Mosquito-e-Po\u00e7o-do-Diabo-Foto-05.jpg\" \/>\n\t<meta property=\"og:image:width\" content=\"900\" \/>\n\t<meta property=\"og:image:height\" content=\"550\" \/>\n\t<meta property=\"og:image:type\" content=\"image\/jpeg\" \/>\n<meta name=\"twitter:card\" content=\"summary_large_image\" \/>\n<script type=\"application\/ld+json\" class=\"yoast-schema-graph\">{\"@context\":\"https:\/\/schema.org\",\"@graph\":[{\"@type\":\"WebSite\",\"@id\":\"https:\/\/www.toursbahia.com.br\/#website\",\"url\":\"https:\/\/www.toursbahia.com.br\/\",\"name\":\"Tours Bahia\",\"description\":\"\",\"potentialAction\":[{\"@type\":\"SearchAction\",\"target\":{\"@type\":\"EntryPoint\",\"urlTemplate\":\"https:\/\/www.toursbahia.com.br\/?s={search_term_string}\"},\"query-input\":\"required name=search_term_string\"}],\"inLanguage\":\"es\"},{\"@type\":\"ImageObject\",\"inLanguage\":\"es\",\"@id\":\"https:\/\/www.toursbahia.com.br\/es\/loja\/excursiones\/cachoeira-do-mosquito-y-poco-do-diabo-excursion\/#primaryimage\",\"url\":\"https:\/\/www.toursbahia.com.br\/wp-content\/uploads\/2018\/12\/Cachoeira-do-Mosquito-e-Po\u00e7o-do-Diabo-Foto-05.jpg\",\"contentUrl\":\"https:\/\/www.toursbahia.com.br\/wp-content\/uploads\/2018\/12\/Cachoeira-do-Mosquito-e-Po\u00e7o-do-Diabo-Foto-05.jpg\",\"width\":900,\"height\":550},{\"@type\":\"WebPage\",\"@id\":\"https:\/\/www.toursbahia.com.br\/es\/loja\/excursiones\/cachoeira-do-mosquito-y-poco-do-diabo-excursion\/\",\"url\":\"https:\/\/www.toursbahia.com.br\/es\/loja\/excursiones\/cachoeira-do-mosquito-y-poco-do-diabo-excursion\/\",\"name\":\"Cachoeira do Mosquito y Po\u00e7o do Diabo - Excursi\u00f3n - Tours Bahia\",\"isPartOf\":{\"@id\":\"https:\/\/www.toursbahia.com.br\/#website\"},\"primaryImageOfPage\":{\"@id\":\"https:\/\/www.toursbahia.com.br\/es\/loja\/excursiones\/cachoeira-do-mosquito-y-poco-do-diabo-excursion\/#primaryimage\"},\"datePublished\":\"2019-01-21T16:55:21+00:00\",\"dateModified\":\"2025-06-06T18:28:35+00:00\",\"breadcrumb\":{\"@id\":\"https:\/\/www.toursbahia.com.br\/es\/loja\/excursiones\/cachoeira-do-mosquito-y-poco-do-diabo-excursion\/#breadcrumb\"},\"inLanguage\":\"es\",\"potentialAction\":[{\"@type\":\"ReadAction\",\"target\":[\"https:\/\/www.toursbahia.com.br\/es\/loja\/excursiones\/cachoeira-do-mosquito-y-poco-do-diabo-excursion\/\"]}]},{\"@type\":\"BreadcrumbList\",\"@id\":\"https:\/\/www.toursbahia.com.br\/es\/loja\/excursiones\/cachoeira-do-mosquito-y-poco-do-diabo-excursion\/#breadcrumb\",\"itemListElement\":[{\"@type\":\"ListItem\",\"position\":1,\"name\":\"In\u00edcio\",\"item\":\"https:\/\/www.toursbahia.com.br\/es\/\"},{\"@type\":\"ListItem\",\"position\":2,\"name\":\"Store\",\"item\":\"https:\/\/www.toursbahia.com.br\/es\/store-tours-bahia-internacional\/\"},{\"@type\":\"ListItem\",\"position\":3,\"name\":\"Cachoeira do Mosquito y Po\u00e7o do Diabo &#8211; Excursi\u00f3n\"}]}]}<\/script>\n<!-- \/ Yoast SEO plugin. -->","yoast_head_json":{"title":"Cachoeira do Mosquito y Po\u00e7o do Diabo - Excursi\u00f3n - Tours Bahia","robots":{"index":"index","follow":"follow","max-snippet":"max-snippet:-1","max-image-preview":"max-image-preview:large","max-video-preview":"max-video-preview:-1"},"canonical":"https:\/\/www.toursbahia.com.br\/es\/loja\/excursiones\/cachoeira-do-mosquito-y-poco-do-diabo-excursion\/","og_locale":"es_ES","og_type":"article","og_title":"Cachoeira do Mosquito y Po\u00e7o do Diabo - Excursi\u00f3n - Tours Bahia","og_description":"La Cachoeira do Mosquito, cascada todav\u00eda poco explotada, es uno de los atractivos m\u00e1s recientes de la regi\u00f3n, lo que hace que este lugar sea todav\u00eda m\u00e1s especial. Saldremos en coche en direcci\u00f3n a la hacienda que da acceso al sendero hasta la cascada, y de all\u00ed seguiremos hasta la base del Mosquito, con sus 60 m de altura.  Tendremos tiempo libre para sacarnos fotos y ba\u00f1arnos en la cascada, antes de regresar por el mismo sendero hasta nuestro veh\u00edculo. Nuestra pr\u00f3xima parada ser\u00e1 para un delicioso almuerzo regional al margen del R\u00edo Mucugezinho, y despu\u00e9s visitaremos la Cachoeira do Po\u00e7o do Diabo.","og_url":"https:\/\/www.toursbahia.com.br\/es\/loja\/excursiones\/cachoeira-do-mosquito-y-poco-do-diabo-excursion\/","og_site_name":"Tours Bahia","article_publisher":"https:\/\/www.facebook.com\/toursbahiainternational","article_modified_time":"2025-06-06T18:28:35+00:00","og_image":[{"width":900,"height":550,"url":"https:\/\/www.toursbahia.com.br\/wp-content\/uploads\/2018\/12\/Cachoeira-do-Mosquito-e-Po\u00e7o-do-Diabo-Foto-05.jpg","type":"image\/jpeg"}],"twitter_card":"summary_large_image","schema":{"@context":"https:\/\/schema.org","@graph":[{"@type":"WebSite","@id":"https:\/\/www.toursbahia.com.br\/#website","url":"https:\/\/www.toursbahia.com.br\/","name":"Tours Bahia","description":"","potentialAction":[{"@type":"SearchAction","target":{"@type":"EntryPoint","urlTemplate":"https:\/\/www.toursbahia.com.br\/?s={search_term_string}"},"query-input":"required name=search_term_string"}],"inLanguage":"es"},{"@type":"ImageObject","inLanguage":"es","@id":"https:\/\/www.toursbahia.com.br\/es\/loja\/excursiones\/cachoeira-do-mosquito-y-poco-do-diabo-excursion\/#primaryimage","url":"https:\/\/www.toursbahia.com.br\/wp-content\/uploads\/2018\/12\/Cachoeira-do-Mosquito-e-Po\u00e7o-do-Diabo-Foto-05.jpg","contentUrl":"https:\/\/www.toursbahia.com.br\/wp-content\/uploads\/2018\/12\/Cachoeira-do-Mosquito-e-Po\u00e7o-do-Diabo-Foto-05.jpg","width":900,"height":550},{"@type":"WebPage","@id":"https:\/\/www.toursbahia.com.br\/es\/loja\/excursiones\/cachoeira-do-mosquito-y-poco-do-diabo-excursion\/","url":"https:\/\/www.toursbahia.com.br\/es\/loja\/excursiones\/cachoeira-do-mosquito-y-poco-do-diabo-excursion\/","name":"Cachoeira do Mosquito y Po\u00e7o do Diabo - Excursi\u00f3n - Tours Bahia","isPartOf":{"@id":"https:\/\/www.toursbahia.com.br\/#website"},"primaryImageOfPage":{"@id":"https:\/\/www.toursbahia.com.br\/es\/loja\/excursiones\/cachoeira-do-mosquito-y-poco-do-diabo-excursion\/#primaryimage"},"datePublished":"2019-01-21T16:55:21+00:00","dateModified":"2025-06-06T18:28:35+00:00","breadcrumb":{"@id":"https:\/\/www.toursbahia.com.br\/es\/loja\/excursiones\/cachoeira-do-mosquito-y-poco-do-diabo-excursion\/#breadcrumb"},"inLanguage":"es","potentialAction":[{"@type":"ReadAction","target":["https:\/\/www.toursbahia.com.br\/es\/loja\/excursiones\/cachoeira-do-mosquito-y-poco-do-diabo-excursion\/"]}]},{"@type":"BreadcrumbList","@id":"https:\/\/www.toursbahia.com.br\/es\/loja\/excursiones\/cachoeira-do-mosquito-y-poco-do-diabo-excursion\/#breadcrumb","itemListElement":[{"@type":"ListItem","position":1,"name":"In\u00edcio","item":"https:\/\/www.toursbahia.com.br\/es\/"},{"@type":"ListItem","position":2,"name":"Store","item":"https:\/\/www.toursbahia.com.br\/es\/store-tours-bahia-internacional\/"},{"@type":"ListItem","position":3,"name":"Cachoeira do Mosquito y Po\u00e7o do Diabo &#8211; Excursi\u00f3n"}]}]}},"_links":{"self":[{"href":"https:\/\/www.toursbahia.com.br\/es\/wp-json\/wp\/v2\/product\/3469"}],"collection":[{"href":"https:\/\/www.toursbahia.com.br\/es\/wp-json\/wp\/v2\/product"}],"about":[{"href":"https:\/\/www.toursbahia.com.br\/es\/wp-json\/wp\/v2\/types\/product"}],"replies":[{"embeddable":true,"href":"https:\/\/www.toursbahia.com.br\/es\/wp-json\/wp\/v2\/comments?post=3469"}],"wp:featuredmedia":[{"embeddable":true,"href":"https:\/\/www.toursbahia.com.br\/es\/wp-json\/wp\/v2\/media\/2182"}],"wp:attachment":[{"href":"https:\/\/www.toursbahia.com.br\/es\/wp-json\/wp\/v2\/media?parent=3469"}],"wp:term":[{"taxonomy":"product_cat","embeddable":true,"href":"https:\/\/www.toursbahia.com.br\/es\/wp-json\/wp\/v2\/product_cat?post=3469"},{"taxonomy":"product_tag","embeddable":true,"href":"https:\/\/www.toursbahia.com.br\/es\/wp-json\/wp\/v2\/product_tag?post=3469"}],"curies":[{"name":"wp","href":"https:\/\/api.w.org\/{rel}","templated":true}]}}