{"id":3472,"date":"2019-01-21T14:52:53","date_gmt":"2019-01-21T16:52:53","guid":{"rendered":"https:\/\/www.toursbahia.com.br\/\/produto\/sincategorizar\/cachoeira-da-fumaca-passeio\/"},"modified":"2025-05-31T13:18:31","modified_gmt":"2025-05-31T16:18:31","slug":"cachoeira-da-fumaca-excursion","status":"publish","type":"product","link":"https:\/\/www.toursbahia.com.br\/es\/loja\/excursiones\/cachoeira-da-fumaca-excursion\/","title":{"rendered":"Cachoeira da Fuma\u00e7a &#8211; Excursi\u00f3n"},"content":{"rendered":"","protected":false},"excerpt":{"rendered":"<p>Te llevaremos a conocer la mayor cascada de Brasil en ca\u00edda libre, la Cachoeira da Fuma\u00e7a. Salida en coche de Len\u00e7\u00f3is en direcci\u00f3n al Vale do Cap\u00e3o, donde empezaremos nuestra caminata de 6 km hasta la parte superior de la cascada.<\/p>\n<p>Durante el trayecto, te deslumbrar\u00e1s con las vistas del Vale do Cap\u00e3o y de las sierras que rodean la regi\u00f3n hasta el ca\u00f1\u00f3n de la\u201cFuma\u00e7a\u201d, con sus imponentes 400 metros de altura. Despu\u00e9s de la jornada para llegar hasta la cascada, tendremos tiempo suficiente para disfrutar del paisaje, descansar y merendar antes de regresar por el mismo sendero hasta el coche.<\/p>\n<p>Despu\u00e9s de la caminata, visita a la cascada del \u201cRiachinho\u201d para un relajante ba\u00f1o, vuelta a Len\u00e7\u00f3is en coche.<\/p>\n","protected":false},"featured_media":2209,"comment_status":"open","ping_status":"closed","template":"","meta":[],"product_cat":[778,779,781,780],"product_tag":[],"yoast_head":"<!-- This site is optimized with the Yoast SEO plugin v19.3 - https:\/\/yoast.com\/wordpress\/plugins\/seo\/ -->\n<title>Cachoeira da Fuma\u00e7a - Excursi\u00f3n - Tours Bahia<\/title>\n<meta name=\"robots\" content=\"index, follow, max-snippet:-1, max-image-preview:large, max-video-preview:-1\" \/>\n<link rel=\"canonical\" href=\"https:\/\/www.toursbahia.com.br\/es\/loja\/excursiones\/cachoeira-da-fumaca-excursion\/\" \/>\n<meta property=\"og:locale\" content=\"es_ES\" \/>\n<meta property=\"og:type\" content=\"article\" \/>\n<meta property=\"og:title\" content=\"Cachoeira da Fuma\u00e7a - Excursi\u00f3n - Tours Bahia\" \/>\n<meta property=\"og:description\" content=\"Te llevaremos a conocer la mayor cascada de Brasil en ca\u00edda libre, la Cachoeira da Fuma\u00e7a. Salida en coche de Len\u00e7\u00f3is en direcci\u00f3n al Vale do Cap\u00e3o, donde empezaremos nuestra caminata de 6 km hasta la parte superior de la cascada.  Durante el trayecto, te deslumbrar\u00e1s con las vistas del Vale do Cap\u00e3o y de las sierras que rodean la regi\u00f3n hasta el ca\u00f1\u00f3n de la\u201cFuma\u00e7a\u201d, con sus imponentes 400 metros de altura. Despu\u00e9s de la jornada para llegar hasta la cascada, tendremos tiempo suficiente para disfrutar del paisaje, descansar y merendar antes de regresar por el mismo sendero hasta el coche.  Despu\u00e9s de la caminata, visita a la cascada del \u201cRiachinho\u201d para un relajante ba\u00f1o, vuelta a Len\u00e7\u00f3is en coche.\" \/>\n<meta property=\"og:url\" content=\"https:\/\/www.toursbahia.com.br\/es\/loja\/excursiones\/cachoeira-da-fumaca-excursion\/\" \/>\n<meta property=\"og:site_name\" content=\"Tours Bahia\" \/>\n<meta property=\"article:publisher\" content=\"https:\/\/www.facebook.com\/toursbahiainternational\" \/>\n<meta property=\"article:modified_time\" content=\"2025-05-31T16:18:31+00:00\" \/>\n<meta property=\"og:image\" content=\"https:\/\/www.toursbahia.com.br\/wp-content\/uploads\/2018\/12\/Passeio_Chapada-Diamantina_Cachoeira-da-Fuma\u00e7a_2.jpg\" \/>\n\t<meta property=\"og:image:width\" content=\"900\" \/>\n\t<meta property=\"og:image:height\" content=\"550\" \/>\n\t<meta property=\"og:image:type\" content=\"image\/jpeg\" \/>\n<meta name=\"twitter:card\" content=\"summary_large_image\" \/>\n<script type=\"application\/ld+json\" class=\"yoast-schema-graph\">{\"@context\":\"https:\/\/schema.org\",\"@graph\":[{\"@type\":\"WebSite\",\"@id\":\"https:\/\/www.toursbahia.com.br\/#website\",\"url\":\"https:\/\/www.toursbahia.com.br\/\",\"name\":\"Tours Bahia\",\"description\":\"\",\"potentialAction\":[{\"@type\":\"SearchAction\",\"target\":{\"@type\":\"EntryPoint\",\"urlTemplate\":\"https:\/\/www.toursbahia.com.br\/?s={search_term_string}\"},\"query-input\":\"required name=search_term_string\"}],\"inLanguage\":\"es\"},{\"@type\":\"ImageObject\",\"inLanguage\":\"es\",\"@id\":\"https:\/\/www.toursbahia.com.br\/es\/loja\/excursiones\/cachoeira-da-fumaca-excursion\/#primaryimage\",\"url\":\"https:\/\/www.toursbahia.com.br\/wp-content\/uploads\/2018\/12\/Passeio_Chapada-Diamantina_Cachoeira-da-Fuma\u00e7a_2.jpg\",\"contentUrl\":\"https:\/\/www.toursbahia.com.br\/wp-content\/uploads\/2018\/12\/Passeio_Chapada-Diamantina_Cachoeira-da-Fuma\u00e7a_2.jpg\",\"width\":900,\"height\":550},{\"@type\":\"WebPage\",\"@id\":\"https:\/\/www.toursbahia.com.br\/es\/loja\/excursiones\/cachoeira-da-fumaca-excursion\/\",\"url\":\"https:\/\/www.toursbahia.com.br\/es\/loja\/excursiones\/cachoeira-da-fumaca-excursion\/\",\"name\":\"Cachoeira da Fuma\u00e7a - Excursi\u00f3n - Tours Bahia\",\"isPartOf\":{\"@id\":\"https:\/\/www.toursbahia.com.br\/#website\"},\"primaryImageOfPage\":{\"@id\":\"https:\/\/www.toursbahia.com.br\/es\/loja\/excursiones\/cachoeira-da-fumaca-excursion\/#primaryimage\"},\"datePublished\":\"2019-01-21T16:52:53+00:00\",\"dateModified\":\"2025-05-31T16:18:31+00:00\",\"breadcrumb\":{\"@id\":\"https:\/\/www.toursbahia.com.br\/es\/loja\/excursiones\/cachoeira-da-fumaca-excursion\/#breadcrumb\"},\"inLanguage\":\"es\",\"potentialAction\":[{\"@type\":\"ReadAction\",\"target\":[\"https:\/\/www.toursbahia.com.br\/es\/loja\/excursiones\/cachoeira-da-fumaca-excursion\/\"]}]},{\"@type\":\"BreadcrumbList\",\"@id\":\"https:\/\/www.toursbahia.com.br\/es\/loja\/excursiones\/cachoeira-da-fumaca-excursion\/#breadcrumb\",\"itemListElement\":[{\"@type\":\"ListItem\",\"position\":1,\"name\":\"In\u00edcio\",\"item\":\"https:\/\/www.toursbahia.com.br\/es\/\"},{\"@type\":\"ListItem\",\"position\":2,\"name\":\"Store\",\"item\":\"https:\/\/www.toursbahia.com.br\/es\/store-tours-bahia-internacional\/\"},{\"@type\":\"ListItem\",\"position\":3,\"name\":\"Cachoeira da Fuma\u00e7a &#8211; Excursi\u00f3n\"}]}]}<\/script>\n<!-- \/ Yoast SEO plugin. -->","yoast_head_json":{"title":"Cachoeira da Fuma\u00e7a - Excursi\u00f3n - Tours Bahia","robots":{"index":"index","follow":"follow","max-snippet":"max-snippet:-1","max-image-preview":"max-image-preview:large","max-video-preview":"max-video-preview:-1"},"canonical":"https:\/\/www.toursbahia.com.br\/es\/loja\/excursiones\/cachoeira-da-fumaca-excursion\/","og_locale":"es_ES","og_type":"article","og_title":"Cachoeira da Fuma\u00e7a - Excursi\u00f3n - Tours Bahia","og_description":"Te llevaremos a conocer la mayor cascada de Brasil en ca\u00edda libre, la Cachoeira da Fuma\u00e7a. Salida en coche de Len\u00e7\u00f3is en direcci\u00f3n al Vale do Cap\u00e3o, donde empezaremos nuestra caminata de 6 km hasta la parte superior de la cascada.  Durante el trayecto, te deslumbrar\u00e1s con las vistas del Vale do Cap\u00e3o y de las sierras que rodean la regi\u00f3n hasta el ca\u00f1\u00f3n de la\u201cFuma\u00e7a\u201d, con sus imponentes 400 metros de altura. Despu\u00e9s de la jornada para llegar hasta la cascada, tendremos tiempo suficiente para disfrutar del paisaje, descansar y merendar antes de regresar por el mismo sendero hasta el coche.  Despu\u00e9s de la caminata, visita a la cascada del \u201cRiachinho\u201d para un relajante ba\u00f1o, vuelta a Len\u00e7\u00f3is en coche.","og_url":"https:\/\/www.toursbahia.com.br\/es\/loja\/excursiones\/cachoeira-da-fumaca-excursion\/","og_site_name":"Tours Bahia","article_publisher":"https:\/\/www.facebook.com\/toursbahiainternational","article_modified_time":"2025-05-31T16:18:31+00:00","og_image":[{"width":900,"height":550,"url":"https:\/\/www.toursbahia.com.br\/wp-content\/uploads\/2018\/12\/Passeio_Chapada-Diamantina_Cachoeira-da-Fuma\u00e7a_2.jpg","type":"image\/jpeg"}],"twitter_card":"summary_large_image","schema":{"@context":"https:\/\/schema.org","@graph":[{"@type":"WebSite","@id":"https:\/\/www.toursbahia.com.br\/#website","url":"https:\/\/www.toursbahia.com.br\/","name":"Tours Bahia","description":"","potentialAction":[{"@type":"SearchAction","target":{"@type":"EntryPoint","urlTemplate":"https:\/\/www.toursbahia.com.br\/?s={search_term_string}"},"query-input":"required name=search_term_string"}],"inLanguage":"es"},{"@type":"ImageObject","inLanguage":"es","@id":"https:\/\/www.toursbahia.com.br\/es\/loja\/excursiones\/cachoeira-da-fumaca-excursion\/#primaryimage","url":"https:\/\/www.toursbahia.com.br\/wp-content\/uploads\/2018\/12\/Passeio_Chapada-Diamantina_Cachoeira-da-Fuma\u00e7a_2.jpg","contentUrl":"https:\/\/www.toursbahia.com.br\/wp-content\/uploads\/2018\/12\/Passeio_Chapada-Diamantina_Cachoeira-da-Fuma\u00e7a_2.jpg","width":900,"height":550},{"@type":"WebPage","@id":"https:\/\/www.toursbahia.com.br\/es\/loja\/excursiones\/cachoeira-da-fumaca-excursion\/","url":"https:\/\/www.toursbahia.com.br\/es\/loja\/excursiones\/cachoeira-da-fumaca-excursion\/","name":"Cachoeira da Fuma\u00e7a - Excursi\u00f3n - Tours Bahia","isPartOf":{"@id":"https:\/\/www.toursbahia.com.br\/#website"},"primaryImageOfPage":{"@id":"https:\/\/www.toursbahia.com.br\/es\/loja\/excursiones\/cachoeira-da-fumaca-excursion\/#primaryimage"},"datePublished":"2019-01-21T16:52:53+00:00","dateModified":"2025-05-31T16:18:31+00:00","breadcrumb":{"@id":"https:\/\/www.toursbahia.com.br\/es\/loja\/excursiones\/cachoeira-da-fumaca-excursion\/#breadcrumb"},"inLanguage":"es","potentialAction":[{"@type":"ReadAction","target":["https:\/\/www.toursbahia.com.br\/es\/loja\/excursiones\/cachoeira-da-fumaca-excursion\/"]}]},{"@type":"BreadcrumbList","@id":"https:\/\/www.toursbahia.com.br\/es\/loja\/excursiones\/cachoeira-da-fumaca-excursion\/#breadcrumb","itemListElement":[{"@type":"ListItem","position":1,"name":"In\u00edcio","item":"https:\/\/www.toursbahia.com.br\/es\/"},{"@type":"ListItem","position":2,"name":"Store","item":"https:\/\/www.toursbahia.com.br\/es\/store-tours-bahia-internacional\/"},{"@type":"ListItem","position":3,"name":"Cachoeira da Fuma\u00e7a &#8211; Excursi\u00f3n"}]}]}},"_links":{"self":[{"href":"https:\/\/www.toursbahia.com.br\/es\/wp-json\/wp\/v2\/product\/3472"}],"collection":[{"href":"https:\/\/www.toursbahia.com.br\/es\/wp-json\/wp\/v2\/product"}],"about":[{"href":"https:\/\/www.toursbahia.com.br\/es\/wp-json\/wp\/v2\/types\/product"}],"replies":[{"embeddable":true,"href":"https:\/\/www.toursbahia.com.br\/es\/wp-json\/wp\/v2\/comments?post=3472"}],"wp:featuredmedia":[{"embeddable":true,"href":"https:\/\/www.toursbahia.com.br\/es\/wp-json\/wp\/v2\/media\/2209"}],"wp:attachment":[{"href":"https:\/\/www.toursbahia.com.br\/es\/wp-json\/wp\/v2\/media?parent=3472"}],"wp:term":[{"taxonomy":"product_cat","embeddable":true,"href":"https:\/\/www.toursbahia.com.br\/es\/wp-json\/wp\/v2\/product_cat?post=3472"},{"taxonomy":"product_tag","embeddable":true,"href":"https:\/\/www.toursbahia.com.br\/es\/wp-json\/wp\/v2\/product_tag?post=3472"}],"curies":[{"name":"wp","href":"https:\/\/api.w.org\/{rel}","templated":true}]}}