{"id":3475,"date":"2019-01-21T14:50:23","date_gmt":"2019-01-21T16:50:23","guid":{"rendered":"https:\/\/www.toursbahia.com.br\/\/produto\/sincategorizar\/visita-as-grutas-da-lapa-doce-gruta-da-pratinha-e-morro-do-pai-inacio-passeio\/"},"modified":"2019-02-05T22:39:00","modified_gmt":"2019-02-06T00:39:00","slug":"visita-a-las-grutas-lapa-doce-gruta-da-pratinha-y-morro-do-pai-inacio-excursion","status":"publish","type":"product","link":"https:\/\/www.toursbahia.com.br\/es\/loja\/excursiones\/visita-a-las-grutas-lapa-doce-gruta-da-pratinha-y-morro-do-pai-inacio-excursion\/","title":{"rendered":"Visita a Las Grutas Lapa Doce, Gruta da Pratinha y Morro do Pai In\u00e1cio &#8211; Excursi\u00f3n"},"content":{"rendered":"","protected":false},"excerpt":{"rendered":"<p>Tours Bahia te invita a pasar un d\u00eda lleno de aventuras y hermosos paisajes, visitando algunas de las principales tarjetas postales de la chapada Diamantina. Salida de Len\u00e7\u00f3is hacia el r\u00edo Mucugezinho, caminata de 20 minutos hasta la \u201cCachoeira do Po\u00e7o do Diabo\u201d, donde tendremos tiempo libre para darnos un ba\u00f1o en el r\u00edo y apreciar sus alrededores. Nuestro pr\u00f3ximo destino es la Gruta da Lapa Doce.<\/p>\n<p>Situada en la regi\u00f3n de Iraquara, la gruta est\u00e1 formada por un subsuelo de rocas calc\u00e1reas con millones de a\u00f1os. Haremos una traves\u00eda de 1 km a lo largo de la gruta, donde podremos conocer formaciones rocosas rar\u00edsimas. La pr\u00f3xima parada ser\u00e1 en la Hacienda da Pratinha, local ideal para darse un ba\u00f1o en las aguas cristalinas del r\u00edo Pratinha y visitar la Gruta Azul. El local tambi\u00e9n ofrece excursiones opcionales de buceo y fluctuaci\u00f3n en el interior de la gruta, adem\u00e1s de una tirolina.<\/p>\n<p>Al final del d\u00eda nos dirigimos al Morro do Pai In\u00e1cio, para disfrutar de la puesta de sol, con una de las vistas m\u00e1s bonitas y famosas de la Chapada Diamantina.<\/p>\n","protected":false},"featured_media":2146,"comment_status":"open","ping_status":"closed","template":"","meta":[],"product_cat":[778,779,780,784,788],"product_tag":[],"yoast_head":"<!-- This site is optimized with the Yoast SEO plugin v19.3 - https:\/\/yoast.com\/wordpress\/plugins\/seo\/ -->\n<title>Visita a Las Grutas Lapa Doce, Gruta da Pratinha y Morro do Pai In\u00e1cio - Excursi\u00f3n - Tours Bahia<\/title>\n<meta name=\"robots\" content=\"index, follow, max-snippet:-1, max-image-preview:large, max-video-preview:-1\" \/>\n<link rel=\"canonical\" href=\"https:\/\/www.toursbahia.com.br\/es\/loja\/excursiones\/visita-a-las-grutas-lapa-doce-gruta-da-pratinha-y-morro-do-pai-inacio-excursion\/\" \/>\n<meta property=\"og:locale\" content=\"es_ES\" \/>\n<meta property=\"og:type\" content=\"article\" \/>\n<meta property=\"og:title\" content=\"Visita a Las Grutas Lapa Doce, Gruta da Pratinha y Morro do Pai In\u00e1cio - Excursi\u00f3n - Tours Bahia\" \/>\n<meta property=\"og:description\" content=\"Tours Bahia te invita a pasar un d\u00eda lleno de aventuras y hermosos paisajes, visitando algunas de las principales tarjetas postales de la chapada Diamantina. Salida de Len\u00e7\u00f3is hacia el r\u00edo Mucugezinho, caminata de 20 minutos hasta la \u201cCachoeira do Po\u00e7o do Diabo\u201d, donde tendremos tiempo libre para darnos un ba\u00f1o en el r\u00edo y apreciar sus alrededores. Nuestro pr\u00f3ximo destino es la Gruta da Lapa Doce.  Situada en la regi\u00f3n de Iraquara, la gruta est\u00e1 formada por un subsuelo de rocas calc\u00e1reas con millones de a\u00f1os. Haremos una traves\u00eda de 1 km a lo largo de la gruta, donde podremos conocer formaciones rocosas rar\u00edsimas. La pr\u00f3xima parada ser\u00e1 en la Hacienda da Pratinha, local ideal para darse un ba\u00f1o en las aguas cristalinas del r\u00edo Pratinha y visitar la Gruta Azul. El local tambi\u00e9n ofrece excursiones opcionales de buceo y fluctuaci\u00f3n en el interior de la gruta, adem\u00e1s de una tirolina.  Al final del d\u00eda nos dirigimos al Morro do Pai In\u00e1cio, para disfrutar de la puesta de sol, con una de las vistas m\u00e1s bonitas y famosas de la Chapada Diamantina.\" \/>\n<meta property=\"og:url\" content=\"https:\/\/www.toursbahia.com.br\/es\/loja\/excursiones\/visita-a-las-grutas-lapa-doce-gruta-da-pratinha-y-morro-do-pai-inacio-excursion\/\" \/>\n<meta property=\"og:site_name\" content=\"Tours Bahia\" \/>\n<meta property=\"article:publisher\" content=\"https:\/\/www.facebook.com\/toursbahiainternational\" \/>\n<meta property=\"article:modified_time\" content=\"2019-02-06T00:39:00+00:00\" \/>\n<meta property=\"og:image\" content=\"https:\/\/www.toursbahia.com.br\/wp-content\/uploads\/2019\/01\/Visita-as-Grutas-da-Lapa-Doce-Gruta-da-Pratinha-e-Morro-do-Pai-In\u00e1cio-Foto-04.jpg\" \/>\n\t<meta property=\"og:image:width\" content=\"900\" \/>\n\t<meta property=\"og:image:height\" content=\"550\" \/>\n\t<meta property=\"og:image:type\" content=\"image\/jpeg\" \/>\n<meta name=\"twitter:card\" content=\"summary_large_image\" \/>\n<script type=\"application\/ld+json\" class=\"yoast-schema-graph\">{\"@context\":\"https:\/\/schema.org\",\"@graph\":[{\"@type\":\"WebSite\",\"@id\":\"https:\/\/www.toursbahia.com.br\/#website\",\"url\":\"https:\/\/www.toursbahia.com.br\/\",\"name\":\"Tours Bahia\",\"description\":\"\",\"potentialAction\":[{\"@type\":\"SearchAction\",\"target\":{\"@type\":\"EntryPoint\",\"urlTemplate\":\"https:\/\/www.toursbahia.com.br\/?s={search_term_string}\"},\"query-input\":\"required name=search_term_string\"}],\"inLanguage\":\"es\"},{\"@type\":\"ImageObject\",\"inLanguage\":\"es\",\"@id\":\"https:\/\/www.toursbahia.com.br\/es\/loja\/excursiones\/visita-a-las-grutas-lapa-doce-gruta-da-pratinha-y-morro-do-pai-inacio-excursion\/#primaryimage\",\"url\":\"https:\/\/www.toursbahia.com.br\/wp-content\/uploads\/2019\/01\/Visita-as-Grutas-da-Lapa-Doce-Gruta-da-Pratinha-e-Morro-do-Pai-In\u00e1cio-Foto-04.jpg\",\"contentUrl\":\"https:\/\/www.toursbahia.com.br\/wp-content\/uploads\/2019\/01\/Visita-as-Grutas-da-Lapa-Doce-Gruta-da-Pratinha-e-Morro-do-Pai-In\u00e1cio-Foto-04.jpg\",\"width\":900,\"height\":550},{\"@type\":\"WebPage\",\"@id\":\"https:\/\/www.toursbahia.com.br\/es\/loja\/excursiones\/visita-a-las-grutas-lapa-doce-gruta-da-pratinha-y-morro-do-pai-inacio-excursion\/\",\"url\":\"https:\/\/www.toursbahia.com.br\/es\/loja\/excursiones\/visita-a-las-grutas-lapa-doce-gruta-da-pratinha-y-morro-do-pai-inacio-excursion\/\",\"name\":\"Visita a Las Grutas Lapa Doce, Gruta da Pratinha y Morro do Pai In\u00e1cio - Excursi\u00f3n - Tours Bahia\",\"isPartOf\":{\"@id\":\"https:\/\/www.toursbahia.com.br\/#website\"},\"primaryImageOfPage\":{\"@id\":\"https:\/\/www.toursbahia.com.br\/es\/loja\/excursiones\/visita-a-las-grutas-lapa-doce-gruta-da-pratinha-y-morro-do-pai-inacio-excursion\/#primaryimage\"},\"datePublished\":\"2019-01-21T16:50:23+00:00\",\"dateModified\":\"2019-02-06T00:39:00+00:00\",\"breadcrumb\":{\"@id\":\"https:\/\/www.toursbahia.com.br\/es\/loja\/excursiones\/visita-a-las-grutas-lapa-doce-gruta-da-pratinha-y-morro-do-pai-inacio-excursion\/#breadcrumb\"},\"inLanguage\":\"es\",\"potentialAction\":[{\"@type\":\"ReadAction\",\"target\":[\"https:\/\/www.toursbahia.com.br\/es\/loja\/excursiones\/visita-a-las-grutas-lapa-doce-gruta-da-pratinha-y-morro-do-pai-inacio-excursion\/\"]}]},{\"@type\":\"BreadcrumbList\",\"@id\":\"https:\/\/www.toursbahia.com.br\/es\/loja\/excursiones\/visita-a-las-grutas-lapa-doce-gruta-da-pratinha-y-morro-do-pai-inacio-excursion\/#breadcrumb\",\"itemListElement\":[{\"@type\":\"ListItem\",\"position\":1,\"name\":\"In\u00edcio\",\"item\":\"https:\/\/www.toursbahia.com.br\/es\/\"},{\"@type\":\"ListItem\",\"position\":2,\"name\":\"Store\",\"item\":\"https:\/\/www.toursbahia.com.br\/es\/store-tours-bahia-internacional\/\"},{\"@type\":\"ListItem\",\"position\":3,\"name\":\"Visita a Las Grutas Lapa Doce, Gruta da Pratinha y Morro do Pai In\u00e1cio &#8211; Excursi\u00f3n\"}]}]}<\/script>\n<!-- \/ Yoast SEO plugin. -->","yoast_head_json":{"title":"Visita a Las Grutas Lapa Doce, Gruta da Pratinha y Morro do Pai In\u00e1cio - Excursi\u00f3n - Tours Bahia","robots":{"index":"index","follow":"follow","max-snippet":"max-snippet:-1","max-image-preview":"max-image-preview:large","max-video-preview":"max-video-preview:-1"},"canonical":"https:\/\/www.toursbahia.com.br\/es\/loja\/excursiones\/visita-a-las-grutas-lapa-doce-gruta-da-pratinha-y-morro-do-pai-inacio-excursion\/","og_locale":"es_ES","og_type":"article","og_title":"Visita a Las Grutas Lapa Doce, Gruta da Pratinha y Morro do Pai In\u00e1cio - Excursi\u00f3n - Tours Bahia","og_description":"Tours Bahia te invita a pasar un d\u00eda lleno de aventuras y hermosos paisajes, visitando algunas de las principales tarjetas postales de la chapada Diamantina. Salida de Len\u00e7\u00f3is hacia el r\u00edo Mucugezinho, caminata de 20 minutos hasta la \u201cCachoeira do Po\u00e7o do Diabo\u201d, donde tendremos tiempo libre para darnos un ba\u00f1o en el r\u00edo y apreciar sus alrededores. Nuestro pr\u00f3ximo destino es la Gruta da Lapa Doce.  Situada en la regi\u00f3n de Iraquara, la gruta est\u00e1 formada por un subsuelo de rocas calc\u00e1reas con millones de a\u00f1os. Haremos una traves\u00eda de 1 km a lo largo de la gruta, donde podremos conocer formaciones rocosas rar\u00edsimas. La pr\u00f3xima parada ser\u00e1 en la Hacienda da Pratinha, local ideal para darse un ba\u00f1o en las aguas cristalinas del r\u00edo Pratinha y visitar la Gruta Azul. El local tambi\u00e9n ofrece excursiones opcionales de buceo y fluctuaci\u00f3n en el interior de la gruta, adem\u00e1s de una tirolina.  Al final del d\u00eda nos dirigimos al Morro do Pai In\u00e1cio, para disfrutar de la puesta de sol, con una de las vistas m\u00e1s bonitas y famosas de la Chapada Diamantina.","og_url":"https:\/\/www.toursbahia.com.br\/es\/loja\/excursiones\/visita-a-las-grutas-lapa-doce-gruta-da-pratinha-y-morro-do-pai-inacio-excursion\/","og_site_name":"Tours Bahia","article_publisher":"https:\/\/www.facebook.com\/toursbahiainternational","article_modified_time":"2019-02-06T00:39:00+00:00","og_image":[{"width":900,"height":550,"url":"https:\/\/www.toursbahia.com.br\/wp-content\/uploads\/2019\/01\/Visita-as-Grutas-da-Lapa-Doce-Gruta-da-Pratinha-e-Morro-do-Pai-In\u00e1cio-Foto-04.jpg","type":"image\/jpeg"}],"twitter_card":"summary_large_image","schema":{"@context":"https:\/\/schema.org","@graph":[{"@type":"WebSite","@id":"https:\/\/www.toursbahia.com.br\/#website","url":"https:\/\/www.toursbahia.com.br\/","name":"Tours Bahia","description":"","potentialAction":[{"@type":"SearchAction","target":{"@type":"EntryPoint","urlTemplate":"https:\/\/www.toursbahia.com.br\/?s={search_term_string}"},"query-input":"required name=search_term_string"}],"inLanguage":"es"},{"@type":"ImageObject","inLanguage":"es","@id":"https:\/\/www.toursbahia.com.br\/es\/loja\/excursiones\/visita-a-las-grutas-lapa-doce-gruta-da-pratinha-y-morro-do-pai-inacio-excursion\/#primaryimage","url":"https:\/\/www.toursbahia.com.br\/wp-content\/uploads\/2019\/01\/Visita-as-Grutas-da-Lapa-Doce-Gruta-da-Pratinha-e-Morro-do-Pai-In\u00e1cio-Foto-04.jpg","contentUrl":"https:\/\/www.toursbahia.com.br\/wp-content\/uploads\/2019\/01\/Visita-as-Grutas-da-Lapa-Doce-Gruta-da-Pratinha-e-Morro-do-Pai-In\u00e1cio-Foto-04.jpg","width":900,"height":550},{"@type":"WebPage","@id":"https:\/\/www.toursbahia.com.br\/es\/loja\/excursiones\/visita-a-las-grutas-lapa-doce-gruta-da-pratinha-y-morro-do-pai-inacio-excursion\/","url":"https:\/\/www.toursbahia.com.br\/es\/loja\/excursiones\/visita-a-las-grutas-lapa-doce-gruta-da-pratinha-y-morro-do-pai-inacio-excursion\/","name":"Visita a Las Grutas Lapa Doce, Gruta da Pratinha y Morro do Pai In\u00e1cio - Excursi\u00f3n - Tours Bahia","isPartOf":{"@id":"https:\/\/www.toursbahia.com.br\/#website"},"primaryImageOfPage":{"@id":"https:\/\/www.toursbahia.com.br\/es\/loja\/excursiones\/visita-a-las-grutas-lapa-doce-gruta-da-pratinha-y-morro-do-pai-inacio-excursion\/#primaryimage"},"datePublished":"2019-01-21T16:50:23+00:00","dateModified":"2019-02-06T00:39:00+00:00","breadcrumb":{"@id":"https:\/\/www.toursbahia.com.br\/es\/loja\/excursiones\/visita-a-las-grutas-lapa-doce-gruta-da-pratinha-y-morro-do-pai-inacio-excursion\/#breadcrumb"},"inLanguage":"es","potentialAction":[{"@type":"ReadAction","target":["https:\/\/www.toursbahia.com.br\/es\/loja\/excursiones\/visita-a-las-grutas-lapa-doce-gruta-da-pratinha-y-morro-do-pai-inacio-excursion\/"]}]},{"@type":"BreadcrumbList","@id":"https:\/\/www.toursbahia.com.br\/es\/loja\/excursiones\/visita-a-las-grutas-lapa-doce-gruta-da-pratinha-y-morro-do-pai-inacio-excursion\/#breadcrumb","itemListElement":[{"@type":"ListItem","position":1,"name":"In\u00edcio","item":"https:\/\/www.toursbahia.com.br\/es\/"},{"@type":"ListItem","position":2,"name":"Store","item":"https:\/\/www.toursbahia.com.br\/es\/store-tours-bahia-internacional\/"},{"@type":"ListItem","position":3,"name":"Visita a Las Grutas Lapa Doce, Gruta da Pratinha y Morro do Pai In\u00e1cio &#8211; Excursi\u00f3n"}]}]}},"_links":{"self":[{"href":"https:\/\/www.toursbahia.com.br\/es\/wp-json\/wp\/v2\/product\/3475"}],"collection":[{"href":"https:\/\/www.toursbahia.com.br\/es\/wp-json\/wp\/v2\/product"}],"about":[{"href":"https:\/\/www.toursbahia.com.br\/es\/wp-json\/wp\/v2\/types\/product"}],"replies":[{"embeddable":true,"href":"https:\/\/www.toursbahia.com.br\/es\/wp-json\/wp\/v2\/comments?post=3475"}],"wp:featuredmedia":[{"embeddable":true,"href":"https:\/\/www.toursbahia.com.br\/es\/wp-json\/wp\/v2\/media\/2146"}],"wp:attachment":[{"href":"https:\/\/www.toursbahia.com.br\/es\/wp-json\/wp\/v2\/media?parent=3475"}],"wp:term":[{"taxonomy":"product_cat","embeddable":true,"href":"https:\/\/www.toursbahia.com.br\/es\/wp-json\/wp\/v2\/product_cat?post=3475"},{"taxonomy":"product_tag","embeddable":true,"href":"https:\/\/www.toursbahia.com.br\/es\/wp-json\/wp\/v2\/product_tag?post=3475"}],"curies":[{"name":"wp","href":"https:\/\/api.w.org\/{rel}","templated":true}]}}