{"id":3486,"date":"2019-01-21T15:16:25","date_gmt":"2019-01-21T17:16:25","guid":{"rendered":"https:\/\/www.toursbahia.com.br\/\/produto\/sincategorizar\/city-tour-ilheus-passeio\/"},"modified":"2019-02-05T22:47:00","modified_gmt":"2019-02-06T00:47:00","slug":"city-tour-ilheus-excursion","status":"publish","type":"product","link":"https:\/\/www.toursbahia.com.br\/es\/loja\/excursiones\/city-tour-ilheus-excursion\/","title":{"rendered":"City Tour Ilh\u00e9us &#8211; Excursi\u00f3n"},"content":{"rendered":"","protected":false},"excerpt":{"rendered":"<p>Tierra de rara belleza, donde el verde del mar besa el azul del cielo desafiando la mirada de los que intentan en vano descubrir sus puntos de encuentro.<\/p>\n<p>Ciudad de novela, escenario de la civilizaci\u00f3n del cacao, sus casas, iglesias y tiendas de artesan\u00edas proporcionan un viaje en el tiempo hasta la tierra de \u201cGabriela Cravo e Canela\u201d. Visitaremos la Catedral S\u00e3o Sebasti\u00e3o, el Bar Ves\u00favio, la Helader\u00eda Ponto Chic, el Teatro Municipal de Ilheus, Casa de Jorge Amado, Quarteir\u00e3o Jorge Amado, Iglesia de S\u00e3o Jorge, Casa Coronel Micael Tavares, Palacio Paranagu\u00e1, Bataclan, Mercado de Artesan\u00eda, tienda de chocolate.<\/p>\n<p>Duraci\u00f3n: Aproximadamente 2 horas<\/p>\n","protected":false},"featured_media":2204,"comment_status":"open","ping_status":"closed","template":"","meta":[],"product_cat":[778,779,790,789],"product_tag":[],"yoast_head":"<!-- This site is optimized with the Yoast SEO plugin v19.3 - https:\/\/yoast.com\/wordpress\/plugins\/seo\/ -->\n<title>City Tour Ilh\u00e9us - Excursi\u00f3n - Tours Bahia<\/title>\n<meta name=\"robots\" content=\"index, follow, max-snippet:-1, max-image-preview:large, max-video-preview:-1\" \/>\n<link rel=\"canonical\" href=\"https:\/\/www.toursbahia.com.br\/es\/loja\/excursiones\/city-tour-ilheus-excursion\/\" \/>\n<meta property=\"og:locale\" content=\"es_ES\" \/>\n<meta property=\"og:type\" content=\"article\" \/>\n<meta property=\"og:title\" content=\"City Tour Ilh\u00e9us - Excursi\u00f3n - Tours Bahia\" \/>\n<meta property=\"og:description\" content=\"Tierra de rara belleza, donde el verde del mar besa el azul del cielo desafiando la mirada de los que intentan en vano descubrir sus puntos de encuentro.  Ciudad de novela, escenario de la civilizaci\u00f3n del cacao, sus casas, iglesias y tiendas de artesan\u00edas proporcionan un viaje en el tiempo hasta la tierra de \u201cGabriela Cravo e Canela\u201d. Visitaremos la Catedral S\u00e3o Sebasti\u00e3o, el Bar Ves\u00favio, la Helader\u00eda Ponto Chic, el Teatro Municipal de Ilheus, Casa de Jorge Amado, Quarteir\u00e3o Jorge Amado, Iglesia de S\u00e3o Jorge, Casa Coronel Micael Tavares, Palacio Paranagu\u00e1, Bataclan, Mercado de Artesan\u00eda, tienda de chocolate.  Duraci\u00f3n: Aproximadamente 2 horas\" \/>\n<meta property=\"og:url\" content=\"https:\/\/www.toursbahia.com.br\/es\/loja\/excursiones\/city-tour-ilheus-excursion\/\" \/>\n<meta property=\"og:site_name\" content=\"Tours Bahia\" \/>\n<meta property=\"article:publisher\" content=\"https:\/\/www.facebook.com\/toursbahiainternational\" \/>\n<meta property=\"article:modified_time\" content=\"2019-02-06T00:47:00+00:00\" \/>\n<meta property=\"og:image\" content=\"https:\/\/www.toursbahia.com.br\/wp-content\/uploads\/2018\/12\/City-Tour-Ilh\u00e9us-Foto-04.jpg\" \/>\n\t<meta property=\"og:image:width\" content=\"900\" \/>\n\t<meta property=\"og:image:height\" content=\"550\" \/>\n\t<meta property=\"og:image:type\" content=\"image\/jpeg\" \/>\n<meta name=\"twitter:card\" content=\"summary_large_image\" \/>\n<script type=\"application\/ld+json\" class=\"yoast-schema-graph\">{\"@context\":\"https:\/\/schema.org\",\"@graph\":[{\"@type\":\"WebSite\",\"@id\":\"https:\/\/www.toursbahia.com.br\/#website\",\"url\":\"https:\/\/www.toursbahia.com.br\/\",\"name\":\"Tours Bahia\",\"description\":\"\",\"potentialAction\":[{\"@type\":\"SearchAction\",\"target\":{\"@type\":\"EntryPoint\",\"urlTemplate\":\"https:\/\/www.toursbahia.com.br\/?s={search_term_string}\"},\"query-input\":\"required name=search_term_string\"}],\"inLanguage\":\"es\"},{\"@type\":\"ImageObject\",\"inLanguage\":\"es\",\"@id\":\"https:\/\/www.toursbahia.com.br\/es\/loja\/excursiones\/city-tour-ilheus-excursion\/#primaryimage\",\"url\":\"https:\/\/www.toursbahia.com.br\/wp-content\/uploads\/2018\/12\/City-Tour-Ilh\u00e9us-Foto-04.jpg\",\"contentUrl\":\"https:\/\/www.toursbahia.com.br\/wp-content\/uploads\/2018\/12\/City-Tour-Ilh\u00e9us-Foto-04.jpg\",\"width\":900,\"height\":550},{\"@type\":\"WebPage\",\"@id\":\"https:\/\/www.toursbahia.com.br\/es\/loja\/excursiones\/city-tour-ilheus-excursion\/\",\"url\":\"https:\/\/www.toursbahia.com.br\/es\/loja\/excursiones\/city-tour-ilheus-excursion\/\",\"name\":\"City Tour Ilh\u00e9us - Excursi\u00f3n - Tours Bahia\",\"isPartOf\":{\"@id\":\"https:\/\/www.toursbahia.com.br\/#website\"},\"primaryImageOfPage\":{\"@id\":\"https:\/\/www.toursbahia.com.br\/es\/loja\/excursiones\/city-tour-ilheus-excursion\/#primaryimage\"},\"datePublished\":\"2019-01-21T17:16:25+00:00\",\"dateModified\":\"2019-02-06T00:47:00+00:00\",\"breadcrumb\":{\"@id\":\"https:\/\/www.toursbahia.com.br\/es\/loja\/excursiones\/city-tour-ilheus-excursion\/#breadcrumb\"},\"inLanguage\":\"es\",\"potentialAction\":[{\"@type\":\"ReadAction\",\"target\":[\"https:\/\/www.toursbahia.com.br\/es\/loja\/excursiones\/city-tour-ilheus-excursion\/\"]}]},{\"@type\":\"BreadcrumbList\",\"@id\":\"https:\/\/www.toursbahia.com.br\/es\/loja\/excursiones\/city-tour-ilheus-excursion\/#breadcrumb\",\"itemListElement\":[{\"@type\":\"ListItem\",\"position\":1,\"name\":\"In\u00edcio\",\"item\":\"https:\/\/www.toursbahia.com.br\/es\/\"},{\"@type\":\"ListItem\",\"position\":2,\"name\":\"Store\",\"item\":\"https:\/\/www.toursbahia.com.br\/es\/store-tours-bahia-internacional\/\"},{\"@type\":\"ListItem\",\"position\":3,\"name\":\"City Tour Ilh\u00e9us &#8211; Excursi\u00f3n\"}]}]}<\/script>\n<!-- \/ Yoast SEO plugin. -->","yoast_head_json":{"title":"City Tour Ilh\u00e9us - Excursi\u00f3n - Tours Bahia","robots":{"index":"index","follow":"follow","max-snippet":"max-snippet:-1","max-image-preview":"max-image-preview:large","max-video-preview":"max-video-preview:-1"},"canonical":"https:\/\/www.toursbahia.com.br\/es\/loja\/excursiones\/city-tour-ilheus-excursion\/","og_locale":"es_ES","og_type":"article","og_title":"City Tour Ilh\u00e9us - Excursi\u00f3n - Tours Bahia","og_description":"Tierra de rara belleza, donde el verde del mar besa el azul del cielo desafiando la mirada de los que intentan en vano descubrir sus puntos de encuentro.  Ciudad de novela, escenario de la civilizaci\u00f3n del cacao, sus casas, iglesias y tiendas de artesan\u00edas proporcionan un viaje en el tiempo hasta la tierra de \u201cGabriela Cravo e Canela\u201d. Visitaremos la Catedral S\u00e3o Sebasti\u00e3o, el Bar Ves\u00favio, la Helader\u00eda Ponto Chic, el Teatro Municipal de Ilheus, Casa de Jorge Amado, Quarteir\u00e3o Jorge Amado, Iglesia de S\u00e3o Jorge, Casa Coronel Micael Tavares, Palacio Paranagu\u00e1, Bataclan, Mercado de Artesan\u00eda, tienda de chocolate.  Duraci\u00f3n: Aproximadamente 2 horas","og_url":"https:\/\/www.toursbahia.com.br\/es\/loja\/excursiones\/city-tour-ilheus-excursion\/","og_site_name":"Tours Bahia","article_publisher":"https:\/\/www.facebook.com\/toursbahiainternational","article_modified_time":"2019-02-06T00:47:00+00:00","og_image":[{"width":900,"height":550,"url":"https:\/\/www.toursbahia.com.br\/wp-content\/uploads\/2018\/12\/City-Tour-Ilh\u00e9us-Foto-04.jpg","type":"image\/jpeg"}],"twitter_card":"summary_large_image","schema":{"@context":"https:\/\/schema.org","@graph":[{"@type":"WebSite","@id":"https:\/\/www.toursbahia.com.br\/#website","url":"https:\/\/www.toursbahia.com.br\/","name":"Tours Bahia","description":"","potentialAction":[{"@type":"SearchAction","target":{"@type":"EntryPoint","urlTemplate":"https:\/\/www.toursbahia.com.br\/?s={search_term_string}"},"query-input":"required name=search_term_string"}],"inLanguage":"es"},{"@type":"ImageObject","inLanguage":"es","@id":"https:\/\/www.toursbahia.com.br\/es\/loja\/excursiones\/city-tour-ilheus-excursion\/#primaryimage","url":"https:\/\/www.toursbahia.com.br\/wp-content\/uploads\/2018\/12\/City-Tour-Ilh\u00e9us-Foto-04.jpg","contentUrl":"https:\/\/www.toursbahia.com.br\/wp-content\/uploads\/2018\/12\/City-Tour-Ilh\u00e9us-Foto-04.jpg","width":900,"height":550},{"@type":"WebPage","@id":"https:\/\/www.toursbahia.com.br\/es\/loja\/excursiones\/city-tour-ilheus-excursion\/","url":"https:\/\/www.toursbahia.com.br\/es\/loja\/excursiones\/city-tour-ilheus-excursion\/","name":"City Tour Ilh\u00e9us - Excursi\u00f3n - Tours Bahia","isPartOf":{"@id":"https:\/\/www.toursbahia.com.br\/#website"},"primaryImageOfPage":{"@id":"https:\/\/www.toursbahia.com.br\/es\/loja\/excursiones\/city-tour-ilheus-excursion\/#primaryimage"},"datePublished":"2019-01-21T17:16:25+00:00","dateModified":"2019-02-06T00:47:00+00:00","breadcrumb":{"@id":"https:\/\/www.toursbahia.com.br\/es\/loja\/excursiones\/city-tour-ilheus-excursion\/#breadcrumb"},"inLanguage":"es","potentialAction":[{"@type":"ReadAction","target":["https:\/\/www.toursbahia.com.br\/es\/loja\/excursiones\/city-tour-ilheus-excursion\/"]}]},{"@type":"BreadcrumbList","@id":"https:\/\/www.toursbahia.com.br\/es\/loja\/excursiones\/city-tour-ilheus-excursion\/#breadcrumb","itemListElement":[{"@type":"ListItem","position":1,"name":"In\u00edcio","item":"https:\/\/www.toursbahia.com.br\/es\/"},{"@type":"ListItem","position":2,"name":"Store","item":"https:\/\/www.toursbahia.com.br\/es\/store-tours-bahia-internacional\/"},{"@type":"ListItem","position":3,"name":"City Tour Ilh\u00e9us &#8211; Excursi\u00f3n"}]}]}},"_links":{"self":[{"href":"https:\/\/www.toursbahia.com.br\/es\/wp-json\/wp\/v2\/product\/3486"}],"collection":[{"href":"https:\/\/www.toursbahia.com.br\/es\/wp-json\/wp\/v2\/product"}],"about":[{"href":"https:\/\/www.toursbahia.com.br\/es\/wp-json\/wp\/v2\/types\/product"}],"replies":[{"embeddable":true,"href":"https:\/\/www.toursbahia.com.br\/es\/wp-json\/wp\/v2\/comments?post=3486"}],"wp:featuredmedia":[{"embeddable":true,"href":"https:\/\/www.toursbahia.com.br\/es\/wp-json\/wp\/v2\/media\/2204"}],"wp:attachment":[{"href":"https:\/\/www.toursbahia.com.br\/es\/wp-json\/wp\/v2\/media?parent=3486"}],"wp:term":[{"taxonomy":"product_cat","embeddable":true,"href":"https:\/\/www.toursbahia.com.br\/es\/wp-json\/wp\/v2\/product_cat?post=3486"},{"taxonomy":"product_tag","embeddable":true,"href":"https:\/\/www.toursbahia.com.br\/es\/wp-json\/wp\/v2\/product_tag?post=3486"}],"curies":[{"name":"wp","href":"https:\/\/api.w.org\/{rel}","templated":true}]}}