{"id":3488,"date":"2019-01-21T15:42:47","date_gmt":"2019-01-21T17:42:47","guid":{"rendered":"https:\/\/www.toursbahia.com.br\/\/produto\/sincategorizar\/volta-a-ilha-de-tinhare-boipeba-passeio\/"},"modified":"2019-02-05T22:49:58","modified_gmt":"2019-02-06T00:49:58","slug":"vuelta-a-la-isla-de-tinhare-boipeba-excursion","status":"publish","type":"product","link":"https:\/\/www.toursbahia.com.br\/es\/loja\/excursiones\/vuelta-a-la-isla-de-tinhare-boipeba-excursion\/","title":{"rendered":"Vuelta a la isla de Tinhar\u00e9 \u2013 Boipeba &#8211; Excursi\u00f3n"},"content":{"rendered":"","protected":false},"excerpt":{"rendered":"<p>La excursi\u00f3n vuelta a la isla de Tinhar\u00e9 es una de las m\u00e1s pedidas y de las m\u00e1s bonitas de Morro de S\u00e3o Paulo, no debe dejarla fuera de su viaje.<\/p>\n<p>En este fant\u00e1stico tour, daremos la vuelta alrededor de la isla de Tinhar\u00e9.<\/p>\n<p>Las primeras paradas se realizan en las piscinas naturales de Garapu\u00e1 y Morer\u00e9. Nuestro pr\u00f3ximo destino es la Playa de Cueira, elegida una delas playas m\u00e1s bonitas de Brasil.<\/p>\n<p>De aqu\u00ed, continuamos hasta las playas de Tassimirim, Outeiro y Boca da Barra, donde tendremos tiempo libre para almorzar y darnos un ba\u00f1o en las tranquilas aguas de la isla.<\/p>\n<p>Por la tarde, continuaremos hasta la isla de Cairu para visitar el Convento de Santo Antonio, rico patrimonio hist\u00f3rico de la \u00e9poca de la colonizaci\u00f3n del pa\u00eds.<\/p>\n<p>De Cairu, regresaremos a Morro de S\u00e3o Paulo por el R\u00edo do Inferno, con una \u00faltima parada en Canavieira, donde hay unvivero natural de ostras.<\/p>\n<p>No deje de probar las ostras gratinadas para luego darse un delicioso ba\u00f1o en el r\u00edo.<\/p>\n","protected":false},"featured_media":1951,"comment_status":"open","ping_status":"closed","template":"","meta":[],"product_cat":[778,779,800,802],"product_tag":[],"yoast_head":"<!-- This site is optimized with the Yoast SEO plugin v19.3 - https:\/\/yoast.com\/wordpress\/plugins\/seo\/ -->\n<title>Vuelta a la isla de Tinhar\u00e9 \u2013 Boipeba - Excursi\u00f3n - Tours Bahia<\/title>\n<meta name=\"robots\" content=\"index, follow, max-snippet:-1, max-image-preview:large, max-video-preview:-1\" \/>\n<link rel=\"canonical\" href=\"https:\/\/www.toursbahia.com.br\/es\/loja\/excursiones\/vuelta-a-la-isla-de-tinhare-boipeba-excursion\/\" \/>\n<meta property=\"og:locale\" content=\"es_ES\" \/>\n<meta property=\"og:type\" content=\"article\" \/>\n<meta property=\"og:title\" content=\"Vuelta a la isla de Tinhar\u00e9 \u2013 Boipeba - Excursi\u00f3n - Tours Bahia\" \/>\n<meta property=\"og:description\" content=\"La excursi\u00f3n vuelta a la isla de Tinhar\u00e9 es una de las m\u00e1s pedidas y de las m\u00e1s bonitas de Morro de S\u00e3o Paulo, no debe dejarla fuera de su viaje.  En este fant\u00e1stico tour, daremos la vuelta alrededor de la isla de Tinhar\u00e9.  Las primeras paradas se realizan en las piscinas naturales de Garapu\u00e1 y Morer\u00e9. Nuestro pr\u00f3ximo destino es la Playa de Cueira, elegida una delas playas m\u00e1s bonitas de Brasil.  De aqu\u00ed, continuamos hasta las playas de Tassimirim, Outeiro y Boca da Barra, donde tendremos tiempo libre para almorzar y darnos un ba\u00f1o en las tranquilas aguas de la isla.  Por la tarde, continuaremos hasta la isla de Cairu para visitar el Convento de Santo Antonio, rico patrimonio hist\u00f3rico de la \u00e9poca de la colonizaci\u00f3n del pa\u00eds.  De Cairu, regresaremos a Morro de S\u00e3o Paulo por el R\u00edo do Inferno, con una \u00faltima parada en Canavieira, donde hay unvivero natural de ostras.  No deje de probar las ostras gratinadas para luego darse un delicioso ba\u00f1o en el r\u00edo.\" \/>\n<meta property=\"og:url\" content=\"https:\/\/www.toursbahia.com.br\/es\/loja\/excursiones\/vuelta-a-la-isla-de-tinhare-boipeba-excursion\/\" \/>\n<meta property=\"og:site_name\" content=\"Tours Bahia\" \/>\n<meta property=\"article:publisher\" content=\"https:\/\/www.facebook.com\/toursbahiainternational\" \/>\n<meta property=\"article:modified_time\" content=\"2019-02-06T00:49:58+00:00\" \/>\n<meta property=\"og:image\" content=\"https:\/\/www.toursbahia.com.br\/wp-content\/uploads\/2019\/01\/Boipeba-Foto-02.jpg\" \/>\n\t<meta property=\"og:image:width\" content=\"900\" \/>\n\t<meta property=\"og:image:height\" content=\"550\" \/>\n\t<meta property=\"og:image:type\" content=\"image\/jpeg\" \/>\n<meta name=\"twitter:card\" content=\"summary_large_image\" \/>\n<script type=\"application\/ld+json\" class=\"yoast-schema-graph\">{\"@context\":\"https:\/\/schema.org\",\"@graph\":[{\"@type\":\"WebSite\",\"@id\":\"https:\/\/www.toursbahia.com.br\/#website\",\"url\":\"https:\/\/www.toursbahia.com.br\/\",\"name\":\"Tours Bahia\",\"description\":\"\",\"potentialAction\":[{\"@type\":\"SearchAction\",\"target\":{\"@type\":\"EntryPoint\",\"urlTemplate\":\"https:\/\/www.toursbahia.com.br\/?s={search_term_string}\"},\"query-input\":\"required name=search_term_string\"}],\"inLanguage\":\"es\"},{\"@type\":\"ImageObject\",\"inLanguage\":\"es\",\"@id\":\"https:\/\/www.toursbahia.com.br\/es\/loja\/excursiones\/vuelta-a-la-isla-de-tinhare-boipeba-excursion\/#primaryimage\",\"url\":\"https:\/\/www.toursbahia.com.br\/wp-content\/uploads\/2019\/01\/Boipeba-Foto-02.jpg\",\"contentUrl\":\"https:\/\/www.toursbahia.com.br\/wp-content\/uploads\/2019\/01\/Boipeba-Foto-02.jpg\",\"width\":900,\"height\":550},{\"@type\":\"WebPage\",\"@id\":\"https:\/\/www.toursbahia.com.br\/es\/loja\/excursiones\/vuelta-a-la-isla-de-tinhare-boipeba-excursion\/\",\"url\":\"https:\/\/www.toursbahia.com.br\/es\/loja\/excursiones\/vuelta-a-la-isla-de-tinhare-boipeba-excursion\/\",\"name\":\"Vuelta a la isla de Tinhar\u00e9 \u2013 Boipeba - Excursi\u00f3n - Tours Bahia\",\"isPartOf\":{\"@id\":\"https:\/\/www.toursbahia.com.br\/#website\"},\"primaryImageOfPage\":{\"@id\":\"https:\/\/www.toursbahia.com.br\/es\/loja\/excursiones\/vuelta-a-la-isla-de-tinhare-boipeba-excursion\/#primaryimage\"},\"datePublished\":\"2019-01-21T17:42:47+00:00\",\"dateModified\":\"2019-02-06T00:49:58+00:00\",\"breadcrumb\":{\"@id\":\"https:\/\/www.toursbahia.com.br\/es\/loja\/excursiones\/vuelta-a-la-isla-de-tinhare-boipeba-excursion\/#breadcrumb\"},\"inLanguage\":\"es\",\"potentialAction\":[{\"@type\":\"ReadAction\",\"target\":[\"https:\/\/www.toursbahia.com.br\/es\/loja\/excursiones\/vuelta-a-la-isla-de-tinhare-boipeba-excursion\/\"]}]},{\"@type\":\"BreadcrumbList\",\"@id\":\"https:\/\/www.toursbahia.com.br\/es\/loja\/excursiones\/vuelta-a-la-isla-de-tinhare-boipeba-excursion\/#breadcrumb\",\"itemListElement\":[{\"@type\":\"ListItem\",\"position\":1,\"name\":\"In\u00edcio\",\"item\":\"https:\/\/www.toursbahia.com.br\/es\/\"},{\"@type\":\"ListItem\",\"position\":2,\"name\":\"Store\",\"item\":\"https:\/\/www.toursbahia.com.br\/es\/store-tours-bahia-internacional\/\"},{\"@type\":\"ListItem\",\"position\":3,\"name\":\"Vuelta a la isla de Tinhar\u00e9 \u2013 Boipeba &#8211; Excursi\u00f3n\"}]}]}<\/script>\n<!-- \/ Yoast SEO plugin. -->","yoast_head_json":{"title":"Vuelta a la isla de Tinhar\u00e9 \u2013 Boipeba - Excursi\u00f3n - Tours Bahia","robots":{"index":"index","follow":"follow","max-snippet":"max-snippet:-1","max-image-preview":"max-image-preview:large","max-video-preview":"max-video-preview:-1"},"canonical":"https:\/\/www.toursbahia.com.br\/es\/loja\/excursiones\/vuelta-a-la-isla-de-tinhare-boipeba-excursion\/","og_locale":"es_ES","og_type":"article","og_title":"Vuelta a la isla de Tinhar\u00e9 \u2013 Boipeba - Excursi\u00f3n - Tours Bahia","og_description":"La excursi\u00f3n vuelta a la isla de Tinhar\u00e9 es una de las m\u00e1s pedidas y de las m\u00e1s bonitas de Morro de S\u00e3o Paulo, no debe dejarla fuera de su viaje.  En este fant\u00e1stico tour, daremos la vuelta alrededor de la isla de Tinhar\u00e9.  Las primeras paradas se realizan en las piscinas naturales de Garapu\u00e1 y Morer\u00e9. Nuestro pr\u00f3ximo destino es la Playa de Cueira, elegida una delas playas m\u00e1s bonitas de Brasil.  De aqu\u00ed, continuamos hasta las playas de Tassimirim, Outeiro y Boca da Barra, donde tendremos tiempo libre para almorzar y darnos un ba\u00f1o en las tranquilas aguas de la isla.  Por la tarde, continuaremos hasta la isla de Cairu para visitar el Convento de Santo Antonio, rico patrimonio hist\u00f3rico de la \u00e9poca de la colonizaci\u00f3n del pa\u00eds.  De Cairu, regresaremos a Morro de S\u00e3o Paulo por el R\u00edo do Inferno, con una \u00faltima parada en Canavieira, donde hay unvivero natural de ostras.  No deje de probar las ostras gratinadas para luego darse un delicioso ba\u00f1o en el r\u00edo.","og_url":"https:\/\/www.toursbahia.com.br\/es\/loja\/excursiones\/vuelta-a-la-isla-de-tinhare-boipeba-excursion\/","og_site_name":"Tours Bahia","article_publisher":"https:\/\/www.facebook.com\/toursbahiainternational","article_modified_time":"2019-02-06T00:49:58+00:00","og_image":[{"width":900,"height":550,"url":"https:\/\/www.toursbahia.com.br\/wp-content\/uploads\/2019\/01\/Boipeba-Foto-02.jpg","type":"image\/jpeg"}],"twitter_card":"summary_large_image","schema":{"@context":"https:\/\/schema.org","@graph":[{"@type":"WebSite","@id":"https:\/\/www.toursbahia.com.br\/#website","url":"https:\/\/www.toursbahia.com.br\/","name":"Tours Bahia","description":"","potentialAction":[{"@type":"SearchAction","target":{"@type":"EntryPoint","urlTemplate":"https:\/\/www.toursbahia.com.br\/?s={search_term_string}"},"query-input":"required name=search_term_string"}],"inLanguage":"es"},{"@type":"ImageObject","inLanguage":"es","@id":"https:\/\/www.toursbahia.com.br\/es\/loja\/excursiones\/vuelta-a-la-isla-de-tinhare-boipeba-excursion\/#primaryimage","url":"https:\/\/www.toursbahia.com.br\/wp-content\/uploads\/2019\/01\/Boipeba-Foto-02.jpg","contentUrl":"https:\/\/www.toursbahia.com.br\/wp-content\/uploads\/2019\/01\/Boipeba-Foto-02.jpg","width":900,"height":550},{"@type":"WebPage","@id":"https:\/\/www.toursbahia.com.br\/es\/loja\/excursiones\/vuelta-a-la-isla-de-tinhare-boipeba-excursion\/","url":"https:\/\/www.toursbahia.com.br\/es\/loja\/excursiones\/vuelta-a-la-isla-de-tinhare-boipeba-excursion\/","name":"Vuelta a la isla de Tinhar\u00e9 \u2013 Boipeba - Excursi\u00f3n - Tours Bahia","isPartOf":{"@id":"https:\/\/www.toursbahia.com.br\/#website"},"primaryImageOfPage":{"@id":"https:\/\/www.toursbahia.com.br\/es\/loja\/excursiones\/vuelta-a-la-isla-de-tinhare-boipeba-excursion\/#primaryimage"},"datePublished":"2019-01-21T17:42:47+00:00","dateModified":"2019-02-06T00:49:58+00:00","breadcrumb":{"@id":"https:\/\/www.toursbahia.com.br\/es\/loja\/excursiones\/vuelta-a-la-isla-de-tinhare-boipeba-excursion\/#breadcrumb"},"inLanguage":"es","potentialAction":[{"@type":"ReadAction","target":["https:\/\/www.toursbahia.com.br\/es\/loja\/excursiones\/vuelta-a-la-isla-de-tinhare-boipeba-excursion\/"]}]},{"@type":"BreadcrumbList","@id":"https:\/\/www.toursbahia.com.br\/es\/loja\/excursiones\/vuelta-a-la-isla-de-tinhare-boipeba-excursion\/#breadcrumb","itemListElement":[{"@type":"ListItem","position":1,"name":"In\u00edcio","item":"https:\/\/www.toursbahia.com.br\/es\/"},{"@type":"ListItem","position":2,"name":"Store","item":"https:\/\/www.toursbahia.com.br\/es\/store-tours-bahia-internacional\/"},{"@type":"ListItem","position":3,"name":"Vuelta a la isla de Tinhar\u00e9 \u2013 Boipeba &#8211; Excursi\u00f3n"}]}]}},"_links":{"self":[{"href":"https:\/\/www.toursbahia.com.br\/es\/wp-json\/wp\/v2\/product\/3488"}],"collection":[{"href":"https:\/\/www.toursbahia.com.br\/es\/wp-json\/wp\/v2\/product"}],"about":[{"href":"https:\/\/www.toursbahia.com.br\/es\/wp-json\/wp\/v2\/types\/product"}],"replies":[{"embeddable":true,"href":"https:\/\/www.toursbahia.com.br\/es\/wp-json\/wp\/v2\/comments?post=3488"}],"wp:featuredmedia":[{"embeddable":true,"href":"https:\/\/www.toursbahia.com.br\/es\/wp-json\/wp\/v2\/media\/1951"}],"wp:attachment":[{"href":"https:\/\/www.toursbahia.com.br\/es\/wp-json\/wp\/v2\/media?parent=3488"}],"wp:term":[{"taxonomy":"product_cat","embeddable":true,"href":"https:\/\/www.toursbahia.com.br\/es\/wp-json\/wp\/v2\/product_cat?post=3488"},{"taxonomy":"product_tag","embeddable":true,"href":"https:\/\/www.toursbahia.com.br\/es\/wp-json\/wp\/v2\/product_tag?post=3488"}],"curies":[{"name":"wp","href":"https:\/\/api.w.org\/{rel}","templated":true}]}}