{"id":3496,"date":"2019-01-21T15:34:20","date_gmt":"2019-01-21T17:34:20","guid":{"rendered":"https:\/\/www.toursbahia.com.br\/\/produto\/sincategorizar\/passeio-pelas-ilhas-da-baia-de-camamu-em-lancha-privativa-passeio\/"},"modified":"2019-02-05T23:00:04","modified_gmt":"2019-02-06T01:00:04","slug":"excursion-por-las-islas-de-la-bahia-de-camamu-en-lancha-privada-excursion","status":"publish","type":"product","link":"https:\/\/www.toursbahia.com.br\/es\/loja\/excursiones\/excursion-por-las-islas-de-la-bahia-de-camamu-en-lancha-privada-excursion\/","title":{"rendered":"Excursi\u00f3n por las islas de la Bahia de Camamu en lancha privada &#8211; Excursi\u00f3n"},"content":{"rendered":"","protected":false},"excerpt":{"rendered":"<p>\u00a1La Bahia de Camamu, la tercera mayor de Brasil en lo que se refiere al volumen de agua, a\u00fan poco explotada, es un para\u00edso para la navegaci\u00f3n!<\/p>\n<p>Llegaremos a la cascada de Trememb\u00e9 que florece dentro de la Mata Atl\u00e1ntica y cae directamente en el agua salada del mar. Despu\u00e9s de disfrutar el visual fascinante y bucear en las espumantes aguas de la parte baja de la cascada del Trememb\u00e9, navegaremos por los manglares, cuna de todo el ecosistema mar\u00edtimo, hasta el pueblecito llamado Caja\u00edba.<\/p>\n<p>La principal ocupaci\u00f3n de los habitantes de Caja\u00edba es la construcci\u00f3n de barcos. Visitamos los astilleros, donde grandes barcos de madera todav\u00eda son fabricados de manera artesanal. De lancha continuamos hasta la isla PedraFurada, peque\u00f1a y con una playa de agua cristalina, que debe su nombre a un tipo de molusco que agujerea las rocas.<\/p>\n<p>Un d\u00eda que con toda seguridad nunca ser\u00e1 olvidado.<\/p>\n","protected":false},"featured_media":2270,"comment_status":"open","ping_status":"closed","template":"","meta":[],"product_cat":[778,779,795,792],"product_tag":[],"yoast_head":"<!-- This site is optimized with the Yoast SEO plugin v19.3 - https:\/\/yoast.com\/wordpress\/plugins\/seo\/ -->\n<title>Excursi\u00f3n por las islas de la Bahia de Camamu en lancha privada - Excursi\u00f3n - Tours Bahia<\/title>\n<meta name=\"robots\" content=\"index, follow, max-snippet:-1, max-image-preview:large, max-video-preview:-1\" \/>\n<link rel=\"canonical\" href=\"https:\/\/www.toursbahia.com.br\/es\/loja\/excursiones\/excursion-por-las-islas-de-la-bahia-de-camamu-en-lancha-privada-excursion\/\" \/>\n<meta property=\"og:locale\" content=\"es_ES\" \/>\n<meta property=\"og:type\" content=\"article\" \/>\n<meta property=\"og:title\" content=\"Excursi\u00f3n por las islas de la Bahia de Camamu en lancha privada - Excursi\u00f3n - Tours Bahia\" \/>\n<meta property=\"og:description\" content=\"\u00a1La Bahia de Camamu, la tercera mayor de Brasil en lo que se refiere al volumen de agua, a\u00fan poco explotada, es un para\u00edso para la navegaci\u00f3n!  Llegaremos a la cascada de Trememb\u00e9 que florece dentro de la Mata Atl\u00e1ntica y cae directamente en el agua salada del mar. Despu\u00e9s de disfrutar el visual fascinante y bucear en las espumantes aguas de la parte baja de la cascada del Trememb\u00e9, navegaremos por los manglares, cuna de todo el ecosistema mar\u00edtimo, hasta el pueblecito llamado Caja\u00edba.  La principal ocupaci\u00f3n de los habitantes de Caja\u00edba es la construcci\u00f3n de barcos. Visitamos los astilleros, donde grandes barcos de madera todav\u00eda son fabricados de manera artesanal. De lancha continuamos hasta la isla PedraFurada, peque\u00f1a y con una playa de agua cristalina, que debe su nombre a un tipo de molusco que agujerea las rocas.  Un d\u00eda que con toda seguridad nunca ser\u00e1 olvidado.\" \/>\n<meta property=\"og:url\" content=\"https:\/\/www.toursbahia.com.br\/es\/loja\/excursiones\/excursion-por-las-islas-de-la-bahia-de-camamu-en-lancha-privada-excursion\/\" \/>\n<meta property=\"og:site_name\" content=\"Tours Bahia\" \/>\n<meta property=\"article:publisher\" content=\"https:\/\/www.facebook.com\/toursbahiainternational\" \/>\n<meta property=\"article:modified_time\" content=\"2019-02-06T01:00:04+00:00\" \/>\n<meta property=\"og:image\" content=\"https:\/\/www.toursbahia.com.br\/wp-content\/uploads\/2019\/01\/Passeio-pelas-ilhas-da-Baia-de-Camamu-em-lancha-privativa-Foto-02.jpg\" \/>\n\t<meta property=\"og:image:width\" content=\"900\" \/>\n\t<meta property=\"og:image:height\" content=\"550\" \/>\n\t<meta property=\"og:image:type\" content=\"image\/jpeg\" \/>\n<meta name=\"twitter:card\" content=\"summary_large_image\" \/>\n<script type=\"application\/ld+json\" class=\"yoast-schema-graph\">{\"@context\":\"https:\/\/schema.org\",\"@graph\":[{\"@type\":\"WebSite\",\"@id\":\"https:\/\/www.toursbahia.com.br\/#website\",\"url\":\"https:\/\/www.toursbahia.com.br\/\",\"name\":\"Tours Bahia\",\"description\":\"\",\"potentialAction\":[{\"@type\":\"SearchAction\",\"target\":{\"@type\":\"EntryPoint\",\"urlTemplate\":\"https:\/\/www.toursbahia.com.br\/?s={search_term_string}\"},\"query-input\":\"required name=search_term_string\"}],\"inLanguage\":\"es\"},{\"@type\":\"ImageObject\",\"inLanguage\":\"es\",\"@id\":\"https:\/\/www.toursbahia.com.br\/es\/loja\/excursiones\/excursion-por-las-islas-de-la-bahia-de-camamu-en-lancha-privada-excursion\/#primaryimage\",\"url\":\"https:\/\/www.toursbahia.com.br\/wp-content\/uploads\/2019\/01\/Passeio-pelas-ilhas-da-Baia-de-Camamu-em-lancha-privativa-Foto-02.jpg\",\"contentUrl\":\"https:\/\/www.toursbahia.com.br\/wp-content\/uploads\/2019\/01\/Passeio-pelas-ilhas-da-Baia-de-Camamu-em-lancha-privativa-Foto-02.jpg\",\"width\":900,\"height\":550},{\"@type\":\"WebPage\",\"@id\":\"https:\/\/www.toursbahia.com.br\/es\/loja\/excursiones\/excursion-por-las-islas-de-la-bahia-de-camamu-en-lancha-privada-excursion\/\",\"url\":\"https:\/\/www.toursbahia.com.br\/es\/loja\/excursiones\/excursion-por-las-islas-de-la-bahia-de-camamu-en-lancha-privada-excursion\/\",\"name\":\"Excursi\u00f3n por las islas de la Bahia de Camamu en lancha privada - Excursi\u00f3n - Tours Bahia\",\"isPartOf\":{\"@id\":\"https:\/\/www.toursbahia.com.br\/#website\"},\"primaryImageOfPage\":{\"@id\":\"https:\/\/www.toursbahia.com.br\/es\/loja\/excursiones\/excursion-por-las-islas-de-la-bahia-de-camamu-en-lancha-privada-excursion\/#primaryimage\"},\"datePublished\":\"2019-01-21T17:34:20+00:00\",\"dateModified\":\"2019-02-06T01:00:04+00:00\",\"breadcrumb\":{\"@id\":\"https:\/\/www.toursbahia.com.br\/es\/loja\/excursiones\/excursion-por-las-islas-de-la-bahia-de-camamu-en-lancha-privada-excursion\/#breadcrumb\"},\"inLanguage\":\"es\",\"potentialAction\":[{\"@type\":\"ReadAction\",\"target\":[\"https:\/\/www.toursbahia.com.br\/es\/loja\/excursiones\/excursion-por-las-islas-de-la-bahia-de-camamu-en-lancha-privada-excursion\/\"]}]},{\"@type\":\"BreadcrumbList\",\"@id\":\"https:\/\/www.toursbahia.com.br\/es\/loja\/excursiones\/excursion-por-las-islas-de-la-bahia-de-camamu-en-lancha-privada-excursion\/#breadcrumb\",\"itemListElement\":[{\"@type\":\"ListItem\",\"position\":1,\"name\":\"In\u00edcio\",\"item\":\"https:\/\/www.toursbahia.com.br\/es\/\"},{\"@type\":\"ListItem\",\"position\":2,\"name\":\"Store\",\"item\":\"https:\/\/www.toursbahia.com.br\/es\/store-tours-bahia-internacional\/\"},{\"@type\":\"ListItem\",\"position\":3,\"name\":\"Excursi\u00f3n por las islas de la Bahia de Camamu en lancha privada &#8211; Excursi\u00f3n\"}]}]}<\/script>\n<!-- \/ Yoast SEO plugin. -->","yoast_head_json":{"title":"Excursi\u00f3n por las islas de la Bahia de Camamu en lancha privada - Excursi\u00f3n - Tours Bahia","robots":{"index":"index","follow":"follow","max-snippet":"max-snippet:-1","max-image-preview":"max-image-preview:large","max-video-preview":"max-video-preview:-1"},"canonical":"https:\/\/www.toursbahia.com.br\/es\/loja\/excursiones\/excursion-por-las-islas-de-la-bahia-de-camamu-en-lancha-privada-excursion\/","og_locale":"es_ES","og_type":"article","og_title":"Excursi\u00f3n por las islas de la Bahia de Camamu en lancha privada - Excursi\u00f3n - Tours Bahia","og_description":"\u00a1La Bahia de Camamu, la tercera mayor de Brasil en lo que se refiere al volumen de agua, a\u00fan poco explotada, es un para\u00edso para la navegaci\u00f3n!  Llegaremos a la cascada de Trememb\u00e9 que florece dentro de la Mata Atl\u00e1ntica y cae directamente en el agua salada del mar. Despu\u00e9s de disfrutar el visual fascinante y bucear en las espumantes aguas de la parte baja de la cascada del Trememb\u00e9, navegaremos por los manglares, cuna de todo el ecosistema mar\u00edtimo, hasta el pueblecito llamado Caja\u00edba.  La principal ocupaci\u00f3n de los habitantes de Caja\u00edba es la construcci\u00f3n de barcos. Visitamos los astilleros, donde grandes barcos de madera todav\u00eda son fabricados de manera artesanal. De lancha continuamos hasta la isla PedraFurada, peque\u00f1a y con una playa de agua cristalina, que debe su nombre a un tipo de molusco que agujerea las rocas.  Un d\u00eda que con toda seguridad nunca ser\u00e1 olvidado.","og_url":"https:\/\/www.toursbahia.com.br\/es\/loja\/excursiones\/excursion-por-las-islas-de-la-bahia-de-camamu-en-lancha-privada-excursion\/","og_site_name":"Tours Bahia","article_publisher":"https:\/\/www.facebook.com\/toursbahiainternational","article_modified_time":"2019-02-06T01:00:04+00:00","og_image":[{"width":900,"height":550,"url":"https:\/\/www.toursbahia.com.br\/wp-content\/uploads\/2019\/01\/Passeio-pelas-ilhas-da-Baia-de-Camamu-em-lancha-privativa-Foto-02.jpg","type":"image\/jpeg"}],"twitter_card":"summary_large_image","schema":{"@context":"https:\/\/schema.org","@graph":[{"@type":"WebSite","@id":"https:\/\/www.toursbahia.com.br\/#website","url":"https:\/\/www.toursbahia.com.br\/","name":"Tours Bahia","description":"","potentialAction":[{"@type":"SearchAction","target":{"@type":"EntryPoint","urlTemplate":"https:\/\/www.toursbahia.com.br\/?s={search_term_string}"},"query-input":"required name=search_term_string"}],"inLanguage":"es"},{"@type":"ImageObject","inLanguage":"es","@id":"https:\/\/www.toursbahia.com.br\/es\/loja\/excursiones\/excursion-por-las-islas-de-la-bahia-de-camamu-en-lancha-privada-excursion\/#primaryimage","url":"https:\/\/www.toursbahia.com.br\/wp-content\/uploads\/2019\/01\/Passeio-pelas-ilhas-da-Baia-de-Camamu-em-lancha-privativa-Foto-02.jpg","contentUrl":"https:\/\/www.toursbahia.com.br\/wp-content\/uploads\/2019\/01\/Passeio-pelas-ilhas-da-Baia-de-Camamu-em-lancha-privativa-Foto-02.jpg","width":900,"height":550},{"@type":"WebPage","@id":"https:\/\/www.toursbahia.com.br\/es\/loja\/excursiones\/excursion-por-las-islas-de-la-bahia-de-camamu-en-lancha-privada-excursion\/","url":"https:\/\/www.toursbahia.com.br\/es\/loja\/excursiones\/excursion-por-las-islas-de-la-bahia-de-camamu-en-lancha-privada-excursion\/","name":"Excursi\u00f3n por las islas de la Bahia de Camamu en lancha privada - Excursi\u00f3n - Tours Bahia","isPartOf":{"@id":"https:\/\/www.toursbahia.com.br\/#website"},"primaryImageOfPage":{"@id":"https:\/\/www.toursbahia.com.br\/es\/loja\/excursiones\/excursion-por-las-islas-de-la-bahia-de-camamu-en-lancha-privada-excursion\/#primaryimage"},"datePublished":"2019-01-21T17:34:20+00:00","dateModified":"2019-02-06T01:00:04+00:00","breadcrumb":{"@id":"https:\/\/www.toursbahia.com.br\/es\/loja\/excursiones\/excursion-por-las-islas-de-la-bahia-de-camamu-en-lancha-privada-excursion\/#breadcrumb"},"inLanguage":"es","potentialAction":[{"@type":"ReadAction","target":["https:\/\/www.toursbahia.com.br\/es\/loja\/excursiones\/excursion-por-las-islas-de-la-bahia-de-camamu-en-lancha-privada-excursion\/"]}]},{"@type":"BreadcrumbList","@id":"https:\/\/www.toursbahia.com.br\/es\/loja\/excursiones\/excursion-por-las-islas-de-la-bahia-de-camamu-en-lancha-privada-excursion\/#breadcrumb","itemListElement":[{"@type":"ListItem","position":1,"name":"In\u00edcio","item":"https:\/\/www.toursbahia.com.br\/es\/"},{"@type":"ListItem","position":2,"name":"Store","item":"https:\/\/www.toursbahia.com.br\/es\/store-tours-bahia-internacional\/"},{"@type":"ListItem","position":3,"name":"Excursi\u00f3n por las islas de la Bahia de Camamu en lancha privada &#8211; Excursi\u00f3n"}]}]}},"_links":{"self":[{"href":"https:\/\/www.toursbahia.com.br\/es\/wp-json\/wp\/v2\/product\/3496"}],"collection":[{"href":"https:\/\/www.toursbahia.com.br\/es\/wp-json\/wp\/v2\/product"}],"about":[{"href":"https:\/\/www.toursbahia.com.br\/es\/wp-json\/wp\/v2\/types\/product"}],"replies":[{"embeddable":true,"href":"https:\/\/www.toursbahia.com.br\/es\/wp-json\/wp\/v2\/comments?post=3496"}],"wp:featuredmedia":[{"embeddable":true,"href":"https:\/\/www.toursbahia.com.br\/es\/wp-json\/wp\/v2\/media\/2270"}],"wp:attachment":[{"href":"https:\/\/www.toursbahia.com.br\/es\/wp-json\/wp\/v2\/media?parent=3496"}],"wp:term":[{"taxonomy":"product_cat","embeddable":true,"href":"https:\/\/www.toursbahia.com.br\/es\/wp-json\/wp\/v2\/product_cat?post=3496"},{"taxonomy":"product_tag","embeddable":true,"href":"https:\/\/www.toursbahia.com.br\/es\/wp-json\/wp\/v2\/product_tag?post=3496"}],"curies":[{"name":"wp","href":"https:\/\/api.w.org\/{rel}","templated":true}]}}