{"id":3499,"date":"2019-01-21T15:32:15","date_gmt":"2019-01-21T17:32:15","guid":{"rendered":"https:\/\/www.toursbahia.com.br\/\/produto\/sincategorizar\/penisula-de-marau-terrestre-passeio\/"},"modified":"2019-02-05T23:03:08","modified_gmt":"2019-02-06T01:03:08","slug":"penisula-de-marau-terrestre-excursion","status":"publish","type":"product","link":"https:\/\/www.toursbahia.com.br\/es\/loja\/excursiones\/penisula-de-marau-terrestre-excursion\/","title":{"rendered":"Pen\u00edsula de Mara\u00fa \u2013 Terrestre &#8211; Excursi\u00f3n"},"content":{"rendered":"","protected":false},"excerpt":{"rendered":"<p>Situada en el suroeste del estado, Bahia, en la Costa do Dend\u00ea, la Pen\u00ednsula de Mara\u00fa se encuentra en una de las extremidades de la bah\u00eda de Camam\u00fa, una de las m\u00e1s bonitas y la tercera mayor del pa\u00eds.<\/p>\n<p>En un veh\u00edculo 4\u00d74, recorreremos 50 km de carretera de tierra, en el camino pararemos para disfrutar de las exuberantes vistas del Morro do Celular hacia la \u201cLagoa do Cassange\u201d y la \u201cLagoa Azul\u201d. Seguimos hasta Taip\u00fa de Fora, donde encontraremos m\u00e1s de 7km de extensi\u00f3n de mar, cocoteros gigantes, arrecifes de corales y arena clara. La playa de Taip\u00fa de Fora es la m\u00e1s buscada de la pen\u00ednsula, donde tendremos la opci\u00f3n de bucear con snorkel (dependiendo de la marea) en sus piscinas naturales. \u00a1No se lo puede perder! Despu\u00e9s de alg\u00fan tiempo de descanso y disfrutando del mar, continuamos por los senderos de cocoteros y de bromelias gigantes, es un espect\u00e1culo a parte donde sentimos la naturaleza exuberante del paisaje tropical de esta regi\u00f3n.<\/p>\n<p>Duraci\u00f3n: Aproximadamente 7 horas.<\/p>\n","protected":false},"featured_media":2321,"comment_status":"open","ping_status":"closed","template":"","meta":[],"product_cat":[778,779,792,796],"product_tag":[],"yoast_head":"<!-- This site is optimized with the Yoast SEO plugin v19.3 - https:\/\/yoast.com\/wordpress\/plugins\/seo\/ -->\n<title>Pen\u00edsula de Mara\u00fa \u2013 Terrestre - Excursi\u00f3n - Tours Bahia<\/title>\n<meta name=\"robots\" content=\"index, follow, max-snippet:-1, max-image-preview:large, max-video-preview:-1\" \/>\n<link rel=\"canonical\" href=\"https:\/\/www.toursbahia.com.br\/es\/loja\/excursiones\/penisula-de-marau-terrestre-excursion\/\" \/>\n<meta property=\"og:locale\" content=\"es_ES\" \/>\n<meta property=\"og:type\" content=\"article\" \/>\n<meta property=\"og:title\" content=\"Pen\u00edsula de Mara\u00fa \u2013 Terrestre - Excursi\u00f3n - Tours Bahia\" \/>\n<meta property=\"og:description\" content=\"Situada en el suroeste del estado, Bahia, en la Costa do Dend\u00ea, la Pen\u00ednsula de Mara\u00fa se encuentra en una de las extremidades de la bah\u00eda de Camam\u00fa, una de las m\u00e1s bonitas y la tercera mayor del pa\u00eds.  En un veh\u00edculo 4\u00d74, recorreremos 50 km de carretera de tierra, en el camino pararemos para disfrutar de las exuberantes vistas del Morro do Celular hacia la \u201cLagoa do Cassange\u201d y la \u201cLagoa Azul\u201d. Seguimos hasta Taip\u00fa de Fora, donde encontraremos m\u00e1s de 7km de extensi\u00f3n de mar, cocoteros gigantes, arrecifes de corales y arena clara. La playa de Taip\u00fa de Fora es la m\u00e1s buscada de la pen\u00ednsula, donde tendremos la opci\u00f3n de bucear con snorkel (dependiendo de la marea) en sus piscinas naturales. \u00a1No se lo puede perder! Despu\u00e9s de alg\u00fan tiempo de descanso y disfrutando del mar, continuamos por los senderos de cocoteros y de bromelias gigantes, es un espect\u00e1culo a parte donde sentimos la naturaleza exuberante del paisaje tropical de esta regi\u00f3n.  Duraci\u00f3n: Aproximadamente 7 horas.\" \/>\n<meta property=\"og:url\" content=\"https:\/\/www.toursbahia.com.br\/es\/loja\/excursiones\/penisula-de-marau-terrestre-excursion\/\" \/>\n<meta property=\"og:site_name\" content=\"Tours Bahia\" \/>\n<meta property=\"article:publisher\" content=\"https:\/\/www.facebook.com\/toursbahiainternational\" \/>\n<meta property=\"article:modified_time\" content=\"2019-02-06T01:03:08+00:00\" \/>\n<meta property=\"og:image\" content=\"https:\/\/www.toursbahia.com.br\/wp-content\/uploads\/2018\/12\/Pen\u00edsula-de-Mara\u00fa-\u2013-terrestre-Foto-03.jpg\" \/>\n\t<meta property=\"og:image:width\" content=\"900\" \/>\n\t<meta property=\"og:image:height\" content=\"550\" \/>\n\t<meta property=\"og:image:type\" content=\"image\/jpeg\" \/>\n<meta name=\"twitter:card\" content=\"summary_large_image\" \/>\n<script type=\"application\/ld+json\" class=\"yoast-schema-graph\">{\"@context\":\"https:\/\/schema.org\",\"@graph\":[{\"@type\":\"WebSite\",\"@id\":\"https:\/\/www.toursbahia.com.br\/#website\",\"url\":\"https:\/\/www.toursbahia.com.br\/\",\"name\":\"Tours Bahia\",\"description\":\"\",\"potentialAction\":[{\"@type\":\"SearchAction\",\"target\":{\"@type\":\"EntryPoint\",\"urlTemplate\":\"https:\/\/www.toursbahia.com.br\/?s={search_term_string}\"},\"query-input\":\"required name=search_term_string\"}],\"inLanguage\":\"es\"},{\"@type\":\"ImageObject\",\"inLanguage\":\"es\",\"@id\":\"https:\/\/www.toursbahia.com.br\/es\/loja\/excursiones\/penisula-de-marau-terrestre-excursion\/#primaryimage\",\"url\":\"https:\/\/www.toursbahia.com.br\/wp-content\/uploads\/2018\/12\/Pen\u00edsula-de-Mara\u00fa-\u2013-terrestre-Foto-03.jpg\",\"contentUrl\":\"https:\/\/www.toursbahia.com.br\/wp-content\/uploads\/2018\/12\/Pen\u00edsula-de-Mara\u00fa-\u2013-terrestre-Foto-03.jpg\",\"width\":900,\"height\":550},{\"@type\":\"WebPage\",\"@id\":\"https:\/\/www.toursbahia.com.br\/es\/loja\/excursiones\/penisula-de-marau-terrestre-excursion\/\",\"url\":\"https:\/\/www.toursbahia.com.br\/es\/loja\/excursiones\/penisula-de-marau-terrestre-excursion\/\",\"name\":\"Pen\u00edsula de Mara\u00fa \u2013 Terrestre - Excursi\u00f3n - Tours Bahia\",\"isPartOf\":{\"@id\":\"https:\/\/www.toursbahia.com.br\/#website\"},\"primaryImageOfPage\":{\"@id\":\"https:\/\/www.toursbahia.com.br\/es\/loja\/excursiones\/penisula-de-marau-terrestre-excursion\/#primaryimage\"},\"datePublished\":\"2019-01-21T17:32:15+00:00\",\"dateModified\":\"2019-02-06T01:03:08+00:00\",\"breadcrumb\":{\"@id\":\"https:\/\/www.toursbahia.com.br\/es\/loja\/excursiones\/penisula-de-marau-terrestre-excursion\/#breadcrumb\"},\"inLanguage\":\"es\",\"potentialAction\":[{\"@type\":\"ReadAction\",\"target\":[\"https:\/\/www.toursbahia.com.br\/es\/loja\/excursiones\/penisula-de-marau-terrestre-excursion\/\"]}]},{\"@type\":\"BreadcrumbList\",\"@id\":\"https:\/\/www.toursbahia.com.br\/es\/loja\/excursiones\/penisula-de-marau-terrestre-excursion\/#breadcrumb\",\"itemListElement\":[{\"@type\":\"ListItem\",\"position\":1,\"name\":\"In\u00edcio\",\"item\":\"https:\/\/www.toursbahia.com.br\/es\/\"},{\"@type\":\"ListItem\",\"position\":2,\"name\":\"Store\",\"item\":\"https:\/\/www.toursbahia.com.br\/es\/store-tours-bahia-internacional\/\"},{\"@type\":\"ListItem\",\"position\":3,\"name\":\"Pen\u00edsula de Mara\u00fa \u2013 Terrestre &#8211; Excursi\u00f3n\"}]}]}<\/script>\n<!-- \/ Yoast SEO plugin. -->","yoast_head_json":{"title":"Pen\u00edsula de Mara\u00fa \u2013 Terrestre - Excursi\u00f3n - Tours Bahia","robots":{"index":"index","follow":"follow","max-snippet":"max-snippet:-1","max-image-preview":"max-image-preview:large","max-video-preview":"max-video-preview:-1"},"canonical":"https:\/\/www.toursbahia.com.br\/es\/loja\/excursiones\/penisula-de-marau-terrestre-excursion\/","og_locale":"es_ES","og_type":"article","og_title":"Pen\u00edsula de Mara\u00fa \u2013 Terrestre - Excursi\u00f3n - Tours Bahia","og_description":"Situada en el suroeste del estado, Bahia, en la Costa do Dend\u00ea, la Pen\u00ednsula de Mara\u00fa se encuentra en una de las extremidades de la bah\u00eda de Camam\u00fa, una de las m\u00e1s bonitas y la tercera mayor del pa\u00eds.  En un veh\u00edculo 4\u00d74, recorreremos 50 km de carretera de tierra, en el camino pararemos para disfrutar de las exuberantes vistas del Morro do Celular hacia la \u201cLagoa do Cassange\u201d y la \u201cLagoa Azul\u201d. Seguimos hasta Taip\u00fa de Fora, donde encontraremos m\u00e1s de 7km de extensi\u00f3n de mar, cocoteros gigantes, arrecifes de corales y arena clara. La playa de Taip\u00fa de Fora es la m\u00e1s buscada de la pen\u00ednsula, donde tendremos la opci\u00f3n de bucear con snorkel (dependiendo de la marea) en sus piscinas naturales. \u00a1No se lo puede perder! Despu\u00e9s de alg\u00fan tiempo de descanso y disfrutando del mar, continuamos por los senderos de cocoteros y de bromelias gigantes, es un espect\u00e1culo a parte donde sentimos la naturaleza exuberante del paisaje tropical de esta regi\u00f3n.  Duraci\u00f3n: Aproximadamente 7 horas.","og_url":"https:\/\/www.toursbahia.com.br\/es\/loja\/excursiones\/penisula-de-marau-terrestre-excursion\/","og_site_name":"Tours Bahia","article_publisher":"https:\/\/www.facebook.com\/toursbahiainternational","article_modified_time":"2019-02-06T01:03:08+00:00","og_image":[{"width":900,"height":550,"url":"https:\/\/www.toursbahia.com.br\/wp-content\/uploads\/2018\/12\/Pen\u00edsula-de-Mara\u00fa-\u2013-terrestre-Foto-03.jpg","type":"image\/jpeg"}],"twitter_card":"summary_large_image","schema":{"@context":"https:\/\/schema.org","@graph":[{"@type":"WebSite","@id":"https:\/\/www.toursbahia.com.br\/#website","url":"https:\/\/www.toursbahia.com.br\/","name":"Tours Bahia","description":"","potentialAction":[{"@type":"SearchAction","target":{"@type":"EntryPoint","urlTemplate":"https:\/\/www.toursbahia.com.br\/?s={search_term_string}"},"query-input":"required name=search_term_string"}],"inLanguage":"es"},{"@type":"ImageObject","inLanguage":"es","@id":"https:\/\/www.toursbahia.com.br\/es\/loja\/excursiones\/penisula-de-marau-terrestre-excursion\/#primaryimage","url":"https:\/\/www.toursbahia.com.br\/wp-content\/uploads\/2018\/12\/Pen\u00edsula-de-Mara\u00fa-\u2013-terrestre-Foto-03.jpg","contentUrl":"https:\/\/www.toursbahia.com.br\/wp-content\/uploads\/2018\/12\/Pen\u00edsula-de-Mara\u00fa-\u2013-terrestre-Foto-03.jpg","width":900,"height":550},{"@type":"WebPage","@id":"https:\/\/www.toursbahia.com.br\/es\/loja\/excursiones\/penisula-de-marau-terrestre-excursion\/","url":"https:\/\/www.toursbahia.com.br\/es\/loja\/excursiones\/penisula-de-marau-terrestre-excursion\/","name":"Pen\u00edsula de Mara\u00fa \u2013 Terrestre - Excursi\u00f3n - Tours Bahia","isPartOf":{"@id":"https:\/\/www.toursbahia.com.br\/#website"},"primaryImageOfPage":{"@id":"https:\/\/www.toursbahia.com.br\/es\/loja\/excursiones\/penisula-de-marau-terrestre-excursion\/#primaryimage"},"datePublished":"2019-01-21T17:32:15+00:00","dateModified":"2019-02-06T01:03:08+00:00","breadcrumb":{"@id":"https:\/\/www.toursbahia.com.br\/es\/loja\/excursiones\/penisula-de-marau-terrestre-excursion\/#breadcrumb"},"inLanguage":"es","potentialAction":[{"@type":"ReadAction","target":["https:\/\/www.toursbahia.com.br\/es\/loja\/excursiones\/penisula-de-marau-terrestre-excursion\/"]}]},{"@type":"BreadcrumbList","@id":"https:\/\/www.toursbahia.com.br\/es\/loja\/excursiones\/penisula-de-marau-terrestre-excursion\/#breadcrumb","itemListElement":[{"@type":"ListItem","position":1,"name":"In\u00edcio","item":"https:\/\/www.toursbahia.com.br\/es\/"},{"@type":"ListItem","position":2,"name":"Store","item":"https:\/\/www.toursbahia.com.br\/es\/store-tours-bahia-internacional\/"},{"@type":"ListItem","position":3,"name":"Pen\u00edsula de Mara\u00fa \u2013 Terrestre &#8211; Excursi\u00f3n"}]}]}},"_links":{"self":[{"href":"https:\/\/www.toursbahia.com.br\/es\/wp-json\/wp\/v2\/product\/3499"}],"collection":[{"href":"https:\/\/www.toursbahia.com.br\/es\/wp-json\/wp\/v2\/product"}],"about":[{"href":"https:\/\/www.toursbahia.com.br\/es\/wp-json\/wp\/v2\/types\/product"}],"replies":[{"embeddable":true,"href":"https:\/\/www.toursbahia.com.br\/es\/wp-json\/wp\/v2\/comments?post=3499"}],"wp:featuredmedia":[{"embeddable":true,"href":"https:\/\/www.toursbahia.com.br\/es\/wp-json\/wp\/v2\/media\/2321"}],"wp:attachment":[{"href":"https:\/\/www.toursbahia.com.br\/es\/wp-json\/wp\/v2\/media?parent=3499"}],"wp:term":[{"taxonomy":"product_cat","embeddable":true,"href":"https:\/\/www.toursbahia.com.br\/es\/wp-json\/wp\/v2\/product_cat?post=3499"},{"taxonomy":"product_tag","embeddable":true,"href":"https:\/\/www.toursbahia.com.br\/es\/wp-json\/wp\/v2\/product_tag?post=3499"}],"curies":[{"name":"wp","href":"https:\/\/api.w.org\/{rel}","templated":true}]}}