{"id":3502,"date":"2019-01-21T15:29:43","date_gmt":"2019-01-21T17:29:43","guid":{"rendered":"https:\/\/www.toursbahia.com.br\/\/produto\/sincategorizar\/rafting-no-rio-de-contas-em-taboquinhas-passeio\/"},"modified":"2019-02-05T23:06:20","modified_gmt":"2019-02-06T01:06:20","slug":"rafting-en-el-rio-de-contas-en-taboquinhas-excursion","status":"publish","type":"product","link":"https:\/\/www.toursbahia.com.br\/es\/loja\/excursiones\/rafting-en-el-rio-de-contas-en-taboquinhas-excursion\/","title":{"rendered":"Rafting en el Rio de Contas en Taboquinhas &#8211; Excursi\u00f3n"},"content":{"rendered":"","protected":false},"excerpt":{"rendered":"<p>En direcci\u00f3n a Itacar\u00e9, entramos en 26 km de carretera de tierra para llegar al peque\u00f1o pueblo llamado Taboquinhas. Bajamos aproximadamente 2 horas por el r\u00edo de Contas\u2013 r\u00edo que nace en la Chapada Diamantina a 570 km de distancia \u2013 una secuencia de r\u00e1pidos de niveles 2 a 5 son perfectos para practicar este deporte. Rafting es la excursi\u00f3n de aventura m\u00e1s famosa practicada en Taboquinhas, y es tambi\u00e9n un deporte profesional, en el que Brasil es bicampe\u00f3n mundial. La bajada del r\u00edo, pasando por r\u00e1pidos y cascadas de hasta 3 metros, es realizada en botes inflables con capacidad para 6 a 8 personas, incluyendo un conductor. \u00a1Aventura con adrenalina y mucha seguridad! Por motivos de seguridad es necesario utilizar camiseta y tenis durante el rafting, por eso les pedimos que lleven una muda de ropa y sandalias para que no tengan que volver con la ropa y los tenis mojados.<\/p>\n<p>Duraci\u00f3n: aproximadamente 5 horas.<\/p>\n","protected":false},"featured_media":2230,"comment_status":"open","ping_status":"closed","template":"","meta":[],"product_cat":[778,779,792,798],"product_tag":[],"yoast_head":"<!-- This site is optimized with the Yoast SEO plugin v19.3 - https:\/\/yoast.com\/wordpress\/plugins\/seo\/ -->\n<title>Rafting en el Rio de Contas en Taboquinhas - Excursi\u00f3n - Tours Bahia<\/title>\n<meta name=\"robots\" content=\"index, follow, max-snippet:-1, max-image-preview:large, max-video-preview:-1\" \/>\n<link rel=\"canonical\" href=\"https:\/\/www.toursbahia.com.br\/es\/loja\/excursiones\/rafting-en-el-rio-de-contas-en-taboquinhas-excursion\/\" \/>\n<meta property=\"og:locale\" content=\"es_ES\" \/>\n<meta property=\"og:type\" content=\"article\" \/>\n<meta property=\"og:title\" content=\"Rafting en el Rio de Contas en Taboquinhas - Excursi\u00f3n - Tours Bahia\" \/>\n<meta property=\"og:description\" content=\"En direcci\u00f3n a Itacar\u00e9, entramos en 26 km de carretera de tierra para llegar al peque\u00f1o pueblo llamado Taboquinhas. Bajamos aproximadamente 2 horas por el r\u00edo de Contas\u2013 r\u00edo que nace en la Chapada Diamantina a 570 km de distancia \u2013 una secuencia de r\u00e1pidos de niveles 2 a 5 son perfectos para practicar este deporte. Rafting es la excursi\u00f3n de aventura m\u00e1s famosa practicada en Taboquinhas, y es tambi\u00e9n un deporte profesional, en el que Brasil es bicampe\u00f3n mundial. La bajada del r\u00edo, pasando por r\u00e1pidos y cascadas de hasta 3 metros, es realizada en botes inflables con capacidad para 6 a 8 personas, incluyendo un conductor. \u00a1Aventura con adrenalina y mucha seguridad! Por motivos de seguridad es necesario utilizar camiseta y tenis durante el rafting, por eso les pedimos que lleven una muda de ropa y sandalias para que no tengan que volver con la ropa y los tenis mojados.  Duraci\u00f3n: aproximadamente 5 horas.\" \/>\n<meta property=\"og:url\" content=\"https:\/\/www.toursbahia.com.br\/es\/loja\/excursiones\/rafting-en-el-rio-de-contas-en-taboquinhas-excursion\/\" \/>\n<meta property=\"og:site_name\" content=\"Tours Bahia\" \/>\n<meta property=\"article:publisher\" content=\"https:\/\/www.facebook.com\/toursbahiainternational\" \/>\n<meta property=\"article:modified_time\" content=\"2019-02-06T01:06:20+00:00\" \/>\n<meta property=\"og:image\" content=\"https:\/\/www.toursbahia.com.br\/wp-content\/uploads\/2019\/01\/Rafting-no-Rio-de-Contas-Foto-04.jpg\" \/>\n\t<meta property=\"og:image:width\" content=\"900\" \/>\n\t<meta property=\"og:image:height\" content=\"550\" \/>\n\t<meta property=\"og:image:type\" content=\"image\/jpeg\" \/>\n<meta name=\"twitter:card\" content=\"summary_large_image\" \/>\n<script type=\"application\/ld+json\" class=\"yoast-schema-graph\">{\"@context\":\"https:\/\/schema.org\",\"@graph\":[{\"@type\":\"WebSite\",\"@id\":\"https:\/\/www.toursbahia.com.br\/#website\",\"url\":\"https:\/\/www.toursbahia.com.br\/\",\"name\":\"Tours Bahia\",\"description\":\"\",\"potentialAction\":[{\"@type\":\"SearchAction\",\"target\":{\"@type\":\"EntryPoint\",\"urlTemplate\":\"https:\/\/www.toursbahia.com.br\/?s={search_term_string}\"},\"query-input\":\"required name=search_term_string\"}],\"inLanguage\":\"es\"},{\"@type\":\"ImageObject\",\"inLanguage\":\"es\",\"@id\":\"https:\/\/www.toursbahia.com.br\/es\/loja\/excursiones\/rafting-en-el-rio-de-contas-en-taboquinhas-excursion\/#primaryimage\",\"url\":\"https:\/\/www.toursbahia.com.br\/wp-content\/uploads\/2019\/01\/Rafting-no-Rio-de-Contas-Foto-04.jpg\",\"contentUrl\":\"https:\/\/www.toursbahia.com.br\/wp-content\/uploads\/2019\/01\/Rafting-no-Rio-de-Contas-Foto-04.jpg\",\"width\":900,\"height\":550},{\"@type\":\"WebPage\",\"@id\":\"https:\/\/www.toursbahia.com.br\/es\/loja\/excursiones\/rafting-en-el-rio-de-contas-en-taboquinhas-excursion\/\",\"url\":\"https:\/\/www.toursbahia.com.br\/es\/loja\/excursiones\/rafting-en-el-rio-de-contas-en-taboquinhas-excursion\/\",\"name\":\"Rafting en el Rio de Contas en Taboquinhas - Excursi\u00f3n - Tours Bahia\",\"isPartOf\":{\"@id\":\"https:\/\/www.toursbahia.com.br\/#website\"},\"primaryImageOfPage\":{\"@id\":\"https:\/\/www.toursbahia.com.br\/es\/loja\/excursiones\/rafting-en-el-rio-de-contas-en-taboquinhas-excursion\/#primaryimage\"},\"datePublished\":\"2019-01-21T17:29:43+00:00\",\"dateModified\":\"2019-02-06T01:06:20+00:00\",\"breadcrumb\":{\"@id\":\"https:\/\/www.toursbahia.com.br\/es\/loja\/excursiones\/rafting-en-el-rio-de-contas-en-taboquinhas-excursion\/#breadcrumb\"},\"inLanguage\":\"es\",\"potentialAction\":[{\"@type\":\"ReadAction\",\"target\":[\"https:\/\/www.toursbahia.com.br\/es\/loja\/excursiones\/rafting-en-el-rio-de-contas-en-taboquinhas-excursion\/\"]}]},{\"@type\":\"BreadcrumbList\",\"@id\":\"https:\/\/www.toursbahia.com.br\/es\/loja\/excursiones\/rafting-en-el-rio-de-contas-en-taboquinhas-excursion\/#breadcrumb\",\"itemListElement\":[{\"@type\":\"ListItem\",\"position\":1,\"name\":\"In\u00edcio\",\"item\":\"https:\/\/www.toursbahia.com.br\/es\/\"},{\"@type\":\"ListItem\",\"position\":2,\"name\":\"Store\",\"item\":\"https:\/\/www.toursbahia.com.br\/es\/store-tours-bahia-internacional\/\"},{\"@type\":\"ListItem\",\"position\":3,\"name\":\"Rafting en el Rio de Contas en Taboquinhas &#8211; Excursi\u00f3n\"}]}]}<\/script>\n<!-- \/ Yoast SEO plugin. -->","yoast_head_json":{"title":"Rafting en el Rio de Contas en Taboquinhas - Excursi\u00f3n - Tours Bahia","robots":{"index":"index","follow":"follow","max-snippet":"max-snippet:-1","max-image-preview":"max-image-preview:large","max-video-preview":"max-video-preview:-1"},"canonical":"https:\/\/www.toursbahia.com.br\/es\/loja\/excursiones\/rafting-en-el-rio-de-contas-en-taboquinhas-excursion\/","og_locale":"es_ES","og_type":"article","og_title":"Rafting en el Rio de Contas en Taboquinhas - Excursi\u00f3n - Tours Bahia","og_description":"En direcci\u00f3n a Itacar\u00e9, entramos en 26 km de carretera de tierra para llegar al peque\u00f1o pueblo llamado Taboquinhas. Bajamos aproximadamente 2 horas por el r\u00edo de Contas\u2013 r\u00edo que nace en la Chapada Diamantina a 570 km de distancia \u2013 una secuencia de r\u00e1pidos de niveles 2 a 5 son perfectos para practicar este deporte. Rafting es la excursi\u00f3n de aventura m\u00e1s famosa practicada en Taboquinhas, y es tambi\u00e9n un deporte profesional, en el que Brasil es bicampe\u00f3n mundial. La bajada del r\u00edo, pasando por r\u00e1pidos y cascadas de hasta 3 metros, es realizada en botes inflables con capacidad para 6 a 8 personas, incluyendo un conductor. \u00a1Aventura con adrenalina y mucha seguridad! Por motivos de seguridad es necesario utilizar camiseta y tenis durante el rafting, por eso les pedimos que lleven una muda de ropa y sandalias para que no tengan que volver con la ropa y los tenis mojados.  Duraci\u00f3n: aproximadamente 5 horas.","og_url":"https:\/\/www.toursbahia.com.br\/es\/loja\/excursiones\/rafting-en-el-rio-de-contas-en-taboquinhas-excursion\/","og_site_name":"Tours Bahia","article_publisher":"https:\/\/www.facebook.com\/toursbahiainternational","article_modified_time":"2019-02-06T01:06:20+00:00","og_image":[{"width":900,"height":550,"url":"https:\/\/www.toursbahia.com.br\/wp-content\/uploads\/2019\/01\/Rafting-no-Rio-de-Contas-Foto-04.jpg","type":"image\/jpeg"}],"twitter_card":"summary_large_image","schema":{"@context":"https:\/\/schema.org","@graph":[{"@type":"WebSite","@id":"https:\/\/www.toursbahia.com.br\/#website","url":"https:\/\/www.toursbahia.com.br\/","name":"Tours Bahia","description":"","potentialAction":[{"@type":"SearchAction","target":{"@type":"EntryPoint","urlTemplate":"https:\/\/www.toursbahia.com.br\/?s={search_term_string}"},"query-input":"required name=search_term_string"}],"inLanguage":"es"},{"@type":"ImageObject","inLanguage":"es","@id":"https:\/\/www.toursbahia.com.br\/es\/loja\/excursiones\/rafting-en-el-rio-de-contas-en-taboquinhas-excursion\/#primaryimage","url":"https:\/\/www.toursbahia.com.br\/wp-content\/uploads\/2019\/01\/Rafting-no-Rio-de-Contas-Foto-04.jpg","contentUrl":"https:\/\/www.toursbahia.com.br\/wp-content\/uploads\/2019\/01\/Rafting-no-Rio-de-Contas-Foto-04.jpg","width":900,"height":550},{"@type":"WebPage","@id":"https:\/\/www.toursbahia.com.br\/es\/loja\/excursiones\/rafting-en-el-rio-de-contas-en-taboquinhas-excursion\/","url":"https:\/\/www.toursbahia.com.br\/es\/loja\/excursiones\/rafting-en-el-rio-de-contas-en-taboquinhas-excursion\/","name":"Rafting en el Rio de Contas en Taboquinhas - Excursi\u00f3n - Tours Bahia","isPartOf":{"@id":"https:\/\/www.toursbahia.com.br\/#website"},"primaryImageOfPage":{"@id":"https:\/\/www.toursbahia.com.br\/es\/loja\/excursiones\/rafting-en-el-rio-de-contas-en-taboquinhas-excursion\/#primaryimage"},"datePublished":"2019-01-21T17:29:43+00:00","dateModified":"2019-02-06T01:06:20+00:00","breadcrumb":{"@id":"https:\/\/www.toursbahia.com.br\/es\/loja\/excursiones\/rafting-en-el-rio-de-contas-en-taboquinhas-excursion\/#breadcrumb"},"inLanguage":"es","potentialAction":[{"@type":"ReadAction","target":["https:\/\/www.toursbahia.com.br\/es\/loja\/excursiones\/rafting-en-el-rio-de-contas-en-taboquinhas-excursion\/"]}]},{"@type":"BreadcrumbList","@id":"https:\/\/www.toursbahia.com.br\/es\/loja\/excursiones\/rafting-en-el-rio-de-contas-en-taboquinhas-excursion\/#breadcrumb","itemListElement":[{"@type":"ListItem","position":1,"name":"In\u00edcio","item":"https:\/\/www.toursbahia.com.br\/es\/"},{"@type":"ListItem","position":2,"name":"Store","item":"https:\/\/www.toursbahia.com.br\/es\/store-tours-bahia-internacional\/"},{"@type":"ListItem","position":3,"name":"Rafting en el Rio de Contas en Taboquinhas &#8211; Excursi\u00f3n"}]}]}},"_links":{"self":[{"href":"https:\/\/www.toursbahia.com.br\/es\/wp-json\/wp\/v2\/product\/3502"}],"collection":[{"href":"https:\/\/www.toursbahia.com.br\/es\/wp-json\/wp\/v2\/product"}],"about":[{"href":"https:\/\/www.toursbahia.com.br\/es\/wp-json\/wp\/v2\/types\/product"}],"replies":[{"embeddable":true,"href":"https:\/\/www.toursbahia.com.br\/es\/wp-json\/wp\/v2\/comments?post=3502"}],"wp:featuredmedia":[{"embeddable":true,"href":"https:\/\/www.toursbahia.com.br\/es\/wp-json\/wp\/v2\/media\/2230"}],"wp:attachment":[{"href":"https:\/\/www.toursbahia.com.br\/es\/wp-json\/wp\/v2\/media?parent=3502"}],"wp:term":[{"taxonomy":"product_cat","embeddable":true,"href":"https:\/\/www.toursbahia.com.br\/es\/wp-json\/wp\/v2\/product_cat?post=3502"},{"taxonomy":"product_tag","embeddable":true,"href":"https:\/\/www.toursbahia.com.br\/es\/wp-json\/wp\/v2\/product_tag?post=3502"}],"curies":[{"name":"wp","href":"https:\/\/api.w.org\/{rel}","templated":true}]}}