{"id":3505,"date":"2019-01-21T15:27:43","date_gmt":"2019-01-21T17:27:43","guid":{"rendered":"https:\/\/www.toursbahia.com.br\/\/produto\/sincategorizar\/arvorismo-e-tirolesa-em-itacare-passeio\/"},"modified":"2025-06-01T06:21:11","modified_gmt":"2025-06-01T09:21:11","slug":"arborismo-y-tirolina-en-itacare-excursion","status":"publish","type":"product","link":"https:\/\/www.toursbahia.com.br\/es\/loja\/excursiones\/arborismo-y-tirolina-en-itacare-excursion\/","title":{"rendered":"Arborismo y Tirolina en Itacar\u00e9 &#8211; Excursi\u00f3n"},"content":{"rendered":"","protected":false},"excerpt":{"rendered":"<p>Aventura en la copa de los \u00e1rboles y excursi\u00f3n en la Mata Atl\u00e1ntica con vistas al mar! El arborismo consiste en pasar por puentes colgantes, que comunican varios \u00e1rboles formando un recorrido acrob\u00e1tico cerca de la copa de los \u00e1rboles. Actividades como trapecio, tela de ara\u00f1a, tirolinas y otras son algunos de los desaf\u00edos que enfrentar\u00e1s en el arborismo. La propuesta es ofrecer la oportunidad de apreciar la fauna y la flora presentes en los \u00e1rboles, realizando actividades a gran altura, con mucha aventura. El Arborismo cuenta con 20 actividades colgantes, siendo 7 tirolinas que var\u00edan de 2 a 50 metros de altura. La mayor de todas es la supertirolina de Ribeira con 280 metros de extensi\u00f3n y 40 de altura, vista imperdible desde la mayor tirolina de Itacar\u00e9. No es necesario tener experiencia. Secci\u00f3n de entrenamiento a 2 metros de altura, antes del circuito principal, donde los monitores ense\u00f1an c\u00f3mo utilizar correctamente los equipamientos.<\/p>\n<p>Llevar: ba\u00f1ador, protector solar, c\u00e1mara fotogr\u00e1fica y repelente. Es obligatoria la utilizaci\u00f3n de tenis o sandalias fijas, recomendamos que se vista camiseta y pantal\u00f3ncorto.<\/p>\n<p>Duraci\u00f3n: Aproximadamente 2h30m<\/p>\n","protected":false},"featured_media":2299,"comment_status":"open","ping_status":"closed","template":"","meta":[],"product_cat":[778,793,779,792],"product_tag":[],"yoast_head":"<!-- This site is optimized with the Yoast SEO plugin v19.3 - https:\/\/yoast.com\/wordpress\/plugins\/seo\/ -->\n<title>Arborismo y Tirolina en Itacar\u00e9 - Excursi\u00f3n - Tours Bahia<\/title>\n<meta name=\"robots\" content=\"index, follow, max-snippet:-1, max-image-preview:large, max-video-preview:-1\" \/>\n<link rel=\"canonical\" href=\"https:\/\/www.toursbahia.com.br\/es\/loja\/excursiones\/arborismo-y-tirolina-en-itacare-excursion\/\" \/>\n<meta property=\"og:locale\" content=\"es_ES\" \/>\n<meta property=\"og:type\" content=\"article\" \/>\n<meta property=\"og:title\" content=\"Arborismo y Tirolina en Itacar\u00e9 - Excursi\u00f3n - Tours Bahia\" \/>\n<meta property=\"og:description\" content=\"Aventura en la copa de los \u00e1rboles y excursi\u00f3n en la Mata Atl\u00e1ntica con vistas al mar! El arborismo consiste en pasar por puentes colgantes, que comunican varios \u00e1rboles formando un recorrido acrob\u00e1tico cerca de la copa de los \u00e1rboles. Actividades como trapecio, tela de ara\u00f1a, tirolinas y otras son algunos de los desaf\u00edos que enfrentar\u00e1s en el arborismo. La propuesta es ofrecer la oportunidad de apreciar la fauna y la flora presentes en los \u00e1rboles, realizando actividades a gran altura, con mucha aventura. El Arborismo cuenta con 20 actividades colgantes, siendo 7 tirolinas que var\u00edan de 2 a 50 metros de altura. La mayor de todas es la supertirolina de Ribeira con 280 metros de extensi\u00f3n y 40 de altura, vista imperdible desde la mayor tirolina de Itacar\u00e9. No es necesario tener experiencia. Secci\u00f3n de entrenamiento a 2 metros de altura, antes del circuito principal, donde los monitores ense\u00f1an c\u00f3mo utilizar correctamente los equipamientos.  Llevar: ba\u00f1ador, protector solar, c\u00e1mara fotogr\u00e1fica y repelente. Es obligatoria la utilizaci\u00f3n de tenis o sandalias fijas, recomendamos que se vista camiseta y pantal\u00f3ncorto.  Duraci\u00f3n: Aproximadamente 2h30m\" \/>\n<meta property=\"og:url\" content=\"https:\/\/www.toursbahia.com.br\/es\/loja\/excursiones\/arborismo-y-tirolina-en-itacare-excursion\/\" \/>\n<meta property=\"og:site_name\" content=\"Tours Bahia\" \/>\n<meta property=\"article:publisher\" content=\"https:\/\/www.facebook.com\/toursbahiainternational\" \/>\n<meta property=\"article:modified_time\" content=\"2025-06-01T09:21:11+00:00\" \/>\n<meta property=\"og:image\" content=\"https:\/\/www.toursbahia.com.br\/wp-content\/uploads\/2018\/12\/Arvorismo-e-Tirolesa-em-Itacar\u00e9-Foto-04.jpg\" \/>\n\t<meta property=\"og:image:width\" content=\"900\" \/>\n\t<meta property=\"og:image:height\" content=\"550\" \/>\n\t<meta property=\"og:image:type\" content=\"image\/jpeg\" \/>\n<meta name=\"twitter:card\" content=\"summary_large_image\" \/>\n<script type=\"application\/ld+json\" class=\"yoast-schema-graph\">{\"@context\":\"https:\/\/schema.org\",\"@graph\":[{\"@type\":\"WebSite\",\"@id\":\"https:\/\/www.toursbahia.com.br\/#website\",\"url\":\"https:\/\/www.toursbahia.com.br\/\",\"name\":\"Tours Bahia\",\"description\":\"\",\"potentialAction\":[{\"@type\":\"SearchAction\",\"target\":{\"@type\":\"EntryPoint\",\"urlTemplate\":\"https:\/\/www.toursbahia.com.br\/?s={search_term_string}\"},\"query-input\":\"required name=search_term_string\"}],\"inLanguage\":\"es\"},{\"@type\":\"ImageObject\",\"inLanguage\":\"es\",\"@id\":\"https:\/\/www.toursbahia.com.br\/es\/loja\/excursiones\/arborismo-y-tirolina-en-itacare-excursion\/#primaryimage\",\"url\":\"https:\/\/www.toursbahia.com.br\/wp-content\/uploads\/2018\/12\/Arvorismo-e-Tirolesa-em-Itacar\u00e9-Foto-04.jpg\",\"contentUrl\":\"https:\/\/www.toursbahia.com.br\/wp-content\/uploads\/2018\/12\/Arvorismo-e-Tirolesa-em-Itacar\u00e9-Foto-04.jpg\",\"width\":900,\"height\":550},{\"@type\":\"WebPage\",\"@id\":\"https:\/\/www.toursbahia.com.br\/es\/loja\/excursiones\/arborismo-y-tirolina-en-itacare-excursion\/\",\"url\":\"https:\/\/www.toursbahia.com.br\/es\/loja\/excursiones\/arborismo-y-tirolina-en-itacare-excursion\/\",\"name\":\"Arborismo y Tirolina en Itacar\u00e9 - Excursi\u00f3n - Tours Bahia\",\"isPartOf\":{\"@id\":\"https:\/\/www.toursbahia.com.br\/#website\"},\"primaryImageOfPage\":{\"@id\":\"https:\/\/www.toursbahia.com.br\/es\/loja\/excursiones\/arborismo-y-tirolina-en-itacare-excursion\/#primaryimage\"},\"datePublished\":\"2019-01-21T17:27:43+00:00\",\"dateModified\":\"2025-06-01T09:21:11+00:00\",\"breadcrumb\":{\"@id\":\"https:\/\/www.toursbahia.com.br\/es\/loja\/excursiones\/arborismo-y-tirolina-en-itacare-excursion\/#breadcrumb\"},\"inLanguage\":\"es\",\"potentialAction\":[{\"@type\":\"ReadAction\",\"target\":[\"https:\/\/www.toursbahia.com.br\/es\/loja\/excursiones\/arborismo-y-tirolina-en-itacare-excursion\/\"]}]},{\"@type\":\"BreadcrumbList\",\"@id\":\"https:\/\/www.toursbahia.com.br\/es\/loja\/excursiones\/arborismo-y-tirolina-en-itacare-excursion\/#breadcrumb\",\"itemListElement\":[{\"@type\":\"ListItem\",\"position\":1,\"name\":\"In\u00edcio\",\"item\":\"https:\/\/www.toursbahia.com.br\/es\/\"},{\"@type\":\"ListItem\",\"position\":2,\"name\":\"Store\",\"item\":\"https:\/\/www.toursbahia.com.br\/es\/store-tours-bahia-internacional\/\"},{\"@type\":\"ListItem\",\"position\":3,\"name\":\"Arborismo y Tirolina en Itacar\u00e9 &#8211; Excursi\u00f3n\"}]}]}<\/script>\n<!-- \/ Yoast SEO plugin. -->","yoast_head_json":{"title":"Arborismo y Tirolina en Itacar\u00e9 - Excursi\u00f3n - Tours Bahia","robots":{"index":"index","follow":"follow","max-snippet":"max-snippet:-1","max-image-preview":"max-image-preview:large","max-video-preview":"max-video-preview:-1"},"canonical":"https:\/\/www.toursbahia.com.br\/es\/loja\/excursiones\/arborismo-y-tirolina-en-itacare-excursion\/","og_locale":"es_ES","og_type":"article","og_title":"Arborismo y Tirolina en Itacar\u00e9 - Excursi\u00f3n - Tours Bahia","og_description":"Aventura en la copa de los \u00e1rboles y excursi\u00f3n en la Mata Atl\u00e1ntica con vistas al mar! El arborismo consiste en pasar por puentes colgantes, que comunican varios \u00e1rboles formando un recorrido acrob\u00e1tico cerca de la copa de los \u00e1rboles. Actividades como trapecio, tela de ara\u00f1a, tirolinas y otras son algunos de los desaf\u00edos que enfrentar\u00e1s en el arborismo. La propuesta es ofrecer la oportunidad de apreciar la fauna y la flora presentes en los \u00e1rboles, realizando actividades a gran altura, con mucha aventura. El Arborismo cuenta con 20 actividades colgantes, siendo 7 tirolinas que var\u00edan de 2 a 50 metros de altura. La mayor de todas es la supertirolina de Ribeira con 280 metros de extensi\u00f3n y 40 de altura, vista imperdible desde la mayor tirolina de Itacar\u00e9. No es necesario tener experiencia. Secci\u00f3n de entrenamiento a 2 metros de altura, antes del circuito principal, donde los monitores ense\u00f1an c\u00f3mo utilizar correctamente los equipamientos.  Llevar: ba\u00f1ador, protector solar, c\u00e1mara fotogr\u00e1fica y repelente. Es obligatoria la utilizaci\u00f3n de tenis o sandalias fijas, recomendamos que se vista camiseta y pantal\u00f3ncorto.  Duraci\u00f3n: Aproximadamente 2h30m","og_url":"https:\/\/www.toursbahia.com.br\/es\/loja\/excursiones\/arborismo-y-tirolina-en-itacare-excursion\/","og_site_name":"Tours Bahia","article_publisher":"https:\/\/www.facebook.com\/toursbahiainternational","article_modified_time":"2025-06-01T09:21:11+00:00","og_image":[{"width":900,"height":550,"url":"https:\/\/www.toursbahia.com.br\/wp-content\/uploads\/2018\/12\/Arvorismo-e-Tirolesa-em-Itacar\u00e9-Foto-04.jpg","type":"image\/jpeg"}],"twitter_card":"summary_large_image","schema":{"@context":"https:\/\/schema.org","@graph":[{"@type":"WebSite","@id":"https:\/\/www.toursbahia.com.br\/#website","url":"https:\/\/www.toursbahia.com.br\/","name":"Tours Bahia","description":"","potentialAction":[{"@type":"SearchAction","target":{"@type":"EntryPoint","urlTemplate":"https:\/\/www.toursbahia.com.br\/?s={search_term_string}"},"query-input":"required name=search_term_string"}],"inLanguage":"es"},{"@type":"ImageObject","inLanguage":"es","@id":"https:\/\/www.toursbahia.com.br\/es\/loja\/excursiones\/arborismo-y-tirolina-en-itacare-excursion\/#primaryimage","url":"https:\/\/www.toursbahia.com.br\/wp-content\/uploads\/2018\/12\/Arvorismo-e-Tirolesa-em-Itacar\u00e9-Foto-04.jpg","contentUrl":"https:\/\/www.toursbahia.com.br\/wp-content\/uploads\/2018\/12\/Arvorismo-e-Tirolesa-em-Itacar\u00e9-Foto-04.jpg","width":900,"height":550},{"@type":"WebPage","@id":"https:\/\/www.toursbahia.com.br\/es\/loja\/excursiones\/arborismo-y-tirolina-en-itacare-excursion\/","url":"https:\/\/www.toursbahia.com.br\/es\/loja\/excursiones\/arborismo-y-tirolina-en-itacare-excursion\/","name":"Arborismo y Tirolina en Itacar\u00e9 - Excursi\u00f3n - Tours Bahia","isPartOf":{"@id":"https:\/\/www.toursbahia.com.br\/#website"},"primaryImageOfPage":{"@id":"https:\/\/www.toursbahia.com.br\/es\/loja\/excursiones\/arborismo-y-tirolina-en-itacare-excursion\/#primaryimage"},"datePublished":"2019-01-21T17:27:43+00:00","dateModified":"2025-06-01T09:21:11+00:00","breadcrumb":{"@id":"https:\/\/www.toursbahia.com.br\/es\/loja\/excursiones\/arborismo-y-tirolina-en-itacare-excursion\/#breadcrumb"},"inLanguage":"es","potentialAction":[{"@type":"ReadAction","target":["https:\/\/www.toursbahia.com.br\/es\/loja\/excursiones\/arborismo-y-tirolina-en-itacare-excursion\/"]}]},{"@type":"BreadcrumbList","@id":"https:\/\/www.toursbahia.com.br\/es\/loja\/excursiones\/arborismo-y-tirolina-en-itacare-excursion\/#breadcrumb","itemListElement":[{"@type":"ListItem","position":1,"name":"In\u00edcio","item":"https:\/\/www.toursbahia.com.br\/es\/"},{"@type":"ListItem","position":2,"name":"Store","item":"https:\/\/www.toursbahia.com.br\/es\/store-tours-bahia-internacional\/"},{"@type":"ListItem","position":3,"name":"Arborismo y Tirolina en Itacar\u00e9 &#8211; Excursi\u00f3n"}]}]}},"_links":{"self":[{"href":"https:\/\/www.toursbahia.com.br\/es\/wp-json\/wp\/v2\/product\/3505"}],"collection":[{"href":"https:\/\/www.toursbahia.com.br\/es\/wp-json\/wp\/v2\/product"}],"about":[{"href":"https:\/\/www.toursbahia.com.br\/es\/wp-json\/wp\/v2\/types\/product"}],"replies":[{"embeddable":true,"href":"https:\/\/www.toursbahia.com.br\/es\/wp-json\/wp\/v2\/comments?post=3505"}],"wp:featuredmedia":[{"embeddable":true,"href":"https:\/\/www.toursbahia.com.br\/es\/wp-json\/wp\/v2\/media\/2299"}],"wp:attachment":[{"href":"https:\/\/www.toursbahia.com.br\/es\/wp-json\/wp\/v2\/media?parent=3505"}],"wp:term":[{"taxonomy":"product_cat","embeddable":true,"href":"https:\/\/www.toursbahia.com.br\/es\/wp-json\/wp\/v2\/product_cat?post=3505"},{"taxonomy":"product_tag","embeddable":true,"href":"https:\/\/www.toursbahia.com.br\/es\/wp-json\/wp\/v2\/product_tag?post=3505"}],"curies":[{"name":"wp","href":"https:\/\/api.w.org\/{rel}","templated":true}]}}