{"id":3511,"date":"2019-01-21T15:21:17","date_gmt":"2019-01-21T17:21:17","guid":{"rendered":"https:\/\/www.toursbahia.com.br\/\/produto\/sincategorizar\/trekking-pelas-quatro-praias-mais-lindas-de-itacare-passeio\/"},"modified":"2019-02-05T23:15:04","modified_gmt":"2019-02-06T01:15:04","slug":"senderismo-por-las-cuatro-playas-mas-bonitas-de-itacare-excursion","status":"publish","type":"product","link":"https:\/\/www.toursbahia.com.br\/es\/loja\/excursiones\/senderismo-por-las-cuatro-playas-mas-bonitas-de-itacare-excursion\/","title":{"rendered":"Senderismo Por las cuatro playas m\u00e1s bonitas de Itacar\u00e9 &#8211; Excursi\u00f3n"},"content":{"rendered":"","protected":false},"excerpt":{"rendered":"<p>Senderismo ecol\u00f3gico recorriendo a pie cuatro playas salvajes y paradis\u00edacas en medio de Mata Atl\u00e1ntica.<\/p>\n<p>La aventura empieza en Hava\u00edzinho, una playa con un encanto \u00fanico, \u00a1te encontrar\u00e1s como en un ed\u00e9n tropical! Seguiremos caminando aproximadamente 30 minutos por un sendero hasta llegar a la casi desierta playa de Engenhoca, con sus olas perfectas, el para\u00edso de los surfistas, \u00a1donde el verde esmeralda del mar casi se confunde con la exuberante vegetaci\u00f3n!<\/p>\n<p>Continuamos caminando y r\u00e1pidamente llegamos a Camboinha, donde una peque\u00f1a cascada de agua dulce que baja desde el bosque, nos sirve para refrescarnos y renovarnos las energ\u00edas en los d\u00edas de calor, un poco m\u00e1s adelante est\u00e1 Itacarezinho, amplia y c\u00f3moda, es la \u00fanica de las cuatro playas con infraestructura de caba\u00f1as y restaurante.<\/p>\n<p>Duraci\u00f3n: Aproximadamente 6 horas.<\/p>\n","protected":false},"featured_media":2278,"comment_status":"open","ping_status":"closed","template":"","meta":[],"product_cat":[778,779,792,799],"product_tag":[],"yoast_head":"<!-- This site is optimized with the Yoast SEO plugin v19.3 - https:\/\/yoast.com\/wordpress\/plugins\/seo\/ -->\n<title>Senderismo Por las cuatro playas m\u00e1s bonitas de Itacar\u00e9 - Excursi\u00f3n - Tours Bahia<\/title>\n<meta name=\"robots\" content=\"index, follow, max-snippet:-1, max-image-preview:large, max-video-preview:-1\" \/>\n<link rel=\"canonical\" href=\"https:\/\/www.toursbahia.com.br\/es\/loja\/excursiones\/senderismo-por-las-cuatro-playas-mas-bonitas-de-itacare-excursion\/\" \/>\n<meta property=\"og:locale\" content=\"es_ES\" \/>\n<meta property=\"og:type\" content=\"article\" \/>\n<meta property=\"og:title\" content=\"Senderismo Por las cuatro playas m\u00e1s bonitas de Itacar\u00e9 - Excursi\u00f3n - Tours Bahia\" \/>\n<meta property=\"og:description\" content=\"Senderismo ecol\u00f3gico recorriendo a pie cuatro playas salvajes y paradis\u00edacas en medio de Mata Atl\u00e1ntica.  La aventura empieza en Hava\u00edzinho, una playa con un encanto \u00fanico, \u00a1te encontrar\u00e1s como en un ed\u00e9n tropical! Seguiremos caminando aproximadamente 30 minutos por un sendero hasta llegar a la casi desierta playa de Engenhoca, con sus olas perfectas, el para\u00edso de los surfistas, \u00a1donde el verde esmeralda del mar casi se confunde con la exuberante vegetaci\u00f3n!  Continuamos caminando y r\u00e1pidamente llegamos a Camboinha, donde una peque\u00f1a cascada de agua dulce que baja desde el bosque, nos sirve para refrescarnos y renovarnos las energ\u00edas en los d\u00edas de calor, un poco m\u00e1s adelante est\u00e1 Itacarezinho, amplia y c\u00f3moda, es la \u00fanica de las cuatro playas con infraestructura de caba\u00f1as y restaurante.  Duraci\u00f3n: Aproximadamente 6 horas.\" \/>\n<meta property=\"og:url\" content=\"https:\/\/www.toursbahia.com.br\/es\/loja\/excursiones\/senderismo-por-las-cuatro-playas-mas-bonitas-de-itacare-excursion\/\" \/>\n<meta property=\"og:site_name\" content=\"Tours Bahia\" \/>\n<meta property=\"article:publisher\" content=\"https:\/\/www.facebook.com\/toursbahiainternational\" \/>\n<meta property=\"article:modified_time\" content=\"2019-02-06T01:15:04+00:00\" \/>\n<meta property=\"og:image\" content=\"https:\/\/www.toursbahia.com.br\/wp-content\/uploads\/2018\/12\/Trekking-pelas-quatro-praias-mais-lindas-de-Itacar\u00e9-Foto-04.jpg\" \/>\n\t<meta property=\"og:image:width\" content=\"900\" \/>\n\t<meta property=\"og:image:height\" content=\"550\" \/>\n\t<meta property=\"og:image:type\" content=\"image\/jpeg\" \/>\n<meta name=\"twitter:card\" content=\"summary_large_image\" \/>\n<script type=\"application\/ld+json\" class=\"yoast-schema-graph\">{\"@context\":\"https:\/\/schema.org\",\"@graph\":[{\"@type\":\"WebSite\",\"@id\":\"https:\/\/www.toursbahia.com.br\/#website\",\"url\":\"https:\/\/www.toursbahia.com.br\/\",\"name\":\"Tours Bahia\",\"description\":\"\",\"potentialAction\":[{\"@type\":\"SearchAction\",\"target\":{\"@type\":\"EntryPoint\",\"urlTemplate\":\"https:\/\/www.toursbahia.com.br\/?s={search_term_string}\"},\"query-input\":\"required name=search_term_string\"}],\"inLanguage\":\"es\"},{\"@type\":\"ImageObject\",\"inLanguage\":\"es\",\"@id\":\"https:\/\/www.toursbahia.com.br\/es\/loja\/excursiones\/senderismo-por-las-cuatro-playas-mas-bonitas-de-itacare-excursion\/#primaryimage\",\"url\":\"https:\/\/www.toursbahia.com.br\/wp-content\/uploads\/2018\/12\/Trekking-pelas-quatro-praias-mais-lindas-de-Itacar\u00e9-Foto-04.jpg\",\"contentUrl\":\"https:\/\/www.toursbahia.com.br\/wp-content\/uploads\/2018\/12\/Trekking-pelas-quatro-praias-mais-lindas-de-Itacar\u00e9-Foto-04.jpg\",\"width\":900,\"height\":550},{\"@type\":\"WebPage\",\"@id\":\"https:\/\/www.toursbahia.com.br\/es\/loja\/excursiones\/senderismo-por-las-cuatro-playas-mas-bonitas-de-itacare-excursion\/\",\"url\":\"https:\/\/www.toursbahia.com.br\/es\/loja\/excursiones\/senderismo-por-las-cuatro-playas-mas-bonitas-de-itacare-excursion\/\",\"name\":\"Senderismo Por las cuatro playas m\u00e1s bonitas de Itacar\u00e9 - Excursi\u00f3n - Tours Bahia\",\"isPartOf\":{\"@id\":\"https:\/\/www.toursbahia.com.br\/#website\"},\"primaryImageOfPage\":{\"@id\":\"https:\/\/www.toursbahia.com.br\/es\/loja\/excursiones\/senderismo-por-las-cuatro-playas-mas-bonitas-de-itacare-excursion\/#primaryimage\"},\"datePublished\":\"2019-01-21T17:21:17+00:00\",\"dateModified\":\"2019-02-06T01:15:04+00:00\",\"breadcrumb\":{\"@id\":\"https:\/\/www.toursbahia.com.br\/es\/loja\/excursiones\/senderismo-por-las-cuatro-playas-mas-bonitas-de-itacare-excursion\/#breadcrumb\"},\"inLanguage\":\"es\",\"potentialAction\":[{\"@type\":\"ReadAction\",\"target\":[\"https:\/\/www.toursbahia.com.br\/es\/loja\/excursiones\/senderismo-por-las-cuatro-playas-mas-bonitas-de-itacare-excursion\/\"]}]},{\"@type\":\"BreadcrumbList\",\"@id\":\"https:\/\/www.toursbahia.com.br\/es\/loja\/excursiones\/senderismo-por-las-cuatro-playas-mas-bonitas-de-itacare-excursion\/#breadcrumb\",\"itemListElement\":[{\"@type\":\"ListItem\",\"position\":1,\"name\":\"In\u00edcio\",\"item\":\"https:\/\/www.toursbahia.com.br\/es\/\"},{\"@type\":\"ListItem\",\"position\":2,\"name\":\"Store\",\"item\":\"https:\/\/www.toursbahia.com.br\/es\/store-tours-bahia-internacional\/\"},{\"@type\":\"ListItem\",\"position\":3,\"name\":\"Senderismo Por las cuatro playas m\u00e1s bonitas de Itacar\u00e9 &#8211; Excursi\u00f3n\"}]}]}<\/script>\n<!-- \/ Yoast SEO plugin. -->","yoast_head_json":{"title":"Senderismo Por las cuatro playas m\u00e1s bonitas de Itacar\u00e9 - Excursi\u00f3n - Tours Bahia","robots":{"index":"index","follow":"follow","max-snippet":"max-snippet:-1","max-image-preview":"max-image-preview:large","max-video-preview":"max-video-preview:-1"},"canonical":"https:\/\/www.toursbahia.com.br\/es\/loja\/excursiones\/senderismo-por-las-cuatro-playas-mas-bonitas-de-itacare-excursion\/","og_locale":"es_ES","og_type":"article","og_title":"Senderismo Por las cuatro playas m\u00e1s bonitas de Itacar\u00e9 - Excursi\u00f3n - Tours Bahia","og_description":"Senderismo ecol\u00f3gico recorriendo a pie cuatro playas salvajes y paradis\u00edacas en medio de Mata Atl\u00e1ntica.  La aventura empieza en Hava\u00edzinho, una playa con un encanto \u00fanico, \u00a1te encontrar\u00e1s como en un ed\u00e9n tropical! Seguiremos caminando aproximadamente 30 minutos por un sendero hasta llegar a la casi desierta playa de Engenhoca, con sus olas perfectas, el para\u00edso de los surfistas, \u00a1donde el verde esmeralda del mar casi se confunde con la exuberante vegetaci\u00f3n!  Continuamos caminando y r\u00e1pidamente llegamos a Camboinha, donde una peque\u00f1a cascada de agua dulce que baja desde el bosque, nos sirve para refrescarnos y renovarnos las energ\u00edas en los d\u00edas de calor, un poco m\u00e1s adelante est\u00e1 Itacarezinho, amplia y c\u00f3moda, es la \u00fanica de las cuatro playas con infraestructura de caba\u00f1as y restaurante.  Duraci\u00f3n: Aproximadamente 6 horas.","og_url":"https:\/\/www.toursbahia.com.br\/es\/loja\/excursiones\/senderismo-por-las-cuatro-playas-mas-bonitas-de-itacare-excursion\/","og_site_name":"Tours Bahia","article_publisher":"https:\/\/www.facebook.com\/toursbahiainternational","article_modified_time":"2019-02-06T01:15:04+00:00","og_image":[{"width":900,"height":550,"url":"https:\/\/www.toursbahia.com.br\/wp-content\/uploads\/2018\/12\/Trekking-pelas-quatro-praias-mais-lindas-de-Itacar\u00e9-Foto-04.jpg","type":"image\/jpeg"}],"twitter_card":"summary_large_image","schema":{"@context":"https:\/\/schema.org","@graph":[{"@type":"WebSite","@id":"https:\/\/www.toursbahia.com.br\/#website","url":"https:\/\/www.toursbahia.com.br\/","name":"Tours Bahia","description":"","potentialAction":[{"@type":"SearchAction","target":{"@type":"EntryPoint","urlTemplate":"https:\/\/www.toursbahia.com.br\/?s={search_term_string}"},"query-input":"required name=search_term_string"}],"inLanguage":"es"},{"@type":"ImageObject","inLanguage":"es","@id":"https:\/\/www.toursbahia.com.br\/es\/loja\/excursiones\/senderismo-por-las-cuatro-playas-mas-bonitas-de-itacare-excursion\/#primaryimage","url":"https:\/\/www.toursbahia.com.br\/wp-content\/uploads\/2018\/12\/Trekking-pelas-quatro-praias-mais-lindas-de-Itacar\u00e9-Foto-04.jpg","contentUrl":"https:\/\/www.toursbahia.com.br\/wp-content\/uploads\/2018\/12\/Trekking-pelas-quatro-praias-mais-lindas-de-Itacar\u00e9-Foto-04.jpg","width":900,"height":550},{"@type":"WebPage","@id":"https:\/\/www.toursbahia.com.br\/es\/loja\/excursiones\/senderismo-por-las-cuatro-playas-mas-bonitas-de-itacare-excursion\/","url":"https:\/\/www.toursbahia.com.br\/es\/loja\/excursiones\/senderismo-por-las-cuatro-playas-mas-bonitas-de-itacare-excursion\/","name":"Senderismo Por las cuatro playas m\u00e1s bonitas de Itacar\u00e9 - Excursi\u00f3n - Tours Bahia","isPartOf":{"@id":"https:\/\/www.toursbahia.com.br\/#website"},"primaryImageOfPage":{"@id":"https:\/\/www.toursbahia.com.br\/es\/loja\/excursiones\/senderismo-por-las-cuatro-playas-mas-bonitas-de-itacare-excursion\/#primaryimage"},"datePublished":"2019-01-21T17:21:17+00:00","dateModified":"2019-02-06T01:15:04+00:00","breadcrumb":{"@id":"https:\/\/www.toursbahia.com.br\/es\/loja\/excursiones\/senderismo-por-las-cuatro-playas-mas-bonitas-de-itacare-excursion\/#breadcrumb"},"inLanguage":"es","potentialAction":[{"@type":"ReadAction","target":["https:\/\/www.toursbahia.com.br\/es\/loja\/excursiones\/senderismo-por-las-cuatro-playas-mas-bonitas-de-itacare-excursion\/"]}]},{"@type":"BreadcrumbList","@id":"https:\/\/www.toursbahia.com.br\/es\/loja\/excursiones\/senderismo-por-las-cuatro-playas-mas-bonitas-de-itacare-excursion\/#breadcrumb","itemListElement":[{"@type":"ListItem","position":1,"name":"In\u00edcio","item":"https:\/\/www.toursbahia.com.br\/es\/"},{"@type":"ListItem","position":2,"name":"Store","item":"https:\/\/www.toursbahia.com.br\/es\/store-tours-bahia-internacional\/"},{"@type":"ListItem","position":3,"name":"Senderismo Por las cuatro playas m\u00e1s bonitas de Itacar\u00e9 &#8211; Excursi\u00f3n"}]}]}},"_links":{"self":[{"href":"https:\/\/www.toursbahia.com.br\/es\/wp-json\/wp\/v2\/product\/3511"}],"collection":[{"href":"https:\/\/www.toursbahia.com.br\/es\/wp-json\/wp\/v2\/product"}],"about":[{"href":"https:\/\/www.toursbahia.com.br\/es\/wp-json\/wp\/v2\/types\/product"}],"replies":[{"embeddable":true,"href":"https:\/\/www.toursbahia.com.br\/es\/wp-json\/wp\/v2\/comments?post=3511"}],"wp:featuredmedia":[{"embeddable":true,"href":"https:\/\/www.toursbahia.com.br\/es\/wp-json\/wp\/v2\/media\/2278"}],"wp:attachment":[{"href":"https:\/\/www.toursbahia.com.br\/es\/wp-json\/wp\/v2\/media?parent=3511"}],"wp:term":[{"taxonomy":"product_cat","embeddable":true,"href":"https:\/\/www.toursbahia.com.br\/es\/wp-json\/wp\/v2\/product_cat?post=3511"},{"taxonomy":"product_tag","embeddable":true,"href":"https:\/\/www.toursbahia.com.br\/es\/wp-json\/wp\/v2\/product_tag?post=3511"}],"curies":[{"name":"wp","href":"https:\/\/api.w.org\/{rel}","templated":true}]}}