{"id":3514,"date":"2019-01-21T14:47:58","date_gmt":"2019-01-21T16:47:58","guid":{"rendered":"https:\/\/www.toursbahia.com.br\/\/produto\/sincategorizar\/observacao-de-baleias-passeio\/"},"modified":"2019-02-05T23:26:19","modified_gmt":"2019-02-06T01:26:19","slug":"observacion-de-ballenas-excursion","status":"publish","type":"product","link":"https:\/\/www.toursbahia.com.br\/es\/loja\/excursiones\/observacion-de-ballenas-excursion\/","title":{"rendered":"Observaci\u00f3n de Ballenas &#8211; Excursi\u00f3n"},"content":{"rendered":"","protected":false},"excerpt":{"rendered":"<p>Peque\u00f1a conferencia (30 \u2013 40 minutos) en el instituto \u201cBaleiaJubarte\u201d en Praia do Forte. Despu\u00e9s de la conferencia caminata de 10 a 15 minutos hasta la playa donde embarcaremos en una \u201cescuna\u201d (barco t\u00edpico) para observar estos inmensos mam\u00edferos, siempre acompa\u00f1ados de un gu\u00eda ambientalista.<\/p>\n<p>Aunque la probabilidad de ver ballenas pase de los 90%, en caso de que no se consiga verlas, el valor pagado no ser\u00e1 devuelto \u2013 se ofrecer\u00e1 la posibilidad de salir nuevamente, siempre que haya lugares disponibles.<\/p>\n","protected":false},"featured_media":2975,"comment_status":"open","ping_status":"closed","template":"","meta":[],"product_cat":[778,779,808,803],"product_tag":[],"yoast_head":"<!-- This site is optimized with the Yoast SEO plugin v19.3 - https:\/\/yoast.com\/wordpress\/plugins\/seo\/ -->\n<title>Observaci\u00f3n de Ballenas - Excursi\u00f3n - Tours Bahia<\/title>\n<meta name=\"robots\" content=\"index, follow, max-snippet:-1, max-image-preview:large, max-video-preview:-1\" \/>\n<link rel=\"canonical\" href=\"https:\/\/www.toursbahia.com.br\/es\/loja\/excursiones\/observacion-de-ballenas-excursion\/\" \/>\n<meta property=\"og:locale\" content=\"es_ES\" \/>\n<meta property=\"og:type\" content=\"article\" \/>\n<meta property=\"og:title\" content=\"Observaci\u00f3n de Ballenas - Excursi\u00f3n - Tours Bahia\" \/>\n<meta property=\"og:description\" content=\"Peque\u00f1a conferencia (30 \u2013 40 minutos) en el instituto \u201cBaleiaJubarte\u201d en Praia do Forte. Despu\u00e9s de la conferencia caminata de 10 a 15 minutos hasta la playa donde embarcaremos en una \u201cescuna\u201d (barco t\u00edpico) para observar estos inmensos mam\u00edferos, siempre acompa\u00f1ados de un gu\u00eda ambientalista.  Aunque la probabilidad de ver ballenas pase de los 90%, en caso de que no se consiga verlas, el valor pagado no ser\u00e1 devuelto \u2013 se ofrecer\u00e1 la posibilidad de salir nuevamente, siempre que haya lugares disponibles.\" \/>\n<meta property=\"og:url\" content=\"https:\/\/www.toursbahia.com.br\/es\/loja\/excursiones\/observacion-de-ballenas-excursion\/\" \/>\n<meta property=\"og:site_name\" content=\"Tours Bahia\" \/>\n<meta property=\"article:publisher\" content=\"https:\/\/www.facebook.com\/toursbahiainternational\" \/>\n<meta property=\"article:modified_time\" content=\"2019-02-06T01:26:19+00:00\" \/>\n<meta property=\"og:image\" content=\"https:\/\/www.toursbahia.com.br\/wp-content\/uploads\/2019\/01\/Observa\u00e7\u00e3o-de-Baleias-Foto-04.jpg\" \/>\n\t<meta property=\"og:image:width\" content=\"900\" \/>\n\t<meta property=\"og:image:height\" content=\"550\" \/>\n\t<meta property=\"og:image:type\" content=\"image\/jpeg\" \/>\n<meta name=\"twitter:card\" content=\"summary_large_image\" \/>\n<script type=\"application\/ld+json\" class=\"yoast-schema-graph\">{\"@context\":\"https:\/\/schema.org\",\"@graph\":[{\"@type\":\"WebSite\",\"@id\":\"https:\/\/www.toursbahia.com.br\/#website\",\"url\":\"https:\/\/www.toursbahia.com.br\/\",\"name\":\"Tours Bahia\",\"description\":\"\",\"potentialAction\":[{\"@type\":\"SearchAction\",\"target\":{\"@type\":\"EntryPoint\",\"urlTemplate\":\"https:\/\/www.toursbahia.com.br\/?s={search_term_string}\"},\"query-input\":\"required name=search_term_string\"}],\"inLanguage\":\"es\"},{\"@type\":\"ImageObject\",\"inLanguage\":\"es\",\"@id\":\"https:\/\/www.toursbahia.com.br\/es\/loja\/excursiones\/observacion-de-ballenas-excursion\/#primaryimage\",\"url\":\"https:\/\/www.toursbahia.com.br\/wp-content\/uploads\/2019\/01\/Observa\u00e7\u00e3o-de-Baleias-Foto-04.jpg\",\"contentUrl\":\"https:\/\/www.toursbahia.com.br\/wp-content\/uploads\/2019\/01\/Observa\u00e7\u00e3o-de-Baleias-Foto-04.jpg\",\"width\":900,\"height\":550},{\"@type\":\"WebPage\",\"@id\":\"https:\/\/www.toursbahia.com.br\/es\/loja\/excursiones\/observacion-de-ballenas-excursion\/\",\"url\":\"https:\/\/www.toursbahia.com.br\/es\/loja\/excursiones\/observacion-de-ballenas-excursion\/\",\"name\":\"Observaci\u00f3n de Ballenas - Excursi\u00f3n - Tours Bahia\",\"isPartOf\":{\"@id\":\"https:\/\/www.toursbahia.com.br\/#website\"},\"primaryImageOfPage\":{\"@id\":\"https:\/\/www.toursbahia.com.br\/es\/loja\/excursiones\/observacion-de-ballenas-excursion\/#primaryimage\"},\"datePublished\":\"2019-01-21T16:47:58+00:00\",\"dateModified\":\"2019-02-06T01:26:19+00:00\",\"breadcrumb\":{\"@id\":\"https:\/\/www.toursbahia.com.br\/es\/loja\/excursiones\/observacion-de-ballenas-excursion\/#breadcrumb\"},\"inLanguage\":\"es\",\"potentialAction\":[{\"@type\":\"ReadAction\",\"target\":[\"https:\/\/www.toursbahia.com.br\/es\/loja\/excursiones\/observacion-de-ballenas-excursion\/\"]}]},{\"@type\":\"BreadcrumbList\",\"@id\":\"https:\/\/www.toursbahia.com.br\/es\/loja\/excursiones\/observacion-de-ballenas-excursion\/#breadcrumb\",\"itemListElement\":[{\"@type\":\"ListItem\",\"position\":1,\"name\":\"In\u00edcio\",\"item\":\"https:\/\/www.toursbahia.com.br\/es\/\"},{\"@type\":\"ListItem\",\"position\":2,\"name\":\"Store\",\"item\":\"https:\/\/www.toursbahia.com.br\/es\/store-tours-bahia-internacional\/\"},{\"@type\":\"ListItem\",\"position\":3,\"name\":\"Observaci\u00f3n de Ballenas &#8211; Excursi\u00f3n\"}]}]}<\/script>\n<!-- \/ Yoast SEO plugin. -->","yoast_head_json":{"title":"Observaci\u00f3n de Ballenas - Excursi\u00f3n - Tours Bahia","robots":{"index":"index","follow":"follow","max-snippet":"max-snippet:-1","max-image-preview":"max-image-preview:large","max-video-preview":"max-video-preview:-1"},"canonical":"https:\/\/www.toursbahia.com.br\/es\/loja\/excursiones\/observacion-de-ballenas-excursion\/","og_locale":"es_ES","og_type":"article","og_title":"Observaci\u00f3n de Ballenas - Excursi\u00f3n - Tours Bahia","og_description":"Peque\u00f1a conferencia (30 \u2013 40 minutos) en el instituto \u201cBaleiaJubarte\u201d en Praia do Forte. Despu\u00e9s de la conferencia caminata de 10 a 15 minutos hasta la playa donde embarcaremos en una \u201cescuna\u201d (barco t\u00edpico) para observar estos inmensos mam\u00edferos, siempre acompa\u00f1ados de un gu\u00eda ambientalista.  Aunque la probabilidad de ver ballenas pase de los 90%, en caso de que no se consiga verlas, el valor pagado no ser\u00e1 devuelto \u2013 se ofrecer\u00e1 la posibilidad de salir nuevamente, siempre que haya lugares disponibles.","og_url":"https:\/\/www.toursbahia.com.br\/es\/loja\/excursiones\/observacion-de-ballenas-excursion\/","og_site_name":"Tours Bahia","article_publisher":"https:\/\/www.facebook.com\/toursbahiainternational","article_modified_time":"2019-02-06T01:26:19+00:00","og_image":[{"width":900,"height":550,"url":"https:\/\/www.toursbahia.com.br\/wp-content\/uploads\/2019\/01\/Observa\u00e7\u00e3o-de-Baleias-Foto-04.jpg","type":"image\/jpeg"}],"twitter_card":"summary_large_image","schema":{"@context":"https:\/\/schema.org","@graph":[{"@type":"WebSite","@id":"https:\/\/www.toursbahia.com.br\/#website","url":"https:\/\/www.toursbahia.com.br\/","name":"Tours Bahia","description":"","potentialAction":[{"@type":"SearchAction","target":{"@type":"EntryPoint","urlTemplate":"https:\/\/www.toursbahia.com.br\/?s={search_term_string}"},"query-input":"required name=search_term_string"}],"inLanguage":"es"},{"@type":"ImageObject","inLanguage":"es","@id":"https:\/\/www.toursbahia.com.br\/es\/loja\/excursiones\/observacion-de-ballenas-excursion\/#primaryimage","url":"https:\/\/www.toursbahia.com.br\/wp-content\/uploads\/2019\/01\/Observa\u00e7\u00e3o-de-Baleias-Foto-04.jpg","contentUrl":"https:\/\/www.toursbahia.com.br\/wp-content\/uploads\/2019\/01\/Observa\u00e7\u00e3o-de-Baleias-Foto-04.jpg","width":900,"height":550},{"@type":"WebPage","@id":"https:\/\/www.toursbahia.com.br\/es\/loja\/excursiones\/observacion-de-ballenas-excursion\/","url":"https:\/\/www.toursbahia.com.br\/es\/loja\/excursiones\/observacion-de-ballenas-excursion\/","name":"Observaci\u00f3n de Ballenas - Excursi\u00f3n - Tours Bahia","isPartOf":{"@id":"https:\/\/www.toursbahia.com.br\/#website"},"primaryImageOfPage":{"@id":"https:\/\/www.toursbahia.com.br\/es\/loja\/excursiones\/observacion-de-ballenas-excursion\/#primaryimage"},"datePublished":"2019-01-21T16:47:58+00:00","dateModified":"2019-02-06T01:26:19+00:00","breadcrumb":{"@id":"https:\/\/www.toursbahia.com.br\/es\/loja\/excursiones\/observacion-de-ballenas-excursion\/#breadcrumb"},"inLanguage":"es","potentialAction":[{"@type":"ReadAction","target":["https:\/\/www.toursbahia.com.br\/es\/loja\/excursiones\/observacion-de-ballenas-excursion\/"]}]},{"@type":"BreadcrumbList","@id":"https:\/\/www.toursbahia.com.br\/es\/loja\/excursiones\/observacion-de-ballenas-excursion\/#breadcrumb","itemListElement":[{"@type":"ListItem","position":1,"name":"In\u00edcio","item":"https:\/\/www.toursbahia.com.br\/es\/"},{"@type":"ListItem","position":2,"name":"Store","item":"https:\/\/www.toursbahia.com.br\/es\/store-tours-bahia-internacional\/"},{"@type":"ListItem","position":3,"name":"Observaci\u00f3n de Ballenas &#8211; Excursi\u00f3n"}]}]}},"_links":{"self":[{"href":"https:\/\/www.toursbahia.com.br\/es\/wp-json\/wp\/v2\/product\/3514"}],"collection":[{"href":"https:\/\/www.toursbahia.com.br\/es\/wp-json\/wp\/v2\/product"}],"about":[{"href":"https:\/\/www.toursbahia.com.br\/es\/wp-json\/wp\/v2\/types\/product"}],"replies":[{"embeddable":true,"href":"https:\/\/www.toursbahia.com.br\/es\/wp-json\/wp\/v2\/comments?post=3514"}],"wp:featuredmedia":[{"embeddable":true,"href":"https:\/\/www.toursbahia.com.br\/es\/wp-json\/wp\/v2\/media\/2975"}],"wp:attachment":[{"href":"https:\/\/www.toursbahia.com.br\/es\/wp-json\/wp\/v2\/media?parent=3514"}],"wp:term":[{"taxonomy":"product_cat","embeddable":true,"href":"https:\/\/www.toursbahia.com.br\/es\/wp-json\/wp\/v2\/product_cat?post=3514"},{"taxonomy":"product_tag","embeddable":true,"href":"https:\/\/www.toursbahia.com.br\/es\/wp-json\/wp\/v2\/product_tag?post=3514"}],"curies":[{"name":"wp","href":"https:\/\/api.w.org\/{rel}","templated":true}]}}