{"id":3517,"date":"2019-01-21T14:46:06","date_gmt":"2019-01-21T16:46:06","guid":{"rendered":"https:\/\/www.toursbahia.com.br\/\/produto\/sincategorizar\/jeep-tour-praias-castelo-e-floresta-passeio\/"},"modified":"2019-02-05T23:28:59","modified_gmt":"2019-02-06T01:28:59","slug":"jeep-tour-playas-castillo-y-bosque-excursion","status":"publish","type":"product","link":"https:\/\/www.toursbahia.com.br\/es\/loja\/excursiones\/jeep-tour-playas-castillo-y-bosque-excursion\/","title":{"rendered":"Jeep Tour \u2013 Playas \/ Castillo y bosque &#8211; Excursi\u00f3n"},"content":{"rendered":"","protected":false},"excerpt":{"rendered":"<p>Playas Norte \u2013 Excursi\u00f3n en jeep, que sale de Praia do Forte, con una primera parada para darse un ba\u00f1o en las playas de Imbassa\u00ed (1 hora) y Santo Ant\u00f4nio (1 hora).<\/p>\n<p>A la vuelta parada para almuerzo (opcional, no incluido en el precio) en el restaurante Sombra da Mangueira (1hora y 30 minutos) localizado en un peque\u00f1o pueblecito llamado Diogo.<\/p>\n<p>Duraci\u00f3n media: de 3 a 4 horas<\/p>\n","protected":false},"featured_media":2875,"comment_status":"open","ping_status":"closed","template":"","meta":[],"product_cat":[778,779,806,803],"product_tag":[],"yoast_head":"<!-- This site is optimized with the Yoast SEO plugin v19.3 - https:\/\/yoast.com\/wordpress\/plugins\/seo\/ -->\n<title>Jeep Tour \u2013 Playas \/ Castillo y bosque - Excursi\u00f3n - Tours Bahia<\/title>\n<meta name=\"robots\" content=\"index, follow, max-snippet:-1, max-image-preview:large, max-video-preview:-1\" \/>\n<link rel=\"canonical\" href=\"https:\/\/www.toursbahia.com.br\/es\/loja\/excursiones\/jeep-tour-playas-castillo-y-bosque-excursion\/\" \/>\n<meta property=\"og:locale\" content=\"es_ES\" \/>\n<meta property=\"og:type\" content=\"article\" \/>\n<meta property=\"og:title\" content=\"Jeep Tour \u2013 Playas \/ Castillo y bosque - Excursi\u00f3n - Tours Bahia\" \/>\n<meta property=\"og:description\" content=\"Playas Norte \u2013 Excursi\u00f3n en jeep, que sale de Praia do Forte, con una primera parada para darse un ba\u00f1o en las playas de Imbassa\u00ed (1 hora) y Santo Ant\u00f4nio (1 hora).  A la vuelta parada para almuerzo (opcional, no incluido en el precio) en el restaurante Sombra da Mangueira (1hora y 30 minutos) localizado en un peque\u00f1o pueblecito llamado Diogo.  Duraci\u00f3n media: de 3 a 4 horas\" \/>\n<meta property=\"og:url\" content=\"https:\/\/www.toursbahia.com.br\/es\/loja\/excursiones\/jeep-tour-playas-castillo-y-bosque-excursion\/\" \/>\n<meta property=\"og:site_name\" content=\"Tours Bahia\" \/>\n<meta property=\"article:publisher\" content=\"https:\/\/www.facebook.com\/toursbahiainternational\" \/>\n<meta property=\"article:modified_time\" content=\"2019-02-06T01:28:59+00:00\" \/>\n<meta property=\"og:image\" content=\"https:\/\/www.toursbahia.com.br\/wp-content\/uploads\/2019\/01\/Jeep-Tour-\u2013-Praias-Castelo-e-Floresta-Foto-04.jpg\" \/>\n\t<meta property=\"og:image:width\" content=\"900\" \/>\n\t<meta property=\"og:image:height\" content=\"550\" \/>\n\t<meta property=\"og:image:type\" content=\"image\/jpeg\" \/>\n<meta name=\"twitter:card\" content=\"summary_large_image\" \/>\n<script type=\"application\/ld+json\" class=\"yoast-schema-graph\">{\"@context\":\"https:\/\/schema.org\",\"@graph\":[{\"@type\":\"WebSite\",\"@id\":\"https:\/\/www.toursbahia.com.br\/#website\",\"url\":\"https:\/\/www.toursbahia.com.br\/\",\"name\":\"Tours Bahia\",\"description\":\"\",\"potentialAction\":[{\"@type\":\"SearchAction\",\"target\":{\"@type\":\"EntryPoint\",\"urlTemplate\":\"https:\/\/www.toursbahia.com.br\/?s={search_term_string}\"},\"query-input\":\"required name=search_term_string\"}],\"inLanguage\":\"es\"},{\"@type\":\"ImageObject\",\"inLanguage\":\"es\",\"@id\":\"https:\/\/www.toursbahia.com.br\/es\/loja\/excursiones\/jeep-tour-playas-castillo-y-bosque-excursion\/#primaryimage\",\"url\":\"https:\/\/www.toursbahia.com.br\/wp-content\/uploads\/2019\/01\/Jeep-Tour-\u2013-Praias-Castelo-e-Floresta-Foto-04.jpg\",\"contentUrl\":\"https:\/\/www.toursbahia.com.br\/wp-content\/uploads\/2019\/01\/Jeep-Tour-\u2013-Praias-Castelo-e-Floresta-Foto-04.jpg\",\"width\":900,\"height\":550},{\"@type\":\"WebPage\",\"@id\":\"https:\/\/www.toursbahia.com.br\/es\/loja\/excursiones\/jeep-tour-playas-castillo-y-bosque-excursion\/\",\"url\":\"https:\/\/www.toursbahia.com.br\/es\/loja\/excursiones\/jeep-tour-playas-castillo-y-bosque-excursion\/\",\"name\":\"Jeep Tour \u2013 Playas \/ Castillo y bosque - Excursi\u00f3n - Tours Bahia\",\"isPartOf\":{\"@id\":\"https:\/\/www.toursbahia.com.br\/#website\"},\"primaryImageOfPage\":{\"@id\":\"https:\/\/www.toursbahia.com.br\/es\/loja\/excursiones\/jeep-tour-playas-castillo-y-bosque-excursion\/#primaryimage\"},\"datePublished\":\"2019-01-21T16:46:06+00:00\",\"dateModified\":\"2019-02-06T01:28:59+00:00\",\"breadcrumb\":{\"@id\":\"https:\/\/www.toursbahia.com.br\/es\/loja\/excursiones\/jeep-tour-playas-castillo-y-bosque-excursion\/#breadcrumb\"},\"inLanguage\":\"es\",\"potentialAction\":[{\"@type\":\"ReadAction\",\"target\":[\"https:\/\/www.toursbahia.com.br\/es\/loja\/excursiones\/jeep-tour-playas-castillo-y-bosque-excursion\/\"]}]},{\"@type\":\"BreadcrumbList\",\"@id\":\"https:\/\/www.toursbahia.com.br\/es\/loja\/excursiones\/jeep-tour-playas-castillo-y-bosque-excursion\/#breadcrumb\",\"itemListElement\":[{\"@type\":\"ListItem\",\"position\":1,\"name\":\"In\u00edcio\",\"item\":\"https:\/\/www.toursbahia.com.br\/es\/\"},{\"@type\":\"ListItem\",\"position\":2,\"name\":\"Store\",\"item\":\"https:\/\/www.toursbahia.com.br\/es\/store-tours-bahia-internacional\/\"},{\"@type\":\"ListItem\",\"position\":3,\"name\":\"Jeep Tour \u2013 Playas \/ Castillo y bosque &#8211; Excursi\u00f3n\"}]}]}<\/script>\n<!-- \/ Yoast SEO plugin. -->","yoast_head_json":{"title":"Jeep Tour \u2013 Playas \/ Castillo y bosque - Excursi\u00f3n - Tours Bahia","robots":{"index":"index","follow":"follow","max-snippet":"max-snippet:-1","max-image-preview":"max-image-preview:large","max-video-preview":"max-video-preview:-1"},"canonical":"https:\/\/www.toursbahia.com.br\/es\/loja\/excursiones\/jeep-tour-playas-castillo-y-bosque-excursion\/","og_locale":"es_ES","og_type":"article","og_title":"Jeep Tour \u2013 Playas \/ Castillo y bosque - Excursi\u00f3n - Tours Bahia","og_description":"Playas Norte \u2013 Excursi\u00f3n en jeep, que sale de Praia do Forte, con una primera parada para darse un ba\u00f1o en las playas de Imbassa\u00ed (1 hora) y Santo Ant\u00f4nio (1 hora).  A la vuelta parada para almuerzo (opcional, no incluido en el precio) en el restaurante Sombra da Mangueira (1hora y 30 minutos) localizado en un peque\u00f1o pueblecito llamado Diogo.  Duraci\u00f3n media: de 3 a 4 horas","og_url":"https:\/\/www.toursbahia.com.br\/es\/loja\/excursiones\/jeep-tour-playas-castillo-y-bosque-excursion\/","og_site_name":"Tours Bahia","article_publisher":"https:\/\/www.facebook.com\/toursbahiainternational","article_modified_time":"2019-02-06T01:28:59+00:00","og_image":[{"width":900,"height":550,"url":"https:\/\/www.toursbahia.com.br\/wp-content\/uploads\/2019\/01\/Jeep-Tour-\u2013-Praias-Castelo-e-Floresta-Foto-04.jpg","type":"image\/jpeg"}],"twitter_card":"summary_large_image","schema":{"@context":"https:\/\/schema.org","@graph":[{"@type":"WebSite","@id":"https:\/\/www.toursbahia.com.br\/#website","url":"https:\/\/www.toursbahia.com.br\/","name":"Tours Bahia","description":"","potentialAction":[{"@type":"SearchAction","target":{"@type":"EntryPoint","urlTemplate":"https:\/\/www.toursbahia.com.br\/?s={search_term_string}"},"query-input":"required name=search_term_string"}],"inLanguage":"es"},{"@type":"ImageObject","inLanguage":"es","@id":"https:\/\/www.toursbahia.com.br\/es\/loja\/excursiones\/jeep-tour-playas-castillo-y-bosque-excursion\/#primaryimage","url":"https:\/\/www.toursbahia.com.br\/wp-content\/uploads\/2019\/01\/Jeep-Tour-\u2013-Praias-Castelo-e-Floresta-Foto-04.jpg","contentUrl":"https:\/\/www.toursbahia.com.br\/wp-content\/uploads\/2019\/01\/Jeep-Tour-\u2013-Praias-Castelo-e-Floresta-Foto-04.jpg","width":900,"height":550},{"@type":"WebPage","@id":"https:\/\/www.toursbahia.com.br\/es\/loja\/excursiones\/jeep-tour-playas-castillo-y-bosque-excursion\/","url":"https:\/\/www.toursbahia.com.br\/es\/loja\/excursiones\/jeep-tour-playas-castillo-y-bosque-excursion\/","name":"Jeep Tour \u2013 Playas \/ Castillo y bosque - Excursi\u00f3n - Tours Bahia","isPartOf":{"@id":"https:\/\/www.toursbahia.com.br\/#website"},"primaryImageOfPage":{"@id":"https:\/\/www.toursbahia.com.br\/es\/loja\/excursiones\/jeep-tour-playas-castillo-y-bosque-excursion\/#primaryimage"},"datePublished":"2019-01-21T16:46:06+00:00","dateModified":"2019-02-06T01:28:59+00:00","breadcrumb":{"@id":"https:\/\/www.toursbahia.com.br\/es\/loja\/excursiones\/jeep-tour-playas-castillo-y-bosque-excursion\/#breadcrumb"},"inLanguage":"es","potentialAction":[{"@type":"ReadAction","target":["https:\/\/www.toursbahia.com.br\/es\/loja\/excursiones\/jeep-tour-playas-castillo-y-bosque-excursion\/"]}]},{"@type":"BreadcrumbList","@id":"https:\/\/www.toursbahia.com.br\/es\/loja\/excursiones\/jeep-tour-playas-castillo-y-bosque-excursion\/#breadcrumb","itemListElement":[{"@type":"ListItem","position":1,"name":"In\u00edcio","item":"https:\/\/www.toursbahia.com.br\/es\/"},{"@type":"ListItem","position":2,"name":"Store","item":"https:\/\/www.toursbahia.com.br\/es\/store-tours-bahia-internacional\/"},{"@type":"ListItem","position":3,"name":"Jeep Tour \u2013 Playas \/ Castillo y bosque &#8211; Excursi\u00f3n"}]}]}},"_links":{"self":[{"href":"https:\/\/www.toursbahia.com.br\/es\/wp-json\/wp\/v2\/product\/3517"}],"collection":[{"href":"https:\/\/www.toursbahia.com.br\/es\/wp-json\/wp\/v2\/product"}],"about":[{"href":"https:\/\/www.toursbahia.com.br\/es\/wp-json\/wp\/v2\/types\/product"}],"replies":[{"embeddable":true,"href":"https:\/\/www.toursbahia.com.br\/es\/wp-json\/wp\/v2\/comments?post=3517"}],"wp:featuredmedia":[{"embeddable":true,"href":"https:\/\/www.toursbahia.com.br\/es\/wp-json\/wp\/v2\/media\/2875"}],"wp:attachment":[{"href":"https:\/\/www.toursbahia.com.br\/es\/wp-json\/wp\/v2\/media?parent=3517"}],"wp:term":[{"taxonomy":"product_cat","embeddable":true,"href":"https:\/\/www.toursbahia.com.br\/es\/wp-json\/wp\/v2\/product_cat?post=3517"},{"taxonomy":"product_tag","embeddable":true,"href":"https:\/\/www.toursbahia.com.br\/es\/wp-json\/wp\/v2\/product_tag?post=3517"}],"curies":[{"name":"wp","href":"https:\/\/api.w.org\/{rel}","templated":true}]}}