{"id":3520,"date":"2019-01-21T14:43:57","date_gmt":"2019-01-21T16:43:57","guid":{"rendered":"https:\/\/www.toursbahia.com.br\/\/produto\/sincategorizar\/expedicao-timeantube-passeio\/"},"modified":"2019-02-05T23:32:11","modified_gmt":"2019-02-06T01:32:11","slug":"expedicion-timeantube-excursion","status":"publish","type":"product","link":"https:\/\/www.toursbahia.com.br\/es\/loja\/excursiones\/expedicion-timeantube-excursion\/","title":{"rendered":"Expedici\u00f3n Timeantube &#8211; Excursi\u00f3n"},"content":{"rendered":"","protected":false},"excerpt":{"rendered":"<p>Embarque en canoas tipo canadiense con capacidad para 3 personas cada una (todos los participantes deben remar).<\/p>\n<p>Acompa\u00f1ados del monitor, se recorre el lago Timeantube (lago de aguas negras), durante aproximadamente 30 minutos rodeando sus peque\u00f1as islas, con su vegetaci\u00f3n acu\u00e1tica y observando su enorme variedad de p\u00e1jaros entre los que se destacan el \u201cbem-te-vi\u201d, b\u00fahos, \u201cja\u00e7an\u00e2\u201d, colibr\u00ed, \u201cpapagaio do mangue\u201d, mart\u00edn pescador\u2026.<\/p>\n<p>Se realiza una parada en la Isla do Dend\u00ea donde realizaremos una caminata de entre 10 a 15 minutos para observar la flora de la regi\u00f3n.<\/p>\n","protected":false},"featured_media":2881,"comment_status":"open","ping_status":"closed","template":"","meta":[],"product_cat":[778,779,805,803],"product_tag":[],"yoast_head":"<!-- This site is optimized with the Yoast SEO plugin v19.3 - https:\/\/yoast.com\/wordpress\/plugins\/seo\/ -->\n<title>Expedici\u00f3n Timeantube - Excursi\u00f3n - Tours Bahia<\/title>\n<meta name=\"robots\" content=\"index, follow, max-snippet:-1, max-image-preview:large, max-video-preview:-1\" \/>\n<link rel=\"canonical\" href=\"https:\/\/www.toursbahia.com.br\/es\/loja\/excursiones\/expedicion-timeantube-excursion\/\" \/>\n<meta property=\"og:locale\" content=\"es_ES\" \/>\n<meta property=\"og:type\" content=\"article\" \/>\n<meta property=\"og:title\" content=\"Expedici\u00f3n Timeantube - Excursi\u00f3n - Tours Bahia\" \/>\n<meta property=\"og:description\" content=\"Embarque en canoas tipo canadiense con capacidad para 3 personas cada una (todos los participantes deben remar).  Acompa\u00f1ados del monitor, se recorre el lago Timeantube (lago de aguas negras), durante aproximadamente 30 minutos rodeando sus peque\u00f1as islas, con su vegetaci\u00f3n acu\u00e1tica y observando su enorme variedad de p\u00e1jaros entre los que se destacan el \u201cbem-te-vi\u201d, b\u00fahos, \u201cja\u00e7an\u00e2\u201d, colibr\u00ed, \u201cpapagaio do mangue\u201d, mart\u00edn pescador\u2026.  Se realiza una parada en la Isla do Dend\u00ea donde realizaremos una caminata de entre 10 a 15 minutos para observar la flora de la regi\u00f3n.\" \/>\n<meta property=\"og:url\" content=\"https:\/\/www.toursbahia.com.br\/es\/loja\/excursiones\/expedicion-timeantube-excursion\/\" \/>\n<meta property=\"og:site_name\" content=\"Tours Bahia\" \/>\n<meta property=\"article:publisher\" content=\"https:\/\/www.facebook.com\/toursbahiainternational\" \/>\n<meta property=\"article:modified_time\" content=\"2019-02-06T01:32:11+00:00\" \/>\n<meta property=\"og:image\" content=\"https:\/\/www.toursbahia.com.br\/wp-content\/uploads\/2019\/01\/Expedi\u00e7\u00e3o-Timeantube-Foto-04.jpg\" \/>\n\t<meta property=\"og:image:width\" content=\"900\" \/>\n\t<meta property=\"og:image:height\" content=\"550\" \/>\n\t<meta property=\"og:image:type\" content=\"image\/jpeg\" \/>\n<meta name=\"twitter:card\" content=\"summary_large_image\" \/>\n<script type=\"application\/ld+json\" class=\"yoast-schema-graph\">{\"@context\":\"https:\/\/schema.org\",\"@graph\":[{\"@type\":\"WebSite\",\"@id\":\"https:\/\/www.toursbahia.com.br\/#website\",\"url\":\"https:\/\/www.toursbahia.com.br\/\",\"name\":\"Tours Bahia\",\"description\":\"\",\"potentialAction\":[{\"@type\":\"SearchAction\",\"target\":{\"@type\":\"EntryPoint\",\"urlTemplate\":\"https:\/\/www.toursbahia.com.br\/?s={search_term_string}\"},\"query-input\":\"required name=search_term_string\"}],\"inLanguage\":\"es\"},{\"@type\":\"ImageObject\",\"inLanguage\":\"es\",\"@id\":\"https:\/\/www.toursbahia.com.br\/es\/loja\/excursiones\/expedicion-timeantube-excursion\/#primaryimage\",\"url\":\"https:\/\/www.toursbahia.com.br\/wp-content\/uploads\/2019\/01\/Expedi\u00e7\u00e3o-Timeantube-Foto-04.jpg\",\"contentUrl\":\"https:\/\/www.toursbahia.com.br\/wp-content\/uploads\/2019\/01\/Expedi\u00e7\u00e3o-Timeantube-Foto-04.jpg\",\"width\":900,\"height\":550},{\"@type\":\"WebPage\",\"@id\":\"https:\/\/www.toursbahia.com.br\/es\/loja\/excursiones\/expedicion-timeantube-excursion\/\",\"url\":\"https:\/\/www.toursbahia.com.br\/es\/loja\/excursiones\/expedicion-timeantube-excursion\/\",\"name\":\"Expedici\u00f3n Timeantube - Excursi\u00f3n - Tours Bahia\",\"isPartOf\":{\"@id\":\"https:\/\/www.toursbahia.com.br\/#website\"},\"primaryImageOfPage\":{\"@id\":\"https:\/\/www.toursbahia.com.br\/es\/loja\/excursiones\/expedicion-timeantube-excursion\/#primaryimage\"},\"datePublished\":\"2019-01-21T16:43:57+00:00\",\"dateModified\":\"2019-02-06T01:32:11+00:00\",\"breadcrumb\":{\"@id\":\"https:\/\/www.toursbahia.com.br\/es\/loja\/excursiones\/expedicion-timeantube-excursion\/#breadcrumb\"},\"inLanguage\":\"es\",\"potentialAction\":[{\"@type\":\"ReadAction\",\"target\":[\"https:\/\/www.toursbahia.com.br\/es\/loja\/excursiones\/expedicion-timeantube-excursion\/\"]}]},{\"@type\":\"BreadcrumbList\",\"@id\":\"https:\/\/www.toursbahia.com.br\/es\/loja\/excursiones\/expedicion-timeantube-excursion\/#breadcrumb\",\"itemListElement\":[{\"@type\":\"ListItem\",\"position\":1,\"name\":\"In\u00edcio\",\"item\":\"https:\/\/www.toursbahia.com.br\/es\/\"},{\"@type\":\"ListItem\",\"position\":2,\"name\":\"Store\",\"item\":\"https:\/\/www.toursbahia.com.br\/es\/store-tours-bahia-internacional\/\"},{\"@type\":\"ListItem\",\"position\":3,\"name\":\"Expedici\u00f3n Timeantube &#8211; Excursi\u00f3n\"}]}]}<\/script>\n<!-- \/ Yoast SEO plugin. -->","yoast_head_json":{"title":"Expedici\u00f3n Timeantube - Excursi\u00f3n - Tours Bahia","robots":{"index":"index","follow":"follow","max-snippet":"max-snippet:-1","max-image-preview":"max-image-preview:large","max-video-preview":"max-video-preview:-1"},"canonical":"https:\/\/www.toursbahia.com.br\/es\/loja\/excursiones\/expedicion-timeantube-excursion\/","og_locale":"es_ES","og_type":"article","og_title":"Expedici\u00f3n Timeantube - Excursi\u00f3n - Tours Bahia","og_description":"Embarque en canoas tipo canadiense con capacidad para 3 personas cada una (todos los participantes deben remar).  Acompa\u00f1ados del monitor, se recorre el lago Timeantube (lago de aguas negras), durante aproximadamente 30 minutos rodeando sus peque\u00f1as islas, con su vegetaci\u00f3n acu\u00e1tica y observando su enorme variedad de p\u00e1jaros entre los que se destacan el \u201cbem-te-vi\u201d, b\u00fahos, \u201cja\u00e7an\u00e2\u201d, colibr\u00ed, \u201cpapagaio do mangue\u201d, mart\u00edn pescador\u2026.  Se realiza una parada en la Isla do Dend\u00ea donde realizaremos una caminata de entre 10 a 15 minutos para observar la flora de la regi\u00f3n.","og_url":"https:\/\/www.toursbahia.com.br\/es\/loja\/excursiones\/expedicion-timeantube-excursion\/","og_site_name":"Tours Bahia","article_publisher":"https:\/\/www.facebook.com\/toursbahiainternational","article_modified_time":"2019-02-06T01:32:11+00:00","og_image":[{"width":900,"height":550,"url":"https:\/\/www.toursbahia.com.br\/wp-content\/uploads\/2019\/01\/Expedi\u00e7\u00e3o-Timeantube-Foto-04.jpg","type":"image\/jpeg"}],"twitter_card":"summary_large_image","schema":{"@context":"https:\/\/schema.org","@graph":[{"@type":"WebSite","@id":"https:\/\/www.toursbahia.com.br\/#website","url":"https:\/\/www.toursbahia.com.br\/","name":"Tours Bahia","description":"","potentialAction":[{"@type":"SearchAction","target":{"@type":"EntryPoint","urlTemplate":"https:\/\/www.toursbahia.com.br\/?s={search_term_string}"},"query-input":"required name=search_term_string"}],"inLanguage":"es"},{"@type":"ImageObject","inLanguage":"es","@id":"https:\/\/www.toursbahia.com.br\/es\/loja\/excursiones\/expedicion-timeantube-excursion\/#primaryimage","url":"https:\/\/www.toursbahia.com.br\/wp-content\/uploads\/2019\/01\/Expedi\u00e7\u00e3o-Timeantube-Foto-04.jpg","contentUrl":"https:\/\/www.toursbahia.com.br\/wp-content\/uploads\/2019\/01\/Expedi\u00e7\u00e3o-Timeantube-Foto-04.jpg","width":900,"height":550},{"@type":"WebPage","@id":"https:\/\/www.toursbahia.com.br\/es\/loja\/excursiones\/expedicion-timeantube-excursion\/","url":"https:\/\/www.toursbahia.com.br\/es\/loja\/excursiones\/expedicion-timeantube-excursion\/","name":"Expedici\u00f3n Timeantube - Excursi\u00f3n - Tours Bahia","isPartOf":{"@id":"https:\/\/www.toursbahia.com.br\/#website"},"primaryImageOfPage":{"@id":"https:\/\/www.toursbahia.com.br\/es\/loja\/excursiones\/expedicion-timeantube-excursion\/#primaryimage"},"datePublished":"2019-01-21T16:43:57+00:00","dateModified":"2019-02-06T01:32:11+00:00","breadcrumb":{"@id":"https:\/\/www.toursbahia.com.br\/es\/loja\/excursiones\/expedicion-timeantube-excursion\/#breadcrumb"},"inLanguage":"es","potentialAction":[{"@type":"ReadAction","target":["https:\/\/www.toursbahia.com.br\/es\/loja\/excursiones\/expedicion-timeantube-excursion\/"]}]},{"@type":"BreadcrumbList","@id":"https:\/\/www.toursbahia.com.br\/es\/loja\/excursiones\/expedicion-timeantube-excursion\/#breadcrumb","itemListElement":[{"@type":"ListItem","position":1,"name":"In\u00edcio","item":"https:\/\/www.toursbahia.com.br\/es\/"},{"@type":"ListItem","position":2,"name":"Store","item":"https:\/\/www.toursbahia.com.br\/es\/store-tours-bahia-internacional\/"},{"@type":"ListItem","position":3,"name":"Expedici\u00f3n Timeantube &#8211; Excursi\u00f3n"}]}]}},"_links":{"self":[{"href":"https:\/\/www.toursbahia.com.br\/es\/wp-json\/wp\/v2\/product\/3520"}],"collection":[{"href":"https:\/\/www.toursbahia.com.br\/es\/wp-json\/wp\/v2\/product"}],"about":[{"href":"https:\/\/www.toursbahia.com.br\/es\/wp-json\/wp\/v2\/types\/product"}],"replies":[{"embeddable":true,"href":"https:\/\/www.toursbahia.com.br\/es\/wp-json\/wp\/v2\/comments?post=3520"}],"wp:featuredmedia":[{"embeddable":true,"href":"https:\/\/www.toursbahia.com.br\/es\/wp-json\/wp\/v2\/media\/2881"}],"wp:attachment":[{"href":"https:\/\/www.toursbahia.com.br\/es\/wp-json\/wp\/v2\/media?parent=3520"}],"wp:term":[{"taxonomy":"product_cat","embeddable":true,"href":"https:\/\/www.toursbahia.com.br\/es\/wp-json\/wp\/v2\/product_cat?post=3520"},{"taxonomy":"product_tag","embeddable":true,"href":"https:\/\/www.toursbahia.com.br\/es\/wp-json\/wp\/v2\/product_tag?post=3520"}],"curies":[{"name":"wp","href":"https:\/\/api.w.org\/{rel}","templated":true}]}}