{"id":3526,"date":"2019-01-21T14:39:57","date_gmt":"2019-01-21T16:39:57","guid":{"rendered":"https:\/\/www.toursbahia.com.br\/\/produto\/sincategorizar\/passeio-de-lancha-com-banana-boat-e-mergulho-passeio\/"},"modified":"2019-02-05T23:38:22","modified_gmt":"2019-02-06T01:38:22","slug":"excursion-en-lancha-con-banana-boat-y-buceo-excursion","status":"publish","type":"product","link":"https:\/\/www.toursbahia.com.br\/es\/loja\/excursiones\/excursion-en-lancha-con-banana-boat-y-buceo-excursion\/","title":{"rendered":"Excursi\u00f3n en lancha con Banana Boat y buceo &#8211; Excursi\u00f3n"},"content":{"rendered":"","protected":false},"excerpt":{"rendered":"<p>Paseo en lancha que tirar\u00e1 del Banana boat recorriendo el litoral entre Praia do Forte e Itacimirim, veremos el encuentro del r\u00edo Pojuca con el mar, y continuaremos hasta la \u201cPraia da Espera\u201d en Itacimirim, adonde lleg\u00f3 el navegador brasile\u00f1o Amir Klynkdespu\u00e9s de haber cruzado el Oc\u00e9ano Atl\u00e1ntico. Despu\u00e9s, parada para un ba\u00f1o en las piscinas naturales de Itacimir\u00edm y buceo libre con snorkel (en caso de que la marea est\u00e9 baja). Regreso a Praia do Forte.<\/p>\n","protected":false},"featured_media":3527,"comment_status":"open","ping_status":"closed","template":"","meta":[],"product_cat":[778,779,810,803],"product_tag":[],"yoast_head":"<!-- This site is optimized with the Yoast SEO plugin v19.3 - https:\/\/yoast.com\/wordpress\/plugins\/seo\/ -->\n<title>Excursi\u00f3n en lancha con Banana Boat y buceo - Excursi\u00f3n - Tours Bahia<\/title>\n<meta name=\"robots\" content=\"index, follow, max-snippet:-1, max-image-preview:large, max-video-preview:-1\" \/>\n<link rel=\"canonical\" href=\"https:\/\/www.toursbahia.com.br\/es\/loja\/excursiones\/excursion-en-lancha-con-banana-boat-y-buceo-excursion\/\" \/>\n<meta property=\"og:locale\" content=\"es_ES\" \/>\n<meta property=\"og:type\" content=\"article\" \/>\n<meta property=\"og:title\" content=\"Excursi\u00f3n en lancha con Banana Boat y buceo - Excursi\u00f3n - Tours Bahia\" \/>\n<meta property=\"og:description\" content=\"Paseo en lancha que tirar\u00e1 del Banana boat recorriendo el litoral entre Praia do Forte e Itacimirim, veremos el encuentro del r\u00edo Pojuca con el mar, y continuaremos hasta la \u201cPraia da Espera\u201d en Itacimirim, adonde lleg\u00f3 el navegador brasile\u00f1o Amir Klynkdespu\u00e9s de haber cruzado el Oc\u00e9ano Atl\u00e1ntico. Despu\u00e9s, parada para un ba\u00f1o en las piscinas naturales de Itacimir\u00edm y buceo libre con snorkel (en caso de que la marea est\u00e9 baja). Regreso a Praia do Forte.\" \/>\n<meta property=\"og:url\" content=\"https:\/\/www.toursbahia.com.br\/es\/loja\/excursiones\/excursion-en-lancha-con-banana-boat-y-buceo-excursion\/\" \/>\n<meta property=\"og:site_name\" content=\"Tours Bahia\" \/>\n<meta property=\"article:publisher\" content=\"https:\/\/www.facebook.com\/toursbahiainternational\" \/>\n<meta property=\"article:modified_time\" content=\"2019-02-06T01:38:22+00:00\" \/>\n<meta property=\"og:image\" content=\"https:\/\/www.toursbahia.com.br\/wp-content\/uploads\/2018\/12\/Passeio-de-Lancha-com-Banana-Boat-e-Mergulho-Foto-05.jpg\" \/>\n\t<meta property=\"og:image:width\" content=\"900\" \/>\n\t<meta property=\"og:image:height\" content=\"550\" \/>\n\t<meta property=\"og:image:type\" content=\"image\/jpeg\" \/>\n<meta name=\"twitter:card\" content=\"summary_large_image\" \/>\n<script type=\"application\/ld+json\" class=\"yoast-schema-graph\">{\"@context\":\"https:\/\/schema.org\",\"@graph\":[{\"@type\":\"WebSite\",\"@id\":\"https:\/\/www.toursbahia.com.br\/#website\",\"url\":\"https:\/\/www.toursbahia.com.br\/\",\"name\":\"Tours Bahia\",\"description\":\"\",\"potentialAction\":[{\"@type\":\"SearchAction\",\"target\":{\"@type\":\"EntryPoint\",\"urlTemplate\":\"https:\/\/www.toursbahia.com.br\/?s={search_term_string}\"},\"query-input\":\"required name=search_term_string\"}],\"inLanguage\":\"es\"},{\"@type\":\"ImageObject\",\"inLanguage\":\"es\",\"@id\":\"https:\/\/www.toursbahia.com.br\/es\/loja\/excursiones\/excursion-en-lancha-con-banana-boat-y-buceo-excursion\/#primaryimage\",\"url\":\"https:\/\/www.toursbahia.com.br\/wp-content\/uploads\/2018\/12\/Passeio-de-Lancha-com-Banana-Boat-e-Mergulho-Foto-05.jpg\",\"contentUrl\":\"https:\/\/www.toursbahia.com.br\/wp-content\/uploads\/2018\/12\/Passeio-de-Lancha-com-Banana-Boat-e-Mergulho-Foto-05.jpg\",\"width\":900,\"height\":550},{\"@type\":\"WebPage\",\"@id\":\"https:\/\/www.toursbahia.com.br\/es\/loja\/excursiones\/excursion-en-lancha-con-banana-boat-y-buceo-excursion\/\",\"url\":\"https:\/\/www.toursbahia.com.br\/es\/loja\/excursiones\/excursion-en-lancha-con-banana-boat-y-buceo-excursion\/\",\"name\":\"Excursi\u00f3n en lancha con Banana Boat y buceo - Excursi\u00f3n - Tours Bahia\",\"isPartOf\":{\"@id\":\"https:\/\/www.toursbahia.com.br\/#website\"},\"primaryImageOfPage\":{\"@id\":\"https:\/\/www.toursbahia.com.br\/es\/loja\/excursiones\/excursion-en-lancha-con-banana-boat-y-buceo-excursion\/#primaryimage\"},\"datePublished\":\"2019-01-21T16:39:57+00:00\",\"dateModified\":\"2019-02-06T01:38:22+00:00\",\"breadcrumb\":{\"@id\":\"https:\/\/www.toursbahia.com.br\/es\/loja\/excursiones\/excursion-en-lancha-con-banana-boat-y-buceo-excursion\/#breadcrumb\"},\"inLanguage\":\"es\",\"potentialAction\":[{\"@type\":\"ReadAction\",\"target\":[\"https:\/\/www.toursbahia.com.br\/es\/loja\/excursiones\/excursion-en-lancha-con-banana-boat-y-buceo-excursion\/\"]}]},{\"@type\":\"BreadcrumbList\",\"@id\":\"https:\/\/www.toursbahia.com.br\/es\/loja\/excursiones\/excursion-en-lancha-con-banana-boat-y-buceo-excursion\/#breadcrumb\",\"itemListElement\":[{\"@type\":\"ListItem\",\"position\":1,\"name\":\"In\u00edcio\",\"item\":\"https:\/\/www.toursbahia.com.br\/es\/\"},{\"@type\":\"ListItem\",\"position\":2,\"name\":\"Store\",\"item\":\"https:\/\/www.toursbahia.com.br\/es\/store-tours-bahia-internacional\/\"},{\"@type\":\"ListItem\",\"position\":3,\"name\":\"Excursi\u00f3n en lancha con Banana Boat y buceo &#8211; Excursi\u00f3n\"}]}]}<\/script>\n<!-- \/ Yoast SEO plugin. -->","yoast_head_json":{"title":"Excursi\u00f3n en lancha con Banana Boat y buceo - Excursi\u00f3n - Tours Bahia","robots":{"index":"index","follow":"follow","max-snippet":"max-snippet:-1","max-image-preview":"max-image-preview:large","max-video-preview":"max-video-preview:-1"},"canonical":"https:\/\/www.toursbahia.com.br\/es\/loja\/excursiones\/excursion-en-lancha-con-banana-boat-y-buceo-excursion\/","og_locale":"es_ES","og_type":"article","og_title":"Excursi\u00f3n en lancha con Banana Boat y buceo - Excursi\u00f3n - Tours Bahia","og_description":"Paseo en lancha que tirar\u00e1 del Banana boat recorriendo el litoral entre Praia do Forte e Itacimirim, veremos el encuentro del r\u00edo Pojuca con el mar, y continuaremos hasta la \u201cPraia da Espera\u201d en Itacimirim, adonde lleg\u00f3 el navegador brasile\u00f1o Amir Klynkdespu\u00e9s de haber cruzado el Oc\u00e9ano Atl\u00e1ntico. Despu\u00e9s, parada para un ba\u00f1o en las piscinas naturales de Itacimir\u00edm y buceo libre con snorkel (en caso de que la marea est\u00e9 baja). Regreso a Praia do Forte.","og_url":"https:\/\/www.toursbahia.com.br\/es\/loja\/excursiones\/excursion-en-lancha-con-banana-boat-y-buceo-excursion\/","og_site_name":"Tours Bahia","article_publisher":"https:\/\/www.facebook.com\/toursbahiainternational","article_modified_time":"2019-02-06T01:38:22+00:00","og_image":[{"width":900,"height":550,"url":"https:\/\/www.toursbahia.com.br\/wp-content\/uploads\/2018\/12\/Passeio-de-Lancha-com-Banana-Boat-e-Mergulho-Foto-05.jpg","type":"image\/jpeg"}],"twitter_card":"summary_large_image","schema":{"@context":"https:\/\/schema.org","@graph":[{"@type":"WebSite","@id":"https:\/\/www.toursbahia.com.br\/#website","url":"https:\/\/www.toursbahia.com.br\/","name":"Tours Bahia","description":"","potentialAction":[{"@type":"SearchAction","target":{"@type":"EntryPoint","urlTemplate":"https:\/\/www.toursbahia.com.br\/?s={search_term_string}"},"query-input":"required name=search_term_string"}],"inLanguage":"es"},{"@type":"ImageObject","inLanguage":"es","@id":"https:\/\/www.toursbahia.com.br\/es\/loja\/excursiones\/excursion-en-lancha-con-banana-boat-y-buceo-excursion\/#primaryimage","url":"https:\/\/www.toursbahia.com.br\/wp-content\/uploads\/2018\/12\/Passeio-de-Lancha-com-Banana-Boat-e-Mergulho-Foto-05.jpg","contentUrl":"https:\/\/www.toursbahia.com.br\/wp-content\/uploads\/2018\/12\/Passeio-de-Lancha-com-Banana-Boat-e-Mergulho-Foto-05.jpg","width":900,"height":550},{"@type":"WebPage","@id":"https:\/\/www.toursbahia.com.br\/es\/loja\/excursiones\/excursion-en-lancha-con-banana-boat-y-buceo-excursion\/","url":"https:\/\/www.toursbahia.com.br\/es\/loja\/excursiones\/excursion-en-lancha-con-banana-boat-y-buceo-excursion\/","name":"Excursi\u00f3n en lancha con Banana Boat y buceo - Excursi\u00f3n - Tours Bahia","isPartOf":{"@id":"https:\/\/www.toursbahia.com.br\/#website"},"primaryImageOfPage":{"@id":"https:\/\/www.toursbahia.com.br\/es\/loja\/excursiones\/excursion-en-lancha-con-banana-boat-y-buceo-excursion\/#primaryimage"},"datePublished":"2019-01-21T16:39:57+00:00","dateModified":"2019-02-06T01:38:22+00:00","breadcrumb":{"@id":"https:\/\/www.toursbahia.com.br\/es\/loja\/excursiones\/excursion-en-lancha-con-banana-boat-y-buceo-excursion\/#breadcrumb"},"inLanguage":"es","potentialAction":[{"@type":"ReadAction","target":["https:\/\/www.toursbahia.com.br\/es\/loja\/excursiones\/excursion-en-lancha-con-banana-boat-y-buceo-excursion\/"]}]},{"@type":"BreadcrumbList","@id":"https:\/\/www.toursbahia.com.br\/es\/loja\/excursiones\/excursion-en-lancha-con-banana-boat-y-buceo-excursion\/#breadcrumb","itemListElement":[{"@type":"ListItem","position":1,"name":"In\u00edcio","item":"https:\/\/www.toursbahia.com.br\/es\/"},{"@type":"ListItem","position":2,"name":"Store","item":"https:\/\/www.toursbahia.com.br\/es\/store-tours-bahia-internacional\/"},{"@type":"ListItem","position":3,"name":"Excursi\u00f3n en lancha con Banana Boat y buceo &#8211; Excursi\u00f3n"}]}]}},"_links":{"self":[{"href":"https:\/\/www.toursbahia.com.br\/es\/wp-json\/wp\/v2\/product\/3526"}],"collection":[{"href":"https:\/\/www.toursbahia.com.br\/es\/wp-json\/wp\/v2\/product"}],"about":[{"href":"https:\/\/www.toursbahia.com.br\/es\/wp-json\/wp\/v2\/types\/product"}],"replies":[{"embeddable":true,"href":"https:\/\/www.toursbahia.com.br\/es\/wp-json\/wp\/v2\/comments?post=3526"}],"wp:featuredmedia":[{"embeddable":true,"href":"https:\/\/www.toursbahia.com.br\/es\/wp-json\/wp\/v2\/media\/3527"}],"wp:attachment":[{"href":"https:\/\/www.toursbahia.com.br\/es\/wp-json\/wp\/v2\/media?parent=3526"}],"wp:term":[{"taxonomy":"product_cat","embeddable":true,"href":"https:\/\/www.toursbahia.com.br\/es\/wp-json\/wp\/v2\/product_cat?post=3526"},{"taxonomy":"product_tag","embeddable":true,"href":"https:\/\/www.toursbahia.com.br\/es\/wp-json\/wp\/v2\/product_tag?post=3526"}],"curies":[{"name":"wp","href":"https:\/\/api.w.org\/{rel}","templated":true}]}}