{"id":3542,"date":"2019-01-21T14:23:48","date_gmt":"2019-01-21T16:23:48","guid":{"rendered":"https:\/\/www.toursbahia.com.br\/\/produto\/sincategorizar\/aula-de-danca-passeio\/"},"modified":"2019-02-05T23:59:45","modified_gmt":"2019-02-06T01:59:45","slug":"clases-de-danza-excursion","status":"publish","type":"product","link":"https:\/\/www.toursbahia.com.br\/es\/loja\/excursiones\/clases-de-danza-excursion\/","title":{"rendered":"Clases de Danza &#8211; Excursi\u00f3n"},"content":{"rendered":"","protected":false},"excerpt":{"rendered":"<p>Venga a bailar algunos de los principales ritmos brasile\u00f1os.<\/p>\n<p>Con profesores especializados aprender\u00e1 a bailar los ritmos m\u00e1s tradicionales de Bahia y Brasil como Samba, samba reggae, Ax\u00e9, Afox\u00e9 entre otros. \u00a1Prep\u00e1rese para mucho ritmo y diversi\u00f3n en clases individuales o en grupos!<\/p>\n","protected":false},"featured_media":2481,"comment_status":"open","ping_status":"closed","template":"","meta":[],"product_cat":[778,779,815,813,812],"product_tag":[],"yoast_head":"<!-- This site is optimized with the Yoast SEO plugin v19.3 - https:\/\/yoast.com\/wordpress\/plugins\/seo\/ -->\n<title>Clases de Danza - Excursi\u00f3n - Tours Bahia<\/title>\n<meta name=\"robots\" content=\"index, follow, max-snippet:-1, max-image-preview:large, max-video-preview:-1\" \/>\n<link rel=\"canonical\" href=\"https:\/\/www.toursbahia.com.br\/es\/loja\/excursiones\/clases-de-danza-excursion\/\" \/>\n<meta property=\"og:locale\" content=\"es_ES\" \/>\n<meta property=\"og:type\" content=\"article\" \/>\n<meta property=\"og:title\" content=\"Clases de Danza - Excursi\u00f3n - Tours Bahia\" \/>\n<meta property=\"og:description\" content=\"Venga a bailar algunos de los principales ritmos brasile\u00f1os.  Con profesores especializados aprender\u00e1 a bailar los ritmos m\u00e1s tradicionales de Bahia y Brasil como Samba, samba reggae, Ax\u00e9, Afox\u00e9 entre otros. \u00a1Prep\u00e1rese para mucho ritmo y diversi\u00f3n en clases individuales o en grupos!\" \/>\n<meta property=\"og:url\" content=\"https:\/\/www.toursbahia.com.br\/es\/loja\/excursiones\/clases-de-danza-excursion\/\" \/>\n<meta property=\"og:site_name\" content=\"Tours Bahia\" \/>\n<meta property=\"article:publisher\" content=\"https:\/\/www.facebook.com\/toursbahiainternational\" \/>\n<meta property=\"article:modified_time\" content=\"2019-02-06T01:59:45+00:00\" \/>\n<meta property=\"og:image\" content=\"https:\/\/www.toursbahia.com.br\/wp-content\/uploads\/2018\/12\/Aula-de-Dan\u00e7a-Foto-04.jpg\" \/>\n\t<meta property=\"og:image:width\" content=\"900\" \/>\n\t<meta property=\"og:image:height\" content=\"550\" \/>\n\t<meta property=\"og:image:type\" content=\"image\/jpeg\" \/>\n<meta name=\"twitter:card\" content=\"summary_large_image\" \/>\n<script type=\"application\/ld+json\" class=\"yoast-schema-graph\">{\"@context\":\"https:\/\/schema.org\",\"@graph\":[{\"@type\":\"WebSite\",\"@id\":\"https:\/\/www.toursbahia.com.br\/#website\",\"url\":\"https:\/\/www.toursbahia.com.br\/\",\"name\":\"Tours Bahia\",\"description\":\"\",\"potentialAction\":[{\"@type\":\"SearchAction\",\"target\":{\"@type\":\"EntryPoint\",\"urlTemplate\":\"https:\/\/www.toursbahia.com.br\/?s={search_term_string}\"},\"query-input\":\"required name=search_term_string\"}],\"inLanguage\":\"es\"},{\"@type\":\"ImageObject\",\"inLanguage\":\"es\",\"@id\":\"https:\/\/www.toursbahia.com.br\/es\/loja\/excursiones\/clases-de-danza-excursion\/#primaryimage\",\"url\":\"https:\/\/www.toursbahia.com.br\/wp-content\/uploads\/2018\/12\/Aula-de-Dan\u00e7a-Foto-04.jpg\",\"contentUrl\":\"https:\/\/www.toursbahia.com.br\/wp-content\/uploads\/2018\/12\/Aula-de-Dan\u00e7a-Foto-04.jpg\",\"width\":900,\"height\":550},{\"@type\":\"WebPage\",\"@id\":\"https:\/\/www.toursbahia.com.br\/es\/loja\/excursiones\/clases-de-danza-excursion\/\",\"url\":\"https:\/\/www.toursbahia.com.br\/es\/loja\/excursiones\/clases-de-danza-excursion\/\",\"name\":\"Clases de Danza - Excursi\u00f3n - Tours Bahia\",\"isPartOf\":{\"@id\":\"https:\/\/www.toursbahia.com.br\/#website\"},\"primaryImageOfPage\":{\"@id\":\"https:\/\/www.toursbahia.com.br\/es\/loja\/excursiones\/clases-de-danza-excursion\/#primaryimage\"},\"datePublished\":\"2019-01-21T16:23:48+00:00\",\"dateModified\":\"2019-02-06T01:59:45+00:00\",\"breadcrumb\":{\"@id\":\"https:\/\/www.toursbahia.com.br\/es\/loja\/excursiones\/clases-de-danza-excursion\/#breadcrumb\"},\"inLanguage\":\"es\",\"potentialAction\":[{\"@type\":\"ReadAction\",\"target\":[\"https:\/\/www.toursbahia.com.br\/es\/loja\/excursiones\/clases-de-danza-excursion\/\"]}]},{\"@type\":\"BreadcrumbList\",\"@id\":\"https:\/\/www.toursbahia.com.br\/es\/loja\/excursiones\/clases-de-danza-excursion\/#breadcrumb\",\"itemListElement\":[{\"@type\":\"ListItem\",\"position\":1,\"name\":\"In\u00edcio\",\"item\":\"https:\/\/www.toursbahia.com.br\/es\/\"},{\"@type\":\"ListItem\",\"position\":2,\"name\":\"Store\",\"item\":\"https:\/\/www.toursbahia.com.br\/es\/store-tours-bahia-internacional\/\"},{\"@type\":\"ListItem\",\"position\":3,\"name\":\"Clases de Danza &#8211; Excursi\u00f3n\"}]}]}<\/script>\n<!-- \/ Yoast SEO plugin. -->","yoast_head_json":{"title":"Clases de Danza - Excursi\u00f3n - Tours Bahia","robots":{"index":"index","follow":"follow","max-snippet":"max-snippet:-1","max-image-preview":"max-image-preview:large","max-video-preview":"max-video-preview:-1"},"canonical":"https:\/\/www.toursbahia.com.br\/es\/loja\/excursiones\/clases-de-danza-excursion\/","og_locale":"es_ES","og_type":"article","og_title":"Clases de Danza - Excursi\u00f3n - Tours Bahia","og_description":"Venga a bailar algunos de los principales ritmos brasile\u00f1os.  Con profesores especializados aprender\u00e1 a bailar los ritmos m\u00e1s tradicionales de Bahia y Brasil como Samba, samba reggae, Ax\u00e9, Afox\u00e9 entre otros. \u00a1Prep\u00e1rese para mucho ritmo y diversi\u00f3n en clases individuales o en grupos!","og_url":"https:\/\/www.toursbahia.com.br\/es\/loja\/excursiones\/clases-de-danza-excursion\/","og_site_name":"Tours Bahia","article_publisher":"https:\/\/www.facebook.com\/toursbahiainternational","article_modified_time":"2019-02-06T01:59:45+00:00","og_image":[{"width":900,"height":550,"url":"https:\/\/www.toursbahia.com.br\/wp-content\/uploads\/2018\/12\/Aula-de-Dan\u00e7a-Foto-04.jpg","type":"image\/jpeg"}],"twitter_card":"summary_large_image","schema":{"@context":"https:\/\/schema.org","@graph":[{"@type":"WebSite","@id":"https:\/\/www.toursbahia.com.br\/#website","url":"https:\/\/www.toursbahia.com.br\/","name":"Tours Bahia","description":"","potentialAction":[{"@type":"SearchAction","target":{"@type":"EntryPoint","urlTemplate":"https:\/\/www.toursbahia.com.br\/?s={search_term_string}"},"query-input":"required name=search_term_string"}],"inLanguage":"es"},{"@type":"ImageObject","inLanguage":"es","@id":"https:\/\/www.toursbahia.com.br\/es\/loja\/excursiones\/clases-de-danza-excursion\/#primaryimage","url":"https:\/\/www.toursbahia.com.br\/wp-content\/uploads\/2018\/12\/Aula-de-Dan\u00e7a-Foto-04.jpg","contentUrl":"https:\/\/www.toursbahia.com.br\/wp-content\/uploads\/2018\/12\/Aula-de-Dan\u00e7a-Foto-04.jpg","width":900,"height":550},{"@type":"WebPage","@id":"https:\/\/www.toursbahia.com.br\/es\/loja\/excursiones\/clases-de-danza-excursion\/","url":"https:\/\/www.toursbahia.com.br\/es\/loja\/excursiones\/clases-de-danza-excursion\/","name":"Clases de Danza - Excursi\u00f3n - Tours Bahia","isPartOf":{"@id":"https:\/\/www.toursbahia.com.br\/#website"},"primaryImageOfPage":{"@id":"https:\/\/www.toursbahia.com.br\/es\/loja\/excursiones\/clases-de-danza-excursion\/#primaryimage"},"datePublished":"2019-01-21T16:23:48+00:00","dateModified":"2019-02-06T01:59:45+00:00","breadcrumb":{"@id":"https:\/\/www.toursbahia.com.br\/es\/loja\/excursiones\/clases-de-danza-excursion\/#breadcrumb"},"inLanguage":"es","potentialAction":[{"@type":"ReadAction","target":["https:\/\/www.toursbahia.com.br\/es\/loja\/excursiones\/clases-de-danza-excursion\/"]}]},{"@type":"BreadcrumbList","@id":"https:\/\/www.toursbahia.com.br\/es\/loja\/excursiones\/clases-de-danza-excursion\/#breadcrumb","itemListElement":[{"@type":"ListItem","position":1,"name":"In\u00edcio","item":"https:\/\/www.toursbahia.com.br\/es\/"},{"@type":"ListItem","position":2,"name":"Store","item":"https:\/\/www.toursbahia.com.br\/es\/store-tours-bahia-internacional\/"},{"@type":"ListItem","position":3,"name":"Clases de Danza &#8211; Excursi\u00f3n"}]}]}},"_links":{"self":[{"href":"https:\/\/www.toursbahia.com.br\/es\/wp-json\/wp\/v2\/product\/3542"}],"collection":[{"href":"https:\/\/www.toursbahia.com.br\/es\/wp-json\/wp\/v2\/product"}],"about":[{"href":"https:\/\/www.toursbahia.com.br\/es\/wp-json\/wp\/v2\/types\/product"}],"replies":[{"embeddable":true,"href":"https:\/\/www.toursbahia.com.br\/es\/wp-json\/wp\/v2\/comments?post=3542"}],"wp:featuredmedia":[{"embeddable":true,"href":"https:\/\/www.toursbahia.com.br\/es\/wp-json\/wp\/v2\/media\/2481"}],"wp:attachment":[{"href":"https:\/\/www.toursbahia.com.br\/es\/wp-json\/wp\/v2\/media?parent=3542"}],"wp:term":[{"taxonomy":"product_cat","embeddable":true,"href":"https:\/\/www.toursbahia.com.br\/es\/wp-json\/wp\/v2\/product_cat?post=3542"},{"taxonomy":"product_tag","embeddable":true,"href":"https:\/\/www.toursbahia.com.br\/es\/wp-json\/wp\/v2\/product_tag?post=3542"}],"curies":[{"name":"wp","href":"https:\/\/api.w.org\/{rel}","templated":true}]}}