{"id":3548,"date":"2019-01-21T14:01:43","date_gmt":"2019-01-21T16:01:43","guid":{"rendered":"https:\/\/www.toursbahia.com.br\/\/produto\/sincategorizar\/aula-de-capoeira-passeio\/"},"modified":"2019-02-06T00:07:54","modified_gmt":"2019-02-06T02:07:54","slug":"clases-de-capoeira-excursion","status":"publish","type":"product","link":"https:\/\/www.toursbahia.com.br\/es\/loja\/excursiones\/clases-de-capoeira-excursion\/","title":{"rendered":"Clases de Capoeira &#8211; Excursi\u00f3n"},"content":{"rendered":"","protected":false},"excerpt":{"rendered":"<p>Al sonido del \u201cberimbau\u201d, \u201catabaque\u201d y \u201cpandeiro\u201d conocer\u00e1s la capoeira. En esta clase, aprender\u00e1s el vaiv\u00e9n de algunos de los principales movimientos usados en la manifestaci\u00f3n cultural m\u00e1s tradicional de Bahia, la capoeira. Ser\u00e1 un momento de aprendizaje y mucha diversi\u00f3n.<\/p>\n<p>Adem\u00e1s de la capoeira, podr\u00e1s aprender tambi\u00e9n a confeccionar tu propio \u201cberimbau\u201d, siguiendo todos los pasos que van, desde el secado de la calabaza hasta finalizar el instrumento con el barniz. \u00a1Te llevar\u00e1s un souvenir especial de Bahia, y seguro que te encantar\u00e1 todav\u00eda m\u00e1s este arte!<\/p>\n","protected":false},"featured_media":2525,"comment_status":"open","ping_status":"closed","template":"","meta":[],"product_cat":[778,779,814,813,812],"product_tag":[],"yoast_head":"<!-- This site is optimized with the Yoast SEO plugin v19.3 - https:\/\/yoast.com\/wordpress\/plugins\/seo\/ -->\n<title>Clases de Capoeira - Excursi\u00f3n - Tours Bahia<\/title>\n<meta name=\"robots\" content=\"index, follow, max-snippet:-1, max-image-preview:large, max-video-preview:-1\" \/>\n<link rel=\"canonical\" href=\"https:\/\/www.toursbahia.com.br\/es\/loja\/excursiones\/clases-de-capoeira-excursion\/\" \/>\n<meta property=\"og:locale\" content=\"es_ES\" \/>\n<meta property=\"og:type\" content=\"article\" \/>\n<meta property=\"og:title\" content=\"Clases de Capoeira - Excursi\u00f3n - Tours Bahia\" \/>\n<meta property=\"og:description\" content=\"Al sonido del \u201cberimbau\u201d, \u201catabaque\u201d y \u201cpandeiro\u201d conocer\u00e1s la capoeira. En esta clase, aprender\u00e1s el vaiv\u00e9n de algunos de los principales movimientos usados en la manifestaci\u00f3n cultural m\u00e1s tradicional de Bahia, la capoeira. Ser\u00e1 un momento de aprendizaje y mucha diversi\u00f3n.  Adem\u00e1s de la capoeira, podr\u00e1s aprender tambi\u00e9n a confeccionar tu propio \u201cberimbau\u201d, siguiendo todos los pasos que van, desde el secado de la calabaza hasta finalizar el instrumento con el barniz. \u00a1Te llevar\u00e1s un souvenir especial de Bahia, y seguro que te encantar\u00e1 todav\u00eda m\u00e1s este arte!\" \/>\n<meta property=\"og:url\" content=\"https:\/\/www.toursbahia.com.br\/es\/loja\/excursiones\/clases-de-capoeira-excursion\/\" \/>\n<meta property=\"og:site_name\" content=\"Tours Bahia\" \/>\n<meta property=\"article:publisher\" content=\"https:\/\/www.facebook.com\/toursbahiainternational\" \/>\n<meta property=\"article:modified_time\" content=\"2019-02-06T02:07:54+00:00\" \/>\n<meta property=\"og:image\" content=\"https:\/\/www.toursbahia.com.br\/wp-content\/uploads\/2018\/12\/Aula-de-Capoeira-Foto-02.jpg\" \/>\n\t<meta property=\"og:image:width\" content=\"900\" \/>\n\t<meta property=\"og:image:height\" content=\"550\" \/>\n\t<meta property=\"og:image:type\" content=\"image\/jpeg\" \/>\n<meta name=\"twitter:card\" content=\"summary_large_image\" \/>\n<script type=\"application\/ld+json\" class=\"yoast-schema-graph\">{\"@context\":\"https:\/\/schema.org\",\"@graph\":[{\"@type\":\"WebSite\",\"@id\":\"https:\/\/www.toursbahia.com.br\/#website\",\"url\":\"https:\/\/www.toursbahia.com.br\/\",\"name\":\"Tours Bahia\",\"description\":\"\",\"potentialAction\":[{\"@type\":\"SearchAction\",\"target\":{\"@type\":\"EntryPoint\",\"urlTemplate\":\"https:\/\/www.toursbahia.com.br\/?s={search_term_string}\"},\"query-input\":\"required name=search_term_string\"}],\"inLanguage\":\"es\"},{\"@type\":\"ImageObject\",\"inLanguage\":\"es\",\"@id\":\"https:\/\/www.toursbahia.com.br\/es\/loja\/excursiones\/clases-de-capoeira-excursion\/#primaryimage\",\"url\":\"https:\/\/www.toursbahia.com.br\/wp-content\/uploads\/2018\/12\/Aula-de-Capoeira-Foto-02.jpg\",\"contentUrl\":\"https:\/\/www.toursbahia.com.br\/wp-content\/uploads\/2018\/12\/Aula-de-Capoeira-Foto-02.jpg\",\"width\":900,\"height\":550},{\"@type\":\"WebPage\",\"@id\":\"https:\/\/www.toursbahia.com.br\/es\/loja\/excursiones\/clases-de-capoeira-excursion\/\",\"url\":\"https:\/\/www.toursbahia.com.br\/es\/loja\/excursiones\/clases-de-capoeira-excursion\/\",\"name\":\"Clases de Capoeira - Excursi\u00f3n - Tours Bahia\",\"isPartOf\":{\"@id\":\"https:\/\/www.toursbahia.com.br\/#website\"},\"primaryImageOfPage\":{\"@id\":\"https:\/\/www.toursbahia.com.br\/es\/loja\/excursiones\/clases-de-capoeira-excursion\/#primaryimage\"},\"datePublished\":\"2019-01-21T16:01:43+00:00\",\"dateModified\":\"2019-02-06T02:07:54+00:00\",\"breadcrumb\":{\"@id\":\"https:\/\/www.toursbahia.com.br\/es\/loja\/excursiones\/clases-de-capoeira-excursion\/#breadcrumb\"},\"inLanguage\":\"es\",\"potentialAction\":[{\"@type\":\"ReadAction\",\"target\":[\"https:\/\/www.toursbahia.com.br\/es\/loja\/excursiones\/clases-de-capoeira-excursion\/\"]}]},{\"@type\":\"BreadcrumbList\",\"@id\":\"https:\/\/www.toursbahia.com.br\/es\/loja\/excursiones\/clases-de-capoeira-excursion\/#breadcrumb\",\"itemListElement\":[{\"@type\":\"ListItem\",\"position\":1,\"name\":\"In\u00edcio\",\"item\":\"https:\/\/www.toursbahia.com.br\/es\/\"},{\"@type\":\"ListItem\",\"position\":2,\"name\":\"Store\",\"item\":\"https:\/\/www.toursbahia.com.br\/es\/store-tours-bahia-internacional\/\"},{\"@type\":\"ListItem\",\"position\":3,\"name\":\"Clases de Capoeira &#8211; Excursi\u00f3n\"}]}]}<\/script>\n<!-- \/ Yoast SEO plugin. -->","yoast_head_json":{"title":"Clases de Capoeira - Excursi\u00f3n - Tours Bahia","robots":{"index":"index","follow":"follow","max-snippet":"max-snippet:-1","max-image-preview":"max-image-preview:large","max-video-preview":"max-video-preview:-1"},"canonical":"https:\/\/www.toursbahia.com.br\/es\/loja\/excursiones\/clases-de-capoeira-excursion\/","og_locale":"es_ES","og_type":"article","og_title":"Clases de Capoeira - Excursi\u00f3n - Tours Bahia","og_description":"Al sonido del \u201cberimbau\u201d, \u201catabaque\u201d y \u201cpandeiro\u201d conocer\u00e1s la capoeira. En esta clase, aprender\u00e1s el vaiv\u00e9n de algunos de los principales movimientos usados en la manifestaci\u00f3n cultural m\u00e1s tradicional de Bahia, la capoeira. Ser\u00e1 un momento de aprendizaje y mucha diversi\u00f3n.  Adem\u00e1s de la capoeira, podr\u00e1s aprender tambi\u00e9n a confeccionar tu propio \u201cberimbau\u201d, siguiendo todos los pasos que van, desde el secado de la calabaza hasta finalizar el instrumento con el barniz. \u00a1Te llevar\u00e1s un souvenir especial de Bahia, y seguro que te encantar\u00e1 todav\u00eda m\u00e1s este arte!","og_url":"https:\/\/www.toursbahia.com.br\/es\/loja\/excursiones\/clases-de-capoeira-excursion\/","og_site_name":"Tours Bahia","article_publisher":"https:\/\/www.facebook.com\/toursbahiainternational","article_modified_time":"2019-02-06T02:07:54+00:00","og_image":[{"width":900,"height":550,"url":"https:\/\/www.toursbahia.com.br\/wp-content\/uploads\/2018\/12\/Aula-de-Capoeira-Foto-02.jpg","type":"image\/jpeg"}],"twitter_card":"summary_large_image","schema":{"@context":"https:\/\/schema.org","@graph":[{"@type":"WebSite","@id":"https:\/\/www.toursbahia.com.br\/#website","url":"https:\/\/www.toursbahia.com.br\/","name":"Tours Bahia","description":"","potentialAction":[{"@type":"SearchAction","target":{"@type":"EntryPoint","urlTemplate":"https:\/\/www.toursbahia.com.br\/?s={search_term_string}"},"query-input":"required name=search_term_string"}],"inLanguage":"es"},{"@type":"ImageObject","inLanguage":"es","@id":"https:\/\/www.toursbahia.com.br\/es\/loja\/excursiones\/clases-de-capoeira-excursion\/#primaryimage","url":"https:\/\/www.toursbahia.com.br\/wp-content\/uploads\/2018\/12\/Aula-de-Capoeira-Foto-02.jpg","contentUrl":"https:\/\/www.toursbahia.com.br\/wp-content\/uploads\/2018\/12\/Aula-de-Capoeira-Foto-02.jpg","width":900,"height":550},{"@type":"WebPage","@id":"https:\/\/www.toursbahia.com.br\/es\/loja\/excursiones\/clases-de-capoeira-excursion\/","url":"https:\/\/www.toursbahia.com.br\/es\/loja\/excursiones\/clases-de-capoeira-excursion\/","name":"Clases de Capoeira - Excursi\u00f3n - Tours Bahia","isPartOf":{"@id":"https:\/\/www.toursbahia.com.br\/#website"},"primaryImageOfPage":{"@id":"https:\/\/www.toursbahia.com.br\/es\/loja\/excursiones\/clases-de-capoeira-excursion\/#primaryimage"},"datePublished":"2019-01-21T16:01:43+00:00","dateModified":"2019-02-06T02:07:54+00:00","breadcrumb":{"@id":"https:\/\/www.toursbahia.com.br\/es\/loja\/excursiones\/clases-de-capoeira-excursion\/#breadcrumb"},"inLanguage":"es","potentialAction":[{"@type":"ReadAction","target":["https:\/\/www.toursbahia.com.br\/es\/loja\/excursiones\/clases-de-capoeira-excursion\/"]}]},{"@type":"BreadcrumbList","@id":"https:\/\/www.toursbahia.com.br\/es\/loja\/excursiones\/clases-de-capoeira-excursion\/#breadcrumb","itemListElement":[{"@type":"ListItem","position":1,"name":"In\u00edcio","item":"https:\/\/www.toursbahia.com.br\/es\/"},{"@type":"ListItem","position":2,"name":"Store","item":"https:\/\/www.toursbahia.com.br\/es\/store-tours-bahia-internacional\/"},{"@type":"ListItem","position":3,"name":"Clases de Capoeira &#8211; Excursi\u00f3n"}]}]}},"_links":{"self":[{"href":"https:\/\/www.toursbahia.com.br\/es\/wp-json\/wp\/v2\/product\/3548"}],"collection":[{"href":"https:\/\/www.toursbahia.com.br\/es\/wp-json\/wp\/v2\/product"}],"about":[{"href":"https:\/\/www.toursbahia.com.br\/es\/wp-json\/wp\/v2\/types\/product"}],"replies":[{"embeddable":true,"href":"https:\/\/www.toursbahia.com.br\/es\/wp-json\/wp\/v2\/comments?post=3548"}],"wp:featuredmedia":[{"embeddable":true,"href":"https:\/\/www.toursbahia.com.br\/es\/wp-json\/wp\/v2\/media\/2525"}],"wp:attachment":[{"href":"https:\/\/www.toursbahia.com.br\/es\/wp-json\/wp\/v2\/media?parent=3548"}],"wp:term":[{"taxonomy":"product_cat","embeddable":true,"href":"https:\/\/www.toursbahia.com.br\/es\/wp-json\/wp\/v2\/product_cat?post=3548"},{"taxonomy":"product_tag","embeddable":true,"href":"https:\/\/www.toursbahia.com.br\/es\/wp-json\/wp\/v2\/product_tag?post=3548"}],"curies":[{"name":"wp","href":"https:\/\/api.w.org\/{rel}","templated":true}]}}