{"id":3551,"date":"2019-01-21T13:59:07","date_gmt":"2019-01-21T15:59:07","guid":{"rendered":"https:\/\/www.toursbahia.com.br\/\/produto\/sincategorizar\/tour-de-museus-passeio\/"},"modified":"2019-02-06T00:11:51","modified_gmt":"2019-02-06T02:11:51","slug":"tour-de-museos-excursion","status":"publish","type":"product","link":"https:\/\/www.toursbahia.com.br\/es\/loja\/excursiones\/tour-de-museos-excursion\/","title":{"rendered":"Tour de Museos &#8211; Excursi\u00f3n"},"content":{"rendered":"","protected":false},"excerpt":{"rendered":"<p>Tour por algunos de los mejores y m\u00e1s interesantes museos de Salvador. En este paseo, nuestros clientes podr\u00e1n observar colecciones \u00fanicas, llenas de cultura e historia, que los llevar\u00e1n a realizar un fant\u00e1stico viaje en el tiempo. Algunos de los museos que podr\u00e1n ser visitados: Carlos Costa Pinto, Museo de Arte Sacra, Museo de Arte Moderna, Museo OBenin, Museo Abelardo Rodrigues, Palacete de las Artes, entre otros.<\/p>\n","protected":false},"featured_media":2381,"comment_status":"open","ping_status":"closed","template":"","meta":[],"product_cat":[778,779,812,834],"product_tag":[],"yoast_head":"<!-- This site is optimized with the Yoast SEO plugin v19.3 - https:\/\/yoast.com\/wordpress\/plugins\/seo\/ -->\n<title>Tour de Museos - Excursi\u00f3n - Tours Bahia<\/title>\n<meta name=\"robots\" content=\"index, follow, max-snippet:-1, max-image-preview:large, max-video-preview:-1\" \/>\n<link rel=\"canonical\" href=\"https:\/\/www.toursbahia.com.br\/es\/loja\/excursiones\/tour-de-museos-excursion\/\" \/>\n<meta property=\"og:locale\" content=\"es_ES\" \/>\n<meta property=\"og:type\" content=\"article\" \/>\n<meta property=\"og:title\" content=\"Tour de Museos - Excursi\u00f3n - Tours Bahia\" \/>\n<meta property=\"og:description\" content=\"Tour por algunos de los mejores y m\u00e1s interesantes museos de Salvador. En este paseo, nuestros clientes podr\u00e1n observar colecciones \u00fanicas, llenas de cultura e historia, que los llevar\u00e1n a realizar un fant\u00e1stico viaje en el tiempo. Algunos de los museos que podr\u00e1n ser visitados: Carlos Costa Pinto, Museo de Arte Sacra, Museo de Arte Moderna, Museo OBenin, Museo Abelardo Rodrigues, Palacete de las Artes, entre otros.\" \/>\n<meta property=\"og:url\" content=\"https:\/\/www.toursbahia.com.br\/es\/loja\/excursiones\/tour-de-museos-excursion\/\" \/>\n<meta property=\"og:site_name\" content=\"Tours Bahia\" \/>\n<meta property=\"article:publisher\" content=\"https:\/\/www.facebook.com\/toursbahiainternational\" \/>\n<meta property=\"article:modified_time\" content=\"2019-02-06T02:11:51+00:00\" \/>\n<meta property=\"og:image\" content=\"https:\/\/www.toursbahia.com.br\/wp-content\/uploads\/2018\/12\/Tour-de-Museus-Foto-01.jpg\" \/>\n\t<meta property=\"og:image:width\" content=\"900\" \/>\n\t<meta property=\"og:image:height\" content=\"550\" \/>\n\t<meta property=\"og:image:type\" content=\"image\/jpeg\" \/>\n<meta name=\"twitter:card\" content=\"summary_large_image\" \/>\n<script type=\"application\/ld+json\" class=\"yoast-schema-graph\">{\"@context\":\"https:\/\/schema.org\",\"@graph\":[{\"@type\":\"WebSite\",\"@id\":\"https:\/\/www.toursbahia.com.br\/#website\",\"url\":\"https:\/\/www.toursbahia.com.br\/\",\"name\":\"Tours Bahia\",\"description\":\"\",\"potentialAction\":[{\"@type\":\"SearchAction\",\"target\":{\"@type\":\"EntryPoint\",\"urlTemplate\":\"https:\/\/www.toursbahia.com.br\/?s={search_term_string}\"},\"query-input\":\"required name=search_term_string\"}],\"inLanguage\":\"es\"},{\"@type\":\"ImageObject\",\"inLanguage\":\"es\",\"@id\":\"https:\/\/www.toursbahia.com.br\/es\/loja\/excursiones\/tour-de-museos-excursion\/#primaryimage\",\"url\":\"https:\/\/www.toursbahia.com.br\/wp-content\/uploads\/2018\/12\/Tour-de-Museus-Foto-01.jpg\",\"contentUrl\":\"https:\/\/www.toursbahia.com.br\/wp-content\/uploads\/2018\/12\/Tour-de-Museus-Foto-01.jpg\",\"width\":900,\"height\":550},{\"@type\":\"WebPage\",\"@id\":\"https:\/\/www.toursbahia.com.br\/es\/loja\/excursiones\/tour-de-museos-excursion\/\",\"url\":\"https:\/\/www.toursbahia.com.br\/es\/loja\/excursiones\/tour-de-museos-excursion\/\",\"name\":\"Tour de Museos - Excursi\u00f3n - Tours Bahia\",\"isPartOf\":{\"@id\":\"https:\/\/www.toursbahia.com.br\/#website\"},\"primaryImageOfPage\":{\"@id\":\"https:\/\/www.toursbahia.com.br\/es\/loja\/excursiones\/tour-de-museos-excursion\/#primaryimage\"},\"datePublished\":\"2019-01-21T15:59:07+00:00\",\"dateModified\":\"2019-02-06T02:11:51+00:00\",\"breadcrumb\":{\"@id\":\"https:\/\/www.toursbahia.com.br\/es\/loja\/excursiones\/tour-de-museos-excursion\/#breadcrumb\"},\"inLanguage\":\"es\",\"potentialAction\":[{\"@type\":\"ReadAction\",\"target\":[\"https:\/\/www.toursbahia.com.br\/es\/loja\/excursiones\/tour-de-museos-excursion\/\"]}]},{\"@type\":\"BreadcrumbList\",\"@id\":\"https:\/\/www.toursbahia.com.br\/es\/loja\/excursiones\/tour-de-museos-excursion\/#breadcrumb\",\"itemListElement\":[{\"@type\":\"ListItem\",\"position\":1,\"name\":\"In\u00edcio\",\"item\":\"https:\/\/www.toursbahia.com.br\/es\/\"},{\"@type\":\"ListItem\",\"position\":2,\"name\":\"Store\",\"item\":\"https:\/\/www.toursbahia.com.br\/es\/store-tours-bahia-internacional\/\"},{\"@type\":\"ListItem\",\"position\":3,\"name\":\"Tour de Museos &#8211; Excursi\u00f3n\"}]}]}<\/script>\n<!-- \/ Yoast SEO plugin. -->","yoast_head_json":{"title":"Tour de Museos - Excursi\u00f3n - Tours Bahia","robots":{"index":"index","follow":"follow","max-snippet":"max-snippet:-1","max-image-preview":"max-image-preview:large","max-video-preview":"max-video-preview:-1"},"canonical":"https:\/\/www.toursbahia.com.br\/es\/loja\/excursiones\/tour-de-museos-excursion\/","og_locale":"es_ES","og_type":"article","og_title":"Tour de Museos - Excursi\u00f3n - Tours Bahia","og_description":"Tour por algunos de los mejores y m\u00e1s interesantes museos de Salvador. En este paseo, nuestros clientes podr\u00e1n observar colecciones \u00fanicas, llenas de cultura e historia, que los llevar\u00e1n a realizar un fant\u00e1stico viaje en el tiempo. Algunos de los museos que podr\u00e1n ser visitados: Carlos Costa Pinto, Museo de Arte Sacra, Museo de Arte Moderna, Museo OBenin, Museo Abelardo Rodrigues, Palacete de las Artes, entre otros.","og_url":"https:\/\/www.toursbahia.com.br\/es\/loja\/excursiones\/tour-de-museos-excursion\/","og_site_name":"Tours Bahia","article_publisher":"https:\/\/www.facebook.com\/toursbahiainternational","article_modified_time":"2019-02-06T02:11:51+00:00","og_image":[{"width":900,"height":550,"url":"https:\/\/www.toursbahia.com.br\/wp-content\/uploads\/2018\/12\/Tour-de-Museus-Foto-01.jpg","type":"image\/jpeg"}],"twitter_card":"summary_large_image","schema":{"@context":"https:\/\/schema.org","@graph":[{"@type":"WebSite","@id":"https:\/\/www.toursbahia.com.br\/#website","url":"https:\/\/www.toursbahia.com.br\/","name":"Tours Bahia","description":"","potentialAction":[{"@type":"SearchAction","target":{"@type":"EntryPoint","urlTemplate":"https:\/\/www.toursbahia.com.br\/?s={search_term_string}"},"query-input":"required name=search_term_string"}],"inLanguage":"es"},{"@type":"ImageObject","inLanguage":"es","@id":"https:\/\/www.toursbahia.com.br\/es\/loja\/excursiones\/tour-de-museos-excursion\/#primaryimage","url":"https:\/\/www.toursbahia.com.br\/wp-content\/uploads\/2018\/12\/Tour-de-Museus-Foto-01.jpg","contentUrl":"https:\/\/www.toursbahia.com.br\/wp-content\/uploads\/2018\/12\/Tour-de-Museus-Foto-01.jpg","width":900,"height":550},{"@type":"WebPage","@id":"https:\/\/www.toursbahia.com.br\/es\/loja\/excursiones\/tour-de-museos-excursion\/","url":"https:\/\/www.toursbahia.com.br\/es\/loja\/excursiones\/tour-de-museos-excursion\/","name":"Tour de Museos - Excursi\u00f3n - Tours Bahia","isPartOf":{"@id":"https:\/\/www.toursbahia.com.br\/#website"},"primaryImageOfPage":{"@id":"https:\/\/www.toursbahia.com.br\/es\/loja\/excursiones\/tour-de-museos-excursion\/#primaryimage"},"datePublished":"2019-01-21T15:59:07+00:00","dateModified":"2019-02-06T02:11:51+00:00","breadcrumb":{"@id":"https:\/\/www.toursbahia.com.br\/es\/loja\/excursiones\/tour-de-museos-excursion\/#breadcrumb"},"inLanguage":"es","potentialAction":[{"@type":"ReadAction","target":["https:\/\/www.toursbahia.com.br\/es\/loja\/excursiones\/tour-de-museos-excursion\/"]}]},{"@type":"BreadcrumbList","@id":"https:\/\/www.toursbahia.com.br\/es\/loja\/excursiones\/tour-de-museos-excursion\/#breadcrumb","itemListElement":[{"@type":"ListItem","position":1,"name":"In\u00edcio","item":"https:\/\/www.toursbahia.com.br\/es\/"},{"@type":"ListItem","position":2,"name":"Store","item":"https:\/\/www.toursbahia.com.br\/es\/store-tours-bahia-internacional\/"},{"@type":"ListItem","position":3,"name":"Tour de Museos &#8211; Excursi\u00f3n"}]}]}},"_links":{"self":[{"href":"https:\/\/www.toursbahia.com.br\/es\/wp-json\/wp\/v2\/product\/3551"}],"collection":[{"href":"https:\/\/www.toursbahia.com.br\/es\/wp-json\/wp\/v2\/product"}],"about":[{"href":"https:\/\/www.toursbahia.com.br\/es\/wp-json\/wp\/v2\/types\/product"}],"replies":[{"embeddable":true,"href":"https:\/\/www.toursbahia.com.br\/es\/wp-json\/wp\/v2\/comments?post=3551"}],"wp:featuredmedia":[{"embeddable":true,"href":"https:\/\/www.toursbahia.com.br\/es\/wp-json\/wp\/v2\/media\/2381"}],"wp:attachment":[{"href":"https:\/\/www.toursbahia.com.br\/es\/wp-json\/wp\/v2\/media?parent=3551"}],"wp:term":[{"taxonomy":"product_cat","embeddable":true,"href":"https:\/\/www.toursbahia.com.br\/es\/wp-json\/wp\/v2\/product_cat?post=3551"},{"taxonomy":"product_tag","embeddable":true,"href":"https:\/\/www.toursbahia.com.br\/es\/wp-json\/wp\/v2\/product_tag?post=3551"}],"curies":[{"name":"wp","href":"https:\/\/api.w.org\/{rel}","templated":true}]}}