{"id":3554,"date":"2019-01-21T13:56:25","date_gmt":"2019-01-21T15:56:25","guid":{"rendered":"https:\/\/www.toursbahia.com.br\/\/produto\/sincategorizar\/tour-comunitario-passeio\/"},"modified":"2019-02-06T00:12:43","modified_gmt":"2019-02-06T02:12:43","slug":"tour-comunitario-excursion","status":"publish","type":"product","link":"https:\/\/www.toursbahia.com.br\/es\/loja\/excursiones\/tour-comunitario-excursion\/","title":{"rendered":"Tour Comunit\u00e1rio &#8211; Excursi\u00f3n"},"content":{"rendered":"","protected":false},"excerpt":{"rendered":"<p>Este es el recorrido perfecto para las personas que quieren conocer proyectos sociales exitosos y est\u00e1n interesados en descubrir e interactuar de manera humana y directa con la comunidad local y los habitantes de un barrio que en los a\u00f1os 70 acogi\u00f3 la mayor ocupaci\u00f3n de \u201cpalafitas\u201d de Brasil. Visitaremos algunos Proyectos Sociales realizados en la Comunidad y entenderemos su importancia para mejorar la calidad de vida de los residentes, especialmente de los ni\u00f1os y adolescentes, y conocer un poco m\u00e1s sobre sus historias y su vida cotidiana.<\/p>\n<p>Nuestra primera parada ser\u00e1 en la Sede del Espacio Cultural de Alagados, que ofrece teatro, danza, m\u00fasica, refuerzo escolar y un bonito espacio con juguetes y bocadillos para los j\u00f3venes de la comunidad. Luego visitaremos la Escuela Comunitaria Luiza Mahin, fundada por las mujeres (madres) de la propia Comunidad que sintieron la necesidad de una escuela local para sus hijos. Hoy la escuela es hermosa, bien estructurada y un importante centro de apoyo para padres e hijos del barrio. Nuestra visita proporcionar\u00e1 una interacci\u00f3n directa con estos ni\u00f1os. La visita termina en la Iglesia de Nossa Senhora dos Alagados, famosa por haber sido fundada por el Papa Juan Pablo II en los a\u00f1os 80 y que tiene una vista impresionante.<\/p>\n<p>A nossa primeira parada ser\u00e1 na Sede do Espa\u00e7o Cultural dos Alagados, que oferece teatro, dan\u00e7a, m\u00fasica, refor\u00e7o escolar e um espa\u00e7o muito agrad\u00e1vel com brinquedos e lanche para as crian\u00e7as e jovens da comunidade. Depois, vamos conhecer a Escola Comunit\u00e1ria Luiza Mahin, fundada pelas mulheres (m\u00e3es) da pr\u00f3pria Comunidade que sentiam falta de uma escola local para os seus filhos. Hoje a escola \u00e9 linda, bem estrutura e um importante centro de apoio para os pais e filhos do bairro. Nossa visita ir\u00e1 proporcionar uma intera\u00e7\u00e3o direta com essas crian\u00e7as e com a comunidade, vamos passear por todo o bairro tomar sorvete e conhecer de forma mais profunda a realidade de uma Comunidade.<\/p>\n","protected":false},"featured_media":2390,"comment_status":"open","ping_status":"closed","template":"","meta":[],"product_cat":[778,779,812,831],"product_tag":[],"yoast_head":"<!-- This site is optimized with the Yoast SEO plugin v19.3 - https:\/\/yoast.com\/wordpress\/plugins\/seo\/ -->\n<title>Tour Comunit\u00e1rio - Excursi\u00f3n - Tours Bahia<\/title>\n<meta name=\"robots\" content=\"index, follow, max-snippet:-1, max-image-preview:large, max-video-preview:-1\" \/>\n<link rel=\"canonical\" href=\"https:\/\/www.toursbahia.com.br\/es\/loja\/excursiones\/tour-comunitario-excursion\/\" \/>\n<meta property=\"og:locale\" content=\"es_ES\" \/>\n<meta property=\"og:type\" content=\"article\" \/>\n<meta property=\"og:title\" content=\"Tour Comunit\u00e1rio - Excursi\u00f3n - Tours Bahia\" \/>\n<meta property=\"og:description\" content=\"Este es el recorrido perfecto para las personas que quieren conocer proyectos sociales exitosos y est\u00e1n interesados en descubrir e interactuar de manera humana y directa con la comunidad local y los habitantes de un barrio que en los a\u00f1os 70 acogi\u00f3 la mayor ocupaci\u00f3n de \u201cpalafitas\u201d de Brasil. Visitaremos algunos Proyectos Sociales realizados en la Comunidad y entenderemos su importancia para mejorar la calidad de vida de los residentes, especialmente de los ni\u00f1os y adolescentes, y conocer un poco m\u00e1s sobre sus historias y su vida cotidiana.  Nuestra primera parada ser\u00e1 en la Sede del Espacio Cultural de Alagados, que ofrece teatro, danza, m\u00fasica, refuerzo escolar y un bonito espacio con juguetes y bocadillos para los j\u00f3venes de la comunidad. Luego visitaremos la Escuela Comunitaria Luiza Mahin, fundada por las mujeres (madres) de la propia Comunidad que sintieron la necesidad de una escuela local para sus hijos. Hoy la escuela es hermosa, bien estructurada y un importante centro de apoyo para padres e hijos del barrio. Nuestra visita proporcionar\u00e1 una interacci\u00f3n directa con estos ni\u00f1os. La visita termina en la Iglesia de Nossa Senhora dos Alagados, famosa por haber sido fundada por el Papa Juan Pablo II en los a\u00f1os 80 y que tiene una vista impresionante.  A nossa primeira parada ser\u00e1 na Sede do Espa\u00e7o Cultural dos Alagados, que oferece teatro, dan\u00e7a, m\u00fasica, refor\u00e7o escolar e um espa\u00e7o muito agrad\u00e1vel com brinquedos e lanche para as crian\u00e7as e jovens da comunidade. Depois, vamos conhecer a Escola Comunit\u00e1ria Luiza Mahin, fundada pelas mulheres (m\u00e3es) da pr\u00f3pria Comunidade que sentiam falta de uma escola local para os seus filhos. Hoje a escola \u00e9 linda, bem estrutura e um importante centro de apoio para os pais e filhos do bairro. Nossa visita ir\u00e1 proporcionar uma intera\u00e7\u00e3o direta com essas crian\u00e7as e com a comunidade, vamos passear por todo o bairro tomar sorvete e conhecer de forma mais profunda a realidade de uma Comunidade.\" \/>\n<meta property=\"og:url\" content=\"https:\/\/www.toursbahia.com.br\/es\/loja\/excursiones\/tour-comunitario-excursion\/\" \/>\n<meta property=\"og:site_name\" content=\"Tours Bahia\" \/>\n<meta property=\"article:publisher\" content=\"https:\/\/www.facebook.com\/toursbahiainternational\" \/>\n<meta property=\"article:modified_time\" content=\"2019-02-06T02:12:43+00:00\" \/>\n<meta property=\"og:image\" content=\"https:\/\/www.toursbahia.com.br\/wp-content\/uploads\/2018\/12\/Tour-Comunit\u00e1rio-Foto-03.jpg\" \/>\n\t<meta property=\"og:image:width\" content=\"900\" \/>\n\t<meta property=\"og:image:height\" content=\"550\" \/>\n\t<meta property=\"og:image:type\" content=\"image\/jpeg\" \/>\n<meta name=\"twitter:card\" content=\"summary_large_image\" \/>\n<script type=\"application\/ld+json\" class=\"yoast-schema-graph\">{\"@context\":\"https:\/\/schema.org\",\"@graph\":[{\"@type\":\"WebSite\",\"@id\":\"https:\/\/www.toursbahia.com.br\/#website\",\"url\":\"https:\/\/www.toursbahia.com.br\/\",\"name\":\"Tours Bahia\",\"description\":\"\",\"potentialAction\":[{\"@type\":\"SearchAction\",\"target\":{\"@type\":\"EntryPoint\",\"urlTemplate\":\"https:\/\/www.toursbahia.com.br\/?s={search_term_string}\"},\"query-input\":\"required name=search_term_string\"}],\"inLanguage\":\"es\"},{\"@type\":\"ImageObject\",\"inLanguage\":\"es\",\"@id\":\"https:\/\/www.toursbahia.com.br\/es\/loja\/excursiones\/tour-comunitario-excursion\/#primaryimage\",\"url\":\"https:\/\/www.toursbahia.com.br\/wp-content\/uploads\/2018\/12\/Tour-Comunit\u00e1rio-Foto-03.jpg\",\"contentUrl\":\"https:\/\/www.toursbahia.com.br\/wp-content\/uploads\/2018\/12\/Tour-Comunit\u00e1rio-Foto-03.jpg\",\"width\":900,\"height\":550},{\"@type\":\"WebPage\",\"@id\":\"https:\/\/www.toursbahia.com.br\/es\/loja\/excursiones\/tour-comunitario-excursion\/\",\"url\":\"https:\/\/www.toursbahia.com.br\/es\/loja\/excursiones\/tour-comunitario-excursion\/\",\"name\":\"Tour Comunit\u00e1rio - Excursi\u00f3n - Tours Bahia\",\"isPartOf\":{\"@id\":\"https:\/\/www.toursbahia.com.br\/#website\"},\"primaryImageOfPage\":{\"@id\":\"https:\/\/www.toursbahia.com.br\/es\/loja\/excursiones\/tour-comunitario-excursion\/#primaryimage\"},\"datePublished\":\"2019-01-21T15:56:25+00:00\",\"dateModified\":\"2019-02-06T02:12:43+00:00\",\"breadcrumb\":{\"@id\":\"https:\/\/www.toursbahia.com.br\/es\/loja\/excursiones\/tour-comunitario-excursion\/#breadcrumb\"},\"inLanguage\":\"es\",\"potentialAction\":[{\"@type\":\"ReadAction\",\"target\":[\"https:\/\/www.toursbahia.com.br\/es\/loja\/excursiones\/tour-comunitario-excursion\/\"]}]},{\"@type\":\"BreadcrumbList\",\"@id\":\"https:\/\/www.toursbahia.com.br\/es\/loja\/excursiones\/tour-comunitario-excursion\/#breadcrumb\",\"itemListElement\":[{\"@type\":\"ListItem\",\"position\":1,\"name\":\"In\u00edcio\",\"item\":\"https:\/\/www.toursbahia.com.br\/es\/\"},{\"@type\":\"ListItem\",\"position\":2,\"name\":\"Store\",\"item\":\"https:\/\/www.toursbahia.com.br\/es\/store-tours-bahia-internacional\/\"},{\"@type\":\"ListItem\",\"position\":3,\"name\":\"Tour Comunit\u00e1rio &#8211; Excursi\u00f3n\"}]}]}<\/script>\n<!-- \/ Yoast SEO plugin. -->","yoast_head_json":{"title":"Tour Comunit\u00e1rio - Excursi\u00f3n - Tours Bahia","robots":{"index":"index","follow":"follow","max-snippet":"max-snippet:-1","max-image-preview":"max-image-preview:large","max-video-preview":"max-video-preview:-1"},"canonical":"https:\/\/www.toursbahia.com.br\/es\/loja\/excursiones\/tour-comunitario-excursion\/","og_locale":"es_ES","og_type":"article","og_title":"Tour Comunit\u00e1rio - Excursi\u00f3n - Tours Bahia","og_description":"Este es el recorrido perfecto para las personas que quieren conocer proyectos sociales exitosos y est\u00e1n interesados en descubrir e interactuar de manera humana y directa con la comunidad local y los habitantes de un barrio que en los a\u00f1os 70 acogi\u00f3 la mayor ocupaci\u00f3n de \u201cpalafitas\u201d de Brasil. Visitaremos algunos Proyectos Sociales realizados en la Comunidad y entenderemos su importancia para mejorar la calidad de vida de los residentes, especialmente de los ni\u00f1os y adolescentes, y conocer un poco m\u00e1s sobre sus historias y su vida cotidiana.  Nuestra primera parada ser\u00e1 en la Sede del Espacio Cultural de Alagados, que ofrece teatro, danza, m\u00fasica, refuerzo escolar y un bonito espacio con juguetes y bocadillos para los j\u00f3venes de la comunidad. Luego visitaremos la Escuela Comunitaria Luiza Mahin, fundada por las mujeres (madres) de la propia Comunidad que sintieron la necesidad de una escuela local para sus hijos. Hoy la escuela es hermosa, bien estructurada y un importante centro de apoyo para padres e hijos del barrio. Nuestra visita proporcionar\u00e1 una interacci\u00f3n directa con estos ni\u00f1os. La visita termina en la Iglesia de Nossa Senhora dos Alagados, famosa por haber sido fundada por el Papa Juan Pablo II en los a\u00f1os 80 y que tiene una vista impresionante.  A nossa primeira parada ser\u00e1 na Sede do Espa\u00e7o Cultural dos Alagados, que oferece teatro, dan\u00e7a, m\u00fasica, refor\u00e7o escolar e um espa\u00e7o muito agrad\u00e1vel com brinquedos e lanche para as crian\u00e7as e jovens da comunidade. Depois, vamos conhecer a Escola Comunit\u00e1ria Luiza Mahin, fundada pelas mulheres (m\u00e3es) da pr\u00f3pria Comunidade que sentiam falta de uma escola local para os seus filhos. Hoje a escola \u00e9 linda, bem estrutura e um importante centro de apoio para os pais e filhos do bairro. Nossa visita ir\u00e1 proporcionar uma intera\u00e7\u00e3o direta com essas crian\u00e7as e com a comunidade, vamos passear por todo o bairro tomar sorvete e conhecer de forma mais profunda a realidade de uma Comunidade.","og_url":"https:\/\/www.toursbahia.com.br\/es\/loja\/excursiones\/tour-comunitario-excursion\/","og_site_name":"Tours Bahia","article_publisher":"https:\/\/www.facebook.com\/toursbahiainternational","article_modified_time":"2019-02-06T02:12:43+00:00","og_image":[{"width":900,"height":550,"url":"https:\/\/www.toursbahia.com.br\/wp-content\/uploads\/2018\/12\/Tour-Comunit\u00e1rio-Foto-03.jpg","type":"image\/jpeg"}],"twitter_card":"summary_large_image","schema":{"@context":"https:\/\/schema.org","@graph":[{"@type":"WebSite","@id":"https:\/\/www.toursbahia.com.br\/#website","url":"https:\/\/www.toursbahia.com.br\/","name":"Tours Bahia","description":"","potentialAction":[{"@type":"SearchAction","target":{"@type":"EntryPoint","urlTemplate":"https:\/\/www.toursbahia.com.br\/?s={search_term_string}"},"query-input":"required name=search_term_string"}],"inLanguage":"es"},{"@type":"ImageObject","inLanguage":"es","@id":"https:\/\/www.toursbahia.com.br\/es\/loja\/excursiones\/tour-comunitario-excursion\/#primaryimage","url":"https:\/\/www.toursbahia.com.br\/wp-content\/uploads\/2018\/12\/Tour-Comunit\u00e1rio-Foto-03.jpg","contentUrl":"https:\/\/www.toursbahia.com.br\/wp-content\/uploads\/2018\/12\/Tour-Comunit\u00e1rio-Foto-03.jpg","width":900,"height":550},{"@type":"WebPage","@id":"https:\/\/www.toursbahia.com.br\/es\/loja\/excursiones\/tour-comunitario-excursion\/","url":"https:\/\/www.toursbahia.com.br\/es\/loja\/excursiones\/tour-comunitario-excursion\/","name":"Tour Comunit\u00e1rio - Excursi\u00f3n - Tours Bahia","isPartOf":{"@id":"https:\/\/www.toursbahia.com.br\/#website"},"primaryImageOfPage":{"@id":"https:\/\/www.toursbahia.com.br\/es\/loja\/excursiones\/tour-comunitario-excursion\/#primaryimage"},"datePublished":"2019-01-21T15:56:25+00:00","dateModified":"2019-02-06T02:12:43+00:00","breadcrumb":{"@id":"https:\/\/www.toursbahia.com.br\/es\/loja\/excursiones\/tour-comunitario-excursion\/#breadcrumb"},"inLanguage":"es","potentialAction":[{"@type":"ReadAction","target":["https:\/\/www.toursbahia.com.br\/es\/loja\/excursiones\/tour-comunitario-excursion\/"]}]},{"@type":"BreadcrumbList","@id":"https:\/\/www.toursbahia.com.br\/es\/loja\/excursiones\/tour-comunitario-excursion\/#breadcrumb","itemListElement":[{"@type":"ListItem","position":1,"name":"In\u00edcio","item":"https:\/\/www.toursbahia.com.br\/es\/"},{"@type":"ListItem","position":2,"name":"Store","item":"https:\/\/www.toursbahia.com.br\/es\/store-tours-bahia-internacional\/"},{"@type":"ListItem","position":3,"name":"Tour Comunit\u00e1rio &#8211; Excursi\u00f3n"}]}]}},"_links":{"self":[{"href":"https:\/\/www.toursbahia.com.br\/es\/wp-json\/wp\/v2\/product\/3554"}],"collection":[{"href":"https:\/\/www.toursbahia.com.br\/es\/wp-json\/wp\/v2\/product"}],"about":[{"href":"https:\/\/www.toursbahia.com.br\/es\/wp-json\/wp\/v2\/types\/product"}],"replies":[{"embeddable":true,"href":"https:\/\/www.toursbahia.com.br\/es\/wp-json\/wp\/v2\/comments?post=3554"}],"wp:featuredmedia":[{"embeddable":true,"href":"https:\/\/www.toursbahia.com.br\/es\/wp-json\/wp\/v2\/media\/2390"}],"wp:attachment":[{"href":"https:\/\/www.toursbahia.com.br\/es\/wp-json\/wp\/v2\/media?parent=3554"}],"wp:term":[{"taxonomy":"product_cat","embeddable":true,"href":"https:\/\/www.toursbahia.com.br\/es\/wp-json\/wp\/v2\/product_cat?post=3554"},{"taxonomy":"product_tag","embeddable":true,"href":"https:\/\/www.toursbahia.com.br\/es\/wp-json\/wp\/v2\/product_tag?post=3554"}],"curies":[{"name":"wp","href":"https:\/\/api.w.org\/{rel}","templated":true}]}}