{"id":3566,"date":"2019-01-21T13:48:06","date_gmt":"2019-01-21T15:48:06","guid":{"rendered":"https:\/\/www.toursbahia.com.br\/\/produto\/sincategorizar\/bahia-mistica-passeio\/"},"modified":"2025-06-01T04:54:21","modified_gmt":"2025-06-01T07:54:21","slug":"bahia-mistica-excursion","status":"publish","type":"product","link":"https:\/\/www.toursbahia.com.br\/es\/loja\/excursiones\/bahia-mistica-excursion\/","title":{"rendered":"Bahia M\u00edstica &#8211; Excursi\u00f3n"},"content":{"rendered":"","protected":false},"excerpt":{"rendered":"<p>\u00a1ENCUENTRO CON EL SINCRETISMO RELIGIOSO!<\/p>\n<p>\u00a1Para los que deseen conocer algunos de los misterios y curiosidades sobre la religi\u00f3n que los esclavos trajeron de \u00c1frica y que cre\u00f3 ra\u00edces en Bah\u00eda, esta es la excursi\u00f3n perfecta!<\/p>\n<p>Nuestro tour empezar\u00e1 con una visita al Dique do Toror\u00f3, donde conocer\u00e1 algunas de las entidades presentes en el Candombl\u00e9 a trav\u00e9s de las esculturas del artista Tati Moreno. El pr\u00f3ximo local que ser\u00e1 visitado es la \u201cFeira de S\u00e3o Joaquim\u201d, feria donde se venden muchos artefactos utilizados en las ceremonias, como: cestas para las ofrendas, hojas para ba\u00f1o y muchas hierbas. Para finalizar nuestro paseo con mucho \u201cax\u00e9\u201d (energ\u00eda positiva), visitaremos uno de los \u201cterreiros\u201d de candombl\u00e9 m\u00e1s tradicionales de Salvador, aqu\u00ed tendr\u00e1 la oportunidad de conocer m\u00e1s sobre la historia de esta religi\u00f3n, sus or\u00edgenes y sus orix\u00e1s, adem\u00e1s de tener contacto directo con los habitantes del \u201cterreiro\u201d. Sin duda ser\u00e1 una experiencia \u00fanica y sorprendente.<\/p>\n","protected":false},"featured_media":3227,"comment_status":"open","ping_status":"closed","template":"","meta":[],"product_cat":[778,779,818,812],"product_tag":[],"yoast_head":"<!-- This site is optimized with the Yoast SEO plugin v19.3 - https:\/\/yoast.com\/wordpress\/plugins\/seo\/ -->\n<title>Bahia M\u00edstica - Excursi\u00f3n - Tours Bahia<\/title>\n<meta name=\"robots\" content=\"index, follow, max-snippet:-1, max-image-preview:large, max-video-preview:-1\" \/>\n<link rel=\"canonical\" href=\"https:\/\/www.toursbahia.com.br\/es\/loja\/excursiones\/bahia-mistica-excursion\/\" \/>\n<meta property=\"og:locale\" content=\"es_ES\" \/>\n<meta property=\"og:type\" content=\"article\" \/>\n<meta property=\"og:title\" content=\"Bahia M\u00edstica - Excursi\u00f3n - Tours Bahia\" \/>\n<meta property=\"og:description\" content=\"\u00a1ENCUENTRO CON EL SINCRETISMO RELIGIOSO!  \u00a1Para los que deseen conocer algunos de los misterios y curiosidades sobre la religi\u00f3n que los esclavos trajeron de \u00c1frica y que cre\u00f3 ra\u00edces en Bah\u00eda, esta es la excursi\u00f3n perfecta!  Nuestro tour empezar\u00e1 con una visita al Dique do Toror\u00f3, donde conocer\u00e1 algunas de las entidades presentes en el Candombl\u00e9 a trav\u00e9s de las esculturas del artista Tati Moreno. El pr\u00f3ximo local que ser\u00e1 visitado es la \u201cFeira de S\u00e3o Joaquim\u201d, feria donde se venden muchos artefactos utilizados en las ceremonias, como: cestas para las ofrendas, hojas para ba\u00f1o y muchas hierbas. Para finalizar nuestro paseo con mucho \u201cax\u00e9\u201d (energ\u00eda positiva), visitaremos uno de los \u201cterreiros\u201d de candombl\u00e9 m\u00e1s tradicionales de Salvador, aqu\u00ed tendr\u00e1 la oportunidad de conocer m\u00e1s sobre la historia de esta religi\u00f3n, sus or\u00edgenes y sus orix\u00e1s, adem\u00e1s de tener contacto directo con los habitantes del \u201cterreiro\u201d. Sin duda ser\u00e1 una experiencia \u00fanica y sorprendente.\" \/>\n<meta property=\"og:url\" content=\"https:\/\/www.toursbahia.com.br\/es\/loja\/excursiones\/bahia-mistica-excursion\/\" \/>\n<meta property=\"og:site_name\" content=\"Tours Bahia\" \/>\n<meta property=\"article:publisher\" content=\"https:\/\/www.facebook.com\/toursbahiainternational\" \/>\n<meta property=\"article:modified_time\" content=\"2025-06-01T07:54:21+00:00\" \/>\n<meta property=\"og:image\" content=\"https:\/\/www.toursbahia.com.br\/wp-content\/uploads\/2018\/12\/Bahia-M\u00edstica-Foto-04.jpg\" \/>\n\t<meta property=\"og:image:width\" content=\"900\" \/>\n\t<meta property=\"og:image:height\" content=\"550\" \/>\n\t<meta property=\"og:image:type\" content=\"image\/jpeg\" \/>\n<meta name=\"twitter:card\" content=\"summary_large_image\" \/>\n<script type=\"application\/ld+json\" class=\"yoast-schema-graph\">{\"@context\":\"https:\/\/schema.org\",\"@graph\":[{\"@type\":\"WebSite\",\"@id\":\"https:\/\/www.toursbahia.com.br\/#website\",\"url\":\"https:\/\/www.toursbahia.com.br\/\",\"name\":\"Tours Bahia\",\"description\":\"\",\"potentialAction\":[{\"@type\":\"SearchAction\",\"target\":{\"@type\":\"EntryPoint\",\"urlTemplate\":\"https:\/\/www.toursbahia.com.br\/?s={search_term_string}\"},\"query-input\":\"required name=search_term_string\"}],\"inLanguage\":\"es\"},{\"@type\":\"ImageObject\",\"inLanguage\":\"es\",\"@id\":\"https:\/\/www.toursbahia.com.br\/es\/loja\/excursiones\/bahia-mistica-excursion\/#primaryimage\",\"url\":\"https:\/\/www.toursbahia.com.br\/wp-content\/uploads\/2018\/12\/Bahia-M\u00edstica-Foto-04.jpg\",\"contentUrl\":\"https:\/\/www.toursbahia.com.br\/wp-content\/uploads\/2018\/12\/Bahia-M\u00edstica-Foto-04.jpg\",\"width\":900,\"height\":550},{\"@type\":\"WebPage\",\"@id\":\"https:\/\/www.toursbahia.com.br\/es\/loja\/excursiones\/bahia-mistica-excursion\/\",\"url\":\"https:\/\/www.toursbahia.com.br\/es\/loja\/excursiones\/bahia-mistica-excursion\/\",\"name\":\"Bahia M\u00edstica - Excursi\u00f3n - Tours Bahia\",\"isPartOf\":{\"@id\":\"https:\/\/www.toursbahia.com.br\/#website\"},\"primaryImageOfPage\":{\"@id\":\"https:\/\/www.toursbahia.com.br\/es\/loja\/excursiones\/bahia-mistica-excursion\/#primaryimage\"},\"datePublished\":\"2019-01-21T15:48:06+00:00\",\"dateModified\":\"2025-06-01T07:54:21+00:00\",\"breadcrumb\":{\"@id\":\"https:\/\/www.toursbahia.com.br\/es\/loja\/excursiones\/bahia-mistica-excursion\/#breadcrumb\"},\"inLanguage\":\"es\",\"potentialAction\":[{\"@type\":\"ReadAction\",\"target\":[\"https:\/\/www.toursbahia.com.br\/es\/loja\/excursiones\/bahia-mistica-excursion\/\"]}]},{\"@type\":\"BreadcrumbList\",\"@id\":\"https:\/\/www.toursbahia.com.br\/es\/loja\/excursiones\/bahia-mistica-excursion\/#breadcrumb\",\"itemListElement\":[{\"@type\":\"ListItem\",\"position\":1,\"name\":\"In\u00edcio\",\"item\":\"https:\/\/www.toursbahia.com.br\/es\/\"},{\"@type\":\"ListItem\",\"position\":2,\"name\":\"Store\",\"item\":\"https:\/\/www.toursbahia.com.br\/es\/store-tours-bahia-internacional\/\"},{\"@type\":\"ListItem\",\"position\":3,\"name\":\"Bahia M\u00edstica &#8211; Excursi\u00f3n\"}]}]}<\/script>\n<!-- \/ Yoast SEO plugin. -->","yoast_head_json":{"title":"Bahia M\u00edstica - Excursi\u00f3n - Tours Bahia","robots":{"index":"index","follow":"follow","max-snippet":"max-snippet:-1","max-image-preview":"max-image-preview:large","max-video-preview":"max-video-preview:-1"},"canonical":"https:\/\/www.toursbahia.com.br\/es\/loja\/excursiones\/bahia-mistica-excursion\/","og_locale":"es_ES","og_type":"article","og_title":"Bahia M\u00edstica - Excursi\u00f3n - Tours Bahia","og_description":"\u00a1ENCUENTRO CON EL SINCRETISMO RELIGIOSO!  \u00a1Para los que deseen conocer algunos de los misterios y curiosidades sobre la religi\u00f3n que los esclavos trajeron de \u00c1frica y que cre\u00f3 ra\u00edces en Bah\u00eda, esta es la excursi\u00f3n perfecta!  Nuestro tour empezar\u00e1 con una visita al Dique do Toror\u00f3, donde conocer\u00e1 algunas de las entidades presentes en el Candombl\u00e9 a trav\u00e9s de las esculturas del artista Tati Moreno. El pr\u00f3ximo local que ser\u00e1 visitado es la \u201cFeira de S\u00e3o Joaquim\u201d, feria donde se venden muchos artefactos utilizados en las ceremonias, como: cestas para las ofrendas, hojas para ba\u00f1o y muchas hierbas. Para finalizar nuestro paseo con mucho \u201cax\u00e9\u201d (energ\u00eda positiva), visitaremos uno de los \u201cterreiros\u201d de candombl\u00e9 m\u00e1s tradicionales de Salvador, aqu\u00ed tendr\u00e1 la oportunidad de conocer m\u00e1s sobre la historia de esta religi\u00f3n, sus or\u00edgenes y sus orix\u00e1s, adem\u00e1s de tener contacto directo con los habitantes del \u201cterreiro\u201d. Sin duda ser\u00e1 una experiencia \u00fanica y sorprendente.","og_url":"https:\/\/www.toursbahia.com.br\/es\/loja\/excursiones\/bahia-mistica-excursion\/","og_site_name":"Tours Bahia","article_publisher":"https:\/\/www.facebook.com\/toursbahiainternational","article_modified_time":"2025-06-01T07:54:21+00:00","og_image":[{"width":900,"height":550,"url":"https:\/\/www.toursbahia.com.br\/wp-content\/uploads\/2018\/12\/Bahia-M\u00edstica-Foto-04.jpg","type":"image\/jpeg"}],"twitter_card":"summary_large_image","schema":{"@context":"https:\/\/schema.org","@graph":[{"@type":"WebSite","@id":"https:\/\/www.toursbahia.com.br\/#website","url":"https:\/\/www.toursbahia.com.br\/","name":"Tours Bahia","description":"","potentialAction":[{"@type":"SearchAction","target":{"@type":"EntryPoint","urlTemplate":"https:\/\/www.toursbahia.com.br\/?s={search_term_string}"},"query-input":"required name=search_term_string"}],"inLanguage":"es"},{"@type":"ImageObject","inLanguage":"es","@id":"https:\/\/www.toursbahia.com.br\/es\/loja\/excursiones\/bahia-mistica-excursion\/#primaryimage","url":"https:\/\/www.toursbahia.com.br\/wp-content\/uploads\/2018\/12\/Bahia-M\u00edstica-Foto-04.jpg","contentUrl":"https:\/\/www.toursbahia.com.br\/wp-content\/uploads\/2018\/12\/Bahia-M\u00edstica-Foto-04.jpg","width":900,"height":550},{"@type":"WebPage","@id":"https:\/\/www.toursbahia.com.br\/es\/loja\/excursiones\/bahia-mistica-excursion\/","url":"https:\/\/www.toursbahia.com.br\/es\/loja\/excursiones\/bahia-mistica-excursion\/","name":"Bahia M\u00edstica - Excursi\u00f3n - Tours Bahia","isPartOf":{"@id":"https:\/\/www.toursbahia.com.br\/#website"},"primaryImageOfPage":{"@id":"https:\/\/www.toursbahia.com.br\/es\/loja\/excursiones\/bahia-mistica-excursion\/#primaryimage"},"datePublished":"2019-01-21T15:48:06+00:00","dateModified":"2025-06-01T07:54:21+00:00","breadcrumb":{"@id":"https:\/\/www.toursbahia.com.br\/es\/loja\/excursiones\/bahia-mistica-excursion\/#breadcrumb"},"inLanguage":"es","potentialAction":[{"@type":"ReadAction","target":["https:\/\/www.toursbahia.com.br\/es\/loja\/excursiones\/bahia-mistica-excursion\/"]}]},{"@type":"BreadcrumbList","@id":"https:\/\/www.toursbahia.com.br\/es\/loja\/excursiones\/bahia-mistica-excursion\/#breadcrumb","itemListElement":[{"@type":"ListItem","position":1,"name":"In\u00edcio","item":"https:\/\/www.toursbahia.com.br\/es\/"},{"@type":"ListItem","position":2,"name":"Store","item":"https:\/\/www.toursbahia.com.br\/es\/store-tours-bahia-internacional\/"},{"@type":"ListItem","position":3,"name":"Bahia M\u00edstica &#8211; Excursi\u00f3n"}]}]}},"_links":{"self":[{"href":"https:\/\/www.toursbahia.com.br\/es\/wp-json\/wp\/v2\/product\/3566"}],"collection":[{"href":"https:\/\/www.toursbahia.com.br\/es\/wp-json\/wp\/v2\/product"}],"about":[{"href":"https:\/\/www.toursbahia.com.br\/es\/wp-json\/wp\/v2\/types\/product"}],"replies":[{"embeddable":true,"href":"https:\/\/www.toursbahia.com.br\/es\/wp-json\/wp\/v2\/comments?post=3566"}],"wp:featuredmedia":[{"embeddable":true,"href":"https:\/\/www.toursbahia.com.br\/es\/wp-json\/wp\/v2\/media\/3227"}],"wp:attachment":[{"href":"https:\/\/www.toursbahia.com.br\/es\/wp-json\/wp\/v2\/media?parent=3566"}],"wp:term":[{"taxonomy":"product_cat","embeddable":true,"href":"https:\/\/www.toursbahia.com.br\/es\/wp-json\/wp\/v2\/product_cat?post=3566"},{"taxonomy":"product_tag","embeddable":true,"href":"https:\/\/www.toursbahia.com.br\/es\/wp-json\/wp\/v2\/product_tag?post=3566"}],"curies":[{"name":"wp","href":"https:\/\/api.w.org\/{rel}","templated":true}]}}