{"id":3569,"date":"2019-01-21T13:45:42","date_gmt":"2019-01-21T15:45:42","guid":{"rendered":"https:\/\/www.toursbahia.com.br\/\/produto\/sincategorizar\/tour-panoramico-passeio\/"},"modified":"2019-02-06T00:36:13","modified_gmt":"2019-02-06T02:36:13","slug":"panoramico-excursion","status":"publish","type":"product","link":"https:\/\/www.toursbahia.com.br\/es\/loja\/excursiones\/panoramico-excursion\/","title":{"rendered":"Panor\u00e2mico &#8211; Excursi\u00f3n"},"content":{"rendered":"","protected":false},"excerpt":{"rendered":"<p>LA BENDICI\u00d3N DEL SE\u00d1OR DO BONFIM!<\/p>\n<p>En esta excursi\u00f3n, realizar\u00e1 un encantador paseo por la \u201cCidade Baixa\u201d de Salvador (ciudad Baja). Local lleno de historia, cultura, arte y paisajes deslumbrantes, empezando con las vistas de la Pen\u00ednsula de Itapagipe. Una breve parada en la Helader\u00eda da Ribeira para refrescarse con un delicioso helado de frutas t\u00edpicas con sabores ex\u00f3ticos que no encontrar\u00e1 en ning\u00fan otro lugar.<\/p>\n<p>Continuamos nuestro tour visitando la famosa Iglesia do Senhor do Bonfim, que a cada segundo jueves de enero, se convierte en el escenario de una de las mayores fiestas que celebran la religiosidad en Bah\u00eda.<\/p>\n<p>Siguiendo hacia Montserrat, visitaremos el Fuerte de Montserrat, que todav\u00eda mantiene ejemplares originales de armas de guerra. Justo al lado, visitaremos la Ponta de Humait\u00e1, donde la puesta de sol es encantadora.<\/p>\n<p>El paseo termina con un tiempo libre para realizar compras en el Mercado Modelo, el mayor centro de artesan\u00eda de Bah\u00eda.<\/p>\n","protected":false},"featured_media":2378,"comment_status":"open","ping_status":"closed","template":"","meta":[],"product_cat":[778,779,832,812],"product_tag":[],"yoast_head":"<!-- This site is optimized with the Yoast SEO plugin v19.3 - https:\/\/yoast.com\/wordpress\/plugins\/seo\/ -->\n<title>Panor\u00e2mico - Excursi\u00f3n - Tours Bahia<\/title>\n<meta name=\"robots\" content=\"index, follow, max-snippet:-1, max-image-preview:large, max-video-preview:-1\" \/>\n<link rel=\"canonical\" href=\"https:\/\/www.toursbahia.com.br\/es\/loja\/excursiones\/panoramico-excursion\/\" \/>\n<meta property=\"og:locale\" content=\"es_ES\" \/>\n<meta property=\"og:type\" content=\"article\" \/>\n<meta property=\"og:title\" content=\"Panor\u00e2mico - Excursi\u00f3n - Tours Bahia\" \/>\n<meta property=\"og:description\" content=\"LA BENDICI\u00d3N DEL SE\u00d1OR DO BONFIM!  En esta excursi\u00f3n, realizar\u00e1 un encantador paseo por la \u201cCidade Baixa\u201d de Salvador (ciudad Baja). Local lleno de historia, cultura, arte y paisajes deslumbrantes, empezando con las vistas de la Pen\u00ednsula de Itapagipe. Una breve parada en la Helader\u00eda da Ribeira para refrescarse con un delicioso helado de frutas t\u00edpicas con sabores ex\u00f3ticos que no encontrar\u00e1 en ning\u00fan otro lugar.  Continuamos nuestro tour visitando la famosa Iglesia do Senhor do Bonfim, que a cada segundo jueves de enero, se convierte en el escenario de una de las mayores fiestas que celebran la religiosidad en Bah\u00eda.  Siguiendo hacia Montserrat, visitaremos el Fuerte de Montserrat, que todav\u00eda mantiene ejemplares originales de armas de guerra. Justo al lado, visitaremos la Ponta de Humait\u00e1, donde la puesta de sol es encantadora.  El paseo termina con un tiempo libre para realizar compras en el Mercado Modelo, el mayor centro de artesan\u00eda de Bah\u00eda.\" \/>\n<meta property=\"og:url\" content=\"https:\/\/www.toursbahia.com.br\/es\/loja\/excursiones\/panoramico-excursion\/\" \/>\n<meta property=\"og:site_name\" content=\"Tours Bahia\" \/>\n<meta property=\"article:publisher\" content=\"https:\/\/www.facebook.com\/toursbahiainternational\" \/>\n<meta property=\"article:modified_time\" content=\"2019-02-06T02:36:13+00:00\" \/>\n<meta property=\"og:image\" content=\"https:\/\/www.toursbahia.com.br\/wp-content\/uploads\/2018\/12\/Tour-Panor\u00e2mico-Foto-06.jpg\" \/>\n\t<meta property=\"og:image:width\" content=\"900\" \/>\n\t<meta property=\"og:image:height\" content=\"550\" \/>\n\t<meta property=\"og:image:type\" content=\"image\/jpeg\" \/>\n<meta name=\"twitter:card\" content=\"summary_large_image\" \/>\n<script type=\"application\/ld+json\" class=\"yoast-schema-graph\">{\"@context\":\"https:\/\/schema.org\",\"@graph\":[{\"@type\":\"WebSite\",\"@id\":\"https:\/\/www.toursbahia.com.br\/#website\",\"url\":\"https:\/\/www.toursbahia.com.br\/\",\"name\":\"Tours Bahia\",\"description\":\"\",\"potentialAction\":[{\"@type\":\"SearchAction\",\"target\":{\"@type\":\"EntryPoint\",\"urlTemplate\":\"https:\/\/www.toursbahia.com.br\/?s={search_term_string}\"},\"query-input\":\"required name=search_term_string\"}],\"inLanguage\":\"es\"},{\"@type\":\"ImageObject\",\"inLanguage\":\"es\",\"@id\":\"https:\/\/www.toursbahia.com.br\/es\/loja\/excursiones\/panoramico-excursion\/#primaryimage\",\"url\":\"https:\/\/www.toursbahia.com.br\/wp-content\/uploads\/2018\/12\/Tour-Panor\u00e2mico-Foto-06.jpg\",\"contentUrl\":\"https:\/\/www.toursbahia.com.br\/wp-content\/uploads\/2018\/12\/Tour-Panor\u00e2mico-Foto-06.jpg\",\"width\":900,\"height\":550},{\"@type\":\"WebPage\",\"@id\":\"https:\/\/www.toursbahia.com.br\/es\/loja\/excursiones\/panoramico-excursion\/\",\"url\":\"https:\/\/www.toursbahia.com.br\/es\/loja\/excursiones\/panoramico-excursion\/\",\"name\":\"Panor\u00e2mico - Excursi\u00f3n - Tours Bahia\",\"isPartOf\":{\"@id\":\"https:\/\/www.toursbahia.com.br\/#website\"},\"primaryImageOfPage\":{\"@id\":\"https:\/\/www.toursbahia.com.br\/es\/loja\/excursiones\/panoramico-excursion\/#primaryimage\"},\"datePublished\":\"2019-01-21T15:45:42+00:00\",\"dateModified\":\"2019-02-06T02:36:13+00:00\",\"breadcrumb\":{\"@id\":\"https:\/\/www.toursbahia.com.br\/es\/loja\/excursiones\/panoramico-excursion\/#breadcrumb\"},\"inLanguage\":\"es\",\"potentialAction\":[{\"@type\":\"ReadAction\",\"target\":[\"https:\/\/www.toursbahia.com.br\/es\/loja\/excursiones\/panoramico-excursion\/\"]}]},{\"@type\":\"BreadcrumbList\",\"@id\":\"https:\/\/www.toursbahia.com.br\/es\/loja\/excursiones\/panoramico-excursion\/#breadcrumb\",\"itemListElement\":[{\"@type\":\"ListItem\",\"position\":1,\"name\":\"In\u00edcio\",\"item\":\"https:\/\/www.toursbahia.com.br\/es\/\"},{\"@type\":\"ListItem\",\"position\":2,\"name\":\"Store\",\"item\":\"https:\/\/www.toursbahia.com.br\/es\/store-tours-bahia-internacional\/\"},{\"@type\":\"ListItem\",\"position\":3,\"name\":\"Panor\u00e2mico &#8211; Excursi\u00f3n\"}]}]}<\/script>\n<!-- \/ Yoast SEO plugin. -->","yoast_head_json":{"title":"Panor\u00e2mico - Excursi\u00f3n - Tours Bahia","robots":{"index":"index","follow":"follow","max-snippet":"max-snippet:-1","max-image-preview":"max-image-preview:large","max-video-preview":"max-video-preview:-1"},"canonical":"https:\/\/www.toursbahia.com.br\/es\/loja\/excursiones\/panoramico-excursion\/","og_locale":"es_ES","og_type":"article","og_title":"Panor\u00e2mico - Excursi\u00f3n - Tours Bahia","og_description":"LA BENDICI\u00d3N DEL SE\u00d1OR DO BONFIM!  En esta excursi\u00f3n, realizar\u00e1 un encantador paseo por la \u201cCidade Baixa\u201d de Salvador (ciudad Baja). Local lleno de historia, cultura, arte y paisajes deslumbrantes, empezando con las vistas de la Pen\u00ednsula de Itapagipe. Una breve parada en la Helader\u00eda da Ribeira para refrescarse con un delicioso helado de frutas t\u00edpicas con sabores ex\u00f3ticos que no encontrar\u00e1 en ning\u00fan otro lugar.  Continuamos nuestro tour visitando la famosa Iglesia do Senhor do Bonfim, que a cada segundo jueves de enero, se convierte en el escenario de una de las mayores fiestas que celebran la religiosidad en Bah\u00eda.  Siguiendo hacia Montserrat, visitaremos el Fuerte de Montserrat, que todav\u00eda mantiene ejemplares originales de armas de guerra. Justo al lado, visitaremos la Ponta de Humait\u00e1, donde la puesta de sol es encantadora.  El paseo termina con un tiempo libre para realizar compras en el Mercado Modelo, el mayor centro de artesan\u00eda de Bah\u00eda.","og_url":"https:\/\/www.toursbahia.com.br\/es\/loja\/excursiones\/panoramico-excursion\/","og_site_name":"Tours Bahia","article_publisher":"https:\/\/www.facebook.com\/toursbahiainternational","article_modified_time":"2019-02-06T02:36:13+00:00","og_image":[{"width":900,"height":550,"url":"https:\/\/www.toursbahia.com.br\/wp-content\/uploads\/2018\/12\/Tour-Panor\u00e2mico-Foto-06.jpg","type":"image\/jpeg"}],"twitter_card":"summary_large_image","schema":{"@context":"https:\/\/schema.org","@graph":[{"@type":"WebSite","@id":"https:\/\/www.toursbahia.com.br\/#website","url":"https:\/\/www.toursbahia.com.br\/","name":"Tours Bahia","description":"","potentialAction":[{"@type":"SearchAction","target":{"@type":"EntryPoint","urlTemplate":"https:\/\/www.toursbahia.com.br\/?s={search_term_string}"},"query-input":"required name=search_term_string"}],"inLanguage":"es"},{"@type":"ImageObject","inLanguage":"es","@id":"https:\/\/www.toursbahia.com.br\/es\/loja\/excursiones\/panoramico-excursion\/#primaryimage","url":"https:\/\/www.toursbahia.com.br\/wp-content\/uploads\/2018\/12\/Tour-Panor\u00e2mico-Foto-06.jpg","contentUrl":"https:\/\/www.toursbahia.com.br\/wp-content\/uploads\/2018\/12\/Tour-Panor\u00e2mico-Foto-06.jpg","width":900,"height":550},{"@type":"WebPage","@id":"https:\/\/www.toursbahia.com.br\/es\/loja\/excursiones\/panoramico-excursion\/","url":"https:\/\/www.toursbahia.com.br\/es\/loja\/excursiones\/panoramico-excursion\/","name":"Panor\u00e2mico - Excursi\u00f3n - Tours Bahia","isPartOf":{"@id":"https:\/\/www.toursbahia.com.br\/#website"},"primaryImageOfPage":{"@id":"https:\/\/www.toursbahia.com.br\/es\/loja\/excursiones\/panoramico-excursion\/#primaryimage"},"datePublished":"2019-01-21T15:45:42+00:00","dateModified":"2019-02-06T02:36:13+00:00","breadcrumb":{"@id":"https:\/\/www.toursbahia.com.br\/es\/loja\/excursiones\/panoramico-excursion\/#breadcrumb"},"inLanguage":"es","potentialAction":[{"@type":"ReadAction","target":["https:\/\/www.toursbahia.com.br\/es\/loja\/excursiones\/panoramico-excursion\/"]}]},{"@type":"BreadcrumbList","@id":"https:\/\/www.toursbahia.com.br\/es\/loja\/excursiones\/panoramico-excursion\/#breadcrumb","itemListElement":[{"@type":"ListItem","position":1,"name":"In\u00edcio","item":"https:\/\/www.toursbahia.com.br\/es\/"},{"@type":"ListItem","position":2,"name":"Store","item":"https:\/\/www.toursbahia.com.br\/es\/store-tours-bahia-internacional\/"},{"@type":"ListItem","position":3,"name":"Panor\u00e2mico &#8211; Excursi\u00f3n"}]}]}},"_links":{"self":[{"href":"https:\/\/www.toursbahia.com.br\/es\/wp-json\/wp\/v2\/product\/3569"}],"collection":[{"href":"https:\/\/www.toursbahia.com.br\/es\/wp-json\/wp\/v2\/product"}],"about":[{"href":"https:\/\/www.toursbahia.com.br\/es\/wp-json\/wp\/v2\/types\/product"}],"replies":[{"embeddable":true,"href":"https:\/\/www.toursbahia.com.br\/es\/wp-json\/wp\/v2\/comments?post=3569"}],"wp:featuredmedia":[{"embeddable":true,"href":"https:\/\/www.toursbahia.com.br\/es\/wp-json\/wp\/v2\/media\/2378"}],"wp:attachment":[{"href":"https:\/\/www.toursbahia.com.br\/es\/wp-json\/wp\/v2\/media?parent=3569"}],"wp:term":[{"taxonomy":"product_cat","embeddable":true,"href":"https:\/\/www.toursbahia.com.br\/es\/wp-json\/wp\/v2\/product_cat?post=3569"},{"taxonomy":"product_tag","embeddable":true,"href":"https:\/\/www.toursbahia.com.br\/es\/wp-json\/wp\/v2\/product_tag?post=3569"}],"curies":[{"name":"wp","href":"https:\/\/api.w.org\/{rel}","templated":true}]}}