{"id":3587,"date":"2019-01-21T13:41:11","date_gmt":"2019-01-21T15:41:11","guid":{"rendered":"https:\/\/www.toursbahia.com.br\/\/produto\/sincategorizar\/cachoeira-passeio\/"},"modified":"2025-06-01T03:09:08","modified_gmt":"2025-06-01T06:09:08","slug":"cachoeira-excursion","status":"publish","type":"product","link":"https:\/\/www.toursbahia.com.br\/es\/loja\/excursiones\/cachoeira-excursion\/","title":{"rendered":"Cachoeira &#8211; Excursi\u00f3n"},"content":{"rendered":"","protected":false},"excerpt":{"rendered":"<p>\u00a1CONOZCA EL REC\u00d3NCAVO BAHIANO!<\/p>\n<p>Tours Bahia le lleva a realizar un incre\u00edble viaje en el tiempo. En esta excursi\u00f3n conocer\u00e1 un poco m\u00e1s sobre la \u00e9poca del Brasil Imperial y la Nobleza que habit\u00f3 el Rec\u00f4ncavo Bahiano. La primera ciudad que se visita es Santo Amaro da Purifica\u00e7\u00e3o, que adem\u00e1s de sus bellezas naturales conserva imponentes construcciones del Siglo XVIII, como la Capilla de Santo Amaro y el Solar Para\u00edso.<\/p>\n<p>Seguimos en direcci\u00f3n a Cachoeira, nombrada \u201cCiudad Monumento Nacional\u201d, que conserva algunas de las construcciones m\u00e1s importantes que forman parte de la historia de Brasil. Entre ellas est\u00e1n: La Fundaci\u00f3n Hansen Bahia, que hosped\u00f3 a Don Pedro II en 1858 y a la Princesa Isabel en 1885; la iglesia del Orden Terceira do Carmo, con sus columnas del altar ba\u00f1adas en oro, y el Convento de S\u00e3o Francisco do Paraguassu, uno de los m\u00e1s antiguos de Brasil. Al otro lado del Rio Paraguassu, en S\u00e3o Felix, visitar\u00e1 el Centro Cultural Dannemann, donde son fabricados los mejores puros artesanales del pa\u00eds. El almuerzo, en una hacienda t\u00edpica de la \u00e9poca de producci\u00f3n del az\u00facar, le dar\u00e1 un toque especial a este fascinante tour.<\/p>\n","protected":false},"featured_media":2583,"comment_status":"open","ping_status":"closed","template":"","meta":[],"product_cat":[778,779,822,812],"product_tag":[],"yoast_head":"<!-- This site is optimized with the Yoast SEO plugin v19.3 - https:\/\/yoast.com\/wordpress\/plugins\/seo\/ -->\n<title>Cachoeira - Excursi\u00f3n - Tours Bahia<\/title>\n<meta name=\"robots\" content=\"index, follow, max-snippet:-1, max-image-preview:large, max-video-preview:-1\" \/>\n<link rel=\"canonical\" href=\"https:\/\/www.toursbahia.com.br\/es\/loja\/excursiones\/cachoeira-excursion\/\" \/>\n<meta property=\"og:locale\" content=\"es_ES\" \/>\n<meta property=\"og:type\" content=\"article\" \/>\n<meta property=\"og:title\" content=\"Cachoeira - Excursi\u00f3n - Tours Bahia\" \/>\n<meta property=\"og:description\" content=\"\u00a1CONOZCA EL REC\u00d3NCAVO BAHIANO!  Tours Bahia le lleva a realizar un incre\u00edble viaje en el tiempo. En esta excursi\u00f3n conocer\u00e1 un poco m\u00e1s sobre la \u00e9poca del Brasil Imperial y la Nobleza que habit\u00f3 el Rec\u00f4ncavo Bahiano. La primera ciudad que se visita es Santo Amaro da Purifica\u00e7\u00e3o, que adem\u00e1s de sus bellezas naturales conserva imponentes construcciones del Siglo XVIII, como la Capilla de Santo Amaro y el Solar Para\u00edso.  Seguimos en direcci\u00f3n a Cachoeira, nombrada \u201cCiudad Monumento Nacional\u201d, que conserva algunas de las construcciones m\u00e1s importantes que forman parte de la historia de Brasil. Entre ellas est\u00e1n: La Fundaci\u00f3n Hansen Bahia, que hosped\u00f3 a Don Pedro II en 1858 y a la Princesa Isabel en 1885; la iglesia del Orden Terceira do Carmo, con sus columnas del altar ba\u00f1adas en oro, y el Convento de S\u00e3o Francisco do Paraguassu, uno de los m\u00e1s antiguos de Brasil. Al otro lado del Rio Paraguassu, en S\u00e3o Felix, visitar\u00e1 el Centro Cultural Dannemann, donde son fabricados los mejores puros artesanales del pa\u00eds. El almuerzo, en una hacienda t\u00edpica de la \u00e9poca de producci\u00f3n del az\u00facar, le dar\u00e1 un toque especial a este fascinante tour.\" \/>\n<meta property=\"og:url\" content=\"https:\/\/www.toursbahia.com.br\/es\/loja\/excursiones\/cachoeira-excursion\/\" \/>\n<meta property=\"og:site_name\" content=\"Tours Bahia\" \/>\n<meta property=\"article:publisher\" content=\"https:\/\/www.facebook.com\/toursbahiainternational\" \/>\n<meta property=\"article:modified_time\" content=\"2025-06-01T06:09:08+00:00\" \/>\n<meta property=\"og:image\" content=\"https:\/\/www.toursbahia.com.br\/wp-content\/uploads\/2018\/12\/Cachoeira-Foto-03.jpg\" \/>\n\t<meta property=\"og:image:width\" content=\"900\" \/>\n\t<meta property=\"og:image:height\" content=\"550\" \/>\n\t<meta property=\"og:image:type\" content=\"image\/jpeg\" \/>\n<meta name=\"twitter:card\" content=\"summary_large_image\" \/>\n<script type=\"application\/ld+json\" class=\"yoast-schema-graph\">{\"@context\":\"https:\/\/schema.org\",\"@graph\":[{\"@type\":\"WebSite\",\"@id\":\"https:\/\/www.toursbahia.com.br\/#website\",\"url\":\"https:\/\/www.toursbahia.com.br\/\",\"name\":\"Tours Bahia\",\"description\":\"\",\"potentialAction\":[{\"@type\":\"SearchAction\",\"target\":{\"@type\":\"EntryPoint\",\"urlTemplate\":\"https:\/\/www.toursbahia.com.br\/?s={search_term_string}\"},\"query-input\":\"required name=search_term_string\"}],\"inLanguage\":\"es\"},{\"@type\":\"ImageObject\",\"inLanguage\":\"es\",\"@id\":\"https:\/\/www.toursbahia.com.br\/es\/loja\/excursiones\/cachoeira-excursion\/#primaryimage\",\"url\":\"https:\/\/www.toursbahia.com.br\/wp-content\/uploads\/2018\/12\/Cachoeira-Foto-03.jpg\",\"contentUrl\":\"https:\/\/www.toursbahia.com.br\/wp-content\/uploads\/2018\/12\/Cachoeira-Foto-03.jpg\",\"width\":900,\"height\":550},{\"@type\":\"WebPage\",\"@id\":\"https:\/\/www.toursbahia.com.br\/es\/loja\/excursiones\/cachoeira-excursion\/\",\"url\":\"https:\/\/www.toursbahia.com.br\/es\/loja\/excursiones\/cachoeira-excursion\/\",\"name\":\"Cachoeira - Excursi\u00f3n - Tours Bahia\",\"isPartOf\":{\"@id\":\"https:\/\/www.toursbahia.com.br\/#website\"},\"primaryImageOfPage\":{\"@id\":\"https:\/\/www.toursbahia.com.br\/es\/loja\/excursiones\/cachoeira-excursion\/#primaryimage\"},\"datePublished\":\"2019-01-21T15:41:11+00:00\",\"dateModified\":\"2025-06-01T06:09:08+00:00\",\"breadcrumb\":{\"@id\":\"https:\/\/www.toursbahia.com.br\/es\/loja\/excursiones\/cachoeira-excursion\/#breadcrumb\"},\"inLanguage\":\"es\",\"potentialAction\":[{\"@type\":\"ReadAction\",\"target\":[\"https:\/\/www.toursbahia.com.br\/es\/loja\/excursiones\/cachoeira-excursion\/\"]}]},{\"@type\":\"BreadcrumbList\",\"@id\":\"https:\/\/www.toursbahia.com.br\/es\/loja\/excursiones\/cachoeira-excursion\/#breadcrumb\",\"itemListElement\":[{\"@type\":\"ListItem\",\"position\":1,\"name\":\"In\u00edcio\",\"item\":\"https:\/\/www.toursbahia.com.br\/es\/\"},{\"@type\":\"ListItem\",\"position\":2,\"name\":\"Store\",\"item\":\"https:\/\/www.toursbahia.com.br\/es\/store-tours-bahia-internacional\/\"},{\"@type\":\"ListItem\",\"position\":3,\"name\":\"Cachoeira &#8211; Excursi\u00f3n\"}]}]}<\/script>\n<!-- \/ Yoast SEO plugin. -->","yoast_head_json":{"title":"Cachoeira - Excursi\u00f3n - Tours Bahia","robots":{"index":"index","follow":"follow","max-snippet":"max-snippet:-1","max-image-preview":"max-image-preview:large","max-video-preview":"max-video-preview:-1"},"canonical":"https:\/\/www.toursbahia.com.br\/es\/loja\/excursiones\/cachoeira-excursion\/","og_locale":"es_ES","og_type":"article","og_title":"Cachoeira - Excursi\u00f3n - Tours Bahia","og_description":"\u00a1CONOZCA EL REC\u00d3NCAVO BAHIANO!  Tours Bahia le lleva a realizar un incre\u00edble viaje en el tiempo. En esta excursi\u00f3n conocer\u00e1 un poco m\u00e1s sobre la \u00e9poca del Brasil Imperial y la Nobleza que habit\u00f3 el Rec\u00f4ncavo Bahiano. La primera ciudad que se visita es Santo Amaro da Purifica\u00e7\u00e3o, que adem\u00e1s de sus bellezas naturales conserva imponentes construcciones del Siglo XVIII, como la Capilla de Santo Amaro y el Solar Para\u00edso.  Seguimos en direcci\u00f3n a Cachoeira, nombrada \u201cCiudad Monumento Nacional\u201d, que conserva algunas de las construcciones m\u00e1s importantes que forman parte de la historia de Brasil. Entre ellas est\u00e1n: La Fundaci\u00f3n Hansen Bahia, que hosped\u00f3 a Don Pedro II en 1858 y a la Princesa Isabel en 1885; la iglesia del Orden Terceira do Carmo, con sus columnas del altar ba\u00f1adas en oro, y el Convento de S\u00e3o Francisco do Paraguassu, uno de los m\u00e1s antiguos de Brasil. Al otro lado del Rio Paraguassu, en S\u00e3o Felix, visitar\u00e1 el Centro Cultural Dannemann, donde son fabricados los mejores puros artesanales del pa\u00eds. El almuerzo, en una hacienda t\u00edpica de la \u00e9poca de producci\u00f3n del az\u00facar, le dar\u00e1 un toque especial a este fascinante tour.","og_url":"https:\/\/www.toursbahia.com.br\/es\/loja\/excursiones\/cachoeira-excursion\/","og_site_name":"Tours Bahia","article_publisher":"https:\/\/www.facebook.com\/toursbahiainternational","article_modified_time":"2025-06-01T06:09:08+00:00","og_image":[{"width":900,"height":550,"url":"https:\/\/www.toursbahia.com.br\/wp-content\/uploads\/2018\/12\/Cachoeira-Foto-03.jpg","type":"image\/jpeg"}],"twitter_card":"summary_large_image","schema":{"@context":"https:\/\/schema.org","@graph":[{"@type":"WebSite","@id":"https:\/\/www.toursbahia.com.br\/#website","url":"https:\/\/www.toursbahia.com.br\/","name":"Tours Bahia","description":"","potentialAction":[{"@type":"SearchAction","target":{"@type":"EntryPoint","urlTemplate":"https:\/\/www.toursbahia.com.br\/?s={search_term_string}"},"query-input":"required name=search_term_string"}],"inLanguage":"es"},{"@type":"ImageObject","inLanguage":"es","@id":"https:\/\/www.toursbahia.com.br\/es\/loja\/excursiones\/cachoeira-excursion\/#primaryimage","url":"https:\/\/www.toursbahia.com.br\/wp-content\/uploads\/2018\/12\/Cachoeira-Foto-03.jpg","contentUrl":"https:\/\/www.toursbahia.com.br\/wp-content\/uploads\/2018\/12\/Cachoeira-Foto-03.jpg","width":900,"height":550},{"@type":"WebPage","@id":"https:\/\/www.toursbahia.com.br\/es\/loja\/excursiones\/cachoeira-excursion\/","url":"https:\/\/www.toursbahia.com.br\/es\/loja\/excursiones\/cachoeira-excursion\/","name":"Cachoeira - Excursi\u00f3n - Tours Bahia","isPartOf":{"@id":"https:\/\/www.toursbahia.com.br\/#website"},"primaryImageOfPage":{"@id":"https:\/\/www.toursbahia.com.br\/es\/loja\/excursiones\/cachoeira-excursion\/#primaryimage"},"datePublished":"2019-01-21T15:41:11+00:00","dateModified":"2025-06-01T06:09:08+00:00","breadcrumb":{"@id":"https:\/\/www.toursbahia.com.br\/es\/loja\/excursiones\/cachoeira-excursion\/#breadcrumb"},"inLanguage":"es","potentialAction":[{"@type":"ReadAction","target":["https:\/\/www.toursbahia.com.br\/es\/loja\/excursiones\/cachoeira-excursion\/"]}]},{"@type":"BreadcrumbList","@id":"https:\/\/www.toursbahia.com.br\/es\/loja\/excursiones\/cachoeira-excursion\/#breadcrumb","itemListElement":[{"@type":"ListItem","position":1,"name":"In\u00edcio","item":"https:\/\/www.toursbahia.com.br\/es\/"},{"@type":"ListItem","position":2,"name":"Store","item":"https:\/\/www.toursbahia.com.br\/es\/store-tours-bahia-internacional\/"},{"@type":"ListItem","position":3,"name":"Cachoeira &#8211; Excursi\u00f3n"}]}]}},"_links":{"self":[{"href":"https:\/\/www.toursbahia.com.br\/es\/wp-json\/wp\/v2\/product\/3587"}],"collection":[{"href":"https:\/\/www.toursbahia.com.br\/es\/wp-json\/wp\/v2\/product"}],"about":[{"href":"https:\/\/www.toursbahia.com.br\/es\/wp-json\/wp\/v2\/types\/product"}],"replies":[{"embeddable":true,"href":"https:\/\/www.toursbahia.com.br\/es\/wp-json\/wp\/v2\/comments?post=3587"}],"wp:featuredmedia":[{"embeddable":true,"href":"https:\/\/www.toursbahia.com.br\/es\/wp-json\/wp\/v2\/media\/2583"}],"wp:attachment":[{"href":"https:\/\/www.toursbahia.com.br\/es\/wp-json\/wp\/v2\/media?parent=3587"}],"wp:term":[{"taxonomy":"product_cat","embeddable":true,"href":"https:\/\/www.toursbahia.com.br\/es\/wp-json\/wp\/v2\/product_cat?post=3587"},{"taxonomy":"product_tag","embeddable":true,"href":"https:\/\/www.toursbahia.com.br\/es\/wp-json\/wp\/v2\/product_tag?post=3587"}],"curies":[{"name":"wp","href":"https:\/\/api.w.org\/{rel}","templated":true}]}}