{"id":3594,"date":"2019-01-21T13:37:05","date_gmt":"2019-01-21T15:37:05","guid":{"rendered":"https:\/\/www.toursbahia.com.br\/\/produto\/sincategorizar\/ilha-dos-frades-e-itaparica-passeio\/"},"modified":"2019-02-06T01:00:38","modified_gmt":"2019-02-06T03:00:38","slug":"isla-dos-frades-e-itaparica-excursion","status":"publish","type":"product","link":"https:\/\/www.toursbahia.com.br\/es\/loja\/excursiones\/isla-dos-frades-e-itaparica-excursion\/","title":{"rendered":"Isla dos Frades e Itaparica &#8211; Excursi\u00f3n"},"content":{"rendered":"","protected":false},"excerpt":{"rendered":"<p>\u00a1ENC\u00c1NTETE CON LA BELLEZA DE LA BAHIA DE TODOS OS SANTOS!<\/p>\n<p>Le invitamos a embarcar en un paseo fant\u00e1stico a dos de las islas m\u00e1s visitadas de la Bahia de Todos os Santos: Isla dos Frades e Itaparica.<\/p>\n<p>A bordo de una escuna (barco t\u00edpico) con animaci\u00f3n a bordo, navegaremos durante una hora y media hasta llegar a la Isla dos Frades, un para\u00edso de aguas tranquilas y mucho verde. Aqu\u00ed podr\u00e1 aprovechar su tiempo para explorar las bellezas naturales de la isla, conocer la iglesia de Nossa Sra. De Guadalupe, practicar algunos deportes en la playa o simplemente relajar a orillas del mar.<\/p>\n<p>Ya de nuevo en la escuna, continuamos hasta la Isla de Itaparica (Ponta de Areia) donde es posible almorzar en un restaurante t\u00edpico local, con gran variedad de platos de nuestra culinaria.<\/p>\n<p>Despu\u00e9s del almuerzo cabe la posibilidad de hacer una excursi\u00f3n opcional para aquellos que quieran conocer un poco m\u00e1s del Centro Hist\u00f3rico de la Isla Itaparica y para los que quieran tan s\u00f3lo disfrutar toda la paz y tranquilidad que ofrece la isla, pueden caminar por la playa, o simplemente relajarse en las hamacas que el local coloca a su disposici\u00f3n.<\/p>\n","protected":false},"featured_media":2451,"comment_status":"open","ping_status":"closed","template":"","meta":[],"product_cat":[778,779,812,828],"product_tag":[],"yoast_head":"<!-- This site is optimized with the Yoast SEO plugin v19.3 - https:\/\/yoast.com\/wordpress\/plugins\/seo\/ -->\n<title>Isla dos Frades e Itaparica - Excursi\u00f3n - Tours Bahia<\/title>\n<meta name=\"robots\" content=\"index, follow, max-snippet:-1, max-image-preview:large, max-video-preview:-1\" \/>\n<link rel=\"canonical\" href=\"https:\/\/www.toursbahia.com.br\/es\/loja\/excursiones\/isla-dos-frades-e-itaparica-excursion\/\" \/>\n<meta property=\"og:locale\" content=\"es_ES\" \/>\n<meta property=\"og:type\" content=\"article\" \/>\n<meta property=\"og:title\" content=\"Isla dos Frades e Itaparica - Excursi\u00f3n - Tours Bahia\" \/>\n<meta property=\"og:description\" content=\"\u00a1ENC\u00c1NTETE CON LA BELLEZA DE LA BAHIA DE TODOS OS SANTOS!  Le invitamos a embarcar en un paseo fant\u00e1stico a dos de las islas m\u00e1s visitadas de la Bahia de Todos os Santos: Isla dos Frades e Itaparica.  A bordo de una escuna (barco t\u00edpico) con animaci\u00f3n a bordo, navegaremos durante una hora y media hasta llegar a la Isla dos Frades, un para\u00edso de aguas tranquilas y mucho verde. Aqu\u00ed podr\u00e1 aprovechar su tiempo para explorar las bellezas naturales de la isla, conocer la iglesia de Nossa Sra. De Guadalupe, practicar algunos deportes en la playa o simplemente relajar a orillas del mar.  Ya de nuevo en la escuna, continuamos hasta la Isla de Itaparica (Ponta de Areia) donde es posible almorzar en un restaurante t\u00edpico local, con gran variedad de platos de nuestra culinaria.  Despu\u00e9s del almuerzo cabe la posibilidad de hacer una excursi\u00f3n opcional para aquellos que quieran conocer un poco m\u00e1s del Centro Hist\u00f3rico de la Isla Itaparica y para los que quieran tan s\u00f3lo disfrutar toda la paz y tranquilidad que ofrece la isla, pueden caminar por la playa, o simplemente relajarse en las hamacas que el local coloca a su disposici\u00f3n.\" \/>\n<meta property=\"og:url\" content=\"https:\/\/www.toursbahia.com.br\/es\/loja\/excursiones\/isla-dos-frades-e-itaparica-excursion\/\" \/>\n<meta property=\"og:site_name\" content=\"Tours Bahia\" \/>\n<meta property=\"article:publisher\" content=\"https:\/\/www.facebook.com\/toursbahiainternational\" \/>\n<meta property=\"article:modified_time\" content=\"2019-02-06T03:00:38+00:00\" \/>\n<meta property=\"og:image\" content=\"https:\/\/www.toursbahia.com.br\/wp-content\/uploads\/2018\/12\/Ilha-dos-Frades-e-Itaparica-Foto-07.jpg\" \/>\n\t<meta property=\"og:image:width\" content=\"900\" \/>\n\t<meta property=\"og:image:height\" content=\"550\" \/>\n\t<meta property=\"og:image:type\" content=\"image\/jpeg\" \/>\n<meta name=\"twitter:card\" content=\"summary_large_image\" \/>\n<script type=\"application\/ld+json\" class=\"yoast-schema-graph\">{\"@context\":\"https:\/\/schema.org\",\"@graph\":[{\"@type\":\"WebSite\",\"@id\":\"https:\/\/www.toursbahia.com.br\/#website\",\"url\":\"https:\/\/www.toursbahia.com.br\/\",\"name\":\"Tours Bahia\",\"description\":\"\",\"potentialAction\":[{\"@type\":\"SearchAction\",\"target\":{\"@type\":\"EntryPoint\",\"urlTemplate\":\"https:\/\/www.toursbahia.com.br\/?s={search_term_string}\"},\"query-input\":\"required name=search_term_string\"}],\"inLanguage\":\"es\"},{\"@type\":\"ImageObject\",\"inLanguage\":\"es\",\"@id\":\"https:\/\/www.toursbahia.com.br\/es\/loja\/excursiones\/isla-dos-frades-e-itaparica-excursion\/#primaryimage\",\"url\":\"https:\/\/www.toursbahia.com.br\/wp-content\/uploads\/2018\/12\/Ilha-dos-Frades-e-Itaparica-Foto-07.jpg\",\"contentUrl\":\"https:\/\/www.toursbahia.com.br\/wp-content\/uploads\/2018\/12\/Ilha-dos-Frades-e-Itaparica-Foto-07.jpg\",\"width\":900,\"height\":550},{\"@type\":\"WebPage\",\"@id\":\"https:\/\/www.toursbahia.com.br\/es\/loja\/excursiones\/isla-dos-frades-e-itaparica-excursion\/\",\"url\":\"https:\/\/www.toursbahia.com.br\/es\/loja\/excursiones\/isla-dos-frades-e-itaparica-excursion\/\",\"name\":\"Isla dos Frades e Itaparica - Excursi\u00f3n - Tours Bahia\",\"isPartOf\":{\"@id\":\"https:\/\/www.toursbahia.com.br\/#website\"},\"primaryImageOfPage\":{\"@id\":\"https:\/\/www.toursbahia.com.br\/es\/loja\/excursiones\/isla-dos-frades-e-itaparica-excursion\/#primaryimage\"},\"datePublished\":\"2019-01-21T15:37:05+00:00\",\"dateModified\":\"2019-02-06T03:00:38+00:00\",\"breadcrumb\":{\"@id\":\"https:\/\/www.toursbahia.com.br\/es\/loja\/excursiones\/isla-dos-frades-e-itaparica-excursion\/#breadcrumb\"},\"inLanguage\":\"es\",\"potentialAction\":[{\"@type\":\"ReadAction\",\"target\":[\"https:\/\/www.toursbahia.com.br\/es\/loja\/excursiones\/isla-dos-frades-e-itaparica-excursion\/\"]}]},{\"@type\":\"BreadcrumbList\",\"@id\":\"https:\/\/www.toursbahia.com.br\/es\/loja\/excursiones\/isla-dos-frades-e-itaparica-excursion\/#breadcrumb\",\"itemListElement\":[{\"@type\":\"ListItem\",\"position\":1,\"name\":\"In\u00edcio\",\"item\":\"https:\/\/www.toursbahia.com.br\/es\/\"},{\"@type\":\"ListItem\",\"position\":2,\"name\":\"Store\",\"item\":\"https:\/\/www.toursbahia.com.br\/es\/store-tours-bahia-internacional\/\"},{\"@type\":\"ListItem\",\"position\":3,\"name\":\"Isla dos Frades e Itaparica &#8211; Excursi\u00f3n\"}]}]}<\/script>\n<!-- \/ Yoast SEO plugin. -->","yoast_head_json":{"title":"Isla dos Frades e Itaparica - Excursi\u00f3n - Tours Bahia","robots":{"index":"index","follow":"follow","max-snippet":"max-snippet:-1","max-image-preview":"max-image-preview:large","max-video-preview":"max-video-preview:-1"},"canonical":"https:\/\/www.toursbahia.com.br\/es\/loja\/excursiones\/isla-dos-frades-e-itaparica-excursion\/","og_locale":"es_ES","og_type":"article","og_title":"Isla dos Frades e Itaparica - Excursi\u00f3n - Tours Bahia","og_description":"\u00a1ENC\u00c1NTETE CON LA BELLEZA DE LA BAHIA DE TODOS OS SANTOS!  Le invitamos a embarcar en un paseo fant\u00e1stico a dos de las islas m\u00e1s visitadas de la Bahia de Todos os Santos: Isla dos Frades e Itaparica.  A bordo de una escuna (barco t\u00edpico) con animaci\u00f3n a bordo, navegaremos durante una hora y media hasta llegar a la Isla dos Frades, un para\u00edso de aguas tranquilas y mucho verde. Aqu\u00ed podr\u00e1 aprovechar su tiempo para explorar las bellezas naturales de la isla, conocer la iglesia de Nossa Sra. De Guadalupe, practicar algunos deportes en la playa o simplemente relajar a orillas del mar.  Ya de nuevo en la escuna, continuamos hasta la Isla de Itaparica (Ponta de Areia) donde es posible almorzar en un restaurante t\u00edpico local, con gran variedad de platos de nuestra culinaria.  Despu\u00e9s del almuerzo cabe la posibilidad de hacer una excursi\u00f3n opcional para aquellos que quieran conocer un poco m\u00e1s del Centro Hist\u00f3rico de la Isla Itaparica y para los que quieran tan s\u00f3lo disfrutar toda la paz y tranquilidad que ofrece la isla, pueden caminar por la playa, o simplemente relajarse en las hamacas que el local coloca a su disposici\u00f3n.","og_url":"https:\/\/www.toursbahia.com.br\/es\/loja\/excursiones\/isla-dos-frades-e-itaparica-excursion\/","og_site_name":"Tours Bahia","article_publisher":"https:\/\/www.facebook.com\/toursbahiainternational","article_modified_time":"2019-02-06T03:00:38+00:00","og_image":[{"width":900,"height":550,"url":"https:\/\/www.toursbahia.com.br\/wp-content\/uploads\/2018\/12\/Ilha-dos-Frades-e-Itaparica-Foto-07.jpg","type":"image\/jpeg"}],"twitter_card":"summary_large_image","schema":{"@context":"https:\/\/schema.org","@graph":[{"@type":"WebSite","@id":"https:\/\/www.toursbahia.com.br\/#website","url":"https:\/\/www.toursbahia.com.br\/","name":"Tours Bahia","description":"","potentialAction":[{"@type":"SearchAction","target":{"@type":"EntryPoint","urlTemplate":"https:\/\/www.toursbahia.com.br\/?s={search_term_string}"},"query-input":"required name=search_term_string"}],"inLanguage":"es"},{"@type":"ImageObject","inLanguage":"es","@id":"https:\/\/www.toursbahia.com.br\/es\/loja\/excursiones\/isla-dos-frades-e-itaparica-excursion\/#primaryimage","url":"https:\/\/www.toursbahia.com.br\/wp-content\/uploads\/2018\/12\/Ilha-dos-Frades-e-Itaparica-Foto-07.jpg","contentUrl":"https:\/\/www.toursbahia.com.br\/wp-content\/uploads\/2018\/12\/Ilha-dos-Frades-e-Itaparica-Foto-07.jpg","width":900,"height":550},{"@type":"WebPage","@id":"https:\/\/www.toursbahia.com.br\/es\/loja\/excursiones\/isla-dos-frades-e-itaparica-excursion\/","url":"https:\/\/www.toursbahia.com.br\/es\/loja\/excursiones\/isla-dos-frades-e-itaparica-excursion\/","name":"Isla dos Frades e Itaparica - Excursi\u00f3n - Tours Bahia","isPartOf":{"@id":"https:\/\/www.toursbahia.com.br\/#website"},"primaryImageOfPage":{"@id":"https:\/\/www.toursbahia.com.br\/es\/loja\/excursiones\/isla-dos-frades-e-itaparica-excursion\/#primaryimage"},"datePublished":"2019-01-21T15:37:05+00:00","dateModified":"2019-02-06T03:00:38+00:00","breadcrumb":{"@id":"https:\/\/www.toursbahia.com.br\/es\/loja\/excursiones\/isla-dos-frades-e-itaparica-excursion\/#breadcrumb"},"inLanguage":"es","potentialAction":[{"@type":"ReadAction","target":["https:\/\/www.toursbahia.com.br\/es\/loja\/excursiones\/isla-dos-frades-e-itaparica-excursion\/"]}]},{"@type":"BreadcrumbList","@id":"https:\/\/www.toursbahia.com.br\/es\/loja\/excursiones\/isla-dos-frades-e-itaparica-excursion\/#breadcrumb","itemListElement":[{"@type":"ListItem","position":1,"name":"In\u00edcio","item":"https:\/\/www.toursbahia.com.br\/es\/"},{"@type":"ListItem","position":2,"name":"Store","item":"https:\/\/www.toursbahia.com.br\/es\/store-tours-bahia-internacional\/"},{"@type":"ListItem","position":3,"name":"Isla dos Frades e Itaparica &#8211; Excursi\u00f3n"}]}]}},"_links":{"self":[{"href":"https:\/\/www.toursbahia.com.br\/es\/wp-json\/wp\/v2\/product\/3594"}],"collection":[{"href":"https:\/\/www.toursbahia.com.br\/es\/wp-json\/wp\/v2\/product"}],"about":[{"href":"https:\/\/www.toursbahia.com.br\/es\/wp-json\/wp\/v2\/types\/product"}],"replies":[{"embeddable":true,"href":"https:\/\/www.toursbahia.com.br\/es\/wp-json\/wp\/v2\/comments?post=3594"}],"wp:featuredmedia":[{"embeddable":true,"href":"https:\/\/www.toursbahia.com.br\/es\/wp-json\/wp\/v2\/media\/2451"}],"wp:attachment":[{"href":"https:\/\/www.toursbahia.com.br\/es\/wp-json\/wp\/v2\/media?parent=3594"}],"wp:term":[{"taxonomy":"product_cat","embeddable":true,"href":"https:\/\/www.toursbahia.com.br\/es\/wp-json\/wp\/v2\/product_cat?post=3594"},{"taxonomy":"product_tag","embeddable":true,"href":"https:\/\/www.toursbahia.com.br\/es\/wp-json\/wp\/v2\/product_tag?post=3594"}],"curies":[{"name":"wp","href":"https:\/\/api.w.org\/{rel}","templated":true}]}}