{"id":3600,"date":"2019-01-21T13:32:03","date_gmt":"2019-01-21T15:32:03","guid":{"rendered":"https:\/\/www.toursbahia.com.br\/\/produto\/sincategorizar\/ilha-de-itaparica-a-arte-da-vida-local-passeio\/"},"modified":"2019-02-06T01:09:18","modified_gmt":"2019-02-06T03:09:18","slug":"isla-de-itaparica-el-arte-de-lavida-local-excursion","status":"publish","type":"product","link":"https:\/\/www.toursbahia.com.br\/es\/loja\/excursiones\/isla-de-itaparica-el-arte-de-lavida-local-excursion\/","title":{"rendered":"Isla de itaparica: El arte de lavida local &#8211; Excursi\u00f3n"},"content":{"rendered":"","protected":false},"excerpt":{"rendered":"<p>El escenario de esta excursi\u00f3n es la principal isla de todos los santos, con sus historias, cultura y gente. Apreciaremos la vida marina de la Isla en el contexto de la comunidad, ingresando al manglar y teniendo una experiencia junto a las Marisqueiras en un d\u00eda diferente y delicioso entre especies nativas de Flora y Fauna.<\/p>\n<p>Continuaremos desde el hotel hacia el Terminal N\u00e1utico de Salvador donde nos encontraremos con el gu\u00eda nativo de la Isla, quien nos acompa\u00f1ar\u00e1 durante la traves\u00eda del barco hacia Mar Grande, a la llegada nos dirigiremos en coche al Pueblo de Mocambo en la Asociaci\u00f3n de Mariscos donde seremos recibidos con agua de coco y frutas deshidratadas.<\/p>\n<p>Despu\u00e9s de este primer momento, continuaremos caminando por menos de 10 minutos hasta la entrada del manglar, donde comenzar\u00e1 nuestra experiencia con un ecosistema totalmente rico y ex\u00f3tico. Las actividades en el manglar con las cazadoras de mariscos ser\u00e1n de mucho aprendizaje y relajaci\u00f3n, recogiendo mariscos, pescando y teniendo una interacci\u00f3n directa con los lugare\u00f1os. Luego, haremos una pausa para un almuerzo t\u00edpico en la Asociaci\u00f3n de las Marisqueiras, con comida fresca que nosotros mismos cazaremos. El postre se degustar\u00e1 ser\u00e1 durante una visita a la F\u00e1brica de Chocolate Artesanal, que tiene su propia plantaci\u00f3n de Cacao Org\u00e1nico y derivados.<\/p>\n<p>La segunda parte del tour comienza con una mini-gira hist\u00f3rica por el Centro y la Costa de la Isla de Itaparica, incluyendo al final actividades n\u00e1uticas (NAVEGACI\u00d3N, SUP, NATACI\u00d3N y REMO) en la sede del Proyecto Social SOMAR, que atiende a ni\u00f1os y j\u00f3venes de la Comunidad y ya cuenta con j\u00f3venes atletas que compiten representando a la Isla.<\/p>\n<p>Regresaremos en barco a Salvador al final de tarde.<\/p>\n","protected":false},"featured_media":2419,"comment_status":"open","ping_status":"closed","template":"","meta":[],"product_cat":[778,779,827,812],"product_tag":[],"yoast_head":"<!-- This site is optimized with the Yoast SEO plugin v19.3 - https:\/\/yoast.com\/wordpress\/plugins\/seo\/ -->\n<title>Isla de itaparica: El arte de lavida local - Excursi\u00f3n - Tours Bahia<\/title>\n<meta name=\"robots\" content=\"index, follow, max-snippet:-1, max-image-preview:large, max-video-preview:-1\" \/>\n<link rel=\"canonical\" href=\"https:\/\/www.toursbahia.com.br\/es\/loja\/excursiones\/isla-de-itaparica-el-arte-de-lavida-local-excursion\/\" \/>\n<meta property=\"og:locale\" content=\"es_ES\" \/>\n<meta property=\"og:type\" content=\"article\" \/>\n<meta property=\"og:title\" content=\"Isla de itaparica: El arte de lavida local - Excursi\u00f3n - Tours Bahia\" \/>\n<meta property=\"og:description\" content=\"El escenario de esta excursi\u00f3n es la principal isla de todos los santos, con sus historias, cultura y gente. Apreciaremos la vida marina de la Isla en el contexto de la comunidad, ingresando al manglar y teniendo una experiencia junto a las Marisqueiras en un d\u00eda diferente y delicioso entre especies nativas de Flora y Fauna.  Continuaremos desde el hotel hacia el Terminal N\u00e1utico de Salvador donde nos encontraremos con el gu\u00eda nativo de la Isla, quien nos acompa\u00f1ar\u00e1 durante la traves\u00eda del barco hacia Mar Grande, a la llegada nos dirigiremos en coche al Pueblo de Mocambo en la Asociaci\u00f3n de Mariscos donde seremos recibidos con agua de coco y frutas deshidratadas.  Despu\u00e9s de este primer momento, continuaremos caminando por menos de 10 minutos hasta la entrada del manglar, donde comenzar\u00e1 nuestra experiencia con un ecosistema totalmente rico y ex\u00f3tico. Las actividades en el manglar con las cazadoras de mariscos ser\u00e1n de mucho aprendizaje y relajaci\u00f3n, recogiendo mariscos, pescando y teniendo una interacci\u00f3n directa con los lugare\u00f1os. Luego, haremos una pausa para un almuerzo t\u00edpico en la Asociaci\u00f3n de las Marisqueiras, con comida fresca que nosotros mismos cazaremos. El postre se degustar\u00e1 ser\u00e1 durante una visita a la F\u00e1brica de Chocolate Artesanal, que tiene su propia plantaci\u00f3n de Cacao Org\u00e1nico y derivados.  La segunda parte del tour comienza con una mini-gira hist\u00f3rica por el Centro y la Costa de la Isla de Itaparica, incluyendo al final actividades n\u00e1uticas (NAVEGACI\u00d3N, SUP, NATACI\u00d3N y REMO) en la sede del Proyecto Social SOMAR, que atiende a ni\u00f1os y j\u00f3venes de la Comunidad y ya cuenta con j\u00f3venes atletas que compiten representando a la Isla.  Regresaremos en barco a Salvador al final de tarde.\" \/>\n<meta property=\"og:url\" content=\"https:\/\/www.toursbahia.com.br\/es\/loja\/excursiones\/isla-de-itaparica-el-arte-de-lavida-local-excursion\/\" \/>\n<meta property=\"og:site_name\" content=\"Tours Bahia\" \/>\n<meta property=\"article:publisher\" content=\"https:\/\/www.facebook.com\/toursbahiainternational\" \/>\n<meta property=\"article:modified_time\" content=\"2019-02-06T03:09:18+00:00\" \/>\n<meta property=\"og:image\" content=\"https:\/\/www.toursbahia.com.br\/wp-content\/uploads\/2018\/12\/Ilha-dos-Frades-e-Itaparica-Foto-05.jpg\" \/>\n\t<meta property=\"og:image:width\" content=\"900\" \/>\n\t<meta property=\"og:image:height\" content=\"550\" \/>\n\t<meta property=\"og:image:type\" content=\"image\/jpeg\" \/>\n<meta name=\"twitter:card\" content=\"summary_large_image\" \/>\n<script type=\"application\/ld+json\" class=\"yoast-schema-graph\">{\"@context\":\"https:\/\/schema.org\",\"@graph\":[{\"@type\":\"WebSite\",\"@id\":\"https:\/\/www.toursbahia.com.br\/#website\",\"url\":\"https:\/\/www.toursbahia.com.br\/\",\"name\":\"Tours Bahia\",\"description\":\"\",\"potentialAction\":[{\"@type\":\"SearchAction\",\"target\":{\"@type\":\"EntryPoint\",\"urlTemplate\":\"https:\/\/www.toursbahia.com.br\/?s={search_term_string}\"},\"query-input\":\"required name=search_term_string\"}],\"inLanguage\":\"es\"},{\"@type\":\"ImageObject\",\"inLanguage\":\"es\",\"@id\":\"https:\/\/www.toursbahia.com.br\/es\/loja\/excursiones\/isla-de-itaparica-el-arte-de-lavida-local-excursion\/#primaryimage\",\"url\":\"https:\/\/www.toursbahia.com.br\/wp-content\/uploads\/2018\/12\/Ilha-dos-Frades-e-Itaparica-Foto-05.jpg\",\"contentUrl\":\"https:\/\/www.toursbahia.com.br\/wp-content\/uploads\/2018\/12\/Ilha-dos-Frades-e-Itaparica-Foto-05.jpg\",\"width\":900,\"height\":550},{\"@type\":\"WebPage\",\"@id\":\"https:\/\/www.toursbahia.com.br\/es\/loja\/excursiones\/isla-de-itaparica-el-arte-de-lavida-local-excursion\/\",\"url\":\"https:\/\/www.toursbahia.com.br\/es\/loja\/excursiones\/isla-de-itaparica-el-arte-de-lavida-local-excursion\/\",\"name\":\"Isla de itaparica: El arte de lavida local - Excursi\u00f3n - Tours Bahia\",\"isPartOf\":{\"@id\":\"https:\/\/www.toursbahia.com.br\/#website\"},\"primaryImageOfPage\":{\"@id\":\"https:\/\/www.toursbahia.com.br\/es\/loja\/excursiones\/isla-de-itaparica-el-arte-de-lavida-local-excursion\/#primaryimage\"},\"datePublished\":\"2019-01-21T15:32:03+00:00\",\"dateModified\":\"2019-02-06T03:09:18+00:00\",\"breadcrumb\":{\"@id\":\"https:\/\/www.toursbahia.com.br\/es\/loja\/excursiones\/isla-de-itaparica-el-arte-de-lavida-local-excursion\/#breadcrumb\"},\"inLanguage\":\"es\",\"potentialAction\":[{\"@type\":\"ReadAction\",\"target\":[\"https:\/\/www.toursbahia.com.br\/es\/loja\/excursiones\/isla-de-itaparica-el-arte-de-lavida-local-excursion\/\"]}]},{\"@type\":\"BreadcrumbList\",\"@id\":\"https:\/\/www.toursbahia.com.br\/es\/loja\/excursiones\/isla-de-itaparica-el-arte-de-lavida-local-excursion\/#breadcrumb\",\"itemListElement\":[{\"@type\":\"ListItem\",\"position\":1,\"name\":\"In\u00edcio\",\"item\":\"https:\/\/www.toursbahia.com.br\/es\/\"},{\"@type\":\"ListItem\",\"position\":2,\"name\":\"Store\",\"item\":\"https:\/\/www.toursbahia.com.br\/es\/store-tours-bahia-internacional\/\"},{\"@type\":\"ListItem\",\"position\":3,\"name\":\"Isla de itaparica: El arte de lavida local &#8211; Excursi\u00f3n\"}]}]}<\/script>\n<!-- \/ Yoast SEO plugin. -->","yoast_head_json":{"title":"Isla de itaparica: El arte de lavida local - Excursi\u00f3n - Tours Bahia","robots":{"index":"index","follow":"follow","max-snippet":"max-snippet:-1","max-image-preview":"max-image-preview:large","max-video-preview":"max-video-preview:-1"},"canonical":"https:\/\/www.toursbahia.com.br\/es\/loja\/excursiones\/isla-de-itaparica-el-arte-de-lavida-local-excursion\/","og_locale":"es_ES","og_type":"article","og_title":"Isla de itaparica: El arte de lavida local - Excursi\u00f3n - Tours Bahia","og_description":"El escenario de esta excursi\u00f3n es la principal isla de todos los santos, con sus historias, cultura y gente. Apreciaremos la vida marina de la Isla en el contexto de la comunidad, ingresando al manglar y teniendo una experiencia junto a las Marisqueiras en un d\u00eda diferente y delicioso entre especies nativas de Flora y Fauna.  Continuaremos desde el hotel hacia el Terminal N\u00e1utico de Salvador donde nos encontraremos con el gu\u00eda nativo de la Isla, quien nos acompa\u00f1ar\u00e1 durante la traves\u00eda del barco hacia Mar Grande, a la llegada nos dirigiremos en coche al Pueblo de Mocambo en la Asociaci\u00f3n de Mariscos donde seremos recibidos con agua de coco y frutas deshidratadas.  Despu\u00e9s de este primer momento, continuaremos caminando por menos de 10 minutos hasta la entrada del manglar, donde comenzar\u00e1 nuestra experiencia con un ecosistema totalmente rico y ex\u00f3tico. Las actividades en el manglar con las cazadoras de mariscos ser\u00e1n de mucho aprendizaje y relajaci\u00f3n, recogiendo mariscos, pescando y teniendo una interacci\u00f3n directa con los lugare\u00f1os. Luego, haremos una pausa para un almuerzo t\u00edpico en la Asociaci\u00f3n de las Marisqueiras, con comida fresca que nosotros mismos cazaremos. El postre se degustar\u00e1 ser\u00e1 durante una visita a la F\u00e1brica de Chocolate Artesanal, que tiene su propia plantaci\u00f3n de Cacao Org\u00e1nico y derivados.  La segunda parte del tour comienza con una mini-gira hist\u00f3rica por el Centro y la Costa de la Isla de Itaparica, incluyendo al final actividades n\u00e1uticas (NAVEGACI\u00d3N, SUP, NATACI\u00d3N y REMO) en la sede del Proyecto Social SOMAR, que atiende a ni\u00f1os y j\u00f3venes de la Comunidad y ya cuenta con j\u00f3venes atletas que compiten representando a la Isla.  Regresaremos en barco a Salvador al final de tarde.","og_url":"https:\/\/www.toursbahia.com.br\/es\/loja\/excursiones\/isla-de-itaparica-el-arte-de-lavida-local-excursion\/","og_site_name":"Tours Bahia","article_publisher":"https:\/\/www.facebook.com\/toursbahiainternational","article_modified_time":"2019-02-06T03:09:18+00:00","og_image":[{"width":900,"height":550,"url":"https:\/\/www.toursbahia.com.br\/wp-content\/uploads\/2018\/12\/Ilha-dos-Frades-e-Itaparica-Foto-05.jpg","type":"image\/jpeg"}],"twitter_card":"summary_large_image","schema":{"@context":"https:\/\/schema.org","@graph":[{"@type":"WebSite","@id":"https:\/\/www.toursbahia.com.br\/#website","url":"https:\/\/www.toursbahia.com.br\/","name":"Tours Bahia","description":"","potentialAction":[{"@type":"SearchAction","target":{"@type":"EntryPoint","urlTemplate":"https:\/\/www.toursbahia.com.br\/?s={search_term_string}"},"query-input":"required name=search_term_string"}],"inLanguage":"es"},{"@type":"ImageObject","inLanguage":"es","@id":"https:\/\/www.toursbahia.com.br\/es\/loja\/excursiones\/isla-de-itaparica-el-arte-de-lavida-local-excursion\/#primaryimage","url":"https:\/\/www.toursbahia.com.br\/wp-content\/uploads\/2018\/12\/Ilha-dos-Frades-e-Itaparica-Foto-05.jpg","contentUrl":"https:\/\/www.toursbahia.com.br\/wp-content\/uploads\/2018\/12\/Ilha-dos-Frades-e-Itaparica-Foto-05.jpg","width":900,"height":550},{"@type":"WebPage","@id":"https:\/\/www.toursbahia.com.br\/es\/loja\/excursiones\/isla-de-itaparica-el-arte-de-lavida-local-excursion\/","url":"https:\/\/www.toursbahia.com.br\/es\/loja\/excursiones\/isla-de-itaparica-el-arte-de-lavida-local-excursion\/","name":"Isla de itaparica: El arte de lavida local - Excursi\u00f3n - Tours Bahia","isPartOf":{"@id":"https:\/\/www.toursbahia.com.br\/#website"},"primaryImageOfPage":{"@id":"https:\/\/www.toursbahia.com.br\/es\/loja\/excursiones\/isla-de-itaparica-el-arte-de-lavida-local-excursion\/#primaryimage"},"datePublished":"2019-01-21T15:32:03+00:00","dateModified":"2019-02-06T03:09:18+00:00","breadcrumb":{"@id":"https:\/\/www.toursbahia.com.br\/es\/loja\/excursiones\/isla-de-itaparica-el-arte-de-lavida-local-excursion\/#breadcrumb"},"inLanguage":"es","potentialAction":[{"@type":"ReadAction","target":["https:\/\/www.toursbahia.com.br\/es\/loja\/excursiones\/isla-de-itaparica-el-arte-de-lavida-local-excursion\/"]}]},{"@type":"BreadcrumbList","@id":"https:\/\/www.toursbahia.com.br\/es\/loja\/excursiones\/isla-de-itaparica-el-arte-de-lavida-local-excursion\/#breadcrumb","itemListElement":[{"@type":"ListItem","position":1,"name":"In\u00edcio","item":"https:\/\/www.toursbahia.com.br\/es\/"},{"@type":"ListItem","position":2,"name":"Store","item":"https:\/\/www.toursbahia.com.br\/es\/store-tours-bahia-internacional\/"},{"@type":"ListItem","position":3,"name":"Isla de itaparica: El arte de lavida local &#8211; Excursi\u00f3n"}]}]}},"_links":{"self":[{"href":"https:\/\/www.toursbahia.com.br\/es\/wp-json\/wp\/v2\/product\/3600"}],"collection":[{"href":"https:\/\/www.toursbahia.com.br\/es\/wp-json\/wp\/v2\/product"}],"about":[{"href":"https:\/\/www.toursbahia.com.br\/es\/wp-json\/wp\/v2\/types\/product"}],"replies":[{"embeddable":true,"href":"https:\/\/www.toursbahia.com.br\/es\/wp-json\/wp\/v2\/comments?post=3600"}],"wp:featuredmedia":[{"embeddable":true,"href":"https:\/\/www.toursbahia.com.br\/es\/wp-json\/wp\/v2\/media\/2419"}],"wp:attachment":[{"href":"https:\/\/www.toursbahia.com.br\/es\/wp-json\/wp\/v2\/media?parent=3600"}],"wp:term":[{"taxonomy":"product_cat","embeddable":true,"href":"https:\/\/www.toursbahia.com.br\/es\/wp-json\/wp\/v2\/product_cat?post=3600"},{"taxonomy":"product_tag","embeddable":true,"href":"https:\/\/www.toursbahia.com.br\/es\/wp-json\/wp\/v2\/product_tag?post=3600"}],"curies":[{"name":"wp","href":"https:\/\/api.w.org\/{rel}","templated":true}]}}